{"id":6972,"date":"2025-09-11T10:24:07","date_gmt":"2025-09-11T10:24:07","guid":{"rendered":"https:\/\/ziggioriginal.com\/?post_type=product&#038;p=6972"},"modified":"2025-09-12T13:14:02","modified_gmt":"2025-09-12T13:14:02","slug":"ziggi-hemp-tb","status":"publish","type":"product","link":"https:\/\/ziggioriginal.com\/sr\/proizvod\/ziggi-hemp-tb\/","title":{"rendered":"ZIGGI HEMP (TB)"},"content":{"rendered":"<h2>Classic papir<\/h2>\n<p>Izra\u0111eni od jedinstvene me\u0161avine tanke, prozirne celuloze od virgin drva, na\u0161i Classic papiri za rolanje obe\u0107avaju dosledno prijatno iskustvo za sve korisnike.<\/p>\n<p>14 g\/m2<br \/>\nPapir od drva<br \/>\nBeljeni<\/p>\n<h2>Konoplja<\/h2>\n<p>Izra\u0111eni isklju\u010divo od 100% konoplje, na\u0161i papiri za rolanje od konoplje postavljaju savr\u0161en balans izme\u0111u lagane teksture i robusne performanse. Najbolji izbor za iskusne rolere koji tra\u017ee pouzdan kvalitet.<\/p>\n<p>14 g\/m2<br \/>\nOrganska konoplja<br \/>\nBeljena<\/p>\n<h2>Savr\u0161eni elementi<\/h2>\n<h3>Filteri<\/h3>\n<p>Na\u0161i filteri su izra\u0111eni od materijala najvi\u0161eg kvaliteta koji ispunjavaju standarde za upotrebu u hrani, garantuju\u0107i neuporedivo iskustvo rolanja. Poznati kao najbolji u industriji, njihov dizajn elimini\u0161e potrebu za perforacijom, osiguravaju\u0107i glatko rolanje i zadr\u017eavanje svog oblika nakon rolanja. Pored toga, na\u0161a inovativna tehnika lepljenja osigurava da svaki filter ostane sigurno u pakovanju dok se namerno ne ukloni, pri \u010demu ne ostavlja ostatke lepka na filteru.<\/p>\n<h3>Papiri za rolanje<\/h3>\n<p>Ziggi papiri za rolanje se proizvode u EU, kori\u0161tenjem materijala sa FSC sertifikatom i pridr\u017eavanjem strogih standarda ISO sertifikacije. Izra\u0111eni uz pomo\u0107 najsavremenije tehnologije, mo\u017eemo dosledno garantovati visokokvalitetne papire koji obezbe\u0111uju ravnomerno sagorevanje, bez aditiva.<\/p>\n<h3>Prirodna arapska guma<\/h3>\n<p>Arapska guma, dobijena iz drveta Acacia senegal, prirodni je derivat \u0161iroko prepoznat i kori\u0161\u0107en u industriji hrane. Odobreno od strane FDA-a i EFSA-a kao bezbedan aditiv za hranu, koristimo arapsku gumu u na\u0161im papirima za rolanje kao lepak. Ovo osigurava pridr\u017eavanje vrhunskih standarda kvaliteta i bezbednosti potro\u0161a\u010da.<\/p>\n","protected":false},"excerpt":{"rendered":"<p>Klasi\u010dni papiri, izra\u0111eni od tanke celuloze od virgin drva, obezbe\u0111uju dosledno prijatno iskustvo rolanja. S druge strane, na\u0161i papiri od konoplje, izra\u0111eni od 100% konoplje, nude balans lagane teksture i robusne performanse, \u010dine\u0107i ih najboljim izborom za iskusne rolere. Oba tipa su 14 g\/m\u00b2 i beljena. Pakovanje uklju\u010duje filtere poznate u industriji koji obe\u0107avaju glatko rolanje bez perforacije, uz inovativnu tehniku lepljenja. Proizvedeni u EU od materijala sa FSC sertifikatom, Ziggi papiri ispunjavaju ISO standarde i koriste prirodnu arapsku gumu iz drveta Acacia senegal za optimalnu adheziju i bezbednost potro\u0161a\u010da. Premium izbor za svakog rolora.<\/p>\n<table width=\"100%\">\n<tbody>\n<tr>\n<td><img loading=\"lazy\" decoding=\"async\" class=\"alignnone wp-image-1609\" src=\"https:\/\/ziggioriginal.com\/wp-content\/uploads\/2023\/08\/SHOW-BOX.webp\" alt=\"\" width=\"40\" height=\"41\" srcset=\"https:\/\/ziggioriginal.com\/wp-content\/uploads\/2023\/08\/SHOW-BOX.webp 140w, https:\/\/ziggioriginal.com\/wp-content\/uploads\/2023\/08\/SHOW-BOX-100x100.webp 100w\" sizes=\"auto, (max-width: 40px) 100vw, 40px\" \/><\/td>\n<td class=\"mobile-hidden\">Show Box (SB)<\/td>\n<td>26x<\/td>\n<td colspan=\"3\"><img loading=\"lazy\" decoding=\"async\" class=\"alignnone wp-image-1611\" src=\"https:\/\/ziggioriginal.com\/wp-content\/uploads\/2023\/08\/ZIGGI-ORIGINAL-1.webp\" alt=\"\" width=\"48\" height=\"37\" \/><\/td>\n<\/tr>\n<tr>\n<td><img loading=\"lazy\" decoding=\"async\" class=\"alignnone wp-image-1613\" src=\"https:\/\/ziggioriginal.com\/wp-content\/uploads\/2023\/08\/TRANSPORT-BOX.webp\" alt=\"\" width=\"43\" height=\"33\" \/><\/td>\n<td class=\"mobile-hidden\">Transport Box for SB<\/td>\n<td>18x<\/td>\n<td><img loading=\"lazy\" decoding=\"async\" class=\"alignnone wp-image-1609\" src=\"https:\/\/ziggioriginal.com\/wp-content\/uploads\/2023\/08\/SHOW-BOX.webp\" alt=\"\" width=\"41\" height=\"42\" srcset=\"https:\/\/ziggioriginal.com\/wp-content\/uploads\/2023\/08\/SHOW-BOX.webp 140w, https:\/\/ziggioriginal.com\/wp-content\/uploads\/2023\/08\/SHOW-BOX-100x100.webp 100w\" sizes=\"auto, (max-width: 41px) 100vw, 41px\" \/><\/td>\n<td>= 468x<\/td>\n<td><img loading=\"lazy\" decoding=\"async\" class=\"alignnone wp-image-1611\" src=\"https:\/\/ziggioriginal.com\/wp-content\/uploads\/2023\/08\/ZIGGI-ORIGINAL-1.webp\" alt=\"\" width=\"46\" height=\"36\" \/><\/td>\n<\/tr>\n<\/tbody>\n<\/table>\n","protected":false},"featured_media":2673,"template":"","meta":{"footnotes":""},"product_brand":[],"product_cat":[83,60,203,62],"product_tag":[],"class_list":{"0":"post-6972","1":"product","2":"type-product","3":"status-publish","4":"has-post-thumbnail","6":"product_cat-core-sr","7":"product_cat-hemp-sr","8":"product_cat-veleprodaja","9":"product_cat-ziggi-sr","11":"first","12":"instock","13":"taxable","14":"shipping-taxable","15":"purchasable","16":"product-type-variable","17":"has-default-attributes"},"_links":{"self":[{"href":"https:\/\/ziggioriginal.com\/sr\/wp-json\/wp\/v2\/product\/6972","targetHints":{"allow":["GET"]}}],"collection":[{"href":"https:\/\/ziggioriginal.com\/sr\/wp-json\/wp\/v2\/product"}],"about":[{"href":"https:\/\/ziggioriginal.com\/sr\/wp-json\/wp\/v2\/types\/product"}],"version-history":[{"count":2,"href":"https:\/\/ziggioriginal.com\/sr\/wp-json\/wp\/v2\/product\/6972\/revisions"}],"predecessor-version":[{"id":6985,"href":"https:\/\/ziggioriginal.com\/sr\/wp-json\/wp\/v2\/product\/6972\/revisions\/6985"}],"wp:featuredmedia":[{"embeddable":true,"href":"https:\/\/ziggioriginal.com\/sr\/wp-json\/wp\/v2\/media\/2673"}],"wp:attachment":[{"href":"https:\/\/ziggioriginal.com\/sr\/wp-json\/wp\/v2\/media?parent=6972"}],"wp:term":[{"taxonomy":"product_brand","embeddable":true,"href":"https:\/\/ziggioriginal.com\/sr\/wp-json\/wp\/v2\/product_brand?post=6972"},{"taxonomy":"product_cat","embeddable":true,"href":"https:\/\/ziggioriginal.com\/sr\/wp-json\/wp\/v2\/product_cat?post=6972"},{"taxonomy":"product_tag","embeddable":true,"href":"https:\/\/ziggioriginal.com\/sr\/wp-json\/wp\/v2\/product_tag?post=6972"}],"curies":[{"name":"wp","href":"https:\/\/api.w.org\/{rel}","templated":true}]}}