{"id":6941,"date":"2025-09-10T13:26:05","date_gmt":"2025-09-10T13:26:05","guid":{"rendered":"https:\/\/ziggioriginal.com\/?post_type=product&#038;p=6941"},"modified":"2025-12-01T13:27:48","modified_gmt":"2025-12-01T13:27:48","slug":"ziggi-natural-tb","status":"publish","type":"product","link":"https:\/\/ziggioriginal.com\/sr\/proizvod\/ziggi-natural-tb\/","title":{"rendered":"ZIGGI NATURAL (TB)"},"content":{"rendered":"<h2>Classic model<\/h2>\n<p>Izra\u0111eni od jedinstvene me\u0161avine tanke, prozirne celuloze od virgin drva, na\u0161i Classic papiri za rolanje obe\u0107avaju dosledno prijatno iskustvo za sve korisnike.<\/p>\n<p>14 g\/m\u00b2<br \/>\nPapir od drva<br \/>\nBeljeni<\/p>\n<h2>Nebeljeni papir<\/h2>\n<p>Posve\u0107eni odr\u017eivosti, na\u0161i nebeljeni papiri za rolanje dobijeni su od nebeljene i nepre\u010di\u0161\u0107ene celuloze. Uz minimalnu obradu, ova ekolo\u0161ki prihvatljiva opcija nudi superiorno rolanje uz prioritet na svesti o za\u0161titi \u017eivotne sredine.<\/p>\n<p>14 g\/m\u00b2<br \/>\nPapir od drva<br \/>\nNebeljeni<\/p>\n<h2>Savr\u0161eni elementi<\/h2>\n<h3>Filteri<\/h3>\n<p>Na\u0161i filteri su izra\u0111eni od materijala najvi\u0161eg kvaliteta koji ispunjavaju standarde za upotrebu u hrani, garantuju\u0107i neuporedivo iskustvo rolanja. Poznati kao najbolji u industriji, njihov dizajn elimini\u0161e potrebu za perforacijom, osiguravaju\u0107i glatko rolanje i zadr\u017eavanje oblika nakon rolanja. Pored toga, na\u0161a inovativna tehnika lepljenja osigurava da svaki filter ostane sigurno u pakovanju dok se namerno ne ukloni, pri \u010demu ne ostavlja ostatke lepka na filteru.<\/p>\n<h3>Papiri za rolanje<\/h3>\n<p>Ziggi papiri za rolanje se proizvode u EU, kori\u0161tenjem materijala sa FSC sertifikatom i pridr\u017eavanjem strogih standarda ISO sertifikacije. Izra\u0111eni uz pomo\u0107 najsavremenije tehnologije, mo\u017eemo dosledno garantovati visokokvalitetne papire koji obezbe\u0111uju ravnomerno sagorevanje, bez aditiva.<\/p>\n<h3>Prirodna arapska guma<\/h3>\n<p>Arapska guma, dobijena iz drveta Acacia senegal, prirodni je derivat \u0161iroko prepoznat i kori\u0161\u0107en u industriji hrane. Odobren od strane FDA-a i EFSA-a kao bezbedan aditiv za hranu, koristimo arapsku gumu u na\u0161im papirima za rolanje kao lepak. Ovo osigurava pridr\u017eavanje vrhunskih standarda kvaliteta i bezbednosti potro\u0161a\u010da.<\/p>\n","protected":false},"excerpt":{"rendered":"<p>Classic papiri Ziggi, izra\u0111eni od prozirne celuloze od virgin drva, pru\u017eaju dosledno iskustvo rolanja. Izaberite izme\u0111u na\u0161e varijante od 14 g\/m\u00b2 beljene za jasnu, neokaljanu rolu ili na\u0161e odr\u017eive, nebeljene varijante za one kojima je prioritet \u017eivotna sredina. Obe varijante su izra\u0111ene u EU kori\u0161tenjem materijala sa FSC sertifikatom i prema ISO standardima, osiguravaju\u0107i visokokvalitetno sagorevanje bez aditiva. Svako pakovanje uklju\u010duje filtere koji su vode\u0107i u industriji sa glatkim dizajnom bez perforacija i sigurnom tehnikom lepljenja, zbog \u010dega nema ostataka. Oboga\u0107eni prirodnom arapskom gumom iz drveta Acacia senegal, na\u0161i papiri obezbe\u0111uju vrhunsku adheziju i bezbednost potro\u0161a\u010da. Iskusite vanvremenski kvalitet koji nudi Ziggi.<\/p>\n<table width=\"100%\">\n<tbody>\n<tr>\n<td><img loading=\"lazy\" decoding=\"async\" class=\"alignnone wp-image-1609\" src=\"https:\/\/ziggioriginal.com\/wp-content\/uploads\/2023\/08\/SHOW-BOX.webp\" alt=\"\" width=\"40\" height=\"41\" srcset=\"https:\/\/ziggioriginal.com\/wp-content\/uploads\/2023\/08\/SHOW-BOX.webp 140w, https:\/\/ziggioriginal.com\/wp-content\/uploads\/2023\/08\/SHOW-BOX-100x100.webp 100w\" sizes=\"auto, (max-width: 40px) 100vw, 40px\" \/><\/td>\n<td class=\"mobile-hidden\">Show Box (SB)<\/td>\n<td>26x<\/td>\n<td colspan=\"3\"><img loading=\"lazy\" decoding=\"async\" class=\"alignnone wp-image-1611\" src=\"https:\/\/ziggioriginal.com\/wp-content\/uploads\/2023\/08\/ZIGGI-ORIGINAL-1.webp\" alt=\"\" width=\"48\" height=\"37\" \/><\/td>\n<\/tr>\n<tr>\n<td><img loading=\"lazy\" decoding=\"async\" class=\"alignnone wp-image-1613\" src=\"https:\/\/ziggioriginal.com\/wp-content\/uploads\/2023\/08\/TRANSPORT-BOX.webp\" alt=\"\" width=\"43\" height=\"33\" \/><\/td>\n<td class=\"mobile-hidden\">Transport Box for SB<\/td>\n<td>18x<\/td>\n<td><img loading=\"lazy\" decoding=\"async\" class=\"alignnone wp-image-1609\" src=\"https:\/\/ziggioriginal.com\/wp-content\/uploads\/2023\/08\/SHOW-BOX.webp\" alt=\"\" width=\"41\" height=\"42\" srcset=\"https:\/\/ziggioriginal.com\/wp-content\/uploads\/2023\/08\/SHOW-BOX.webp 140w, https:\/\/ziggioriginal.com\/wp-content\/uploads\/2023\/08\/SHOW-BOX-100x100.webp 100w\" sizes=\"auto, (max-width: 41px) 100vw, 41px\" \/><\/td>\n<td>= 468x<\/td>\n<td><img loading=\"lazy\" decoding=\"async\" class=\"alignnone wp-image-1611\" src=\"https:\/\/ziggioriginal.com\/wp-content\/uploads\/2023\/08\/ZIGGI-ORIGINAL-1.webp\" alt=\"\" width=\"46\" height=\"36\" \/><\/td>\n<\/tr>\n<\/tbody>\n<\/table>\n","protected":false},"featured_media":8761,"template":"","meta":{"footnotes":""},"product_brand":[],"product_cat":[83,61,203,62],"product_tag":[],"class_list":{"0":"post-6941","1":"product","2":"type-product","3":"status-publish","4":"has-post-thumbnail","6":"product_cat-core-sr","7":"product_cat-natural-sr","8":"product_cat-veleprodaja","9":"product_cat-ziggi-sr","11":"first","12":"instock","13":"featured","14":"taxable","15":"shipping-taxable","16":"purchasable","17":"product-type-variable"},"_links":{"self":[{"href":"https:\/\/ziggioriginal.com\/sr\/wp-json\/wp\/v2\/product\/6941","targetHints":{"allow":["GET"]}}],"collection":[{"href":"https:\/\/ziggioriginal.com\/sr\/wp-json\/wp\/v2\/product"}],"about":[{"href":"https:\/\/ziggioriginal.com\/sr\/wp-json\/wp\/v2\/types\/product"}],"version-history":[{"count":2,"href":"https:\/\/ziggioriginal.com\/sr\/wp-json\/wp\/v2\/product\/6941\/revisions"}],"predecessor-version":[{"id":6959,"href":"https:\/\/ziggioriginal.com\/sr\/wp-json\/wp\/v2\/product\/6941\/revisions\/6959"}],"wp:featuredmedia":[{"embeddable":true,"href":"https:\/\/ziggioriginal.com\/sr\/wp-json\/wp\/v2\/media\/8761"}],"wp:attachment":[{"href":"https:\/\/ziggioriginal.com\/sr\/wp-json\/wp\/v2\/media?parent=6941"}],"wp:term":[{"taxonomy":"product_brand","embeddable":true,"href":"https:\/\/ziggioriginal.com\/sr\/wp-json\/wp\/v2\/product_brand?post=6941"},{"taxonomy":"product_cat","embeddable":true,"href":"https:\/\/ziggioriginal.com\/sr\/wp-json\/wp\/v2\/product_cat?post=6941"},{"taxonomy":"product_tag","embeddable":true,"href":"https:\/\/ziggioriginal.com\/sr\/wp-json\/wp\/v2\/product_tag?post=6941"}],"curies":[{"name":"wp","href":"https:\/\/api.w.org\/{rel}","templated":true}]}}