{"id":6783,"date":"2025-09-09T08:53:05","date_gmt":"2025-09-09T08:53:05","guid":{"rendered":"https:\/\/ziggioriginal.com\/?post_type=product&#038;p=6783"},"modified":"2025-12-01T13:43:15","modified_gmt":"2025-12-01T13:43:15","slug":"ziggi-original-extra-tb","status":"publish","type":"product","link":"https:\/\/ziggioriginal.com\/sr\/proizvod\/ziggi-original-extra-tb\/","title":{"rendered":"ZIGGI ORIGINAL EXTRA (TB)"},"content":{"rendered":"<h2>ZIGGI EXTRA model<\/h2>\n<p>Godina 2009. je svedo\u010dila ro\u0111enju Ziggi Extra, tako\u0111e poznatom kao ultimativno re\u0161enje za rolanje. Ovaj inventivni model papiri\u0107a za rolanje se izdvaja svojom prakti\u010dnom kombinacijom papiri\u0107a za rolanje, filtera i patentiranog dizajna, u kojem se pakovanje besprekorno transformi\u0161e u poslu\u017eavnik za rolanje. Ova genijalna integracija pru\u017ea savr\u0161enu povr\u0161inu za aficionade da usavr\u0161e svoj zanat. Njegov jednostavan, ali transformativan dizajn ponovo je redefinisao industrijske standarde i stekao instant divljenje.<\/p>\n<p>Elementi:<br \/>\n32 papiri\u0107a za rolanje<br \/>\n32 filtera za rolanje<br \/>\nPoslu\u017eavnik za rolanje (<a href=\"https:\/\/patents.google.com\/patent\/EP2440075B1\/en\" target=\"_blank\" rel=\"noopener\">patent<\/a>)<\/p>\n<h2>Classic papir<\/h2>\n<p>Izra\u0111eni od jedinstvene me\u0161avine tanke, prozirne celuloze od virgin drva, na\u0161i Classic papiri za rolanje obe\u0107avaju dosledno prijatno iskustvo za sve korisnike.<\/p>\n<p>14 g\/m2<br \/>\nPapir od drva<br \/>\nBeljeni<\/p>\n<h2>Savr\u0161eni elementi<\/h2>\n<h3>Filteri<\/h3>\n<p>Na\u0161i filteri su izra\u0111eni od materijala najvi\u0161eg kvaliteta koji ispunjavaju standarde za upotrebu u hrani, garantuju\u0107i neuporedivo iskustvo rolanja. Poznati kao najbolji u industriji, njihov dizajn elimini\u0161e potrebu za perforacijom, osiguravaju\u0107i glatko rolanje i zadr\u017eavanje oblika nakon rolanja. Pored toga, na\u0161a inovativna tehnika lepljenja osigurava da svaki filter ostane sigurno u pakovanju dok se namerno ne ukloni, pri \u010demu ne ostavlja ostatke lepka na filteru.<\/p>\n<h3>Papiri za rolanje<\/h3>\n<p>Ziggi papiri za rolanje se proizvode u EU, kori\u0161tenjem materijala sa FSC sertifikatom i pridr\u017eavanjem strogih standarda ISO sertifikacije. Izra\u0111eni uz pomo\u0107 najsavremenije tehnologije, mo\u017eemo dosledno garantovati visokokvalitetne papire koji obezbe\u0111uju ravnomerno sagorevanje, bez aditiva.<\/p>\n<h3>Prirodna arapska guma<\/h3>\n<p>Arapska guma, dobijena iz drveta Acacia senegal, prirodni je derivat \u0161iroko prepoznat i kori\u0161\u0107en u industriji hrane. Odobreno od strane FDA-a i EFSA-a kao bezbedan aditiv za hranu, koristimo arapsku gumu u na\u0161im papirima za rolanje kao lepak. Ovo osigurava pridr\u017eavanje vrhunskih standarda kvaliteta i bezbednosti potro\u0161a\u010da.<\/p>\n<p>\u00a0<\/p>\n","protected":false},"excerpt":{"rendered":"<p>Izra\u0111en 2009. godine, Ziggi Extra, poznat kao ultimativno re\u0161enje za rolanje, donio je revoluciju u svet rolanja svojom jedinstvenom kombinacijom papiri\u0107a, filtera i patentiranim dizajnom koji pretvara pakovanje u poslu\u017eavnik za rolanje. Ovo sve-u-jednom re\u0161enje pru\u017ea entuzijastima idealnu povr\u0161inu za usavr\u0161avanje ve\u0161tina rolanja. Set uklju\u010duje 32 klasi\u010dna papiri\u0107a za rolanje izra\u0111ena od prozirne celuloze od virgin drva i 32 filtera najvi\u0161eg kvaliteta, osiguravaju\u0107i dosledno i glatko iskustvo rolanja. Ovi beljeni papiri sa gusto\u0107om od 14 g\/m\u00b2, proizvedeni u EU od materijala sa FSC sertifikatom, obe\u0107avaju kvalitet i ravnomerno sagorevanje, zahvaljuju\u0107i prirodnoj arapskoj gumi iz drveta Acacia senegal. Iskusite inovaciju i kvalitet koji ima Ziggi Extra.<\/p>\n<table width=\"100%\">\n<tbody>\n<tr>\n<td><img loading=\"lazy\" decoding=\"async\" class=\"alignnone wp-image-1609\" src=\"https:\/\/ziggioriginal.com\/wp-content\/uploads\/2023\/08\/SHOW-BOX.webp\" alt=\"\" width=\"40\" height=\"41\" srcset=\"https:\/\/ziggioriginal.com\/wp-content\/uploads\/2023\/08\/SHOW-BOX.webp 140w, https:\/\/ziggioriginal.com\/wp-content\/uploads\/2023\/08\/SHOW-BOX-100x100.webp 100w\" sizes=\"auto, (max-width: 40px) 100vw, 40px\" \/><\/td>\n<td class=\"mobile-hidden\">Show Box (SB)<\/td>\n<td>22x<\/td>\n<td colspan=\"3\"><img loading=\"lazy\" decoding=\"async\" class=\"alignnone wp-image-1612\" src=\"https:\/\/ziggioriginal.com\/wp-content\/uploads\/2023\/08\/ZIGGI-EXTRA.webp\" alt=\"\" width=\"46\" height=\"38\" \/><\/td>\n<\/tr>\n<tr>\n<td><img loading=\"lazy\" decoding=\"async\" class=\"alignnone wp-image-1613\" src=\"https:\/\/ziggioriginal.com\/wp-content\/uploads\/2023\/08\/TRANSPORT-BOX.webp\" alt=\"\" width=\"43\" height=\"33\" \/><\/td>\n<td class=\"mobile-hidden\">Transport Box for SB<\/td>\n<td>18x<\/td>\n<td><img loading=\"lazy\" decoding=\"async\" class=\"alignnone wp-image-1609\" src=\"https:\/\/ziggioriginal.com\/wp-content\/uploads\/2023\/08\/SHOW-BOX.webp\" alt=\"\" width=\"41\" height=\"42\" srcset=\"https:\/\/ziggioriginal.com\/wp-content\/uploads\/2023\/08\/SHOW-BOX.webp 140w, https:\/\/ziggioriginal.com\/wp-content\/uploads\/2023\/08\/SHOW-BOX-100x100.webp 100w\" sizes=\"auto, (max-width: 41px) 100vw, 41px\" \/><\/td>\n<td>= 396x<\/td>\n<td><img loading=\"lazy\" decoding=\"async\" class=\"alignnone wp-image-1612\" src=\"https:\/\/ziggioriginal.com\/wp-content\/uploads\/2023\/08\/ZIGGI-EXTRA.webp\" alt=\"\" width=\"46\" height=\"38\" \/><\/td>\n<\/tr>\n<\/tbody>\n<\/table>\n","protected":false},"featured_media":8690,"template":"","meta":{"footnotes":""},"product_brand":[],"product_cat":[59,83,66,203,64],"product_tag":[],"class_list":{"0":"post-6783","1":"product","2":"type-product","3":"status-publish","4":"has-post-thumbnail","6":"product_cat-classic-sr","7":"product_cat-core-sr","8":"product_cat-original-sr","9":"product_cat-veleprodaja","10":"product_cat-ziggi-extra-sr","12":"first","13":"instock","14":"taxable","15":"shipping-taxable","16":"purchasable","17":"product-type-variable"},"_links":{"self":[{"href":"https:\/\/ziggioriginal.com\/sr\/wp-json\/wp\/v2\/product\/6783","targetHints":{"allow":["GET"]}}],"collection":[{"href":"https:\/\/ziggioriginal.com\/sr\/wp-json\/wp\/v2\/product"}],"about":[{"href":"https:\/\/ziggioriginal.com\/sr\/wp-json\/wp\/v2\/types\/product"}],"version-history":[{"count":2,"href":"https:\/\/ziggioriginal.com\/sr\/wp-json\/wp\/v2\/product\/6783\/revisions"}],"predecessor-version":[{"id":6903,"href":"https:\/\/ziggioriginal.com\/sr\/wp-json\/wp\/v2\/product\/6783\/revisions\/6903"}],"wp:featuredmedia":[{"embeddable":true,"href":"https:\/\/ziggioriginal.com\/sr\/wp-json\/wp\/v2\/media\/8690"}],"wp:attachment":[{"href":"https:\/\/ziggioriginal.com\/sr\/wp-json\/wp\/v2\/media?parent=6783"}],"wp:term":[{"taxonomy":"product_brand","embeddable":true,"href":"https:\/\/ziggioriginal.com\/sr\/wp-json\/wp\/v2\/product_brand?post=6783"},{"taxonomy":"product_cat","embeddable":true,"href":"https:\/\/ziggioriginal.com\/sr\/wp-json\/wp\/v2\/product_cat?post=6783"},{"taxonomy":"product_tag","embeddable":true,"href":"https:\/\/ziggioriginal.com\/sr\/wp-json\/wp\/v2\/product_tag?post=6783"}],"curies":[{"name":"wp","href":"https:\/\/api.w.org\/{rel}","templated":true}]}}