{"id":6754,"date":"2025-09-08T12:01:31","date_gmt":"2025-09-08T12:01:31","guid":{"rendered":"https:\/\/ziggioriginal.com\/?post_type=product&#038;p=6754"},"modified":"2025-12-01T13:38:29","modified_gmt":"2025-12-01T13:38:29","slug":"ziggi-original-double-tb","status":"publish","type":"product","link":"https:\/\/ziggioriginal.com\/sr\/proizvod\/ziggi-original-double-tb\/","title":{"rendered":"ZIGGI ORIGINAL DOUBLE (TB)"},"content":{"rendered":"<h2>Ziggi Double model<\/h2>\n<p>Izra\u0111en na nasle\u0111u modela Ziggi Original, model Ziggi Double Original predstavlja slede\u0107i evolucioni korak. Osmi\u0161ljen ubrzo nakon svog prethodnika krajem &#8217;90-ih, ova verzija je sadr\u017eala dvostruko ve\u0107i broj papiri\u0107a i filtera u istom inovativnom pakovanju.<\/p>\n<p>Elementi:<br \/>\n64 papiri\u0107a za rolanje<br \/>\n64 filtera za rolanje<\/p>\n<h2>Classic papir<\/h2>\n<p>Izra\u0111eni od jedinstvene me\u0161avine tanke, prozirne celuloze od virgin drva, na\u0161i Classic papiri za rolanje obe\u0107avaju dosledno prijatno iskustvo za sve korisnike.<\/p>\n<p>14 g\/m\u00b2<br \/>\nPapir od drva<br \/>\nBeljeni<\/p>\n<h2>Savr\u0161eni elementi<\/h2>\n<h3>Filteri<\/h3>\n<p>Na\u0161i filteri su izra\u0111eni od materijala najvi\u0161eg kvaliteta koji ispunjavaju standarde za upotrebu u hrani, garantuju\u0107i neuporedivo iskustvo rolanja. Poznati kao najbolji u industriji, njihov dizajn elimini\u0161e potrebu za perforacijom, osiguravaju\u0107i glatko rolanje i zadr\u017eavanje oblika nakon rolanja. Pored toga, na\u0161a inovativna tehnika lepljenja osigurava da svaki filter ostane sigurno u pakovanju dok se namerno ne ukloni, pri \u010demu ne ostavlja ostatke lepka na filteru.<\/p>\n<h3>Papiri za rolanje<\/h3>\n<p>Ziggi papiri za rolanje se proizvode u EU, kori\u0161tenjem materijala sa FSC sertifikatom i pridr\u017eavanjem strogih standarda ISO sertifikacije. Izra\u0111eni uz pomo\u0107 najsavremenije tehnologije, mo\u017eemo dosledno garantovati visokokvalitetne papire koji obezbe\u0111uju ravnomerno sagorevanje, bez aditiva.<\/p>\n<h3>Prirodna arapska guma<\/h3>\n<p>Arapska guma, dobijena iz drveta Acacia senegal, prirodni je derivat \u0161iroko prepoznat i kori\u0161\u0107en u industriji hrane. Odobrena od strane FDA-a i EFSA-a kao bezbedan aditiv za hranu, koristimo arapsku gumu u na\u0161im papirima za rolanje kao lepak. Ovo osigurava pridr\u017eavanje vrhunskih standarda kvaliteta i bezbednosti potro\u0161a\u010da.<\/p>\n","protected":false},"excerpt":{"rendered":"<p>Evoluiraju\u0107i iz modela Ziggi Original, model Ziggi Double nudi dvostruko iskustvo rolanja sa 64 klasi\u010dna papiri\u0107a i 64 premium filtera u jednom inovativnom pakovanju. Osmi\u0161ljen krajem &#8217;90-ih, ovaj model obezbe\u0111uje doslednu i prijatnu sesiju rolanja, zahvaljuju\u0107i papirima izra\u0111enim od prozirne celuloze od virgin drva. Ovi beljeni papiri gusto\u0107e 14 g\/m\u00b2, u kombinaciji sa filterima najvi\u0161eg kvaliteta koji obezbe\u0111uju glatko rolanje bez ostataka, redefini\u0161u standarde kvaliteta. Proizvedeni u EU od materijala sa FSC sertifikatom i oboga\u0107eni prirodnom arapskom gumom iz drveta Acacia senegal, Ziggi Double obe\u0107ava neuporedivo iskustvo rolanja, spajaju\u0107i tradiciju sa inovacijom. Dvostruko zadovoljstvo, dvostruki kvalitet.<\/p>\n<table width=\"100%\">\n<tbody>\n<tr>\n<td><img loading=\"lazy\" decoding=\"async\" class=\"alignnone wp-image-1609\" src=\"https:\/\/ziggioriginal.com\/wp-content\/uploads\/2023\/08\/SHOW-BOX.webp\" alt=\"\" width=\"40\" height=\"41\" srcset=\"https:\/\/ziggioriginal.com\/wp-content\/uploads\/2023\/08\/SHOW-BOX.webp 140w, https:\/\/ziggioriginal.com\/wp-content\/uploads\/2023\/08\/SHOW-BOX-100x100.webp 100w\" sizes=\"auto, (max-width: 40px) 100vw, 40px\" \/><\/td>\n<td class=\"mobile-hidden\">Show Box (SB)<\/td>\n<td>14x<\/td>\n<td colspan=\"3\"><img loading=\"lazy\" decoding=\"async\" class=\"alignnone wp-image-1610\" src=\"https:\/\/ziggioriginal.com\/wp-content\/uploads\/2023\/08\/ZIGGI-DOUBLE.webp\" alt=\"\" width=\"38\" height=\"40\" \/><\/td>\n<\/tr>\n<tr>\n<td><img loading=\"lazy\" decoding=\"async\" class=\"alignnone wp-image-1613\" src=\"https:\/\/ziggioriginal.com\/wp-content\/uploads\/2023\/08\/TRANSPORT-BOX.webp\" alt=\"\" width=\"43\" height=\"33\" \/><\/td>\n<td class=\"mobile-hidden\">Transport Box for SB<\/td>\n<td>18x<\/td>\n<td><img loading=\"lazy\" decoding=\"async\" class=\"alignnone wp-image-1609\" src=\"https:\/\/ziggioriginal.com\/wp-content\/uploads\/2023\/08\/SHOW-BOX.webp\" alt=\"\" width=\"41\" height=\"42\" srcset=\"https:\/\/ziggioriginal.com\/wp-content\/uploads\/2023\/08\/SHOW-BOX.webp 140w, https:\/\/ziggioriginal.com\/wp-content\/uploads\/2023\/08\/SHOW-BOX-100x100.webp 100w\" sizes=\"auto, (max-width: 41px) 100vw, 41px\" \/><\/td>\n<td>= 252x<\/td>\n<td><img loading=\"lazy\" decoding=\"async\" class=\"alignnone wp-image-1610\" src=\"https:\/\/ziggioriginal.com\/wp-content\/uploads\/2023\/08\/ZIGGI-DOUBLE.webp\" alt=\"\" width=\"38\" height=\"40\" \/><\/td>\n<\/tr>\n<\/tbody>\n<\/table>\n","protected":false},"featured_media":8725,"template":"","meta":{"footnotes":""},"product_brand":[],"product_cat":[59,83,66,203,63],"product_tag":[],"class_list":{"0":"post-6754","1":"product","2":"type-product","3":"status-publish","4":"has-post-thumbnail","6":"product_cat-classic-sr","7":"product_cat-core-sr","8":"product_cat-original-sr","9":"product_cat-veleprodaja","10":"product_cat-ziggi-double-sr","12":"first","13":"instock","14":"taxable","15":"shipping-taxable","16":"purchasable","17":"product-type-variable","18":"has-default-attributes"},"_links":{"self":[{"href":"https:\/\/ziggioriginal.com\/sr\/wp-json\/wp\/v2\/product\/6754","targetHints":{"allow":["GET"]}}],"collection":[{"href":"https:\/\/ziggioriginal.com\/sr\/wp-json\/wp\/v2\/product"}],"about":[{"href":"https:\/\/ziggioriginal.com\/sr\/wp-json\/wp\/v2\/types\/product"}],"version-history":[{"count":2,"href":"https:\/\/ziggioriginal.com\/sr\/wp-json\/wp\/v2\/product\/6754\/revisions"}],"predecessor-version":[{"id":6768,"href":"https:\/\/ziggioriginal.com\/sr\/wp-json\/wp\/v2\/product\/6754\/revisions\/6768"}],"wp:featuredmedia":[{"embeddable":true,"href":"https:\/\/ziggioriginal.com\/sr\/wp-json\/wp\/v2\/media\/8725"}],"wp:attachment":[{"href":"https:\/\/ziggioriginal.com\/sr\/wp-json\/wp\/v2\/media?parent=6754"}],"wp:term":[{"taxonomy":"product_brand","embeddable":true,"href":"https:\/\/ziggioriginal.com\/sr\/wp-json\/wp\/v2\/product_brand?post=6754"},{"taxonomy":"product_cat","embeddable":true,"href":"https:\/\/ziggioriginal.com\/sr\/wp-json\/wp\/v2\/product_cat?post=6754"},{"taxonomy":"product_tag","embeddable":true,"href":"https:\/\/ziggioriginal.com\/sr\/wp-json\/wp\/v2\/product_tag?post=6754"}],"curies":[{"name":"wp","href":"https:\/\/api.w.org\/{rel}","templated":true}]}}