{"id":6702,"date":"2025-09-02T12:21:58","date_gmt":"2025-09-02T12:21:58","guid":{"rendered":"https:\/\/ziggioriginal.com\/?post_type=product&#038;p=6702"},"modified":"2025-12-01T11:14:01","modified_gmt":"2025-12-01T11:14:01","slug":"ziggi-original-tb","status":"publish","type":"product","link":"https:\/\/ziggioriginal.com\/sr\/proizvod\/ziggi-original-tb\/","title":{"rendered":"ZIGGI ORIGINAL (TB)"},"content":{"rendered":"<p style=\"text-align: center;\"><iframe loading=\"lazy\" title=\"YouTube video player\" src=\"https:\/\/www.youtube.com\/embed\/snWhpwDk30E?si=gMh6N0KQKbgBEsmg\" width=\"560\" height=\"315\" frameborder=\"0\" allowfullscreen=\"allowfullscreen\"><\/iframe><\/p>\r\n\r\n<h2>Ziggi Original model<\/h2>\r\n\r\n<p>Izra\u0111en krajem '90-ih iz vizije na\u0161eg osniva\u010da, model Ziggi Original pojavio se kao pionirska me\u0161avina papiri\u0107a i filtera u jednom pakovanju. Naizgled jednostavna, ali revolucionarna ideja odmah je odjeknula me\u0111u korisnicima i postavila precedent u industriji.<\/p>\r\n\r\n<p>\r\nElementi:<br \/>\r\n32 papiri\u0107a za rolanje<br \/>\r\n32 filtera za rolanje<br \/>\r\n<\/p>\n<h2>Classic paper<\/h2>\r\n<p>Izra\u0111eni od jedinstvene me\u0161avine tanke, prozirne celuloze od virgin drva, na\u0161i Classic papiri za rolanje obe\u0107avaju dosledno prijatno iskustvo za sve korisnike.<\/p>\r\n\r\n<p>\r\n14 g\/m\u00b2<br \/>\r\nPapir od drva<br \/>\r\nBeljeni<br \/>\r\n<\/p>\n<h2>Savr\u0161eni elementi<\/h2>\r\n<h3>Filteri<\/h3>\r\nNa\u0161i filteri su izra\u0111eni od materijala najvi\u0161eg kvaliteta koji ispunjavaju standarde za upotrebu u hrani, garantuju\u0107i neuporedivo iskustvo rolanja. Poznati kao najbolji u industriji, njihov dizajn elimini\u0161e potrebu za perforacijom, osiguravaju\u0107i glatko rolanje i zadr\u017eavanje oblika nakon rolanja. Pored toga, na\u0161a inovativna tehnika lepljenja osigurava da svaki filter ostane sigurno u pakovanju dok se namerno ne ukloni, pri \u010demu ne ostavlja ostatke lepka na filteru.\r\n<h3>Papiri za rolanje<\/h3>\r\nZiggi papiri za rolanje se proizvode u EU, kori\u0161tenjem materijala sa FSC sertifikatom i pridr\u017eavanjem strogih standarda ISO sertifikacije. Izra\u0111eni uz pomo\u0107 najsavremenije tehnologije, mo\u017eemo dosledno garantovati visokokvalitetne papire koji obezbe\u0111uju ravnomerno sagorevanje, bez aditiva.\r\n<h3>Prirodna arapska guma<\/h3>\r\n<p>Arapska guma, dobijena iz drveta Acacia senegal, prirodni je derivat \u0161iroko prepoznat i kori\u0161\u0107en u industriji hrane. Odobreno od strane FDA-a i EFSA-a kao bezbedan aditiv za hranu, koristimo arapsku gumu u na\u0161im papirima za rolanje kao lepak. Ovo osigurava pridr\u017eavanje vrhunskih standarda kvaliteta i bezbednosti potro\u0161a\u010da.<\/p>\n","protected":false},"excerpt":{"rendered":"<table class=\"product-patents\">\r\n<thead>\r\n<tr>\r\n<th>Patenti:<\/th>\r\n<th>Registrovani <br\/>dizajn zajednice:<\/th>\r\n<\/tr>\r\n<\/thead>\r\n<tbody>\r\n<tr>\r\n<td>US 9078469 B2;<\/td>\r\n<td>Br. 015050351-0001<\/td>\r\n<\/tr>\r\n<tr>\r\n<td>CA 2773684 C;<\/td>\r\n<td>Br. 015050351-0002<\/td>\r\n<\/tr>\r\n<tr>\r\n<td>EP 2 440 075 B1;<\/td>\r\n<td>Br. 015050351-0003<\/td>\r\n<\/tr>\r\n<tr>\r\n<td>RCD: : DM\/073983<\/td>\r\n<td>Br. 015050351-0004<\/td>\r\n<\/tr>\r\n<tr>\r\n<td><\/td>\r\n<td>Br. 015050351-0005<\/td>\r\n<\/tr>\r\n<\/tbody>\r\n<\/table>\r\n<p>Ziggi Original, lansiran krajem 90-ih, revolucionisao je zvijanje sa 32 papira i 32 filtera u jednoj kutiji. Napravljen od 14 g\/m\u00b2 \u010distog drveta i prirodnog arabskog guma, garantuje ujedna\u010deno i glatko iskustvo. Napravljen u EU sa FSC sertifikovanim materijalima, Ziggi Original postavlja standarde kvaliteta i pogodnosti.<\/p>\r\n<table width=\"100%\">\r\n<tbody>\r\n<tr>\r\n<td><img loading=\"lazy\" decoding=\"async\" class=\"alignnone wp-image-1609\" src=\"https:\/\/ziggioriginal.com\/wp-content\/uploads\/2023\/08\/SHOW-BOX.webp\" alt=\"\" width=\"40\" height=\"41\" srcset=\"https:\/\/ziggioriginal.com\/wp-content\/uploads\/2023\/08\/SHOW-BOX.webp 140w, https:\/\/ziggioriginal.com\/wp-content\/uploads\/2023\/08\/SHOW-BOX-100x100.webp 100w\" sizes=\"auto, (max-width: 40px) 100vw, 40px\" \/><\/td>\r\n<td class='mobile-hidden'>Show Box (SB)<\/td>\r\n<td>26x<\/td>\r\n<td colspan=\"3\"><img loading=\"lazy\" decoding=\"async\" class=\"alignnone wp-image-1611\" src=\"https:\/\/ziggioriginal.com\/wp-content\/uploads\/2023\/08\/ZIGGI-ORIGINAL-1.webp\" alt=\"\" width=\"48\" height=\"37\" \/><\/td>\r\n<\/tr>\r\n<tr>\r\n<td><img loading=\"lazy\" decoding=\"async\" class=\"alignnone wp-image-1613\" src=\"https:\/\/ziggioriginal.com\/wp-content\/uploads\/2023\/08\/TRANSPORT-BOX.webp\" alt=\"\" width=\"43\" height=\"33\" \/><\/td>\r\n<td class='mobile-hidden'>Transport Box za SB<\/td>\r\n<td>18x<\/td>\r\n<td><img loading=\"lazy\" decoding=\"async\" class=\"alignnone wp-image-1609\" src=\"https:\/\/ziggioriginal.com\/wp-content\/uploads\/2023\/08\/SHOW-BOX.webp\" alt=\"\" width=\"41\" height=\"42\" srcset=\"https:\/\/ziggioriginal.com\/wp-content\/uploads\/2023\/08\/SHOW-BOX.webp 140w, https:\/\/ziggioriginal.com\/wp-content\/uploads\/2023\/08\/SHOW-BOX-100x100.webp 100w\" sizes=\"auto, (max-width: 41px) 100vw, 41px\" \/><\/td>\r\n<td>= 468x<\/td>\r\n<td><img loading=\"lazy\" decoding=\"async\" class=\"alignnone wp-image-1611\" src=\"https:\/\/ziggioriginal.com\/wp-content\/uploads\/2023\/08\/ZIGGI-ORIGINAL-1.webp\" alt=\"\" width=\"46\" height=\"36\" \/><\/td>\r\n<\/tr>\r\n<\/tbody>\r\n<\/table>\n","protected":false},"featured_media":8489,"template":"","meta":{"footnotes":""},"product_brand":[],"product_cat":[59,83,66,203,62],"product_tag":[],"class_list":{"0":"post-6702","1":"product","2":"type-product","3":"status-publish","4":"has-post-thumbnail","6":"product_cat-classic-sr","7":"product_cat-core-sr","8":"product_cat-original-sr","9":"product_cat-veleprodaja","10":"product_cat-ziggi-sr","12":"first","13":"instock","14":"taxable","15":"shipping-taxable","16":"purchasable","17":"product-type-variable"},"_links":{"self":[{"href":"https:\/\/ziggioriginal.com\/sr\/wp-json\/wp\/v2\/product\/6702","targetHints":{"allow":["GET"]}}],"collection":[{"href":"https:\/\/ziggioriginal.com\/sr\/wp-json\/wp\/v2\/product"}],"about":[{"href":"https:\/\/ziggioriginal.com\/sr\/wp-json\/wp\/v2\/types\/product"}],"version-history":[{"count":2,"href":"https:\/\/ziggioriginal.com\/sr\/wp-json\/wp\/v2\/product\/6702\/revisions"}],"predecessor-version":[{"id":6727,"href":"https:\/\/ziggioriginal.com\/sr\/wp-json\/wp\/v2\/product\/6702\/revisions\/6727"}],"wp:featuredmedia":[{"embeddable":true,"href":"https:\/\/ziggioriginal.com\/sr\/wp-json\/wp\/v2\/media\/8489"}],"wp:attachment":[{"href":"https:\/\/ziggioriginal.com\/sr\/wp-json\/wp\/v2\/media?parent=6702"}],"wp:term":[{"taxonomy":"product_brand","embeddable":true,"href":"https:\/\/ziggioriginal.com\/sr\/wp-json\/wp\/v2\/product_brand?post=6702"},{"taxonomy":"product_cat","embeddable":true,"href":"https:\/\/ziggioriginal.com\/sr\/wp-json\/wp\/v2\/product_cat?post=6702"},{"taxonomy":"product_tag","embeddable":true,"href":"https:\/\/ziggioriginal.com\/sr\/wp-json\/wp\/v2\/product_tag?post=6702"}],"curies":[{"name":"wp","href":"https:\/\/api.w.org\/{rel}","templated":true}]}}