{"id":2910,"date":"2023-08-29T12:43:04","date_gmt":"2023-08-29T12:43:04","guid":{"rendered":"https:\/\/ziggioriginal.com\/product\/%d0%b7%d0%b8%d0%b3%d0%b3%d0%b8-%d0%bd%d0%b0%d1%82%d1%83%d1%80%d0%b0%d0%bb-%d0%b5%d0%ba%d1%81%d1%82%d1%80%d0%b0\/"},"modified":"2025-12-01T13:45:29","modified_gmt":"2025-12-01T13:45:29","slug":"ziggi-natural-extra","status":"publish","type":"product","link":"https:\/\/ziggioriginal.com\/sr\/proizvod\/ziggi-natural-extra\/","title":{"rendered":"ZIGGI NATURAL EXTRA"},"content":{"rendered":"<h2>ZIGGI EXTRA model<\/h2>\n<p>Godina 2009. je svedo\u010dila ro\u0111enju Ziggi Extra, tako\u0111e poznatom kao ultimativno re\u0161enje za rolanje. Ovaj inventivni model papiri\u0107a za rolanje se izdvaja svojom prakti\u010dnom kombinacijom papiri\u0107a, filtera i patentiranim dizajnom, u kojem se pakovanje besprekorno transformi\u0161e u poslu\u017eavnik za rolanje. Ova genijalna integracija pru\u017ea savr\u0161enu povr\u0161inu za aficionade da usavr\u0161e svoj zanat. Njegov jednostavan, ali transformativan dizajn ponovo je redefinisao industrijske standarde i stekao instant divljenje.<\/p>\n<p>Elementi:<br \/>\n32 papiri\u0107a za rolanje<br \/>\n32 filtera za rolanje<br \/>\nPoslu\u017eavnik za rolanje (<a href=\"https:\/\/patents.google.com\/patent\/EP2440075B1\/en\" target=\"_blank\" rel=\"noopener\">patent<\/a>)<\/p>\n<h2>Nebeljeni papir<\/h2>\n<p>Posve\u0107eni odr\u017eivosti, na\u0161i nebeljeni papiri za rolanje dobijeni su od nebeljene i nepre\u010di\u0161\u0107ene celuloze. Uz minimalnu obradu, ova ekolo\u0161ki prihvatljiva opcija nudi superiorno rolanje uz prioritet na svesti o za\u0161titi \u017eivotne sredine.<\/p>\n<p>14 g\/m\u00b2<br \/>\nPapir od drva<br \/>\nNebeljeni<\/p>\n<h2>Savr\u0161eni elementi<\/h2>\n<h3>Filteri<\/h3>\n<p>Na\u0161i filteri su izra\u0111eni od materijala najvi\u0161eg kvaliteta koji ispunjavaju standarde za upotrebu u hrani, garantuju\u0107i neuporedivo iskustvo rolanja. Poznati kao najbolji u industriji, njihov dizajn elimini\u0161e potrebu za perforacijom, osiguravaju\u0107i glatko rolanje i zadr\u017eavanje svog oblika nakon rolanja. Pored toga, na\u0161a inovativna tehnika lepljenja osigurava da svaki filter ostane sigurno u pakovanju dok se namerno ne ukloni, pri \u010demu ne ostavlja ostatke lepka na filteru.<\/p>\n<h3>Papiri za rolanje<\/h3>\n<p>Ziggi papiri za rolanje se proizvode u EU, kori\u0161tenjem materijala sa FSC sertifikatom i pridr\u017eavanjem strogih standarda ISO sertifikacije. Izra\u0111eni uz pomo\u0107 najsavremenije tehnologije, mo\u017eemo dosledno garantovati visokokvalitetne papire koji obezbe\u0111uju ravnomerno sagorevanje, bez aditiva.<\/p>\n<h3>Prirodna arapska guma<\/h3>\n<p>Arapska guma, dobijena iz drveta Acacia senegal, prirodni je derivat \u0161iroko prepoznat i kori\u0161\u0107en u industriji hrane. Odobrena od strane FDA-a i EFSA-a kao bezbedan aditiv za hranu, koristimo arapsku gumu u na\u0161im papirima za rolanje kao lepak. Ovo osigurava pridr\u017eavanje vrhunskih standarda kvaliteta i bezbednosti potro\u0161a\u010da.<\/p>\n","protected":false},"excerpt":{"rendered":"<p>Predstavljamo Ziggi Extra, izra\u0111en 2009. godine, poznat kao ultimativno re\u0161enje za rolanje. Ovaj model besprekorno kombinuje 32 nebeljena papiri\u0107a za rolanje izra\u0111ena od virgin celuloze, 32 premium filtera i patentirani dizajn koji transformi\u0161e pakovanje u prakti\u010dan poslu\u017eavnik za rolanje. Daju\u0107i prioritet odr\u017eivosti i ekolo\u0161koj svesti, ovi nebeljeni papiri gusto\u0107e 14 g\/m\u00b2 pru\u017eaju aficionadima savr\u0161enu povr\u0161inu za usavr\u0161avanje svog zanata rolanja. U paru sa filterima najvi\u0161eg kvaliteta dizajniranim za glatko rolanje bez ostataka i izra\u0111eni u EU od materijala sa FSC sertifikatom, Ziggi Extra osigurava sagorevanje bez aditiva. Oboga\u0107en prirodnom arapskom gumom iz drveta Acacia senegal, Ziggi Extra predstavlja svedo\u010danstvo inovativnog dizajna i vrhunskog kvaliteta u rolanju. Iskusite vrhunsku pogodnost i kvalitet u rolanju.<\/p>\n<table width=\"100%\">\n<tbody>\n<tr>\n<td><img loading=\"lazy\" decoding=\"async\" class=\"alignnone wp-image-1609\" src=\"https:\/\/ziggioriginal.com\/wp-content\/uploads\/2023\/08\/SHOW-BOX.webp\" alt=\"\" width=\"40\" height=\"41\" srcset=\"https:\/\/ziggioriginal.com\/wp-content\/uploads\/2023\/08\/SHOW-BOX.webp 140w, https:\/\/ziggioriginal.com\/wp-content\/uploads\/2023\/08\/SHOW-BOX-100x100.webp 100w\" sizes=\"auto, (max-width: 40px) 100vw, 40px\" \/><\/td>\n<td class=\"mobile-hidden\">Show Box (SB)<\/td>\n<td>22x<\/td>\n<td colspan=\"3\"><img loading=\"lazy\" decoding=\"async\" class=\"alignnone wp-image-1612\" src=\"https:\/\/ziggioriginal.com\/wp-content\/uploads\/2023\/08\/ZIGGI-EXTRA.webp\" alt=\"\" width=\"46\" height=\"38\" \/><\/td>\n<\/tr>\n<tr>\n<td><img loading=\"lazy\" decoding=\"async\" class=\"alignnone wp-image-1613\" src=\"https:\/\/ziggioriginal.com\/wp-content\/uploads\/2023\/08\/TRANSPORT-BOX.webp\" alt=\"\" width=\"43\" height=\"33\" \/><\/td>\n<td class=\"mobile-hidden\">Transport Box for SB<\/td>\n<td>18x<\/td>\n<td><img loading=\"lazy\" decoding=\"async\" class=\"alignnone wp-image-1609\" src=\"https:\/\/ziggioriginal.com\/wp-content\/uploads\/2023\/08\/SHOW-BOX.webp\" alt=\"\" width=\"41\" height=\"42\" srcset=\"https:\/\/ziggioriginal.com\/wp-content\/uploads\/2023\/08\/SHOW-BOX.webp 140w, https:\/\/ziggioriginal.com\/wp-content\/uploads\/2023\/08\/SHOW-BOX-100x100.webp 100w\" sizes=\"auto, (max-width: 41px) 100vw, 41px\" \/><\/td>\n<td>= 396x<\/td>\n<td><img loading=\"lazy\" decoding=\"async\" class=\"alignnone wp-image-1612\" src=\"https:\/\/ziggioriginal.com\/wp-content\/uploads\/2023\/08\/ZIGGI-EXTRA.webp\" alt=\"\" width=\"46\" height=\"38\" \/><\/td>\n<\/tr>\n<\/tbody>\n<\/table>\n","protected":false},"featured_media":8655,"template":"","meta":{"footnotes":""},"product_brand":[],"product_cat":[83,207,61,64],"product_tag":[],"class_list":{"0":"post-2910","1":"product","2":"type-product","3":"status-publish","4":"has-post-thumbnail","6":"product_cat-core-sr","7":"product_cat-maloprodaja","8":"product_cat-natural-sr","9":"product_cat-ziggi-extra-sr","11":"first","12":"instock","13":"taxable","14":"shipping-taxable","15":"purchasable","16":"product-type-variable"},"_links":{"self":[{"href":"https:\/\/ziggioriginal.com\/sr\/wp-json\/wp\/v2\/product\/2910","targetHints":{"allow":["GET"]}}],"collection":[{"href":"https:\/\/ziggioriginal.com\/sr\/wp-json\/wp\/v2\/product"}],"about":[{"href":"https:\/\/ziggioriginal.com\/sr\/wp-json\/wp\/v2\/types\/product"}],"version-history":[{"count":4,"href":"https:\/\/ziggioriginal.com\/sr\/wp-json\/wp\/v2\/product\/2910\/revisions"}],"predecessor-version":[{"id":4880,"href":"https:\/\/ziggioriginal.com\/sr\/wp-json\/wp\/v2\/product\/2910\/revisions\/4880"}],"wp:featuredmedia":[{"embeddable":true,"href":"https:\/\/ziggioriginal.com\/sr\/wp-json\/wp\/v2\/media\/8655"}],"wp:attachment":[{"href":"https:\/\/ziggioriginal.com\/sr\/wp-json\/wp\/v2\/media?parent=2910"}],"wp:term":[{"taxonomy":"product_brand","embeddable":true,"href":"https:\/\/ziggioriginal.com\/sr\/wp-json\/wp\/v2\/product_brand?post=2910"},{"taxonomy":"product_cat","embeddable":true,"href":"https:\/\/ziggioriginal.com\/sr\/wp-json\/wp\/v2\/product_cat?post=2910"},{"taxonomy":"product_tag","embeddable":true,"href":"https:\/\/ziggioriginal.com\/sr\/wp-json\/wp\/v2\/product_tag?post=2910"}],"curies":[{"name":"wp","href":"https:\/\/api.w.org\/{rel}","templated":true}]}}