{"id":2838,"date":"2023-08-29T04:12:35","date_gmt":"2023-08-29T04:12:35","guid":{"rendered":"https:\/\/ziggioriginal.com\/%d1%86%d1%80%d0%b5%d0%b0%d1%82%d0%b8%d0%b2%d0%b5%d1%81\/"},"modified":"2024-12-31T17:33:19","modified_gmt":"2024-12-31T17:33:19","slug":"kreativci","status":"publish","type":"page","link":"https:\/\/ziggioriginal.com\/sr\/kreativci\/","title":{"rendered":"Kreativci"},"content":{"rendered":"\n\n  <div class=\"banner has-hover\" id=\"banner-2073363309\">\n          <div class=\"banner-inner fill\">\n        <div class=\"banner-bg fill\" >\n            <img loading=\"lazy\" decoding=\"async\" width=\"2048\" height=\"1366\" src=\"https:\/\/ziggioriginal.com\/wp-content\/uploads\/2023\/08\/Cultiva-20171006-Mitru-1-1-2048x1366.jpg\" class=\"bg attachment-2048x2048 size-2048x2048\" alt=\"\" \/>                        <div class=\"overlay\"><\/div>            \n                    <\/div>\n\t\t\n        <div class=\"banner-layers container\">\n            <div class=\"fill banner-link\"><\/div>            \n\n   <div id=\"text-box-405907620\" class=\"text-box banner-layer x85 md-x85 lg-x85 y50 md-y50 lg-y50 res-text\">\n                                <div class=\"text-box-content text dark\">\n              \n              <div class=\"text-inner text-right\">\n                  \n\n\t<div id=\"text-482404513\" class=\"text\">\n\t\t\n\n<h1 style=\"text-align: right\"><strong>Kreativci<\/strong><\/h1>\r\n<h1 style=\"text-align: right\"><strong>Dobro do\u0161li <\/strong><\/h1>\n\t\t\n<style>\n#text-482404513 {\n  line-height: 0.75;\n}\n<\/style>\n\t<\/div>\n\t\n<a href=\"#kontakt\" class=\"button primary\"  style=\"border-radius:10px;\">\n\t\t<span>Pridru\u017ei se Tribu<\/span>\n\t<\/a>\n\n\n\n              <\/div>\n           <\/div>\n                            \n<style>\n#text-box-405907620 {\n  width: 60%;\n}\n#text-box-405907620 .text-box-content {\n  font-size: 100%;\n}\n<\/style>\n    <\/div>\n \n\n        <\/div>\n      <\/div>\n\n            \n<style>\n#banner-2073363309 {\n  padding-top: 486px;\n}\n#banner-2073363309 .overlay {\n  background-color: rgba(0, 0, 0, 0.32);\n}\n#banner-2073363309 .banner-bg img {\n  object-position: 35% 20%;\n}\n<\/style>\n  <\/div>\n\n\n<div class=\"row\"  id=\"row-290344205\">\n\n\n\t<div id=\"col-1876105515\" class=\"col small-12 large-12\"  >\n\t\t\t\t<div class=\"col-inner\"  >\n\t\t\t\n\t\t\t\n\n\t<div id=\"text-794814003\" class=\"text\">\n\t\t\n\n<h1 style=\"text-align: center\">Pru\u017eite svoj umetni\u010dki izraz, poja\u010dajte svoj uticaj: ZIGGI pozornica \u010deka.<\/h1>\n\t\t\n<style>\n#text-794814003 {\n  color: rgba(0, 0, 0, 0.645);\n}\n#text-794814003 > * {\n  color: rgba(0, 0, 0, 0.645);\n}\n<\/style>\n\t<\/div>\n\t\n\n\t\t<\/div>\n\t\t\t\t\t<\/div>\n\n\t\n\n<\/div>\n<div class=\"row\"  id=\"row-637984254\">\n\n\n\t<div id=\"col-1725462730\" class=\"col medium-6 small-12 large-6\"  >\n\t\t\t\t<div class=\"col-inner\"  >\n\t\t\t\n\t\t\t\n\n<div class=\"row\"  id=\"row-1097043825\">\n\n\n\t<div id=\"col-1850409190\" class=\"col medium-3 small-4 large-3\"  >\n\t\t\t\t<div class=\"col-inner text-center\"  >\n\t\t\t\n\t\t\t\n\n\t<div class=\"img has-hover x md-x lg-x y md-y lg-y\" id=\"image_1991193022\">\n\t\t\t\t\t\t\t\t<div class=\"img-inner dark\" >\n\t\t\t<img loading=\"lazy\" decoding=\"async\" width=\"512\" height=\"512\" src=\"https:\/\/ziggioriginal.com\/wp-content\/uploads\/2023\/08\/legacy-1.png\" class=\"attachment-medium_large size-medium_large\" alt=\"\" srcset=\"https:\/\/ziggioriginal.com\/wp-content\/uploads\/2023\/08\/legacy-1.png 512w, https:\/\/ziggioriginal.com\/wp-content\/uploads\/2023\/08\/legacy-1-300x300.png 300w, https:\/\/ziggioriginal.com\/wp-content\/uploads\/2023\/08\/legacy-1-100x100.png 100w, https:\/\/ziggioriginal.com\/wp-content\/uploads\/2023\/08\/legacy-1-150x150.png 150w\" sizes=\"auto, (max-width: 512px) 100vw, 512px\" \/>\t\t\t\t\t\t\n\t\t\t\t\t<\/div>\n\t\t\t\t\t\t\t\t\n<style>\n#image_1991193022 {\n  width: 100%;\n}\n@media (min-width:550px) {\n  #image_1991193022 {\n    width: 100%;\n  }\n}\n@media (min-width:850px) {\n  #image_1991193022 {\n    width: 100%;\n  }\n}\n<\/style>\n\t<\/div>\n\t\n\n\n\t\t<\/div>\n\t\t\t\t\t<\/div>\n\n\t\n\n\t<div id=\"col-284002581\" class=\"col medium-9 small-8 large-9\"  >\n\t\t\t\t<div class=\"col-inner\"  >\n\t\t\t\n\t\t\t\n\n\t<div id=\"text-1649880720\" class=\"text\">\n\t\t\n\n<h5>Brend sa nasle\u0111em<\/h5>\r\nKultura ukorenjena u uli\u010dnoj umetnosti, muzici i autenti\u010dnom na\u010dinu \u017eivota od 1991. godine.\n\t\t\n<style>\n#text-1649880720 {\n  color: rgba(0, 0, 0, 0.727);\n}\n#text-1649880720 > * {\n  color: rgba(0, 0, 0, 0.727);\n}\n<\/style>\n\t<\/div>\n\t\n\n\t\t<\/div>\n\t\t\t\t\t<\/div>\n\n\t\n\n<\/div>\n<div class=\"row\"  id=\"row-1190469917\">\n\n\n\t<div id=\"col-1399783216\" class=\"col medium-3 small-4 large-3\"  >\n\t\t\t\t<div class=\"col-inner text-center\"  >\n\t\t\t\n\t\t\t\n\n\t<div class=\"img has-hover x md-x lg-x y md-y lg-y\" id=\"image_1271507757\">\n\t\t\t\t\t\t\t\t<div class=\"img-inner dark\" >\n\t\t\t<img loading=\"lazy\" decoding=\"async\" width=\"512\" height=\"512\" src=\"https:\/\/ziggioriginal.com\/wp-content\/uploads\/2023\/09\/spotlight.png\" class=\"attachment-medium_large size-medium_large\" alt=\"\" srcset=\"https:\/\/ziggioriginal.com\/wp-content\/uploads\/2023\/09\/spotlight.png 512w, https:\/\/ziggioriginal.com\/wp-content\/uploads\/2023\/09\/spotlight-300x300.png 300w, https:\/\/ziggioriginal.com\/wp-content\/uploads\/2023\/09\/spotlight-100x100.png 100w, https:\/\/ziggioriginal.com\/wp-content\/uploads\/2023\/09\/spotlight-150x150.png 150w\" sizes=\"auto, (max-width: 512px) 100vw, 512px\" \/>\t\t\t\t\t\t\n\t\t\t\t\t<\/div>\n\t\t\t\t\t\t\t\t\n<style>\n#image_1271507757 {\n  width: 100%;\n}\n@media (min-width:550px) {\n  #image_1271507757 {\n    width: 100%;\n  }\n}\n@media (min-width:850px) {\n  #image_1271507757 {\n    width: 100%;\n  }\n}\n<\/style>\n\t<\/div>\n\t\n\n\n\t\t<\/div>\n\t\t\t\t\t<\/div>\n\n\t\n\n\t<div id=\"col-2099880594\" class=\"col medium-9 small-8 large-9\"  >\n\t\t\t\t<div class=\"col-inner\"  >\n\t\t\t\n\t\t\t\n\n\t<div id=\"text-3898622387\" class=\"text\">\n\t\t\n\n<h5>Osve\u017eenje zajednice<\/h5>\r\nPlatforma za prikazivanje va\u0161eg umetni\u010dkog izraza i povezivanje sa istomi\u0161ljenicima.\n\t\t\n<style>\n#text-3898622387 {\n  color: rgba(0, 0, 0, 0.727);\n}\n#text-3898622387 > * {\n  color: rgba(0, 0, 0, 0.727);\n}\n<\/style>\n\t<\/div>\n\t\n\n\t\t<\/div>\n\t\t\t\t\t<\/div>\n\n\t\n\n<\/div>\n<div class=\"row\"  id=\"row-1683242798\">\n\n\n\t<div id=\"col-739406526\" class=\"col medium-3 small-4 large-3\"  >\n\t\t\t\t<div class=\"col-inner text-center\"  >\n\t\t\t\n\t\t\t\n\n\t<div class=\"img has-hover x md-x lg-x y md-y lg-y\" id=\"image_191863157\">\n\t\t\t\t\t\t\t\t<div class=\"img-inner dark\" >\n\t\t\t<img loading=\"lazy\" decoding=\"async\" width=\"256\" height=\"256\" src=\"https:\/\/ziggioriginal.com\/wp-content\/uploads\/2023\/08\/deal-1.png\" class=\"attachment-medium_large size-medium_large\" alt=\"\" srcset=\"https:\/\/ziggioriginal.com\/wp-content\/uploads\/2023\/08\/deal-1.png 256w, https:\/\/ziggioriginal.com\/wp-content\/uploads\/2023\/08\/deal-1-100x100.png 100w, https:\/\/ziggioriginal.com\/wp-content\/uploads\/2023\/08\/deal-1-150x150.png 150w\" sizes=\"auto, (max-width: 256px) 100vw, 256px\" \/>\t\t\t\t\t\t\n\t\t\t\t\t<\/div>\n\t\t\t\t\t\t\t\t\n<style>\n#image_191863157 {\n  width: 100%;\n}\n@media (min-width:550px) {\n  #image_191863157 {\n    width: 100%;\n  }\n}\n@media (min-width:850px) {\n  #image_191863157 {\n    width: 100%;\n  }\n}\n<\/style>\n\t<\/div>\n\t\n\n\n\t\t<\/div>\n\t\t\t\t\t<\/div>\n\n\t\n\n\t<div id=\"col-355734915\" class=\"col medium-9 small-8 large-9\"  >\n\t\t\t\t<div class=\"col-inner\"  >\n\t\t\t\n\t\t\t\n\n\t<div id=\"text-2574534494\" class=\"text\">\n\t\t\n\n<h5>Izvrsnost saradnje<\/h5>\r\nPuna podr\u0161ka u razvoju projekta, od koncepta do realizacije.\n\t\t\n<style>\n#text-2574534494 {\n  color: rgba(0, 0, 0, 0.727);\n}\n#text-2574534494 > * {\n  color: rgba(0, 0, 0, 0.727);\n}\n<\/style>\n\t<\/div>\n\t\n\n\t\t<\/div>\n\t\t\t\t\t<\/div>\n\n\t\n\n<\/div>\n\n\t\t<\/div>\n\t\t\t\t\t<\/div>\n\n\t\n\n\t<div id=\"col-717879446\" class=\"col medium-6 small-12 large-6\"  >\n\t\t\t\t<div class=\"col-inner\"  >\n\t\t\t\n\t\t\t\n\n<div class=\"row\"  id=\"row-402520995\">\n\n\n\t<div id=\"col-129449687\" class=\"col medium-3 small-4 large-3\"  >\n\t\t\t\t<div class=\"col-inner text-center\"  >\n\t\t\t\n\t\t\t\n\n\t<div class=\"img has-hover x md-x lg-x y md-y lg-y\" id=\"image_1375429645\">\n\t\t\t\t\t\t\t\t<div class=\"img-inner dark\" >\n\t\t\t<img loading=\"lazy\" decoding=\"async\" width=\"512\" height=\"512\" src=\"https:\/\/ziggioriginal.com\/wp-content\/uploads\/2023\/09\/communities.png\" class=\"attachment-medium_large size-medium_large\" alt=\"\" srcset=\"https:\/\/ziggioriginal.com\/wp-content\/uploads\/2023\/09\/communities.png 512w, https:\/\/ziggioriginal.com\/wp-content\/uploads\/2023\/09\/communities-300x300.png 300w, https:\/\/ziggioriginal.com\/wp-content\/uploads\/2023\/09\/communities-100x100.png 100w, https:\/\/ziggioriginal.com\/wp-content\/uploads\/2023\/09\/communities-150x150.png 150w\" sizes=\"auto, (max-width: 512px) 100vw, 512px\" \/>\t\t\t\t\t\t\n\t\t\t\t\t<\/div>\n\t\t\t\t\t\t\t\t\n<style>\n#image_1375429645 {\n  width: 100%;\n}\n@media (min-width:550px) {\n  #image_1375429645 {\n    width: 100%;\n  }\n}\n@media (min-width:850px) {\n  #image_1375429645 {\n    width: 100%;\n  }\n}\n<\/style>\n\t<\/div>\n\t\n\n\n\t\t<\/div>\n\t\t\t\t\t<\/div>\n\n\t\n\n\t<div id=\"col-1752854619\" class=\"col medium-9 small-8 large-9\"  >\n\t\t\t\t<div class=\"col-inner\"  >\n\t\t\t\n\t\t\t\n\n\t<div id=\"text-3711543375\" class=\"text\">\n\t\t\n\n<h5>Autenti\u010dna izlo\u017eenost<\/h5>\r\nIskoristite na\u0161e \u0161iroke mogu\u0107nosti zajednice i marketin\u0161ke kanale.\n\t\t\n<style>\n#text-3711543375 {\n  color: rgba(0, 0, 0, 0.738);\n}\n#text-3711543375 > * {\n  color: rgba(0, 0, 0, 0.738);\n}\n<\/style>\n\t<\/div>\n\t\n\n\t\t<\/div>\n\t\t\t\t\t<\/div>\n\n\t\n\n<\/div>\n<div class=\"row\"  id=\"row-1329268360\">\n\n\n\t<div id=\"col-1059786920\" class=\"col medium-3 small-4 large-3\"  >\n\t\t\t\t<div class=\"col-inner text-center\"  >\n\t\t\t\n\t\t\t\n\n\t<div class=\"img has-hover x md-x lg-x y md-y lg-y\" id=\"image_1401960355\">\n\t\t\t\t\t\t\t\t<div class=\"img-inner dark\" >\n\t\t\t<img loading=\"lazy\" decoding=\"async\" width=\"512\" height=\"512\" src=\"https:\/\/ziggioriginal.com\/wp-content\/uploads\/2023\/09\/user.png\" class=\"attachment-medium_large size-medium_large\" alt=\"\" srcset=\"https:\/\/ziggioriginal.com\/wp-content\/uploads\/2023\/09\/user.png 512w, https:\/\/ziggioriginal.com\/wp-content\/uploads\/2023\/09\/user-300x300.png 300w, https:\/\/ziggioriginal.com\/wp-content\/uploads\/2023\/09\/user-100x100.png 100w, https:\/\/ziggioriginal.com\/wp-content\/uploads\/2023\/09\/user-150x150.png 150w\" sizes=\"auto, (max-width: 512px) 100vw, 512px\" \/>\t\t\t\t\t\t\n\t\t\t\t\t<\/div>\n\t\t\t\t\t\t\t\t\n<style>\n#image_1401960355 {\n  width: 100%;\n}\n@media (min-width:550px) {\n  #image_1401960355 {\n    width: 100%;\n  }\n}\n@media (min-width:850px) {\n  #image_1401960355 {\n    width: 100%;\n  }\n}\n<\/style>\n\t<\/div>\n\t\n\n\n\t\t<\/div>\n\t\t\t\t\t<\/div>\n\n\t\n\n\t<div id=\"col-895386197\" class=\"col medium-9 small-8 large-9\"  >\n\t\t\t\t<div class=\"col-inner\"  >\n\t\t\t\n\t\t\t\n\n\t<div id=\"text-3940973694\" class=\"text\">\n\t\t\n\n<h5>Kulturolo\u0161ki uticaj<\/h5>\r\nBudite deo projekata koji odjekuju u zajednicama.\n\t\t\n<style>\n#text-3940973694 {\n  color: rgba(0, 0, 0, 0.738);\n}\n#text-3940973694 > * {\n  color: rgba(0, 0, 0, 0.738);\n}\n<\/style>\n\t<\/div>\n\t\n\n\t\t<\/div>\n\t\t\t\t\t<\/div>\n\n\t\n\n<\/div>\n<div class=\"row\"  id=\"row-1797655861\">\n\n\n\t<div id=\"col-1047410712\" class=\"col medium-3 small-4 large-3\"  >\n\t\t\t\t<div class=\"col-inner text-center\"  >\n\t\t\t\n\t\t\t\n\n\t<div class=\"img has-hover x md-x lg-x y md-y lg-y\" id=\"image_1946777806\">\n\t\t\t\t\t\t\t\t<div class=\"img-inner dark\" >\n\t\t\t<img loading=\"lazy\" decoding=\"async\" width=\"512\" height=\"512\" src=\"https:\/\/ziggioriginal.com\/wp-content\/uploads\/2023\/08\/save-the-world-1.png\" class=\"attachment-medium_large size-medium_large\" alt=\"\" srcset=\"https:\/\/ziggioriginal.com\/wp-content\/uploads\/2023\/08\/save-the-world-1.png 512w, https:\/\/ziggioriginal.com\/wp-content\/uploads\/2023\/08\/save-the-world-1-300x300.png 300w, https:\/\/ziggioriginal.com\/wp-content\/uploads\/2023\/08\/save-the-world-1-100x100.png 100w, https:\/\/ziggioriginal.com\/wp-content\/uploads\/2023\/08\/save-the-world-1-150x150.png 150w\" sizes=\"auto, (max-width: 512px) 100vw, 512px\" \/>\t\t\t\t\t\t\n\t\t\t\t\t<\/div>\n\t\t\t\t\t\t\t\t\n<style>\n#image_1946777806 {\n  width: 100%;\n}\n@media (min-width:550px) {\n  #image_1946777806 {\n    width: 100%;\n  }\n}\n@media (min-width:850px) {\n  #image_1946777806 {\n    width: 100%;\n  }\n}\n<\/style>\n\t<\/div>\n\t\n\n\n\t\t<\/div>\n\t\t\t\t\t<\/div>\n\n\t\n\n\t<div id=\"col-1508782498\" class=\"col medium-9 small-8 large-9\"  >\n\t\t\t\t<div class=\"col-inner\"  >\n\t\t\t\n\t\t\t\n\n\t<div id=\"text-1911542319\" class=\"text\">\n\t\t\n\n<h5>Odr\u017eive prakse<\/h5>\r\nUskladite se sa brendom koji stavlja prioritet na ekolo\u0161ki svesne i odr\u017eive operacije.\n\t\t\n<style>\n#text-1911542319 {\n  color: rgba(0, 0, 0, 0.738);\n}\n#text-1911542319 > * {\n  color: rgba(0, 0, 0, 0.738);\n}\n<\/style>\n\t<\/div>\n\t\n\n\t\t<\/div>\n\t\t\t\t\t<\/div>\n\n\t\n\n<\/div>\n\n\t\t<\/div>\n\t\t\t\t\t<\/div>\n\n\t\n\n<\/div>\n\n\t<section class=\"section dark\" id=\"section_1869778821\">\n\t\t<div class=\"section-bg fill\" >\n\t\t\t\t\t\t\t\t\t\n\t\t\t\n\n\t\t<\/div>\n\n\t\t\n\n\t\t<div class=\"section-content relative\">\n\t\t\t\n\n<div class=\"row\"  id=\"row-1026246353\">\n\n\n\t<div id=\"col-1584645901\" class=\"col small-12 large-12\"  >\n\t\t\t\t<div class=\"col-inner text-center\"  >\n\t\t\t\n\t\t\t\n\n\t<div id=\"text-3085888417\" class=\"text\">\n\t\t\n\n<h2>Spremni da stvorite ne\u0161to izvanredno?<\/h2>\n\t\t\n<style>\n#text-3085888417 {\n  color: rgb(255, 255, 255);\n}\n#text-3085888417 > * {\n  color: rgb(255, 255, 255);\n}\n<\/style>\n\t<\/div>\n\t\n<a href=\"#kontakt\" class=\"button primary\"  style=\"border-radius:10px;\">\n\t\t<span>Pridru\u017ei se Tribu<\/span>\n\t<\/a>\n\n\n\n\t\t<\/div>\n\t\t\t\t\n<style>\n#col-1584645901 > .col-inner {\n  padding: 40px 0px 0px 0px;\n}\n<\/style>\n\t<\/div>\n\n\t\n\n<\/div>\n\n\t\t<\/div>\n\n\t\t\n<style>\n#section_1869778821 {\n  padding-top: 30px;\n  padding-bottom: 30px;\n  background-color: #b2b1a7;\n}\n<\/style>\n\t<\/section>\n\t\n<div class=\"row\"  id=\"row-281682415\">\n\n\n\t<div id=\"col-105641761\" class=\"col small-12 large-12\"  >\n\t\t\t\t<div class=\"col-inner\"  >\n\t\t\t\n\t\t\t\n\n<div class=\"row\"  id=\"row-1355703759\">\n\n\n\t<div id=\"col-1234285416\" class=\"col medium-4 small-12 large-4\"  >\n\t\t\t\t<div class=\"col-inner\"  >\n\t\t\t\n\t\t\t\n\n<div class=\"slider-wrapper relative\" id=\"slider-1615934208\" >\n    <div class=\"slider slider-nav-circle slider-nav-large slider-nav-light slider-style-normal\"\n        data-flickity-options='{\n            \"cellAlign\": \"center\",\n            \"imagesLoaded\": true,\n            \"lazyLoad\": 1,\n            \"freeScroll\": false,\n            \"wrapAround\": true,\n            \"autoPlay\": 6000,\n            \"pauseAutoPlayOnHover\" : true,\n            \"prevNextButtons\": true,\n            \"contain\" : true,\n            \"adaptiveHeight\" : true,\n            \"dragThreshold\" : 10,\n            \"percentPosition\": true,\n            \"pageDots\": true,\n            \"rightToLeft\": false,\n            \"draggable\": true,\n            \"selectedAttraction\": 0.1,\n            \"parallax\" : 0,\n            \"friction\": 0.6        }'\n        >\n        \n\n\t<div class=\"img has-hover x md-x lg-x y md-y lg-y\" id=\"image_1738625231\">\n\t\t\t\t\t\t\t\t<div class=\"img-inner image-cover dark\" style=\"padding-top:100%;\">\n\t\t\t<img loading=\"lazy\" decoding=\"async\" width=\"640\" height=\"458\" src=\"https:\/\/ziggioriginal.com\/wp-content\/uploads\/2023\/08\/12825831_1571220816528742_2140812724_n.jpg\" class=\"attachment-large size-large\" alt=\"\" srcset=\"https:\/\/ziggioriginal.com\/wp-content\/uploads\/2023\/08\/12825831_1571220816528742_2140812724_n.jpg 640w, https:\/\/ziggioriginal.com\/wp-content\/uploads\/2023\/08\/12825831_1571220816528742_2140812724_n-600x429.jpg 600w, https:\/\/ziggioriginal.com\/wp-content\/uploads\/2023\/08\/12825831_1571220816528742_2140812724_n-300x215.jpg 300w\" sizes=\"auto, (max-width: 640px) 100vw, 640px\" \/>\t\t\t\t\t\t\n\t\t\t\t\t<\/div>\n\t\t\t\t\t\t\t\t\n<style>\n#image_1738625231 {\n  width: 100%;\n}\n<\/style>\n\t<\/div>\n\t\n\n\n     <\/div>\n\n     <div class=\"loading-spin dark large centered\"><\/div>\n\n\t<\/div>\n\n\n\n\t\t<\/div>\n\t\t\t\t\t<\/div>\n\n\t\n\n\t<div id=\"col-788727032\" class=\"col medium-8 small-12 large-8\"  >\n\t\t\t\t<div class=\"col-inner\"  >\n\t\t\t\n\t\t\t\n\n<h2>ZIGGI platno: Gde se kreativnost susre\u0107e sa nasle\u0111em<\/h2>\r\nZamislite: uli\u010dni umetnik koji spreja boje na gradskom zidu, muzi\u010dar koji svira akorde revolucionarne pesme i influencer koji u jednom klikom hvata su\u0161tinu urbanog \u017eivota. Razli\u010diti potezi, isto platno &#8211; ZIGGI platno. Platno koje nije samo proizvod ve\u0107 kulturna platforma, pokret koji slavi autenti\u010dnost i inovacije od po\u010detka &#8217;90-ih.\r\n\r\nU srcu ovog pokreta je Ziggi Man, legenda koja je u\u0161la u zajednicu za rolanje inovativnim filtrima i papirom. Ali ne radi se samo o papiri\u0107ima za rolanje; radi se o na\u010dinima \u017eivota i iskustvima. Radi se o spajanju svetova reggaea, Raste i urbanih kultura na na\u010din koji je bio jednako autenti\u010dan koliko i revolucionaran.\n\n\t\t<\/div>\n\t\t\t\t\t<\/div>\n\n\t\n\n<\/div>\n<h3>Kreativci, dobro do\u0161li ku\u0107i<\/h3>\r\nDa li ste uli\u010dni umetnik, muzi\u010dar ili influencer na dru\u0161tvenim mre\u017eama? Imate li dar za inovacije, glad za autenti\u010dno\u0161\u0107u? Dobro do\u0161li u ZIGGI, gde va\u0161a kreativnost mo\u017ee prona\u0107i svoj pravi dom. Na\u0161a misija je da se pove\u017eemo sa istomi\u0161ljenim kreativcima za zajedni\u010dki brending i specijalna izdanja.\r\n<h3>Za\u0161to bi trebalo da se udru\u017eite sa Ziggijem?<\/h3>\r\n<ul>\r\n \t<li>Autenti\u010dna platforma: ZIGGI nije samo brend; to je platno za va\u0161u umetnost, pozornica za va\u0161 glas.<\/li>\r\n \t<li>Kvalitet na prvom mestu: va\u0161 rad \u0107e biti prikazan na platformi koja oli\u010dava kvalitet, od na\u0161ih nagra\u0111ivanih filtera do ekolo\u0161ki prihvatljivih praksi.<\/li>\r\n \t<li>Zajedni\u010dki razvoj: va\u0161 uspeh je na\u0161 uspeh. Sa na\u0161om \u0161irokom mre\u017eom i lojalnom zajednicom, va\u0161a umetnost \u0107e prona\u0107i potpuno novu publiku.<\/li>\r\n<\/ul>\n\n\t\t<\/div>\n\t\t\t\t\t<\/div>\n\n\t\n\n<\/div>\n<div class=\"row\"  id=\"row-1408075204\">\n\n\n\t<div id=\"col-715557638\" class=\"col medium-6 small-12 large-6\"  >\n\t\t\t\t<div class=\"col-inner\"  >\n\t\t\t\n\t\t\t\n\n<h3>ZIGGI poziv kreativcima<\/h3>\r\nSvi smo za razbijanje barijera, izazivanje normi i uzburkavanje ustaljenih tokova. Ako vam to zvu\u010di kao va\u0161a vrsta vibra, hajde da zapo\u010dnemo ovu saradnju. Ovo nije samo jo\u0161 jedno partnerstvo; to je prilika da postanete deo brenda koji odjekuje sa kulturom koju predstavljate.\r\n\r\nDakle, uzmite svoje boje, uskladite gitare i pripremite kamere. Napravimo istoriju, stvorimo nasle\u0111e, budimo pri\u010da o kojoj svet pri\u010da.\r\n\r\nSpremni da se pridru\u017eite ZIGGI pokretu? Krenimo zajedno.\n\n\t\t<\/div>\n\t\t\t\t\t<\/div>\n\n\t\n\n\t<div id=\"col-523261512\" class=\"col medium-6 small-12 large-6\"  >\n\t\t\t\t<div class=\"col-inner\"  >\n\t\t\t\n\t\t\t\n\n<span class=\"scroll-to\" data-label=\"Scroll to: #kontakt\" data-bullet=\"false\" data-link=\"#kontakt\" data-title=\"Kontakt\" ><a name=\"kontakt\"><\/a><\/span>\r\n<h2>Osje\u0107ate vibru? Osje\u0107ate povezanost? Onda ne \u010dekajte i kontaktirajte nas odmah.<\/h2>\r\n\n<div class=\"wpcf7 no-js\" id=\"wpcf7-f2931-o1\" lang=\"sr-RS\" dir=\"ltr\" data-wpcf7-id=\"2931\">\n<div class=\"screen-reader-response\"><p role=\"status\" aria-live=\"polite\" aria-atomic=\"true\"><\/p> <ul><\/ul><\/div>\n<form action=\"\/sr\/wp-json\/wp\/v2\/pages\/2838#wpcf7-f2931-o1\" method=\"post\" class=\"wpcf7-form init\" aria-label=\"Contact form\" novalidate=\"novalidate\" data-status=\"init\">\n<fieldset class=\"hidden-fields-container\"><input type=\"hidden\" name=\"_wpcf7\" value=\"2931\" \/><input type=\"hidden\" name=\"_wpcf7_version\" value=\"6.1.5\" \/><input type=\"hidden\" name=\"_wpcf7_locale\" value=\"sr_RS\" \/><input type=\"hidden\" name=\"_wpcf7_unit_tag\" value=\"wpcf7-f2931-o1\" \/><input type=\"hidden\" name=\"_wpcf7_container_post\" value=\"0\" \/><input type=\"hidden\" name=\"_wpcf7_posted_data_hash\" value=\"\" \/><input type=\"hidden\" name=\"_wpcf7_recaptcha_response\" value=\"\" \/>\n<\/fieldset>\n<p><label> Va\u0161e ime<br \/>\n<span class=\"wpcf7-form-control-wrap\" data-name=\"your-name\"><input size=\"40\" maxlength=\"400\" class=\"wpcf7-form-control wpcf7-text wpcf7-validates-as-required\" autocomplete=\"name\" aria-required=\"true\" aria-invalid=\"false\" value=\"\" type=\"text\" name=\"your-name\" \/><\/span> <\/label>\n<\/p>\n<p><label> Va\u0161a e-mail<br \/>\n<span class=\"wpcf7-form-control-wrap\" data-name=\"your-email\"><input size=\"40\" maxlength=\"400\" class=\"wpcf7-form-control wpcf7-email wpcf7-validates-as-required wpcf7-text wpcf7-validates-as-email\" autocomplete=\"email\" aria-required=\"true\" aria-invalid=\"false\" value=\"\" type=\"email\" name=\"your-email\" \/><\/span> <\/label>\n<\/p>\n<p><label> Va\u0161 broj telefona (neobavezno)<br \/>\n<span class=\"wpcf7-form-control-wrap\" data-name=\"your-phone-number\"><input size=\"40\" maxlength=\"400\" class=\"wpcf7-form-control wpcf7-tel wpcf7-text wpcf7-validates-as-tel\" aria-invalid=\"false\" value=\"\" type=\"tel\" name=\"your-phone-number\" \/><\/span> <\/label>\n<\/p>\n<p><label> Predmet<br \/>\n<span class=\"wpcf7-form-control-wrap\" data-name=\"your-subject\"><input size=\"40\" maxlength=\"400\" class=\"wpcf7-form-control wpcf7-text wpcf7-validates-as-required\" aria-required=\"true\" aria-invalid=\"false\" value=\"\" type=\"text\" name=\"your-subject\" \/><\/span> <\/label>\n<\/p>\n<p><label> Va\u0161a poruka (neobavezno)<br \/>\n<span class=\"wpcf7-form-control-wrap\" data-name=\"your-message\"><textarea cols=\"40\" rows=\"10\" maxlength=\"2000\" class=\"wpcf7-form-control wpcf7-textarea\" aria-invalid=\"false\" name=\"your-message\"><\/textarea><\/span><br \/>\n<\/label>\n<\/p>\n<p style=\"font-size: 0.8em; font-weight: normal;\">This site is protected by reCAPTCHA and the Google<br \/>\n<a href=\"https:\/\/policies.google.com\/privacy\">Privacy Policy<\/a> and<br \/>\n<a href=\"https:\/\/policies.google.com\/terms\">Terms of Service<\/a> apply.\n<\/p>\n<p><input class=\"wpcf7-form-control wpcf7-submit has-spinner\" type=\"submit\" value=\"Po\u0161alji\" \/>\n<\/p><div class=\"wpcf7-response-output\" aria-hidden=\"true\"><\/div>\n<\/form>\n<\/div>\n\n\n\n\t\t<\/div>\n\t\t\t\t\t<\/div>\n\n\t\n\n<\/div>\n\n","protected":false},"excerpt":{"rendered":"","protected":false},"author":1,"featured_media":0,"parent":0,"menu_order":0,"comment_status":"closed","ping_status":"closed","template":"page-blank.php","meta":{"footnotes":""},"class_list":["post-2838","page","type-page","status-publish","hentry"],"_links":{"self":[{"href":"https:\/\/ziggioriginal.com\/sr\/wp-json\/wp\/v2\/pages\/2838","targetHints":{"allow":["GET"]}}],"collection":[{"href":"https:\/\/ziggioriginal.com\/sr\/wp-json\/wp\/v2\/pages"}],"about":[{"href":"https:\/\/ziggioriginal.com\/sr\/wp-json\/wp\/v2\/types\/page"}],"author":[{"embeddable":true,"href":"https:\/\/ziggioriginal.com\/sr\/wp-json\/wp\/v2\/users\/1"}],"replies":[{"embeddable":true,"href":"https:\/\/ziggioriginal.com\/sr\/wp-json\/wp\/v2\/comments?post=2838"}],"version-history":[{"count":10,"href":"https:\/\/ziggioriginal.com\/sr\/wp-json\/wp\/v2\/pages\/2838\/revisions"}],"predecessor-version":[{"id":4702,"href":"https:\/\/ziggioriginal.com\/sr\/wp-json\/wp\/v2\/pages\/2838\/revisions\/4702"}],"wp:attachment":[{"href":"https:\/\/ziggioriginal.com\/sr\/wp-json\/wp\/v2\/media?parent=2838"}],"curies":[{"name":"wp","href":"https:\/\/api.w.org\/{rel}","templated":true}]}}