{"id":2829,"date":"2023-08-28T16:26:46","date_gmt":"2023-08-28T16:26:46","guid":{"rendered":"https:\/\/ziggioriginal.com\/%d0%b4%d0%b8%d1%81%d1%82%d1%80%d0%b8%d0%b1%d1%83%d1%82%d0%b5%d1%80%d0%b8\/"},"modified":"2024-12-31T07:45:42","modified_gmt":"2024-12-31T07:45:42","slug":"distributeri","status":"publish","type":"page","link":"https:\/\/ziggioriginal.com\/sr\/distributeri\/","title":{"rendered":"Distributeri"},"content":{"rendered":"\n\n  <div class=\"banner has-hover\" id=\"banner-1121130522\">\n          <div class=\"banner-inner fill\">\n        <div class=\"banner-bg fill\" >\n            <img loading=\"lazy\" decoding=\"async\" width=\"1363\" height=\"2048\" src=\"https:\/\/ziggioriginal.com\/wp-content\/uploads\/2023\/08\/ziggi-warehouse_1-1363x2048.jpg\" class=\"bg attachment-2048x2048 size-2048x2048\" alt=\"\" \/>                        <div class=\"overlay\"><\/div>            \n                    <\/div>\n\t\t\n        <div class=\"banner-layers container\">\n            <div class=\"fill banner-link\"><\/div>            \n\n   <div id=\"text-box-604560886\" class=\"text-box banner-layer x90 md-x90 lg-x90 y50 md-y50 lg-y50 res-text\">\n                                <div class=\"text-box-content text dark\">\n              \n              <div class=\"text-inner text-right\">\n                  \n\n\t<div id=\"text-790267637\" class=\"text\">\n\t\t\n\n<h1>Distributeri, dobro do\u0161li<\/h1>\n\n\t\t\n<style>\n#text-790267637 {\n  text-align: right;\n}\n@media (min-width:550px) {\n  #text-790267637 {\n    text-align: right;\n  }\n}\n<\/style>\n\t<\/div>\n\t\n<a href=\"#kontakt\" class=\"button primary\"  style=\"border-radius:10px;\">\n\t\t<span>Kontaktirajte nas<\/span>\n\t<\/a>\n\n\n\n              <\/div>\n           <\/div>\n                            \n<style>\n#text-box-604560886 {\n  width: 69%;\n}\n#text-box-604560886 .text-box-content {\n  font-size: 100%;\n}\n@media (min-width:550px) {\n  #text-box-604560886 {\n    width: 40%;\n  }\n}\n<\/style>\n    <\/div>\n \n\n        <\/div>\n      <\/div>\n\n            \n<style>\n#banner-1121130522 {\n  padding-top: 500px;\n}\n#banner-1121130522 .overlay {\n  background-color: rgba(0, 0, 0, 0.5);\n}\n#banner-1121130522 .banner-bg img {\n  object-position: 2% 43%;\n}\n<\/style>\n  <\/div>\n\n\n<div class=\"row\"  id=\"row-909419178\">\n\n\n\t<div id=\"col-145238119\" class=\"col small-12 large-12\"  >\n\t\t\t\t<div class=\"col-inner\"  >\n\t\t\t\n\t\t\t\n\n\t<div id=\"text-3810605533\" class=\"text\">\n\t\t\n\n<h2>Za\u0161to partnerstvo sa ZIGGI: Transformi\u0161emo maloprodaju, Jedan roler po putu<\/h2>\n\t\t\n<style>\n#text-3810605533 {\n  text-align: center;\n}\n<\/style>\n\t<\/div>\n\t\n\n\t\t<\/div>\n\t\t\t\t\t<\/div>\n\n\t\n\n<\/div>\n<div class=\"row\"  id=\"row-1107637093\">\n\n\n\t<div id=\"col-1086435578\" class=\"col medium-6 small-12 large-6\"  >\n\t\t\t\t<div class=\"col-inner\"  >\n\t\t\t\n\t\t\t\n\n<div class=\"row\"  id=\"row-1743739793\">\n\n\n\t<div id=\"col-127602187\" class=\"col medium-3 small-4 large-3\"  >\n\t\t\t\t<div class=\"col-inner\"  >\n\t\t\t\n\t\t\t\n\n\t<div class=\"img has-hover x md-x lg-x y md-y lg-y\" id=\"image_385715789\">\n\t\t\t\t\t\t\t\t<div class=\"img-inner dark\" >\n\t\t\t<img loading=\"lazy\" decoding=\"async\" width=\"256\" height=\"256\" src=\"https:\/\/ziggioriginal.com\/wp-content\/uploads\/2024\/06\/legacy.png\" class=\"attachment-large size-large\" alt=\"\" srcset=\"https:\/\/ziggioriginal.com\/wp-content\/uploads\/2024\/06\/legacy.png 256w, https:\/\/ziggioriginal.com\/wp-content\/uploads\/2024\/06\/legacy-100x100.png 100w, https:\/\/ziggioriginal.com\/wp-content\/uploads\/2024\/06\/legacy-150x150.png 150w\" sizes=\"auto, (max-width: 256px) 100vw, 256px\" \/>\t\t\t\t\t\t\n\t\t\t\t\t<\/div>\n\t\t\t\t\t\t\t\t\n<style>\n#image_385715789 {\n  width: 100%;\n}\n@media (min-width:550px) {\n  #image_385715789 {\n    width: 100%;\n  }\n}\n<\/style>\n\t<\/div>\n\t\n\n\n\t\t<\/div>\n\t\t\t\t\n<style>\n#col-127602187 > .col-inner {\n  padding: 0px 0px 0px 0px;\n  margin: 0px 0px 0px 0px;\n}\n<\/style>\n\t<\/div>\n\n\t\n\n\t<div id=\"col-769895713\" class=\"col medium-9 small-8 large-9\"  >\n\t\t\t\t<div class=\"col-inner\"  >\n\t\t\t\n\t\t\t\n\n<h5 style=\"text-align: left\">Brend sa tradicijom<\/h5>\n<p style=\"text-align: left\">Pioniri od 1991. sa posve\u0107eno\u0161\u0107u inovacijama.<\/p>\n\n\t\t<\/div>\n\t\t\t\t\n<style>\n#col-769895713 > .col-inner {\n  padding: 0px 0px 0px 0px;\n  margin: 0px 0px 0px 0px;\n}\n<\/style>\n\t<\/div>\n\n\t\n\n<\/div>\n<div class=\"row\"  id=\"row-1011135118\">\n\n\n\t<div id=\"col-1406010610\" class=\"col medium-3 small-4 large-3\"  >\n\t\t\t\t<div class=\"col-inner\"  >\n\t\t\t\n\t\t\t\n\n\t<div class=\"img has-hover x md-x lg-x y md-y lg-y\" id=\"image_1388735785\">\n\t\t\t\t\t\t\t\t<div class=\"img-inner dark\" >\n\t\t\t<img loading=\"lazy\" decoding=\"async\" width=\"256\" height=\"256\" src=\"https:\/\/ziggioriginal.com\/wp-content\/uploads\/2024\/06\/map-with-a-pin-small-symbol-inside-a-circle.png\" class=\"attachment-large size-large\" alt=\"\" srcset=\"https:\/\/ziggioriginal.com\/wp-content\/uploads\/2024\/06\/map-with-a-pin-small-symbol-inside-a-circle.png 256w, https:\/\/ziggioriginal.com\/wp-content\/uploads\/2024\/06\/map-with-a-pin-small-symbol-inside-a-circle-100x100.png 100w, https:\/\/ziggioriginal.com\/wp-content\/uploads\/2024\/06\/map-with-a-pin-small-symbol-inside-a-circle-150x150.png 150w\" sizes=\"auto, (max-width: 256px) 100vw, 256px\" \/>\t\t\t\t\t\t\n\t\t\t\t\t<\/div>\n\t\t\t\t\t\t\t\t\n<style>\n#image_1388735785 {\n  width: 100%;\n}\n<\/style>\n\t<\/div>\n\t\n\n\n\t\t<\/div>\n\t\t\t\t\n<style>\n#col-1406010610 > .col-inner {\n  padding: 0px 0px 0px 0px;\n  margin: 0px 0px 0px 0px;\n}\n<\/style>\n\t<\/div>\n\n\t\n\n\t<div id=\"col-378102509\" class=\"col medium-9 small-8 large-9\"  >\n\t\t\t\t<div class=\"col-inner\"  >\n\t\t\t\n\t\t\t\n\n<h5>Lokalizovani marketing<\/h5>\n<p>Prilago\u0111ene marketin\u0161ke strategije krojene za va\u0161u lokalnu publiku.<\/p>\n\n\t\t<\/div>\n\t\t\t\t\n<style>\n#col-378102509 > .col-inner {\n  padding: 0px 0px 0px 0px;\n  margin: 0px 0px 0px 0px;\n}\n<\/style>\n\t<\/div>\n\n\t\n\n<\/div>\n<div class=\"row\"  id=\"row-401648451\">\n\n\n\t<div id=\"col-203029464\" class=\"col medium-3 small-4 large-3\"  >\n\t\t\t\t<div class=\"col-inner\"  >\n\t\t\t\n\t\t\t\n\n\t<div class=\"img has-hover x md-x lg-x y md-y lg-y\" id=\"image_1488908104\">\n\t\t\t\t\t\t\t\t<div class=\"img-inner dark\" >\n\t\t\t<img loading=\"lazy\" decoding=\"async\" width=\"256\" height=\"256\" src=\"https:\/\/ziggioriginal.com\/wp-content\/uploads\/2024\/06\/deal.png\" class=\"attachment-large size-large\" alt=\"\" srcset=\"https:\/\/ziggioriginal.com\/wp-content\/uploads\/2024\/06\/deal.png 256w, https:\/\/ziggioriginal.com\/wp-content\/uploads\/2024\/06\/deal-100x100.png 100w, https:\/\/ziggioriginal.com\/wp-content\/uploads\/2024\/06\/deal-150x150.png 150w\" sizes=\"auto, (max-width: 256px) 100vw, 256px\" \/>\t\t\t\t\t\t\n\t\t\t\t\t<\/div>\n\t\t\t\t\t\t\t\t\n<style>\n#image_1488908104 {\n  width: 100%;\n}\n<\/style>\n\t<\/div>\n\t\n\n\n\t\t<\/div>\n\t\t\t\t\n<style>\n#col-203029464 > .col-inner {\n  padding: 0px 0px 0px 0px;\n  margin: 0px 0px 0px 0px;\n}\n<\/style>\n\t<\/div>\n\n\t\n\n\t<div id=\"col-1269475272\" class=\"col medium-9 small-8 large-9\"  >\n\t\t\t\t<div class=\"col-inner\"  >\n\t\t\t\n\t\t\t\n\n<h5>Izvrsnost u partnerstvu<\/h5>\n<p>Obuka prodavaca, stalna podr\u0161ka u razvoju poslovanja i logisti\u010dke usluge.<\/p>\n\n\t\t<\/div>\n\t\t\t\t\n<style>\n#col-1269475272 > .col-inner {\n  padding: 0px 0px 0px 0px;\n  margin: 0px 0px 0px 0px;\n}\n<\/style>\n\t<\/div>\n\n\t\n\n<\/div>\n<div class=\"row\"  id=\"row-202032606\">\n\n\n\t<div id=\"col-585302928\" class=\"col medium-3 small-4 large-3\"  >\n\t\t\t\t<div class=\"col-inner\"  >\n\t\t\t\n\t\t\t\n\n\t<div class=\"img has-hover x md-x lg-x y md-y lg-y\" id=\"image_1033797398\">\n\t\t\t\t\t\t\t\t<div class=\"img-inner dark\" >\n\t\t\t<img loading=\"lazy\" decoding=\"async\" width=\"256\" height=\"256\" src=\"https:\/\/ziggioriginal.com\/wp-content\/uploads\/2024\/06\/engineering.png\" class=\"attachment-large size-large\" alt=\"\" srcset=\"https:\/\/ziggioriginal.com\/wp-content\/uploads\/2024\/06\/engineering.png 256w, https:\/\/ziggioriginal.com\/wp-content\/uploads\/2024\/06\/engineering-100x100.png 100w, https:\/\/ziggioriginal.com\/wp-content\/uploads\/2024\/06\/engineering-150x150.png 150w\" sizes=\"auto, (max-width: 256px) 100vw, 256px\" \/>\t\t\t\t\t\t\n\t\t\t\t\t<\/div>\n\t\t\t\t\t\t\t\t\n<style>\n#image_1033797398 {\n  width: 100%;\n}\n<\/style>\n\t<\/div>\n\t\n\n\n\t\t<\/div>\n\t\t\t\t\n<style>\n#col-585302928 > .col-inner {\n  padding: 0px 0px 0px 0px;\n  margin: 0px 0px 0px 0px;\n}\n<\/style>\n\t<\/div>\n\n\t\n\n\t<div id=\"col-1195871983\" class=\"col medium-9 small-8 large-9\"  >\n\t\t\t\t<div class=\"col-inner\"  >\n\t\t\t\n\t\t\t\n\n<h5>Pove\u0107ane sposobnosti<\/h5>\n<p>Najsavremenija automatizovana proizvodnja za brzu i efikasnu isporuku.<\/p>\n\n\t\t<\/div>\n\t\t\t\t\n<style>\n#col-1195871983 > .col-inner {\n  padding: 0px 0px 0px 0px;\n  margin: 0px 0px 0px 0px;\n}\n<\/style>\n\t<\/div>\n\n\t\n\n<\/div>\n\n\t\t<\/div>\n\t\t\t\t\t<\/div>\n\n\t\n\n\t<div id=\"col-787067464\" class=\"col medium-6 small-12 large-6\"  >\n\t\t\t\t<div class=\"col-inner\"  >\n\t\t\t\n\t\t\t\n\n<div class=\"row\"  id=\"row-1375376658\">\n\n\n\t<div id=\"col-970566174\" class=\"col medium-3 small-4 large-3\"  >\n\t\t\t\t<div class=\"col-inner\"  >\n\t\t\t\n\t\t\t\n\n\t<div class=\"img has-hover x md-x lg-x y md-y lg-y\" id=\"image_2069576964\">\n\t\t\t\t\t\t\t\t<div class=\"img-inner dark\" >\n\t\t\t<img loading=\"lazy\" decoding=\"async\" width=\"256\" height=\"256\" src=\"https:\/\/ziggioriginal.com\/wp-content\/uploads\/2024\/06\/excellent.png\" class=\"attachment-large size-large\" alt=\"\" srcset=\"https:\/\/ziggioriginal.com\/wp-content\/uploads\/2024\/06\/excellent.png 256w, https:\/\/ziggioriginal.com\/wp-content\/uploads\/2024\/06\/excellent-100x100.png 100w, https:\/\/ziggioriginal.com\/wp-content\/uploads\/2024\/06\/excellent-150x150.png 150w\" sizes=\"auto, (max-width: 256px) 100vw, 256px\" \/>\t\t\t\t\t\t\n\t\t\t\t\t<\/div>\n\t\t\t\t\t\t\t\t\n<style>\n#image_2069576964 {\n  width: 100%;\n}\n<\/style>\n\t<\/div>\n\t\n\n\n\t\t<\/div>\n\t\t\t\t\n<style>\n#col-970566174 > .col-inner {\n  padding: 0px 0px 0px 0px;\n  margin: 0px 0px 0px 0px;\n}\n<\/style>\n\t<\/div>\n\n\t\n\n\t<div id=\"col-11134450\" class=\"col medium-9 small-8 large-9\"  >\n\t\t\t\t<div class=\"col-inner\"  >\n\t\t\t\n\t\t\t\n\n<h5>Pouzdana izvrsnost<\/h5>\n<p>Dosledno snabdevanje uz strogu kontrolu kvaliteta.<\/p>\n\n\t\t<\/div>\n\t\t\t\t\n<style>\n#col-11134450 > .col-inner {\n  padding: 0px 0px 0px 0px;\n  margin: 0px 0px 0px 0px;\n}\n<\/style>\n\t<\/div>\n\n\t\n\n<\/div>\n<div class=\"row\"  id=\"row-463741187\">\n\n\n\t<div id=\"col-145808275\" class=\"col medium-3 small-4 large-3\"  >\n\t\t\t\t<div class=\"col-inner\"  >\n\t\t\t\n\t\t\t\n\n\t<div class=\"img has-hover x md-x lg-x y md-y lg-y\" id=\"image_157572576\">\n\t\t\t\t\t\t\t\t<div class=\"img-inner dark\" >\n\t\t\t<img loading=\"lazy\" decoding=\"async\" width=\"256\" height=\"256\" src=\"https:\/\/ziggioriginal.com\/wp-content\/uploads\/2024\/06\/profit.png\" class=\"attachment-large size-large\" alt=\"\" srcset=\"https:\/\/ziggioriginal.com\/wp-content\/uploads\/2024\/06\/profit.png 256w, https:\/\/ziggioriginal.com\/wp-content\/uploads\/2024\/06\/profit-100x100.png 100w, https:\/\/ziggioriginal.com\/wp-content\/uploads\/2024\/06\/profit-150x150.png 150w\" sizes=\"auto, (max-width: 256px) 100vw, 256px\" \/>\t\t\t\t\t\t\n\t\t\t\t\t<\/div>\n\t\t\t\t\t\t\t\t\n<style>\n#image_157572576 {\n  width: 100%;\n}\n<\/style>\n\t<\/div>\n\t\n\n\n\t\t<\/div>\n\t\t\t\t\n<style>\n#col-145808275 > .col-inner {\n  padding: 0px 0px 0px 0px;\n  margin: 0px 0px 0px 0px;\n}\n<\/style>\n\t<\/div>\n\n\t\n\n\t<div id=\"col-967606731\" class=\"col medium-9 small-8 large-9\"  >\n\t\t\t\t<div class=\"col-inner\"  >\n\t\t\t\n\t\t\t\n\n<h5>Profitabilna partnerstva<\/h5>\n<p>Koli\u010dinski popusti i opse\u017ena marketin\u0161ka podr\u0161ka.<\/p>\n\n\t\t<\/div>\n\t\t\t\t\n<style>\n#col-967606731 > .col-inner {\n  padding: 0px 0px 0px 0px;\n  margin: 0px 0px 0px 0px;\n}\n<\/style>\n\t<\/div>\n\n\t\n\n<\/div>\n<div class=\"row\"  id=\"row-1796665207\">\n\n\n\t<div id=\"col-1158743251\" class=\"col medium-3 small-4 large-3\"  >\n\t\t\t\t<div class=\"col-inner\"  >\n\t\t\t\n\t\t\t\n\n\t<div class=\"img has-hover x md-x lg-x y md-y lg-y\" id=\"image_647472528\">\n\t\t\t\t\t\t\t\t<div class=\"img-inner dark\" >\n\t\t\t<img loading=\"lazy\" decoding=\"async\" width=\"256\" height=\"256\" src=\"https:\/\/ziggioriginal.com\/wp-content\/uploads\/2024\/06\/strategy.png\" class=\"attachment-large size-large\" alt=\"\" srcset=\"https:\/\/ziggioriginal.com\/wp-content\/uploads\/2024\/06\/strategy.png 256w, https:\/\/ziggioriginal.com\/wp-content\/uploads\/2024\/06\/strategy-100x100.png 100w, https:\/\/ziggioriginal.com\/wp-content\/uploads\/2024\/06\/strategy-150x150.png 150w\" sizes=\"auto, (max-width: 256px) 100vw, 256px\" \/>\t\t\t\t\t\t\n\t\t\t\t\t<\/div>\n\t\t\t\t\t\t\t\t\n<style>\n#image_647472528 {\n  width: 100%;\n}\n<\/style>\n\t<\/div>\n\t\n\n\n\t\t<\/div>\n\t\t\t\t\n<style>\n#col-1158743251 > .col-inner {\n  padding: 0px 0px 0px 0px;\n  margin: 0px 0px 0px 0px;\n}\n<\/style>\n\t<\/div>\n\n\t\n\n\t<div id=\"col-1417233511\" class=\"col medium-9 small-8 large-9\"  >\n\t\t\t\t<div class=\"col-inner\"  >\n\t\t\t\n\t\t\t\n\n<h5>Iznad poslovanja<\/h5>\n<p>Prilago\u0111ene POS strategije, re\u0161enja za izlaganje i podsticaji za prodajno osoblje.<\/p>\n\n\t\t<\/div>\n\t\t\t\t\n<style>\n#col-1417233511 > .col-inner {\n  padding: 0px 0px 0px 0px;\n  margin: 0px 0px 0px 0px;\n}\n<\/style>\n\t<\/div>\n\n\t\n\n<\/div>\n<div class=\"row\"  id=\"row-1019425409\">\n\n\n\t<div id=\"col-1490210594\" class=\"col medium-3 small-4 large-3\"  >\n\t\t\t\t<div class=\"col-inner\"  >\n\t\t\t\n\t\t\t\n\n\t<div class=\"img has-hover x md-x lg-x y md-y lg-y\" id=\"image_958028622\">\n\t\t\t\t\t\t\t\t<div class=\"img-inner dark\" >\n\t\t\t<img loading=\"lazy\" decoding=\"async\" width=\"256\" height=\"256\" src=\"https:\/\/ziggioriginal.com\/wp-content\/uploads\/2024\/06\/save-the-world.png\" class=\"attachment-large size-large\" alt=\"\" srcset=\"https:\/\/ziggioriginal.com\/wp-content\/uploads\/2024\/06\/save-the-world.png 256w, https:\/\/ziggioriginal.com\/wp-content\/uploads\/2024\/06\/save-the-world-100x100.png 100w, https:\/\/ziggioriginal.com\/wp-content\/uploads\/2024\/06\/save-the-world-150x150.png 150w\" sizes=\"auto, (max-width: 256px) 100vw, 256px\" \/>\t\t\t\t\t\t\n\t\t\t\t\t<\/div>\n\t\t\t\t\t\t\t\t\n<style>\n#image_958028622 {\n  width: 100%;\n}\n<\/style>\n\t<\/div>\n\t\n\n\n\t\t<\/div>\n\t\t\t\t\n<style>\n#col-1490210594 > .col-inner {\n  padding: 0px 0px 0px 0px;\n  margin: 0px 0px 0px 0px;\n}\n<\/style>\n\t<\/div>\n\n\t\n\n\t<div id=\"col-1303469119\" class=\"col medium-9 small-8 large-9\"  >\n\t\t\t\t<div class=\"col-inner\"  >\n\t\t\t\n\t\t\t\n\n<h5>Ekolo\u0161ki svesni i odr\u017eivi<\/h5>\n<p>Biorazgradivi proizvodi napravljeni uz obnovljivu energiju<\/p>\n\n\t\t<\/div>\n\t\t\t\t\n<style>\n#col-1303469119 > .col-inner {\n  padding: 0px 0px 0px 0px;\n  margin: 0px 0px 0px 0px;\n}\n<\/style>\n\t<\/div>\n\n\t\n\n<\/div>\n\n\t\t<\/div>\n\t\t\t\t\t<\/div>\n\n\t\n\n<\/div>\n\n\t<section class=\"section dark\" id=\"section_36547729\">\n\t\t<div class=\"section-bg fill\" >\n\t\t\t\t\t\t\t\t\t\n\t\t\t\n\n\t\t<\/div>\n\n\t\t\n\n\t\t<div class=\"section-content relative\">\n\t\t\t\n\n<div class=\"row\"  id=\"row-2016886513\">\n\n\n\t<div id=\"col-1447265593\" class=\"col small-12 large-12\"  >\n\t\t\t\t<div class=\"col-inner text-center\"  >\n\t\t\t\n\t\t\t\n\n\t<div id=\"text-529394136\" class=\"text\">\n\t\t\n\n<h2>Spremni da maksimizirate svoje mar\u017ee? Razgovarajmo o poslu!<\/h2>\n\t\t\n<style>\n#text-529394136 {\n  line-height: 0.75;\n}\n<\/style>\n\t<\/div>\n\t\n<a href=\"#kontakt\" class=\"button primary\"  style=\"border-radius:10px;\">\n\t\t<span>Kontaktirajte nas<\/span>\n\t<\/a>\n\n\n\n\t\t<\/div>\n\t\t\t\t\n<style>\n#col-1447265593 > .col-inner {\n  padding: 40px 0px 0px 0px;\n  margin: 0px 0px 0px 0px;\n}\n<\/style>\n\t<\/div>\n\n\t\n\n<\/div>\n\n\t\t<\/div>\n\n\t\t\n<style>\n#section_36547729 {\n  padding-top: 30px;\n  padding-bottom: 30px;\n  background-color: rgb(178, 177, 167);\n}\n<\/style>\n\t<\/section>\n\t\n<div class=\"row\"  id=\"row-2088205746\">\n\n\n\t<div id=\"col-1001534665\" class=\"col small-12 large-12\"  >\n\t\t\t\t<div class=\"col-inner\"  >\n\t\t\t\n\t\t\t\n\n<div class=\"row\"  id=\"row-1371591146\">\n\n\n\t<div id=\"col-540619993\" class=\"col medium-4 small-12 large-4\"  >\n\t\t\t\t<div class=\"col-inner\"  >\n\t\t\t\n\t\t\t\n\n<div class=\"slider-wrapper relative\" id=\"slider-1592014090\" >\n    <div class=\"slider slider-nav-circle slider-nav-large slider-nav-light slider-style-normal\"\n        data-flickity-options='{\n            \"cellAlign\": \"center\",\n            \"imagesLoaded\": true,\n            \"lazyLoad\": 1,\n            \"freeScroll\": false,\n            \"wrapAround\": true,\n            \"autoPlay\": 6000,\n            \"pauseAutoPlayOnHover\" : true,\n            \"prevNextButtons\": true,\n            \"contain\" : true,\n            \"adaptiveHeight\" : true,\n            \"dragThreshold\" : 10,\n            \"percentPosition\": true,\n            \"pageDots\": true,\n            \"rightToLeft\": false,\n            \"draggable\": true,\n            \"selectedAttraction\": 0.1,\n            \"parallax\" : 0,\n            \"friction\": 0.6        }'\n        >\n        \n\n\t<div class=\"img has-hover x md-x lg-x y md-y lg-y\" id=\"image_1266815430\">\n\t\t\t\t\t\t\t\t<div class=\"img-inner image-cover dark\" style=\"padding-top:100%;\">\n\t\t\t<img loading=\"lazy\" decoding=\"async\" width=\"1020\" height=\"911\" src=\"https:\/\/ziggioriginal.com\/wp-content\/uploads\/2023\/08\/DSC2488-edit-1-1024x915.jpg\" class=\"attachment-large size-large\" alt=\"\" srcset=\"https:\/\/ziggioriginal.com\/wp-content\/uploads\/2023\/08\/DSC2488-edit-1-1024x915.jpg 1024w, https:\/\/ziggioriginal.com\/wp-content\/uploads\/2023\/08\/DSC2488-edit-1-scaled-600x536.jpg 600w, https:\/\/ziggioriginal.com\/wp-content\/uploads\/2023\/08\/DSC2488-edit-1-300x268.jpg 300w, https:\/\/ziggioriginal.com\/wp-content\/uploads\/2023\/08\/DSC2488-edit-1-768x686.jpg 768w, https:\/\/ziggioriginal.com\/wp-content\/uploads\/2023\/08\/DSC2488-edit-1-1536x1373.jpg 1536w, https:\/\/ziggioriginal.com\/wp-content\/uploads\/2023\/08\/DSC2488-edit-1-2048x1830.jpg 2048w\" sizes=\"auto, (max-width: 1020px) 100vw, 1020px\" \/>\t\t\t\t\t\t\n\t\t\t\t\t<\/div>\n\t\t\t\t\t\t\t\t\n<style>\n#image_1266815430 {\n  width: 100%;\n}\n<\/style>\n\t<\/div>\n\t\n\n\n     <\/div>\n\n     <div class=\"loading-spin dark large centered\"><\/div>\n\n\t<\/div>\n\n\n\n\t\t<\/div>\n\t\t\t\t\t<\/div>\n\n\t\n\n\t<div id=\"col-1313597573\" class=\"col medium-8 small-12 large-8\"  >\n\t\t\t\t<div class=\"col-inner\"  >\n\t\t\t\n\t\t\t\n\n<h2>\u017delite znati vi\u0161e? &#8222;Otkrijte ZIGGI putovanje: od ulica do va\u0161ih polica i nazad&#8220;<\/h2>\n<h3>No\u0107ni izlazak koji je promenio sve<\/h3>\n<p><span style=\"font-weight: 400\">Zamislite. Po\u010detak je &#8217;90-ih. Grunge je kralj, a vazduh je gust od mirisa pobune i sve\u017ee nasprejanog grafita. Na\u0161 osniva\u010d Ziggi Man nalazi se u dilemi sa kojom su se mnogi suo\u010dili, ali je retko ko re\u0161io. Iza\u0161ao je sa svojom ekipom, spreman da smota, ali nigde nema kvalitetnog filtera na vidiku. Sna\u0161li su se sa komadi\u0107ima iz paklica cigareta, ali Ziggi Man zna da mora postojati bolji na\u010din.<\/span><\/p>\n<p><span style=\"font-weight: 400\">I tako je prvi plamen brenda ZIGGI o\u017eiveo.<\/span><\/p>\n\n\t\t<\/div>\n\t\t\t\t\t<\/div>\n\n\t\n\n<\/div>\n<h3><strong>Nisu samo proizvodi, ve\u0107 na\u010din \u017eivota<\/strong><\/h3>\n<p><span style=\"font-weight: 400\">Premotajte do danas, ZIGGI nije samo brend; to je kultura. Kultura koja \u017eivi na ulicama, u umetnosti, u muzici &#8211; posebno reggaeu i Rastafari pokretu &#8211; i \u0161to je najva\u017enije, u ljudima. Nismo samo papiri\u0107i za rolanje; kreiramo na\u010dine \u017eivota. I sada, pozivamo vas da nam se pridru\u017eite.<\/span><\/p>\n<h3><strong>Za\u0161to su distributeri na\u0161i uli\u010dni heroji<\/strong><\/h3>\n<p><span style=\"font-weight: 400\">Vi distributeri ste neprepoznati heroji na\u0161e pri\u010de. Vi ste ti koji se postaraju da ZIGGI proizvodi stignu iz na\u0161ih ekolo\u0161ki svesnih fabrika u Ljubljani, Sloveniji, do polica trgovaca \u0161irom sveta. Vi ne distribuirate samo proizvode, distribuirate na\u010din \u017eivota, vibru, iskustvo.<\/span><\/p>\n\n\t\t<\/div>\n\t\t\t\t\t<\/div>\n\n\t\n\n<\/div>\n<div class=\"row\"  id=\"row-548067600\">\n\n\n\t<div id=\"col-601553236\" class=\"col medium-6 small-12 large-6\"  >\n\t\t\t\t<div class=\"col-inner\"  >\n\t\t\t\n\t\t\t\n\n<h4><strong>\u0160ta je u tome za Vas?<\/strong><\/h4>\n<ul>\n<li style=\"font-weight: 400\"><span style=\"font-weight: 400\">Maksimizujte svoje mar\u017ee: sa na\u0161om inovativnom linijom proizvoda i koli\u010dinskim popustima, mo\u017eete o\u010dekivati profitabilnost od prvog dana.<\/span><\/li>\n<li style=\"font-weight: 400\"><span style=\"font-weight: 400\">Uli\u010dna kredibilnost: uskla\u0111ivanje sa brendom koji je autenti\u010dan kao ZIGGI, a koji unapre\u0111uje kredibilitet va\u0161eg brenda.<\/span><\/li>\n<li style=\"font-weight: 400\"><span style=\"font-weight: 400\">Zeleni posao: Odr\u017eivost za nas nije moda. To je na\u010din \u017eivota.<\/span><\/li>\n<\/ul>\n<h4><strong>Spremni za rolanje?<\/strong><\/h4>\n<p><span style=\"font-weight: 400\">Ne verujemo u transakcije; verujemo u odnose. Dakle, ako ste za autenti\u010dne veze, kvalitetne proizvode i dobro delo, ve\u0107 ste deo ZIGGI porodice &#8211; samo to jo\u0161 ne znate.<\/span><\/p>\n<p><span style=\"font-weight: 400\">Pridru\u017eite nam se i kreirajmo zajedno istoriju. Jer na ovom putu, va\u0161\u00a0<\/span><span style=\"font-size: 14.4px\">je <\/span><span style=\"font-size: 14.4px\">uspeh na\u0161 prioritet.<\/span><\/p>\n\n\t\t<\/div>\n\t\t\t\t\t<\/div>\n\n\t\n\n\t<div id=\"col-1112261387\" class=\"col medium-6 small-12 large-6\"  >\n\t\t\t\t<div class=\"col-inner\"  >\n\t\t\t\n\t\t\t\n\n<span class=\"scroll-to\" data-label=\"Scroll to: #kontakt\" data-bullet=\"false\" data-link=\"#kontakt\" data-title=\"Kontakt\" ><a name=\"kontakt\"><\/a><\/span>\n\n<h2>Osje\u0107ate vibru? Osje\u0107ate povezanost? Onda ne \u010dekajte i kontaktirajte nas sada.<\/h2>\n\n<div class=\"wpcf7 no-js\" id=\"wpcf7-f2932-o1\" lang=\"sr-RS\" dir=\"ltr\" data-wpcf7-id=\"2932\">\n<div class=\"screen-reader-response\"><p role=\"status\" aria-live=\"polite\" aria-atomic=\"true\"><\/p> <ul><\/ul><\/div>\n<form action=\"\/sr\/wp-json\/wp\/v2\/pages\/2829#wpcf7-f2932-o1\" method=\"post\" class=\"wpcf7-form init\" aria-label=\"Contact form\" novalidate=\"novalidate\" data-status=\"init\">\n<fieldset class=\"hidden-fields-container\"><input type=\"hidden\" name=\"_wpcf7\" value=\"2932\" \/><input type=\"hidden\" name=\"_wpcf7_version\" value=\"6.1.5\" \/><input type=\"hidden\" name=\"_wpcf7_locale\" value=\"sr_RS\" \/><input type=\"hidden\" name=\"_wpcf7_unit_tag\" value=\"wpcf7-f2932-o1\" \/><input type=\"hidden\" name=\"_wpcf7_container_post\" value=\"0\" \/><input type=\"hidden\" name=\"_wpcf7_posted_data_hash\" value=\"\" \/><input type=\"hidden\" name=\"_wpcf7_recaptcha_response\" value=\"\" \/>\n<\/fieldset>\n<p><label> Va\u0161e ime<br \/>\n<span class=\"wpcf7-form-control-wrap\" data-name=\"your-name\"><input size=\"40\" maxlength=\"400\" class=\"wpcf7-form-control wpcf7-text wpcf7-validates-as-required\" autocomplete=\"name\" aria-required=\"true\" aria-invalid=\"false\" value=\"\" type=\"text\" name=\"your-name\" \/><\/span> <\/label>\n<\/p>\n<p><label> Va\u0161 e-mail<br \/>\n<span class=\"wpcf7-form-control-wrap\" data-name=\"your-email\"><input size=\"40\" maxlength=\"400\" class=\"wpcf7-form-control wpcf7-email wpcf7-validates-as-required wpcf7-text wpcf7-validates-as-email\" autocomplete=\"email\" aria-required=\"true\" aria-invalid=\"false\" value=\"\" type=\"email\" name=\"your-email\" \/><\/span> <\/label>\n<\/p>\n<p><label> Va\u0161 broj telefona (neobavezno)<br \/>\n<span class=\"wpcf7-form-control-wrap\" data-name=\"your-phone-number\"><input size=\"40\" maxlength=\"400\" class=\"wpcf7-form-control wpcf7-tel wpcf7-text wpcf7-validates-as-tel\" aria-invalid=\"false\" value=\"\" type=\"tel\" name=\"your-phone-number\" \/><\/span> <\/label>\n<\/p>\n<p><label> Predmet<br \/>\n<span class=\"wpcf7-form-control-wrap\" data-name=\"your-subject\"><input size=\"40\" maxlength=\"400\" class=\"wpcf7-form-control wpcf7-text wpcf7-validates-as-required\" aria-required=\"true\" aria-invalid=\"false\" value=\"\" type=\"text\" name=\"your-subject\" \/><\/span> <\/label>\n<\/p>\n<p><label> Va\u0161a poruka (neobavezno)<br \/>\n<span class=\"wpcf7-form-control-wrap\" data-name=\"your-message\"><textarea cols=\"40\" rows=\"10\" maxlength=\"2000\" class=\"wpcf7-form-control wpcf7-textarea\" aria-invalid=\"false\" name=\"your-message\"><\/textarea><\/span><br \/>\n<\/label>\n<\/p>\n<p style=\"font-size: 0.8em; font-weight: normal;\">Ovaj sajt je za\u0161ti\u0107en reCAPTCHA-om i Googleom<br \/>\n<a href=\"https:\/\/policies.google.com\/privacy\">Politika privatnosti<\/a> i<br \/>\n<a href=\"https:\/\/policies.google.com\/terms\">Uslovi kori\u0161\u0107enja<\/a>.\n<\/p>\n<p><input class=\"wpcf7-form-control wpcf7-submit has-spinner\" type=\"submit\" value=\"Po\u0161alji\" \/>\n<\/p><div class=\"wpcf7-response-output\" aria-hidden=\"true\"><\/div>\n<\/form>\n<\/div>\n\n\n\n\t\t<\/div>\n\t\t\t\t\t<\/div>\n\n\t\n\n<\/div>\n\n","protected":false},"excerpt":{"rendered":"","protected":false},"author":1,"featured_media":0,"parent":0,"menu_order":0,"comment_status":"closed","ping_status":"closed","template":"page-blank.php","meta":{"footnotes":""},"class_list":["post-2829","page","type-page","status-publish","hentry"],"_links":{"self":[{"href":"https:\/\/ziggioriginal.com\/sr\/wp-json\/wp\/v2\/pages\/2829","targetHints":{"allow":["GET"]}}],"collection":[{"href":"https:\/\/ziggioriginal.com\/sr\/wp-json\/wp\/v2\/pages"}],"about":[{"href":"https:\/\/ziggioriginal.com\/sr\/wp-json\/wp\/v2\/types\/page"}],"author":[{"embeddable":true,"href":"https:\/\/ziggioriginal.com\/sr\/wp-json\/wp\/v2\/users\/1"}],"replies":[{"embeddable":true,"href":"https:\/\/ziggioriginal.com\/sr\/wp-json\/wp\/v2\/comments?post=2829"}],"version-history":[{"count":8,"href":"https:\/\/ziggioriginal.com\/sr\/wp-json\/wp\/v2\/pages\/2829\/revisions"}],"predecessor-version":[{"id":4660,"href":"https:\/\/ziggioriginal.com\/sr\/wp-json\/wp\/v2\/pages\/2829\/revisions\/4660"}],"wp:attachment":[{"href":"https:\/\/ziggioriginal.com\/sr\/wp-json\/wp\/v2\/media?parent=2829"}],"curies":[{"name":"wp","href":"https:\/\/api.w.org\/{rel}","templated":true}]}}