{"id":2811,"date":"2023-08-09T12:23:05","date_gmt":"2023-08-09T12:23:05","guid":{"rendered":"https:\/\/ziggioriginal.com\/%d0%ba%d0%be%d0%bd%d1%82%d0%b0%d0%ba%d1%82\/"},"modified":"2024-12-31T17:42:56","modified_gmt":"2024-12-31T17:42:56","slug":"kontakt","status":"publish","type":"page","link":"https:\/\/ziggioriginal.com\/sr\/kontakt\/","title":{"rendered":"Kontakt"},"content":{"rendered":"\n\n  <div class=\"banner has-hover show-for-small\" id=\"banner-190178499\">\n          <div class=\"banner-inner fill\">\n        <div class=\"banner-bg fill\" >\n            <img loading=\"lazy\" decoding=\"async\" width=\"1178\" height=\"640\" src=\"https:\/\/ziggioriginal.com\/wp-content\/uploads\/2023\/08\/Ziggi-Man-malta-Copy-Copy.jpg\" class=\"bg attachment-2048x2048 size-2048x2048\" alt=\"\" \/>                        <div class=\"overlay\"><\/div>            \n                    <\/div>\n\t\t\n        <div class=\"banner-layers container\">\n            <div class=\"fill banner-link\"><\/div>            \n\n   <div id=\"text-box-1637279833\" class=\"text-box banner-layer x5 md-x0 lg-x0 y50 md-y50 lg-y50 res-text\">\n                                <div class=\"text-box-content text dark\">\n              \n              <div class=\"text-inner text-left\">\n                  \n\n<h3 class=\"uppercase\"><span data-text-color=\"primary\"><strong>PRETVARANJE IDEJA U DELo PO\u010cINJE OVDE<\/strong><\/span><\/h3>\r\n<p class=\"lead\">Ima\u0161 ne\u0161to na umu? Svi \u017eelimo preto\u010diti ideje u djelo. Bilo da je u pitanju pitanje, sugestija ili \u017eelja za saradnjom, nemojte se suzdr\u017eavati.<\/p>\n\n              <\/div>\n           <\/div>\n                            \n<style>\n#text-box-1637279833 {\n  width: 60%;\n}\n#text-box-1637279833 .text-box-content {\n  font-size: 100%;\n}\n@media (min-width:550px) {\n  #text-box-1637279833 {\n    width: 52%;\n  }\n}\n<\/style>\n    <\/div>\n \n\n        <\/div>\n      <\/div>\n\n            \n<style>\n#banner-190178499 {\n  padding-top: 300px;\n}\n#banner-190178499 .overlay {\n  background-color: rgba(0, 0, 0, 0.31);\n}\n#banner-190178499 .banner-bg img {\n  object-position: 33% 58%;\n}\n<\/style>\n  <\/div>\n\n\n\n  <div class=\"banner has-hover hide-for-small\" id=\"banner-664702193\">\n          <div class=\"banner-inner fill\">\n        <div class=\"banner-bg fill\" >\n            <img loading=\"lazy\" decoding=\"async\" width=\"1540\" height=\"627\" src=\"https:\/\/ziggioriginal.com\/wp-content\/uploads\/2023\/08\/Ziggi-Man-malta-Copy-Copy-2.jpg\" class=\"bg attachment-2048x2048 size-2048x2048\" alt=\"\" \/>                        <div class=\"overlay\"><\/div>            \n                    <\/div>\n\t\t\n        <div class=\"banner-layers container\">\n            <div class=\"fill banner-link\"><\/div>            \n\n   <div id=\"text-box-2133327950\" class=\"text-box banner-layer x5 md-x0 lg-x0 y50 md-y50 lg-y50 res-text\">\n                                <div class=\"text-box-content text dark\">\n              \n              <div class=\"text-inner text-left\">\n                  \n\n<h3 class=\"uppercase\"><span data-text-color=\"primary\"><strong>PRETVARANJE IDEJA U <\/strong><\/span><\/h3>\r\n<h3 class=\"uppercase\"><span data-text-color=\"primary\"><strong>AKCIJU PO\u010cINJE OVDE<\/strong><\/span><\/h3>\r\n<p class=\"lead\">Ima\u0161 ne\u0161to na umu? Na\u0161 cilj je pretvaranje ideja u akciju. Bilo da je u pitanju pitanje, sugestija ili \u017eelja za saradnjom, ne ustru\u010davajte se.<\/p>\n\n              <\/div>\n           <\/div>\n                            \n<style>\n#text-box-2133327950 {\n  width: 60%;\n}\n#text-box-2133327950 .text-box-content {\n  font-size: 100%;\n}\n@media (min-width:550px) {\n  #text-box-2133327950 {\n    width: 52%;\n  }\n}\n<\/style>\n    <\/div>\n \n\n        <\/div>\n      <\/div>\n\n            \n<style>\n#banner-664702193 {\n  padding-top: 300px;\n}\n#banner-664702193 .overlay {\n  background-color: rgba(0, 0, 0, 0.31);\n}\n#banner-664702193 .banner-bg img {\n  object-position: 98% 16%;\n}\n<\/style>\n  <\/div>\n\n\n<div class=\"row\"  id=\"row-163929219\">\n\n\n\t<div id=\"col-213966793\" class=\"col medium-6 small-12 large-6\"  >\n\t\t\t\t<div class=\"col-inner\"  >\n\t\t\t\n\t\t\t\n\n<h3>Tvoj vibe privla\u010di tvoje pleme.<\/h3>\r\nNisi ovde slu\u010dajno; ovde si jer rezonuje\u0161 sa onim \u0161to mi predstavljamo. ZIGGI nije samo proizvod na polici; to je pokret ro\u0111en na ulicama, pokretan pulsiraju\u0107im ritmovima roots muzike i obojen nijansama urbanog umetni\u010dkog izraza. Kada se pove\u017ee\u0161 sa Ziggijem, ne obra\u0107a\u0161 se samo brendu; pristupa\u0161 zajednici, kulturi, na\u010dinu \u017eivota.\r\n<h3>Pridru\u017ei nam se i pravi talase<\/h3>\r\nIma\u0161 pitanje, ideju ili ose\u0107aj da mo\u017eemo zajedno napraviti magiju? Hajde da \u010dujemo. Ovo nije samo kontakt forma; ovo je tvoj prvi korak u svet gde tvoje ideje mogu oblikovati slede\u0107e poglavlje pri\u010de koja je ve\u0107a od bilo koga od nas, ali nekompletna bez tebe. Jer u Ziggiju nismo samo o rizlama, ve\u0107 o povezivanju.\n\n\t\t<\/div>\n\t\t\t\t\t<\/div>\n\n\t\n\n\t<div id=\"col-2069677709\" class=\"col medium-6 small-12 large-6\"  >\n\t\t\t\t<div class=\"col-inner\"  >\n\t\t\t\n\t\t\t\n\n\n<div class=\"wpcf7 no-js\" id=\"wpcf7-f2929-o1\" lang=\"sr-RS\" dir=\"ltr\" data-wpcf7-id=\"2929\">\n<div class=\"screen-reader-response\"><p role=\"status\" aria-live=\"polite\" aria-atomic=\"true\"><\/p> <ul><\/ul><\/div>\n<form action=\"\/sr\/wp-json\/wp\/v2\/pages\/2811#wpcf7-f2929-o1\" method=\"post\" class=\"wpcf7-form init\" aria-label=\"Contact form\" novalidate=\"novalidate\" data-status=\"init\">\n<fieldset class=\"hidden-fields-container\"><input type=\"hidden\" name=\"_wpcf7\" value=\"2929\" \/><input type=\"hidden\" name=\"_wpcf7_version\" value=\"6.1.5\" \/><input type=\"hidden\" name=\"_wpcf7_locale\" value=\"sr_RS\" \/><input type=\"hidden\" name=\"_wpcf7_unit_tag\" value=\"wpcf7-f2929-o1\" \/><input type=\"hidden\" name=\"_wpcf7_container_post\" value=\"0\" \/><input type=\"hidden\" name=\"_wpcf7_posted_data_hash\" value=\"\" \/><input type=\"hidden\" name=\"_wpcf7_recaptcha_response\" value=\"\" \/>\n<\/fieldset>\n<p><label> Va\u0161e ime<br \/>\n<span class=\"wpcf7-form-control-wrap\" data-name=\"your-name\"><input size=\"40\" maxlength=\"400\" class=\"wpcf7-form-control wpcf7-text wpcf7-validates-as-required\" autocomplete=\"name\" aria-required=\"true\" aria-invalid=\"false\" value=\"\" type=\"text\" name=\"your-name\" \/><\/span> <\/label>\n<\/p>\n<p><label> Va\u0161 e-mail<br \/>\n<span class=\"wpcf7-form-control-wrap\" data-name=\"your-email\"><input size=\"40\" maxlength=\"400\" class=\"wpcf7-form-control wpcf7-email wpcf7-validates-as-required wpcf7-text wpcf7-validates-as-email\" autocomplete=\"email\" aria-required=\"true\" aria-invalid=\"false\" value=\"\" type=\"email\" name=\"your-email\" \/><\/span> <\/label>\n<\/p>\n<p><label> Va\u0161 broj telefona (neobavezno)<br \/>\n<span class=\"wpcf7-form-control-wrap\" data-name=\"your-phone-number\"><input size=\"40\" maxlength=\"400\" class=\"wpcf7-form-control wpcf7-tel wpcf7-text wpcf7-validates-as-tel\" aria-invalid=\"false\" value=\"\" type=\"tel\" name=\"your-phone-number\" \/><\/span> <\/label>\n<\/p>\n<p><label> Predmet<br \/>\n<span class=\"wpcf7-form-control-wrap\" data-name=\"your-subject\"><input size=\"40\" maxlength=\"400\" class=\"wpcf7-form-control wpcf7-text wpcf7-validates-as-required\" aria-required=\"true\" aria-invalid=\"false\" value=\"\" type=\"text\" name=\"your-subject\" \/><\/span> <\/label>\n<\/p>\n<p><label> Va\u0161a poruka (neobavezno)<br \/>\n<span class=\"wpcf7-form-control-wrap\" data-name=\"your-message\"><textarea cols=\"40\" rows=\"10\" maxlength=\"2000\" class=\"wpcf7-form-control wpcf7-textarea\" aria-invalid=\"false\" name=\"your-message\"><\/textarea><\/span><br \/>\n<\/label>\n<\/p>\n<p style=\"font-size: 0.8em; font-weight: normal;\">Ovaj sajt je za\u0161ti\u0107en reCAPTCHA-om i Googleom<br \/>\n<a href=\"https:\/\/policies.google.com\/privacy\">Politika privatnosti<\/a> i<br \/>\n<a href=\"https:\/\/policies.google.com\/terms\">Uslovi kori\u0161\u0107enja<\/a>.\n<\/p>\n<p><input class=\"wpcf7-form-control wpcf7-submit has-spinner\" type=\"submit\" value=\"Po\u0161alji\" \/>\n<\/p><div class=\"wpcf7-response-output\" aria-hidden=\"true\"><\/div>\n<\/form>\n<\/div>\n\n\n\n\t\t<\/div>\n\t\t\t\t\t<\/div>\n\n\t\n\n<\/div>\n\n","protected":false},"excerpt":{"rendered":"","protected":false},"author":1,"featured_media":0,"parent":0,"menu_order":0,"comment_status":"closed","ping_status":"closed","template":"page-blank.php","meta":{"footnotes":""},"class_list":["post-2811","page","type-page","status-publish","hentry"],"_links":{"self":[{"href":"https:\/\/ziggioriginal.com\/sr\/wp-json\/wp\/v2\/pages\/2811","targetHints":{"allow":["GET"]}}],"collection":[{"href":"https:\/\/ziggioriginal.com\/sr\/wp-json\/wp\/v2\/pages"}],"about":[{"href":"https:\/\/ziggioriginal.com\/sr\/wp-json\/wp\/v2\/types\/page"}],"author":[{"embeddable":true,"href":"https:\/\/ziggioriginal.com\/sr\/wp-json\/wp\/v2\/users\/1"}],"replies":[{"embeddable":true,"href":"https:\/\/ziggioriginal.com\/sr\/wp-json\/wp\/v2\/comments?post=2811"}],"version-history":[{"count":6,"href":"https:\/\/ziggioriginal.com\/sr\/wp-json\/wp\/v2\/pages\/2811\/revisions"}],"predecessor-version":[{"id":4711,"href":"https:\/\/ziggioriginal.com\/sr\/wp-json\/wp\/v2\/pages\/2811\/revisions\/4711"}],"wp:attachment":[{"href":"https:\/\/ziggioriginal.com\/sr\/wp-json\/wp\/v2\/media?parent=2811"}],"curies":[{"name":"wp","href":"https:\/\/api.w.org\/{rel}","templated":true}]}}