{"id":4436,"date":"2023-08-09T12:23:05","date_gmt":"2023-08-09T12:23:05","guid":{"rendered":"https:\/\/ziggioriginal.com\/kontakt\/"},"modified":"2026-01-28T18:34:09","modified_gmt":"2026-01-28T18:34:09","slug":"kontakt","status":"publish","type":"page","link":"https:\/\/ziggioriginal.com\/sl\/kontakt\/","title":{"rendered":"Kontakt"},"content":{"rendered":"\n\n  <div class=\"banner has-hover show-for-small\" id=\"banner-1010318709\">\n          <div class=\"banner-inner fill\">\n        <div class=\"banner-bg fill\" >\n            <img loading=\"lazy\" decoding=\"async\" width=\"1178\" height=\"640\" src=\"https:\/\/ziggioriginal.com\/wp-content\/uploads\/2023\/08\/Ziggi-Man-malta-Copy-Copy.jpg\" class=\"bg attachment-2048x2048 size-2048x2048\" alt=\"\" \/>                        <div class=\"overlay\"><\/div>            \n                    <\/div>\n\t\t\n        <div class=\"banner-layers container\">\n            <div class=\"fill banner-link\"><\/div>            \n\n   <div id=\"text-box-676481604\" class=\"text-box banner-layer x5 md-x0 lg-x0 y50 md-y50 lg-y50 res-text\">\n                                <div class=\"text-box-content text dark\">\n              \n              <div class=\"text-inner text-left\">\n                  \n\n<h3 class=\"uppercase\"><span data-text-color=\"primary\"><strong>IDEJE, KI POSTANEJO DEJANJA, SE ZA\u010cNEJO TUKAJ<\/strong><\/span><\/h3>\n<p class=\"lead\">Imate kaj v mislih? Pri nas gre za uresni\u010devanje idej. Naj bo to vpra\u0161anje, predlog ali \u017eelja po sodelovanju\u2014ne zadr\u017eujte se.<\/p>\n\n              <\/div>\n           <\/div>\n                            \n<style>\n#text-box-676481604 {\n  width: 60%;\n}\n#text-box-676481604 .text-box-content {\n  font-size: 100%;\n}\n@media (min-width:550px) {\n  #text-box-676481604 {\n    width: 52%;\n  }\n}\n<\/style>\n    <\/div>\n \n\n        <\/div>\n      <\/div>\n\n            \n<style>\n#banner-1010318709 {\n  padding-top: 300px;\n}\n#banner-1010318709 .overlay {\n  background-color: rgba(0, 0, 0, 0.31);\n}\n#banner-1010318709 .banner-bg img {\n  object-position: 33% 58%;\n}\n<\/style>\n  <\/div>\n\n\n\n  <div class=\"banner has-hover hide-for-small\" id=\"banner-124827846\">\n          <div class=\"banner-inner fill\">\n        <div class=\"banner-bg fill\" >\n            <img loading=\"lazy\" decoding=\"async\" width=\"1540\" height=\"627\" src=\"https:\/\/ziggioriginal.com\/wp-content\/uploads\/2023\/08\/Ziggi-Man-malta-Copy-Copy-2.jpg\" class=\"bg attachment-2048x2048 size-2048x2048\" alt=\"\" \/>                        <div class=\"overlay\"><\/div>            \n                    <\/div>\n\t\t\n        <div class=\"banner-layers container\">\n            <div class=\"fill banner-link\"><\/div>            \n\n   <div id=\"text-box-1603315320\" class=\"text-box banner-layer x5 md-x0 lg-x0 y50 md-y50 lg-y50 res-text\">\n                                <div class=\"text-box-content text dark\">\n              \n              <div class=\"text-inner text-left\">\n                  \n\n<h3 class=\"uppercase\"><span data-text-color=\"primary\"><strong>DIMNI SIGNALI? NE NE,<\/strong><\/span><\/h3>\n<h3 class=\"uppercase\"><span data-text-color=\"primary\"><strong>DIREKTNI E-MAIL KONTAKT!<\/strong><\/span><\/h3>\n<p class=\"lead\">Ideje, misli, informacije, \u017eelje in povezovanja? <br \/>Pi\u0161ite nam!<\/p>\n\n              <\/div>\n           <\/div>\n                            \n<style>\n#text-box-1603315320 {\n  width: 60%;\n}\n#text-box-1603315320 .text-box-content {\n  font-size: 100%;\n}\n@media (min-width:550px) {\n  #text-box-1603315320 {\n    width: 52%;\n  }\n}\n<\/style>\n    <\/div>\n \n\n        <\/div>\n      <\/div>\n\n            \n<style>\n#banner-124827846 {\n  padding-top: 300px;\n}\n#banner-124827846 .overlay {\n  background-color: rgba(0, 0, 0, 0.31);\n}\n#banner-124827846 .banner-bg img {\n  object-position: 98% 16%;\n}\n<\/style>\n  <\/div>\n\n\n<div class=\"row\"  id=\"row-2103014939\">\n\n\n\t<div id=\"col-1733586050\" class=\"col medium-6 small-12 large-6\"  >\n\t\t\t\t<div class=\"col-inner\"  >\n\t\t\t\n\t\t\t\n\n\r\n    <div class=\"sl-legal-notice\" role=\"note\" aria-label=\"Obvestilo o dostopu\">\r\n      <strong>Obvestilo o dostopu<\/strong><br>\r\n      V skladu z veljavno slovensko zakonodajo je slovenska razli\u010dica spletne strani dostopna izklju\u010dno prijavljenim poslovnim uporabnikom.<br>\r\n      Za vsa vpra\u0161anja o na\u0161ih produktih nam pi\u0161ite prek kontaktnega obrazca ali na <a href=\"mailto:info@ziggipapers.com\">info@ziggipapers.com<\/a>.\r\n    <\/div>\n<h3><span style=\"font-weight: 400;\">Pridru\u017ei se nam in za\u010dni ustvarjati svoje valove<\/span><\/h3>\n<p><span style=\"font-weight: 400;\">Pri ZIGGI-ju ne gre le za papir\u010dke za zvijanje &#8211; gre za povezovanje in ustvarjanje skupnosti. Imate vpra\u0161anje, idejo ali ob\u010dutek, da bi lahko skupaj ustvarili nekaj izjemnega in originalnega? Javite se nam! To ni le obrazec za stik, ampak prilo\u017enost, da postanete del zgodbe, ki je ve\u010dja od vseh nas, a brez vas nepopolna.<\/span><\/p>\n\n\n\t\t<\/div>\n\t\t\t\t\t<\/div>\n\n\t\n\n\t<div id=\"col-1741310387\" class=\"col medium-6 small-12 large-6\"  >\n\t\t\t\t<div class=\"col-inner\"  >\n\t\t\t\n\t\t\t\n\n\n<div class=\"wpcf7 no-js\" id=\"wpcf7-f4440-o1\" lang=\"sl-SI\" dir=\"ltr\" data-wpcf7-id=\"4440\">\n<div class=\"screen-reader-response\"><p role=\"status\" aria-live=\"polite\" aria-atomic=\"true\"><\/p> <ul><\/ul><\/div>\n<form action=\"\/sl\/wp-json\/wp\/v2\/pages\/4436#wpcf7-f4440-o1\" method=\"post\" class=\"wpcf7-form init\" aria-label=\"Kontaktni obrazec\" novalidate=\"novalidate\" data-status=\"init\">\n<fieldset class=\"hidden-fields-container\"><input type=\"hidden\" name=\"_wpcf7\" value=\"4440\" \/><input type=\"hidden\" name=\"_wpcf7_version\" value=\"6.1.5\" \/><input type=\"hidden\" name=\"_wpcf7_locale\" value=\"sl_SI\" \/><input type=\"hidden\" name=\"_wpcf7_unit_tag\" value=\"wpcf7-f4440-o1\" \/><input type=\"hidden\" name=\"_wpcf7_container_post\" value=\"0\" \/><input type=\"hidden\" name=\"_wpcf7_posted_data_hash\" value=\"\" \/><input type=\"hidden\" name=\"_wpcf7_recaptcha_response\" value=\"\" \/>\n<\/fieldset>\n<p><label> Ime in priimek<br \/>\n<span class=\"wpcf7-form-control-wrap\" data-name=\"your-name\"><input size=\"40\" maxlength=\"400\" class=\"wpcf7-form-control wpcf7-text wpcf7-validates-as-required\" autocomplete=\"name\" aria-required=\"true\" aria-invalid=\"false\" value=\"\" type=\"text\" name=\"your-name\" \/><\/span> <\/label>\n<\/p>\n<p><label> E-po\u0161tni naslov<br \/>\n<span class=\"wpcf7-form-control-wrap\" data-name=\"your-email\"><input size=\"40\" maxlength=\"400\" class=\"wpcf7-form-control wpcf7-email wpcf7-validates-as-required wpcf7-text wpcf7-validates-as-email\" autocomplete=\"email\" aria-required=\"true\" aria-invalid=\"false\" value=\"\" type=\"email\" name=\"your-email\" \/><\/span> <\/label>\n<\/p>\n<p><label> Telefonska \u0161tevilka (neobvezno)<br \/>\n<span class=\"wpcf7-form-control-wrap\" data-name=\"your-phone-number\"><input size=\"40\" maxlength=\"400\" class=\"wpcf7-form-control wpcf7-tel wpcf7-text wpcf7-validates-as-tel\" aria-invalid=\"false\" value=\"\" type=\"tel\" name=\"your-phone-number\" \/><\/span> <\/label>\n<\/p>\n<p><label> Zadeva<br \/>\n<span class=\"wpcf7-form-control-wrap\" data-name=\"your-subject\"><input size=\"40\" maxlength=\"400\" class=\"wpcf7-form-control wpcf7-text wpcf7-validates-as-required\" aria-required=\"true\" aria-invalid=\"false\" value=\"\" type=\"text\" name=\"your-subject\" \/><\/span> <\/label>\n<\/p>\n<p><label> Sporo\u010dilo (neobvezno)<br \/>\n<span class=\"wpcf7-form-control-wrap\" data-name=\"your-message\"><textarea cols=\"40\" rows=\"10\" maxlength=\"2000\" class=\"wpcf7-form-control wpcf7-textarea\" aria-invalid=\"false\" name=\"your-message\"><\/textarea><\/span><br \/>\n<\/label>\n<\/p>\n<p style=\"font-size: 0.8em; font-weight: normal;\">To spletno mesto je za\u0161\u010diteno z reCAPTCHA in veljajo<br \/>\n<a href=\"https:\/\/policies.google.com\/privacy\">Googlov pravilnik o zasebnosti<\/a> ter<br \/>\n<a href=\"https:\/\/policies.google.com\/terms\">pogoji uporabe<\/a>.\n<\/p>\n<p><input class=\"wpcf7-form-control wpcf7-submit has-spinner\" type=\"submit\" value=\"Po\u0161lji\" \/>\n<\/p><div class=\"wpcf7-response-output\" aria-hidden=\"true\"><\/div>\n<\/form>\n<\/div>\n\n\n\n\t\t<\/div>\n\t\t\t\t\t<\/div>\n\n\t\n\n<\/div>\n\n","protected":false},"excerpt":{"rendered":"","protected":false},"author":1,"featured_media":0,"parent":0,"menu_order":0,"comment_status":"closed","ping_status":"closed","template":"page-blank.php","meta":{"footnotes":""},"class_list":["post-4436","page","type-page","status-publish","hentry"],"_links":{"self":[{"href":"https:\/\/ziggioriginal.com\/sl\/wp-json\/wp\/v2\/pages\/4436","targetHints":{"allow":["GET"]}}],"collection":[{"href":"https:\/\/ziggioriginal.com\/sl\/wp-json\/wp\/v2\/pages"}],"about":[{"href":"https:\/\/ziggioriginal.com\/sl\/wp-json\/wp\/v2\/types\/page"}],"author":[{"embeddable":true,"href":"https:\/\/ziggioriginal.com\/sl\/wp-json\/wp\/v2\/users\/1"}],"replies":[{"embeddable":true,"href":"https:\/\/ziggioriginal.com\/sl\/wp-json\/wp\/v2\/comments?post=4436"}],"version-history":[{"count":7,"href":"https:\/\/ziggioriginal.com\/sl\/wp-json\/wp\/v2\/pages\/4436\/revisions"}],"predecessor-version":[{"id":9444,"href":"https:\/\/ziggioriginal.com\/sl\/wp-json\/wp\/v2\/pages\/4436\/revisions\/9444"}],"wp:attachment":[{"href":"https:\/\/ziggioriginal.com\/sl\/wp-json\/wp\/v2\/media?parent=4436"}],"curies":[{"name":"wp","href":"https:\/\/api.w.org\/{rel}","templated":true}]}}