{"id":4970,"date":"2023-08-09T12:22:04","date_gmt":"2023-08-09T12:22:04","guid":{"rendered":"https:\/\/ziggioriginal.com\/avviso-legale\/"},"modified":"2025-01-14T10:25:25","modified_gmt":"2025-01-14T10:25:25","slug":"avviso-legale","status":"publish","type":"page","link":"https:\/\/ziggioriginal.com\/it\/avviso-legale\/","title":{"rendered":"Avviso legale"},"content":{"rendered":"\n<div class=\"row\"  id=\"row-767213453\">\n\n\n\t<div id=\"col-2064461857\" class=\"col small-12 large-12\"  >\n\t\t\t\t<div class=\"col-inner\"  >\n\t\t\t\n\t\t\t<h1>Avviso legale<\/h1>\r\n<p>Caro visitatore,<\/p>\r\n<p>Questo sito web \u00e8 il sito ufficiale della societ\u00e0 Ziggi d.o.o., Arkova ulica 1, 1000 Lubiana, Slovenia, UE (&#8220;Ziggi&#8221;). Ti ringraziamo per aver visitato il nostro sito web e speriamo che tu abbia un&#8217;esperienza piacevole navigandolo. Per garantire un uso corretto e una comprensione dei materiali pubblicati sul sito e di tutti i suoi contenuti, ti chiediamo gentilmente di leggere e prendere visione dell&#8217;avviso sottostante.<\/p>\r\n<p>Le informazioni su questo sito sono soggette al disclaimer, all&#8217;avviso sul copyright e alle informazioni sulla protezione dei dati personali come previsto di seguito. Entrando e utilizzando il sito web Ziggi (&#8220;ziggioriginal.com&#8221;) o una sua parte, accetti i termini e le condizioni contenuti in questo avviso legale. Nel caso in cui non dovessi essere d&#8217;accordo, in tutto o in parte, ti consigliamo di non navigare o utilizzare il sito web Ziggi.<\/p>\r\n<h2>Disclaimer<\/h2>\r\n<p>Tutte le informazioni presenti nel sito web Ziggi sono destinate solo a scopi informativi e non sono intese a costituire effetti legali, salvo esplicita indicazione contraria. Le informazioni su questo sito non devono essere intese in alcun modo come un&#8217;offerta da parte di Ziggi.<\/p>\r\n<p>Ziggi si impegna a fornire informazioni aggiornate e accurate sul sito. Nel caso in cui le informazioni dovessero comunque contenere errori e imprecisioni, Ziggi non accetta alcuna responsabilit\u00e0 o obbligo in merito a tali informazioni. Sebbene Ziggi cerchi di ridurre al minimo i disagi causati da errori tecnici, non \u00e8 possibile eliminarli completamente. Ziggi non si assume alcuna responsabilit\u00e0 per danni causati dal funzionamento, malfunzionamento, non funzionamento o non accessibilit\u00e0 di questo sito web. Ziggi pu\u00f2 spostare, modificare o rimuovere il suo sito web, parzialmente o integralmente, a sua discrezione in qualsiasi momento e senza alcun preavviso o notifica.<\/p>\r\n<p>Ziggi non \u00e8 responsabile per le conseguenze di ci\u00f2. Alcuni dei prodotti, le informazioni sui prodotti e le loro rappresentazioni sul sito sono fornite solo a scopo informativo. Possono esserci discrepanze tra l&#8217;aspetto del prodotto sul sito e quello reale. Non tutti i prodotti sono disponibili in tutti i paesi e in alcuni paesi potrebbero essere disponibili solo con specifiche o configurazioni particolari. Per informazioni precise su specifici prodotti o sulla loro disponibilit\u00e0 e specifiche in ciascun paese, ti invitiamo a contattare Ziggi o il rivenditore autorizzato Ziggi locale. Ziggi si riserva esplicitamente il diritto di modificare il design, le attrezzature e le specifiche di consegna a sua discrezione, senza preavviso.<\/p>\r\n<p>Il sito web di Ziggi pu\u00f2 contenere collegamenti ad altri siti web. Ziggi non si assume alcuna responsabilit\u00e0 per i contenuti, l&#8217;accuratezza, la disponibilit\u00e0, la sicurezza o qualsiasi altro aspetto di tali siti web, entrati tramite un link esterno sul sito web di Ziggi.<\/p>\r\n<p>Questo disclaimer non ha l&#8217;intento di limitare la responsabilit\u00e0 di Ziggi nei casi in cui Ziggi violi i requisiti previsti dalle leggi applicabili, n\u00e9 di escludere la sua responsabilit\u00e0 laddove non possa essere esclusa secondo la legge applicabile.<\/p>\r\n<h2>Avviso sui diritti d&#8217;autore e altri diritti<\/h2>\r\n<p>Tutti i contenuti del sito web, compresi, ma non limitati a testo, grafica, immagini, fotografie, file (video, suono, animazione o altri) e il loro layout sul sito web Ziggi sono soggetti a protezione sotto il diritto d&#8217;autore, la propriet\u00e0 industriale e\/o altri diritti. I marchi rappresentati sul sito web Ziggi, inclusi i loghi aziendali e gli emblemi, sono soggetti a diritti d&#8217;autore, nonch\u00e9 diritti sui marchi di Ziggi o di terzi che autorizzano Ziggi a utilizzarli.<\/p>\r\n<p>Ogni riproduzione, manipolazione tecnica o altre modifiche, traduzioni o altri utilizzi dei materiali su questo sito sono vietati senza il preventivo consenso scritto esplicito di Ziggi. I materiali promozionali pubblicati sul sito sono destinati esclusivamente al tuo uso privato e non possono essere utilizzati o distribuiti altrimenti o per scopi commerciali senza il consenso scritto esplicito di Ziggi. Nei casi in cui \u00e8 necessario ottenere il consenso preventivo per l&#8217;uso dei materiali, tale consenso annulla il consenso generale incluso in questo avviso e indicher\u00e0 chiaramente eventuali restrizioni sull&#8217;uso. In ogni caso, i suddetti materiali non possono essere modificati in alcun modo e devono includere il riconoscimento della fonte e le informazioni sui diritti d&#8217;autore e\/o altri diritti di Ziggi.<\/p>\r\n<h2>Protezione dei dati personali \u2013 Regolamento Generale sulla Protezione dei Dati<\/h2>\r\n<p>Il 27 aprile 2016, l&#8217;Unione Europea (UE) ha adottato il Regolamento Generale sulla Protezione dei Dati (UE 2016\/679, di seguito: Regolamento), spesso abbreviato in GDPR. Di seguito presentiamo alcune informazioni di base sul Regolamento.<\/p>\r\n<p>Accettando queste regole, ogni utente del sito web ZIGGI d.o.o. approva l&#8217;uso e il trattamento dei dati personali e di altri dati forniti per il funzionamento del sito web ZIGGI d.o.o. e l&#8217;invio di e-mail. Il titolare del trattamento si impegna a utilizzare questi dati solo per lo scopo per cui sono stati ottenuti. Registrandoti, l&#8217;utente viene informato sul trattamento dei dati personali e concede il proprio consenso al trattamento e alla conservazione dei dati personali da parte del titolare fino al loro ritiro. I dati sull&#8217;utente sono trattati e conservati in modo specifico e per la durata con uno scopo legittimo. Il titolare garantisce la privacy dei dati personali e tratta tali dati in conformit\u00e0 con la Legge sulla Protezione dei Dati Personali (ZVOP-1 e ZVOP-2) e il Regolamento Generale sulla Protezione dei Dati (GDPR). Il titolare del trattamento dei dati personali \u00e8 l&#8217;amministratore del sito web, ZIGGI d.o.o., Arkova ulica 1, Lubiana. Il titolare non divulga i dati personali a terzi, salvo quando necessario, specificamente per il re-marketing e la pubblicit\u00e0 su vari social network e altri siti web che offrono questo servizio. L&#8217;amministratore del sito web ZIGGI d.o.o. si riserva il diritto di trasmettere i dati su un utente alle autorit\u00e0 pubbliche se le autorit\u00e0 pubbliche intraprendono procedimenti contro l&#8217;utente specifico per sospetto di violazione della legislazione applicabile.<\/p>\r\n<p>Il Regolamento e le sue disposizioni sono destinati principalmente a definire il quadro di protezione dei dati personali per le organizzazioni che trattano, cio\u00e8 raccolgono, elaborano, trasferiscono o conservano tali dati.<\/p>\r\n<p>Presso ZIGGI d.o.o. rispettiamo attentamente i diritti garantiti agli individui dal Regolamento:<\/p>\r\n<ul>\r\n<li>accesso ai dati personali<\/li>\r\n<li>correzione dei dati personali<\/li>\r\n<li>cancellazione o &#8220;diritto all&#8217;oblio&#8221;<\/li>\r\n<li>limitazione del trattamento<\/li>\r\n<li>diritto di opposizione<\/li>\r\n<li>diritto alla portabilit\u00e0 dei dati<\/li>\r\n<\/ul>\r\n<p>Soprattutto, avvertiamo e chiediamo a tutti i nostri utenti di rispettare il limite di et\u00e0 previsto dalla legge, in particolare per i minorenni:<br \/>Ziggi d.o.o. consiglia vivamente ai genitori e tutori di insegnare ai propri figli come gestire in modo sicuro e responsabile i dati personali su Internet. I minorenni non dovrebbero inserire dati personali sul sito web di Ziggi d.o.o. senza il permesso dei loro genitori o tutori. Ziggi d.o.o. non raccoglier\u00e0 mai intenzionalmente dati personali su minorenni n\u00e9 li utilizzer\u00e0 o li divulgher\u00e0 in alcun modo a terzi senza il loro consenso.<\/p>\r\n<p>Come parte dell&#8217;assicurare la conformit\u00e0 con il Regolamento, ZIGGI d.o.o. ha adottato e sta implementando quotidianamente tutte le misure tecniche e organizzative necessarie per garantire il rispetto delle disposizioni e dei requisiti del Regolamento e degli standard definiti dalle migliori pratiche in materia di sicurezza delle informazioni.<\/p>\r\n<h2>Legge applicabile<\/h2>\r\n<p>Questo sito web (compreso questo Avviso Legale) sar\u00e0 regolato dalla legge slovena. I tribunali sloveni avranno giurisdizione esclusiva su qualsiasi controversia derivante da questo sito.<\/p>\r\n<p>Ti invitiamo a segnalarci eventuali errori o imprecisioni sul nostro sito web, nonch\u00e9 a porci qualsiasi domanda in relazione a questo Avviso Legale, all&#8217;indirizzo info@ziggipapers.com o a uno degli altri contatti forniti.<\/p>\r\n\t\t<\/div>\n\t\t\t\t\t<\/div>\n\n\t\n\n<\/div>\n\n","protected":false},"excerpt":{"rendered":"","protected":false},"author":1,"featured_media":0,"parent":0,"menu_order":0,"comment_status":"closed","ping_status":"closed","template":"","meta":{"footnotes":""},"class_list":["post-4970","page","type-page","status-publish","hentry"],"_links":{"self":[{"href":"https:\/\/ziggioriginal.com\/it\/wp-json\/wp\/v2\/pages\/4970","targetHints":{"allow":["GET"]}}],"collection":[{"href":"https:\/\/ziggioriginal.com\/it\/wp-json\/wp\/v2\/pages"}],"about":[{"href":"https:\/\/ziggioriginal.com\/it\/wp-json\/wp\/v2\/types\/page"}],"author":[{"embeddable":true,"href":"https:\/\/ziggioriginal.com\/it\/wp-json\/wp\/v2\/users\/1"}],"replies":[{"embeddable":true,"href":"https:\/\/ziggioriginal.com\/it\/wp-json\/wp\/v2\/comments?post=4970"}],"version-history":[{"count":1,"href":"https:\/\/ziggioriginal.com\/it\/wp-json\/wp\/v2\/pages\/4970\/revisions"}],"predecessor-version":[{"id":4971,"href":"https:\/\/ziggioriginal.com\/it\/wp-json\/wp\/v2\/pages\/4970\/revisions\/4971"}],"wp:attachment":[{"href":"https:\/\/ziggioriginal.com\/it\/wp-json\/wp\/v2\/media?parent=4970"}],"curies":[{"name":"wp","href":"https:\/\/api.w.org\/{rel}","templated":true}]}}