{"id":4965,"date":"2023-08-09T12:00:38","date_gmt":"2023-08-09T12:00:38","guid":{"rendered":"https:\/\/ziggioriginal.com\/marchio\/"},"modified":"2025-01-14T13:05:44","modified_gmt":"2025-01-14T13:05:44","slug":"marchio","status":"publish","type":"page","link":"https:\/\/ziggioriginal.com\/it\/marchio\/","title":{"rendered":"Marchio"},"content":{"rendered":"\n\n  <div class=\"banner has-hover\" id=\"banner-2012249422\">\n          <div class=\"banner-inner fill\">\n        <div class=\"banner-bg fill\" >\n            <img loading=\"lazy\" decoding=\"async\" width=\"1020\" height=\"680\" src=\"https:\/\/ziggioriginal.com\/wp-content\/uploads\/2023\/08\/Ziggi_Classic_ITAL-3899-1024x683.jpg\" class=\"bg attachment-large size-large\" alt=\"\" \/>                        <div class=\"overlay\"><\/div>            \n                    <\/div>\n\t\t\n        <div class=\"banner-layers container\">\n            <div class=\"fill banner-link\"><\/div>            \n\n   <div id=\"text-box-1502092212\" class=\"text-box banner-layer x50 md-x95 lg-x95 y50 md-y50 lg-y50 res-text\">\n                                <div class=\"text-box-content text dark\">\n              \n              <div class=\"text-inner text-right\">\n                  \n\n<h4><span data-text-color=\"secondary\">Scopri Ziggi<\/span><\/h4>\n<h2 style=\"text-align: right;\">Radicato nell&#8217;autenticit\u00e0, guidato dall&#8217;innovazione<\/span><\/h2>\n<p><span data-text-color=\"secondary\" style=\"font-size: 12pt;\">Benvenuto in ZIGGI, un marchio che incarna l&#8217;energia vibrante dello spirito roots e promuove l&#8217;arte dell&#8217;artigianato.<\/span><\/p>\n<a href=\"#scopri-di-piu-sul-marchio\" class=\"button primary\"  style=\"border-radius:99px;\">\n\t\t<span>Scopri di pi\u00f9 su di noi<\/span>\n\t<\/a>\n\n\n\n              <\/div>\n           <\/div>\n                            \n<style>\n#text-box-1502092212 .text-box-content {\n  background-color: rgba(0, 0, 0, 0.395);\n  font-size: 100%;\n}\n#text-box-1502092212 .text-inner {\n  padding: 30px 30px 30px 30px;\n}\n#text-box-1502092212 {\n  width: 88%;\n}\n@media (min-width:550px) {\n  #text-box-1502092212 {\n    width: 76%;\n  }\n}\n@media (min-width:850px) {\n  #text-box-1502092212 {\n    width: 63%;\n  }\n}\n<\/style>\n    <\/div>\n \n\n        <\/div>\n      <\/div>\n\n            \n<style>\n#banner-2012249422 {\n  padding-top: 500px;\n}\n#banner-2012249422 .overlay {\n  background-color: rgba(27, 27, 27, 0.5);\n}\n#banner-2012249422 .banner-bg img {\n  object-position: 21% 67%;\n}\n<\/style>\n  <\/div>\n\n\n<span class=\"scroll-to\" data-label=\"Scroll to: #scopri-di-piu-sul-marchio\" data-bullet=\"false\" data-link=\"#scopri-di-piu-sul-marchio\" data-title=\"Scopri di piu sul marchio\" ><a name=\"scopri-di-piu-sul-marchio\"><\/a><\/span>\n\n<div class=\"row\"  id=\"row-1674019726\">\n\n\n\t<div id=\"col-1484674500\" class=\"col small-12 large-12\"  >\n\t\t\t\t<div class=\"col-inner\"  >\n\t\t\t\n\t\t\t\n\n  <div class=\"banner-grid-wrapper\">\n  <div id=\"banner-grid-524621878\" class=\"banner-grid row row-grid row-small row-box-shadow-1\" data-packery-options=\"\">\n                      \n\n<div class=\"col grid-col small-13 large-8 grid-col-1-2\" ><div class=\"col-inner\">\n\n\n  <div class=\"banner has-hover bg-zoom\" id=\"banner-2043926281\">\n          <div class=\"banner-inner fill\">\n        <div class=\"banner-bg fill\" >\n            <img loading=\"lazy\" decoding=\"async\" width=\"640\" height=\"640\" src=\"https:\/\/ziggioriginal.com\/wp-content\/uploads\/2023\/08\/Ziggi-Man-Kiosk.jpg\" class=\"bg attachment-large size-large\" alt=\"\" \/>                        <div class=\"overlay\"><\/div>            \n                    <\/div>\n\t\t\n        <div class=\"banner-layers container\">\n            <div class=\"fill banner-link\"><\/div>            \n\n   <div id=\"text-box-1295069490\" class=\"text-box banner-layer x50 md-x5 lg-x5 y95 md-y50 lg-y50 res-text\">\n                     <div data-animate=\"fadeInLeft\">           <div class=\"text-box-content text dark\">\n              \n              <div class=\"text-inner text-left\">\n                  \n\n<h2 style=\"text-align: left;\"><span data-text-color=\"primary\"><strong>LE NOSTRE RADICI<\/strong><\/span><\/h2>\n<p class=\"lead\" style=\"text-align: left;\"><span style=\"font-weight: 400; font-size: 12pt;\">Nato nel 1991 dalla passione per la qualit\u00e0 e l&#8217;innovazione, ZIGGI \u00e8 cresciuto da un&#8217;idea a una vera e propria fenomeno culturale.<\/span><\/p>\n<a href=\"https:\/\/ziggioriginal.com\/it\/radici-e-origini\/\" class=\"button primary\"  style=\"border-radius:99px;\">\n\t\t<span>Scopri la nostra eredit\u00e0<\/span>\n\t<\/a>\n\n\n\n              <\/div>\n           <\/div>\n       <\/div>                     \n<style>\n#text-box-1295069490 .text-inner {\n  padding: 15px 15px 15px 15px;\n}\n#text-box-1295069490 {\n  width: 90%;\n}\n#text-box-1295069490 .text-box-content {\n  font-size: 102%;\n}\n@media (min-width:550px) {\n  #text-box-1295069490 {\n    width: 58%;\n  }\n}\n<\/style>\n    <\/div>\n \n\n        <\/div>\n      <\/div>\n\n            \n<style>\n#banner-2043926281 {\n  padding-top: 500px;\n}\n#banner-2043926281 .overlay {\n  background-color: rgba(49, 39, 39, 0.5);\n}\n#banner-2043926281 .banner-bg img {\n  object-position: 45% 48%;\n}\n<\/style>\n  <\/div>\n\n\n\n<\/div><\/div>\n<div class=\"col grid-col small-13 large-4 grid-col-1-2\" ><div class=\"col-inner\">\n\n\n  <div class=\"banner has-hover bg-zoom\" id=\"banner-1404117645\">\n          <div class=\"banner-inner fill\">\n        <div class=\"banner-bg fill\" >\n            <img loading=\"lazy\" decoding=\"async\" width=\"473\" height=\"1024\" src=\"https:\/\/ziggioriginal.com\/wp-content\/uploads\/2024\/06\/plaza-ziggi-473x1024.jpg\" class=\"bg attachment-large size-large\" alt=\"\" \/>                        <div class=\"overlay\"><\/div>            \n                    <\/div>\n\t\t\n        <div class=\"banner-layers container\">\n            <div class=\"fill banner-link\"><\/div>            \n\n   <div id=\"text-box-862626013\" class=\"text-box banner-layer x50 md-x50 lg-x50 y50 md-y50 lg-y50 res-text\">\n                                <div class=\"text-box-content text dark\">\n              \n              <div class=\"text-inner text-right\">\n                  \n\n\t<div id=\"text-2948517129\" class=\"text\">\n\t\t\n\n<h2 style=\"text-align: right;\"><span data-text-color=\"primary\">VISIONE<\/span><\/h2>\r\n<p style=\"text-align: right; font-size: 12pt;\">La nostra missione \u00e8 offrire cartine premium, mentre la nostra visione \u00e8 essere un marchio che rappresenta qualit\u00e0, creativit\u00e0 e sostenibilit\u00e0.<\/p>\n\t\t\n<style>\n#text-2948517129 {\n  font-size: 0.85rem;\n  text-align: right;\n}\n<\/style>\n\t<\/div>\n\t\n<a href=\"https:\/\/ziggioriginal.com\/it\/missione-e-visione\/\" class=\"button primary is-large\"  style=\"border-radius:99px;\">\n\t\t<span>Scopri il nostro scopo<\/span>\n\t<\/a>\n\n\n\n              <\/div>\n           <\/div>\n                            \n<style>\n#text-box-862626013 .text-inner {\n  padding: 10px 10px 10px 10px;\n}\n#text-box-862626013 {\n  width: 79%;\n}\n#text-box-862626013 .text-box-content {\n  font-size: 100%;\n}\n<\/style>\n    <\/div>\n \n\n        <\/div>\n      <\/div>\n\n            \n<style>\n#banner-1404117645 {\n  padding-top: 500px;\n}\n#banner-1404117645 .overlay {\n  background-color: rgba(59, 50, 50, 0.5);\n}\n#banner-1404117645 .banner-bg img {\n  object-position: 61% 46%;\n}\n<\/style>\n  <\/div>\n\n\n\n<\/div><\/div>\n<div class=\"col grid-col small-15 large-12 grid-col-1-2\" ><div class=\"col-inner\">\n\n\n  <div class=\"banner has-hover bg-zoom\" id=\"banner-311675190\">\n          <div class=\"banner-inner fill\">\n        <div class=\"banner-bg fill\" >\n            <img loading=\"lazy\" decoding=\"async\" width=\"1020\" height=\"924\" src=\"https:\/\/ziggioriginal.com\/wp-content\/uploads\/2023\/08\/20230831_122109-Copy-Copy-1024x928.jpg\" class=\"bg attachment-large size-large\" alt=\"\" \/>                        <div class=\"overlay\"><\/div>            \n                    <\/div>\n\t\t\n        <div class=\"banner-layers container\">\n            <div class=\"fill banner-link\"><\/div>            \n\n   <div id=\"text-box-174268674\" class=\"text-box banner-layer x50 md-x95 lg-x95 y50 md-y85 lg-y85 res-text\">\n                     <div data-animate=\"fadeInLeft\">           <div class=\"text-box-content text \">\n              \n              <div class=\"text-inner text-left\">\n                  \n\n\t<div id=\"text-985281914\" class=\"text\">\n\t\t\n\n<h2 style=\"font-size: 20pt;\"><span data-text-color=\"primary\">PRODUZIONE<\/span><\/h2>\r\n<p style=\"font-size: 12pt;\">Ogni prodotto ZIGGI \u00e8 una testimonianza di artigianato. Dalla selezione dei materiali all&#8217;interno dell&#8217;UE all&#8217;impiego di tecnologie di produzione all&#8217;avanguardia, ci assicuriamo che ogni dettaglio conti.<\/p>\n\t\t\n<style>\n#text-985281914 {\n  font-size: 0.85rem;\n  color: rgb(255,255,255);\n}\n#text-985281914 > * {\n  color: rgb(255,255,255);\n}\n<\/style>\n\t<\/div>\n\t\n<a href=\"https:\/\/ziggioriginal.com\/it\/produzione\/\" class=\"button primary\"  style=\"border-radius:99px;\">\n\t\t<span>Scopri il nostro artigianato<\/span>\n\t<\/a>\n\n\n\n              <\/div>\n           <\/div>\n       <\/div>                     \n<style>\n#text-box-174268674 .text-inner {\n  padding: 15px 15px 15px 15px;\n}\n#text-box-174268674 {\n  width: 84%;\n}\n#text-box-174268674 .text-box-content {\n  font-size: 100%;\n}\n@media (min-width:550px) {\n  #text-box-174268674 {\n    width: 84%;\n  }\n}\n@media (min-width:850px) {\n  #text-box-174268674 {\n    width: 85%;\n  }\n}\n<\/style>\n    <\/div>\n \n\n        <\/div>\n      <\/div>\n\n            \n<style>\n#banner-311675190 {\n  padding-top: 500px;\n}\n#banner-311675190 .overlay {\n  background-color: rgba(0, 0, 0, 0.337);\n}\n#banner-311675190 .banner-bg img {\n  object-position: 66% 22%;\n}\n<\/style>\n  <\/div>\n\n\n\n<\/div><\/div>\n\n            <\/div>\n    <style>\n    #banner-grid-524621878 .grid-col-1{height: 666px}\n    #banner-grid-524621878 .grid-col-1-2{height: 333px}\n    #banner-grid-524621878 .grid-col-1-3{height:222px}\n    #banner-grid-524621878 .grid-col-2-3{height: 444px}\n    #banner-grid-524621878 .grid-col-1-4{height: 166.5px}\n    #banner-grid-524621878 .grid-col-3-4{height: 499.5px}\n\n\n    \n    \n\n  <\/style>\n    <\/div>\n  \n\n\t\t<\/div>\n\t\t\t\t\t<\/div>\n\n\t\n\n<\/div>\n\n","protected":false},"excerpt":{"rendered":"","protected":false},"author":1,"featured_media":0,"parent":0,"menu_order":0,"comment_status":"closed","ping_status":"closed","template":"page-blank.php","meta":{"footnotes":""},"class_list":["post-4965","page","type-page","status-publish","hentry"],"_links":{"self":[{"href":"https:\/\/ziggioriginal.com\/it\/wp-json\/wp\/v2\/pages\/4965","targetHints":{"allow":["GET"]}}],"collection":[{"href":"https:\/\/ziggioriginal.com\/it\/wp-json\/wp\/v2\/pages"}],"about":[{"href":"https:\/\/ziggioriginal.com\/it\/wp-json\/wp\/v2\/types\/page"}],"author":[{"embeddable":true,"href":"https:\/\/ziggioriginal.com\/it\/wp-json\/wp\/v2\/users\/1"}],"replies":[{"embeddable":true,"href":"https:\/\/ziggioriginal.com\/it\/wp-json\/wp\/v2\/comments?post=4965"}],"version-history":[{"count":5,"href":"https:\/\/ziggioriginal.com\/it\/wp-json\/wp\/v2\/pages\/4965\/revisions"}],"predecessor-version":[{"id":5041,"href":"https:\/\/ziggioriginal.com\/it\/wp-json\/wp\/v2\/pages\/4965\/revisions\/5041"}],"wp:attachment":[{"href":"https:\/\/ziggioriginal.com\/it\/wp-json\/wp\/v2\/media?parent=4965"}],"curies":[{"name":"wp","href":"https:\/\/api.w.org\/{rel}","templated":true}]}}