{"id":4958,"date":"2023-08-09T12:02:52","date_gmt":"2023-08-09T12:02:52","guid":{"rendered":"https:\/\/ziggioriginal.com\/home\/"},"modified":"2025-01-23T09:56:03","modified_gmt":"2025-01-23T09:56:03","slug":"home","status":"publish","type":"page","link":"https:\/\/ziggioriginal.com\/it\/","title":{"rendered":"Home"},"content":{"rendered":"\n\n  <div class=\"banner has-hover show-for-small has-parallax\" id=\"banner-2021073014\">\n          <div class=\"banner-inner fill\">\n        <div class=\"banner-bg fill\" data-parallax=\"-1\" data-parallax-container=\".banner\" data-parallax-background>\n            <img loading=\"lazy\" decoding=\"async\" width=\"2048\" height=\"2046\" src=\"https:\/\/ziggioriginal.com\/wp-content\/uploads\/2024\/10\/perfect-rolling-ritual-2048x2046.webp\" class=\"bg attachment-2048x2048 size-2048x2048\" alt=\"\" \/>                        <div class=\"overlay\"><\/div>            \n                    <\/div>\n\t\t\n        <div class=\"banner-layers container\">\n            <div class=\"fill banner-link\"><\/div>            \n\n   <div id=\"text-box-1373436949\" class=\"text-box banner-layer x50 md-x95 lg-x100 y15 md-y20 lg-y20 res-text\">\n                                <div class=\"text-box-content text dark\">\n              \n              <div class=\"text-inner text-left\">\n                  \n\n\t<div id=\"text-3512358799\" class=\"text\">\n\t\t\n\n<h1>Creato per<\/h1>\r\n<h1>Il rito perfetto<\/h1>\r\n<h3><span data-text-color=\"primary\">Pionieri dal 1991<\/span><\/h3>\r\n<p>\u00a0<\/p>\n\t\t\n<style>\n#text-3512358799 {\n  text-align: left;\n  color: rgb(255, 255, 255);\n}\n#text-3512358799 > * {\n  color: rgb(255, 255, 255);\n}\n<\/style>\n\t<\/div>\n\t\n<a href=\"https:\/\/ziggioriginal.com\/products\/\" class=\"button primary\"  style=\"border-radius:10px;\">\n\t\t<span>PRODOTTI<\/span>\n\t<\/a>\n\n\n<a href=\"https:\/\/ziggioriginal.com\/about\/\" class=\"button white is-outline\"  style=\"border-radius:10px;\">\n\t\t<span>MARCHIO ZIGGI<\/span>\n\t<\/a>\n\n\n\n              <\/div>\n           <\/div>\n                            \n<style>\n#text-box-1373436949 .text-box-content {\n  background-color: rgba(0, 0, 0, 0.395);\n  font-size: 100%;\n}\n#text-box-1373436949 .text-inner {\n  padding: 30px 30px 30px 30px;\n}\n#text-box-1373436949 {\n  width: 81%;\n}\n@media (min-width:550px) {\n  #text-box-1373436949 {\n    width: 43%;\n  }\n}\n<\/style>\n    <\/div>\n \n\n        <\/div>\n      <\/div>\n\n            \n<style>\n#banner-2021073014 {\n  padding-top: 568px;\n}\n#banner-2021073014 .overlay {\n  background-color: rgba(0,0,0,.5);\n}\n#banner-2021073014 .banner-bg img {\n  object-position: 42% 82%;\n}\n@media (min-width:550px) {\n  #banner-2021073014 {\n    padding-top: 840px;\n  }\n}\n<\/style>\n  <\/div>\n\n\n\n  <div class=\"banner has-hover hide-for-small has-parallax\" id=\"banner-1142617189\">\n          <div class=\"banner-inner fill\">\n        <div class=\"banner-bg fill\" data-parallax=\"-1\" data-parallax-container=\".banner\" data-parallax-background>\n            <img loading=\"lazy\" decoding=\"async\" width=\"2048\" height=\"2046\" src=\"https:\/\/ziggioriginal.com\/wp-content\/uploads\/2024\/10\/perfect-rolling-ritual-2048x2046.webp\" class=\"bg attachment-2048x2048 size-2048x2048\" alt=\"\" \/>                        <div class=\"overlay\"><\/div>            \n                    <\/div>\n\t\t\n        <div class=\"banner-layers container\">\n            <div class=\"fill banner-link\"><\/div>            \n\n   <div id=\"text-box-1961478213\" class=\"text-box banner-layer x50 md-x95 lg-x100 y15 md-y20 lg-y20 res-text\">\n                                <div class=\"text-box-content text dark\">\n              \n              <div class=\"text-inner text-left\">\n                  \n\n\t<div id=\"text-139287554\" class=\"text\">\n\t\t\n\n<h1>Creato per<\/h1>\n<h1>il rito perfetto<\/h1>\n<h3><span data-text-color=\"primary\">Pionieri dal 1991<\/span><\/h3>\n<p>\u00a0<\/p>\n\n\t\t\n<style>\n#text-139287554 {\n  text-align: left;\n  color: rgb(255, 255, 255);\n}\n#text-139287554 > * {\n  color: rgb(255, 255, 255);\n}\n<\/style>\n\t<\/div>\n\t\n<a href=\"https:\/\/ziggioriginal.com\/it\/prodotti\/\" class=\"button primary\"  style=\"border-radius:10px;\">\n\t\t<span>PRODOTTI<\/span>\n\t<\/a>\n\n\n<a href=\"https:\/\/ziggioriginal.com\/it\/marchio\/\" class=\"button white is-outline\"  style=\"border-radius:10px;\">\n\t\t<span>MARCHIO ZIGGI<\/span>\n\t<\/a>\n\n\n\n              <\/div>\n           <\/div>\n                            \n<style>\n#text-box-1961478213 .text-box-content {\n  background-color: rgba(0, 0, 0, 0.395);\n  font-size: 100%;\n}\n#text-box-1961478213 .text-inner {\n  padding: 30px 30px 30px 30px;\n}\n#text-box-1961478213 {\n  width: 81%;\n}\n@media (min-width:550px) {\n  #text-box-1961478213 {\n    width: 43%;\n  }\n}\n<\/style>\n    <\/div>\n \n\n        <\/div>\n      <\/div>\n\n            \n<style>\n#banner-1142617189 {\n  padding-top: 568px;\n}\n#banner-1142617189 .overlay {\n  background-color: rgba(0,0,0,.5);\n}\n#banner-1142617189 .banner-bg img {\n  object-position: 48% 66%;\n}\n@media (min-width:550px) {\n  #banner-1142617189 {\n    padding-top: 889px;\n  }\n}\n<\/style>\n  <\/div>\n\n\n\n  <div class=\"banner has-hover has-parallax\" id=\"banner-496164352\">\n          <div class=\"banner-inner fill\">\n        <div class=\"banner-bg fill\" data-parallax=\"-1\" data-parallax-container=\".banner\" data-parallax-background>\n            <img loading=\"lazy\" decoding=\"async\" width=\"640\" height=\"480\" src=\"https:\/\/ziggioriginal.com\/wp-content\/uploads\/2024\/10\/14704937_1791875384426261_5551428771212427264_n-1-1.webp\" class=\"bg attachment-2048x2048 size-2048x2048\" alt=\"\" \/>                        <div class=\"overlay\"><\/div>            \n                    <\/div>\n\t\t\n        <div class=\"banner-layers container\">\n            <div class=\"fill banner-link\"><\/div>            \n\n   <div id=\"text-box-1047317860\" class=\"text-box banner-layer x50 md-x5 lg-x0 y50 md-y90 lg-y90 res-text\">\n                                <div class=\"text-box-content text dark\">\n              \n              <div class=\"text-inner text-left\">\n                  \n\n\t<div id=\"text-210347334\" class=\"text\">\n\t\t\n\n<h4><span data-text-color=\"secondary\">Chi siamo<\/span><\/h4>\r\n<h2>Nati dall&#8217;<\/h2>\r\n<h2>energia urbana<\/h2>\r\n<h2>e dalla cultura di strada<\/h2>\r\n<p><span data-text-color=\"secondary\" style=\"font-size: 12pt;\">Non creiamo solo prodotti\u2014facciamo dichiarazioni. Oltre a ci\u00f2 che indossi o usi, ZIGGI rappresenta ci\u00f2 in cui credi, collaborando con artisti e amplificando voci che devono essere ascoltate.<\/span><\/p>\n\t\t\n<style>\n#text-210347334 {\n  text-align: left;\n  color: rgb(255, 255, 255);\n}\n#text-210347334 > * {\n  color: rgb(255, 255, 255);\n}\n<\/style>\n\t<\/div>\n\t\n<a href=\"https:\/\/ziggioriginal.com\/it\/marchio\/\" class=\"button primary\"  style=\"border-radius:10px;\">\n\t\t<span>Scopri di pi\u00f9 su di noi<\/span>\n\t<\/a>\n\n\n\n              <\/div>\n           <\/div>\n                            \n<style>\n#text-box-1047317860 .text-box-content {\n  background-color: rgba(0, 0, 0, 0.395);\n  font-size: 100%;\n}\n#text-box-1047317860 .text-inner {\n  padding: 30px 30px 30px 30px;\n}\n#text-box-1047317860 {\n  width: 81%;\n}\n@media (min-width:550px) {\n  #text-box-1047317860 {\n    width: 43%;\n  }\n}\n<\/style>\n    <\/div>\n \n\n        <\/div>\n      <\/div>\n\n            \n<style>\n#banner-496164352 {\n  padding-top: 840px;\n}\n#banner-496164352 .overlay {\n  background-color: rgba(0,0,0,.5);\n}\n#banner-496164352 .banner-bg img {\n  object-position: 81% 33%;\n}\n<\/style>\n  <\/div>\n\n\n\n  <div class=\"banner has-hover has-parallax\" id=\"banner-441942303\">\n          <div class=\"banner-inner fill\">\n        <div class=\"banner-bg fill\" data-parallax=\"-1\" data-parallax-container=\".banner\" data-parallax-background>\n            <img loading=\"lazy\" decoding=\"async\" width=\"1303\" height=\"1041\" src=\"https:\/\/ziggioriginal.com\/wp-content\/uploads\/2024\/10\/MKP_9412-2048x1365-1-e1729147832340.webp\" class=\"bg attachment-original size-original\" alt=\"\" \/>                        <div class=\"overlay\"><\/div>            \n                    <\/div>\n\t\t\n        <div class=\"banner-layers container\">\n            <div class=\"fill banner-link\"><\/div>            \n\n   <div id=\"text-box-584580284\" class=\"text-box banner-layer x50 md-x95 lg-x100 y50 md-y90 lg-y90 res-text\">\n                                <div class=\"text-box-content text dark\">\n              \n              <div class=\"text-inner text-left\">\n                  \n\n\t<div id=\"text-1727849221\" class=\"text\">\n\t\t\n\n<h4><span data-text-color=\"secondary\">I nostri essenziali<\/span><\/h4>\r\n<h2>Pionieri nella qualit\u00e0 e nell&#8217;innovazione<\/h2>\r\n<p><span style=\"font-size: 12pt;\" data-text-color=\"secondary\">Realizzati nelle Alpi con materiali premium dell&#8217;UE, i nostri prodotti uniscono l&#8217;artigianato tradizionale e la tecnologia moderna.<\/span><span style=\"font-size: 12pt;\" data-text-color=\"secondary\">Scopri l&#8217;eccezionale mondo di ZIGGI\u2014dove ogni dettaglio conta.<\/span><\/p>\n\t\t\n<style>\n#text-1727849221 {\n  text-align: left;\n  color: rgb(255, 255, 255);\n}\n#text-1727849221 > * {\n  color: rgb(255, 255, 255);\n}\n<\/style>\n\t<\/div>\n\t\n<a href=\"https:\/\/ziggioriginal.com\/it\/prodotti\/\" class=\"button primary\"  style=\"border-radius:10px;\">\n\t\t<span>Esplora la nostra collezione<\/span>\n\t<\/a>\n\n\n\n              <\/div>\n           <\/div>\n                            \n<style>\n#text-box-584580284 .text-box-content {\n  background-color: rgba(0, 0, 0, 0.552);\n  font-size: 100%;\n}\n#text-box-584580284 .text-inner {\n  padding: 30px 30px 30px 30px;\n}\n#text-box-584580284 {\n  width: 86%;\n}\n@media (min-width:550px) {\n  #text-box-584580284 {\n    width: 43%;\n  }\n}\n<\/style>\n    <\/div>\n \n\n        <\/div>\n      <\/div>\n\n            \n<style>\n#banner-441942303 {\n  padding-top: 583px;\n}\n#banner-441942303 .overlay {\n  background-color: rgba(0, 0, 0, 0);\n}\n#banner-441942303 .banner-bg img {\n  object-position: 74% 13%;\n}\n@media (min-width:550px) {\n  #banner-441942303 {\n    padding-top: 840px;\n  }\n  #banner-441942303 .overlay {\n    background-color: rgba(0,0,0,.5);\n  }\n}\n<\/style>\n  <\/div>\n\n\n\n  <div class=\"banner has-hover has-parallax\" id=\"banner-1204046831\">\n          <div class=\"banner-inner fill\">\n        <div class=\"banner-bg fill\" data-parallax=\"-1\" data-parallax-container=\".banner\" data-parallax-background>\n            <img loading=\"lazy\" decoding=\"async\" width=\"640\" height=\"640\" src=\"https:\/\/ziggioriginal.com\/wp-content\/uploads\/2024\/10\/11226778_1396970790628716_1796997731_n-1.webp\" class=\"bg attachment-2048x2048 size-2048x2048\" alt=\"\" \/>                        <div class=\"overlay\"><\/div>            \n                    <\/div>\n\t\t\n        <div class=\"banner-layers container\">\n            <div class=\"fill banner-link\"><\/div>            \n\n   <div id=\"text-box-1627333743\" class=\"text-box banner-layer x50 md-x5 lg-x0 y50 md-y90 lg-y90 res-text\">\n                                <div class=\"text-box-content text dark\">\n              \n              <div class=\"text-inner text-left\">\n                  \n\n\t<div id=\"text-1270273985\" class=\"text\">\n\t\t\n\n<h4><span data-text-color=\"secondary\">Trib\u00f9 ZIGGI<\/span><\/h4>\r\n<h2>Una comunit\u00e0 unita da autenticit\u00e0, creativit\u00e0 e cultura urbana<\/h2>\r\n<p><span data-text-color=\"secondary\" style=\"font-size: 12pt;\">La nostra trib\u00f9, da artisti a appassionati, \u00e8 una comunit\u00e0 diversificata di contributori, ognuno che aggiunge alla narrazione di ZIGGI. Unisciti a noi nel celebrare l&#8217;individualit\u00e0 e l&#8217;unit\u00e0.<\/span><\/p>\n\t\t\n<style>\n#text-1270273985 {\n  text-align: left;\n  color: rgb(255, 255, 255);\n}\n#text-1270273985 > * {\n  color: rgb(255, 255, 255);\n}\n<\/style>\n\t<\/div>\n\t\n<a href=\"https:\/\/ziggioriginal.com\/it\/creativi\/\" class=\"button primary\"  style=\"border-radius:10px;\">\n\t\t<span>Unisciti alla trib\u00f9<\/span>\n\t<\/a>\n\n\n\n              <\/div>\n           <\/div>\n                            \n<style>\n#text-box-1627333743 .text-box-content {\n  background-color: rgba(0, 0, 0, 0.395);\n  font-size: 100%;\n}\n#text-box-1627333743 .text-inner {\n  padding: 30px 30px 30px 30px;\n}\n#text-box-1627333743 {\n  width: 82%;\n}\n@media (min-width:550px) {\n  #text-box-1627333743 {\n    width: 45%;\n  }\n}\n<\/style>\n    <\/div>\n \n\n        <\/div>\n      <\/div>\n\n            \n<style>\n#banner-1204046831 {\n  padding-top: 840px;\n}\n#banner-1204046831 .overlay {\n  background-color: rgba(0,0,0,.5);\n}\n#banner-1204046831 .banner-bg img {\n  object-position: 41% 33%;\n}\n<\/style>\n  <\/div>\n\n\n\n  <div class=\"banner has-hover show-for-small has-parallax\" id=\"banner-788540703\">\n          <div class=\"banner-inner fill\">\n        <div class=\"banner-bg fill\" data-parallax=\"-1\" data-parallax-container=\".banner\" data-parallax-background>\n            <img loading=\"lazy\" decoding=\"async\" width=\"2048\" height=\"1366\" src=\"https:\/\/ziggioriginal.com\/wp-content\/uploads\/2024\/10\/Ragingfyah4.20_40-2-2048x1366-2.webp\" class=\"bg attachment-2048x2048 size-2048x2048\" alt=\"\" \/>                        <div class=\"overlay\"><\/div>            \n                    <\/div>\n\t\t\n        <div class=\"banner-layers container\">\n            <div class=\"fill banner-link\"><\/div>            \n\n   <div id=\"text-box-1012189277\" class=\"text-box banner-layer x50 md-x95 lg-x100 y50 md-y90 lg-y90 res-text\">\n                                <div class=\"text-box-content text dark\">\n              \n              <div class=\"text-inner text-left\">\n                  \n\n\t<div id=\"text-4193194707\" class=\"text\">\n\t\t\n\n<h4><span data-text-color=\"secondary\">Le nostre radici<\/span><\/h4>\r\n<h2>Pionieri della cultura dal 1991<\/h2>\r\n<p><span data-text-color=\"secondary\" style=\"font-size: 12pt;\">Ispirato dall&#8217;amore di Ziggi Man per la musica e la comunit\u00e0, il nostro marchio \u00e8 evoluto in qualcosa di pi\u00f9 di semplici prodotti\u2014\u00e8 un&#8217;eredit\u00e0 e uno stile di vita.<\/span><\/p>\n\t\t\n<style>\n#text-4193194707 {\n  text-align: left;\n  color: rgb(255, 255, 255);\n}\n#text-4193194707 > * {\n  color: rgb(255, 255, 255);\n}\n<\/style>\n\t<\/div>\n\t\n<a href=\"https:\/\/ziggioriginal.com\/roots-origin\/\" class=\"button primary\"  style=\"border-radius:10px;\">\n\t\t<span>Scopri la nostra eredit\u00e0<\/span>\n\t<\/a>\n\n\n\n              <\/div>\n           <\/div>\n                            \n<style>\n#text-box-1012189277 .text-box-content {\n  background-color: rgba(0, 0, 0, 0.395);\n  font-size: 100%;\n}\n#text-box-1012189277 .text-inner {\n  padding: 30px 30px 30px 30px;\n}\n#text-box-1012189277 {\n  width: 81%;\n}\n@media (min-width:550px) {\n  #text-box-1012189277 {\n    width: 43%;\n  }\n}\n<\/style>\n    <\/div>\n \n\n        <\/div>\n      <\/div>\n\n            \n<style>\n#banner-788540703 {\n  padding-top: 527px;\n}\n#banner-788540703 .overlay {\n  background-color: rgba(0,0,0,.5);\n}\n#banner-788540703 .banner-bg img {\n  object-position: 46% 34%;\n}\n@media (min-width:550px) {\n  #banner-788540703 {\n    padding-top: 840px;\n  }\n}\n<\/style>\n  <\/div>\n\n\n\n  <div class=\"banner has-hover hide-for-small has-parallax\" id=\"banner-1439333999\">\n          <div class=\"banner-inner fill\">\n        <div class=\"banner-bg fill\" data-parallax=\"-1\" data-parallax-container=\".banner\" data-parallax-background>\n            <img loading=\"lazy\" decoding=\"async\" width=\"2048\" height=\"1366\" src=\"https:\/\/ziggioriginal.com\/wp-content\/uploads\/2024\/10\/Ragingfyah4.20_40-2-2048x1366-2.webp\" class=\"bg attachment-2048x2048 size-2048x2048\" alt=\"\" \/>                        <div class=\"overlay\"><\/div>            \n                    <\/div>\n\t\t\n        <div class=\"banner-layers container\">\n            <div class=\"fill banner-link\"><\/div>            \n\n   <div id=\"text-box-1646932216\" class=\"text-box banner-layer x50 md-x95 lg-x100 y50 md-y90 lg-y90 res-text\">\n                                <div class=\"text-box-content text dark\">\n              \n              <div class=\"text-inner text-left\">\n                  \n\n\t<div id=\"text-1630781335\" class=\"text\">\n\t\t\n\n<h4><span data-text-color=\"secondary\">Le nostre radici<\/span><\/h4>\r\n<h2>Pionieri della cultura dal 1991<\/h2>\r\n<p><span data-text-color=\"secondary\" style=\"font-size: 12pt;\">Ispirato dall&#8217;amore di Ziggi Man per la musica e la comunit\u00e0, il nostro marchio \u00e8 evoluto in qualcosa di pi\u00f9 di semplici prodotti\u2014\u00e8 un&#8217;eredit\u00e0 e uno stile di vita.<\/span><\/p>\n\t\t\n<style>\n#text-1630781335 {\n  text-align: left;\n  color: rgb(255, 255, 255);\n}\n#text-1630781335 > * {\n  color: rgb(255, 255, 255);\n}\n<\/style>\n\t<\/div>\n\t\n<a href=\"https:\/\/ziggioriginal.com\/it\/radici-e-origini\/\" class=\"button primary\"  style=\"border-radius:10px;\">\n\t\t<span>Scopri la nostra eredit\u00e0<\/span>\n\t<\/a>\n\n\n\n              <\/div>\n           <\/div>\n                            \n<style>\n#text-box-1646932216 .text-box-content {\n  background-color: rgba(0, 0, 0, 0.395);\n  font-size: 100%;\n}\n#text-box-1646932216 .text-inner {\n  padding: 30px 30px 30px 30px;\n}\n#text-box-1646932216 {\n  width: 81%;\n}\n@media (min-width:550px) {\n  #text-box-1646932216 {\n    width: 43%;\n  }\n}\n<\/style>\n    <\/div>\n \n\n        <\/div>\n      <\/div>\n\n            \n<style>\n#banner-1439333999 {\n  padding-top: 840px;\n}\n#banner-1439333999 .overlay {\n  background-color: rgba(0,0,0,.5);\n}\n#banner-1439333999 .banner-bg img {\n  object-position: 81% 33%;\n}\n@media (min-width:550px) {\n  #banner-1439333999 {\n    padding-top: 840px;\n  }\n}\n<\/style>\n  <\/div>\n\n\n\n\t<section class=\"section dark\" id=\"section_2005429386\">\n\t\t<div class=\"section-bg fill\" >\n\t\t\t\t\t\t\t\t\t\n\t\t\t\n\n\t\t<\/div>\n\n\t\t\n\n\t\t<div class=\"section-content relative\">\n\t\t\t\n\n<div class=\"row\"  id=\"row-1246778400\">\n\n\n\t<div id=\"col-981808008\" class=\"col small-12 large-12\"  >\n\t\t\t\t<div class=\"col-inner\"  >\n\t\t\t\n\t\t\t\n\n\t<div id=\"text-2449349078\" class=\"text\">\n\t\t\n\n<p>\u00a0<\/p>\r\n<h1 class=\"uppercase\" style=\"text-align: center;\"><strong>Collaboriamo<\/strong><\/h1>\n\t\t\n<style>\n#text-2449349078 {\n  color: rgb(253, 220, 4);\n}\n#text-2449349078 > * {\n  color: rgb(253, 220, 4);\n}\n<\/style>\n\t<\/div>\n\t\n\n\t\t<\/div>\n\t\t\t\t\t<\/div>\n\n\t\n\n\t<div id=\"col-471711874\" class=\"col medium-5 small-12 large-5\"  >\n\t\t\t\t<div class=\"col-inner\"  >\n\t\t\t\n\t\t\t\n\n\t<div id=\"text-1556700558\" class=\"text\">\n\t\t\n\n<h2 style=\"text-align: center;\"><span style=\"text-decoration: underline;\">Creativi<\/span><\/h2>\r\n<p style=\"text-align: center;\"><span data-text-color=\"secondary\">Hai una passione per la cultura urbana e un talento per la creativit\u00e0? Siamo sempre alla ricerca di talenti unici che possano portare nuove prospettive al marchio ZIGGI. Creiamo qualcosa di straordinario insieme.<\/span><\/p>\n\t\t\n<style>\n#text-1556700558 {\n  color: rgb(255, 255, 255);\n}\n#text-1556700558 > * {\n  color: rgb(255, 255, 255);\n}\n<\/style>\n\t<\/div>\n\t\n<a href=\"https:\/\/ziggioriginal.com\/it\/creativi\/\" class=\"button primary expand\"  style=\"border-radius:10px;\">\n\t\t<span>Unisciti alla trib\u00f9<\/span>\n\t<\/a>\n\n\n\n\t\t<\/div>\n\t\t\t\t\t<\/div>\n\n\t\n\n\t<div id=\"col-1728331315\" class=\"col medium-2 small-12 large-2\"  >\n\t\t\t\t<div class=\"col-inner\"  >\n\t\t\t\n\t\t\t\n\n\n\t\t<\/div>\n\t\t\t\t\t<\/div>\n\n\t\n\n\t<div id=\"col-1596679089\" class=\"col medium-5 small-12 large-5\"  >\n\t\t\t\t<div class=\"col-inner\"  >\n\t\t\t\n\t\t\t\n\n\t<div id=\"text-628822786\" class=\"text\">\n\t\t\n\n<h2 style=\"text-align: center;\"><span style=\"text-decoration: underline;\">Distributori<\/span><\/h2>\r\n<p style=\"text-align: center;\"><span data-text-color=\"secondary\">Interessato a portare l\u2019esperienza ZIGGI a un pubblico pi\u00f9 ampio? Cerchiamo partner di distribuzione che condividano il nostro impegno per la qualit\u00e0, l\u2019innovazione e la comunit\u00e0. Cresciamo insieme.<\/span><\/p>\n\t\t\n<style>\n#text-628822786 {\n  color: rgb(255, 255, 255);\n}\n#text-628822786 > * {\n  color: rgb(255, 255, 255);\n}\n<\/style>\n\t<\/div>\n\t\n<a href=\"https:\/\/ziggioriginal.com\/it\/distributori\/\" class=\"button primary expand\"  style=\"border-radius:10px;\">\n\t\t<span>Contattaci<\/span>\n\t<\/a>\n\n\n\n\t\t<\/div>\n\t\t\t\t\t<\/div>\n\n\t\n\n<\/div>\n\n\t\t<\/div>\n\n\t\t\n<style>\n#section_2005429386 {\n  padding-top: 30px;\n  padding-bottom: 30px;\n  background-color: rgb(39, 39, 39);\n}\n<\/style>\n\t<\/section>\n\t\n\n","protected":false},"excerpt":{"rendered":"","protected":false},"author":1,"featured_media":0,"parent":0,"menu_order":0,"comment_status":"closed","ping_status":"closed","template":"page-blank.php","meta":{"footnotes":""},"class_list":["post-4958","page","type-page","status-publish","hentry"],"_links":{"self":[{"href":"https:\/\/ziggioriginal.com\/it\/wp-json\/wp\/v2\/pages\/4958","targetHints":{"allow":["GET"]}}],"collection":[{"href":"https:\/\/ziggioriginal.com\/it\/wp-json\/wp\/v2\/pages"}],"about":[{"href":"https:\/\/ziggioriginal.com\/it\/wp-json\/wp\/v2\/types\/page"}],"author":[{"embeddable":true,"href":"https:\/\/ziggioriginal.com\/it\/wp-json\/wp\/v2\/users\/1"}],"replies":[{"embeddable":true,"href":"https:\/\/ziggioriginal.com\/it\/wp-json\/wp\/v2\/comments?post=4958"}],"version-history":[{"count":9,"href":"https:\/\/ziggioriginal.com\/it\/wp-json\/wp\/v2\/pages\/4958\/revisions"}],"predecessor-version":[{"id":5432,"href":"https:\/\/ziggioriginal.com\/it\/wp-json\/wp\/v2\/pages\/4958\/revisions\/5432"}],"wp:attachment":[{"href":"https:\/\/ziggioriginal.com\/it\/wp-json\/wp\/v2\/media?parent=4958"}],"curies":[{"name":"wp","href":"https:\/\/api.w.org\/{rel}","templated":true}]}}