{"id":4936,"date":"2023-08-28T16:26:46","date_gmt":"2023-08-28T16:26:46","guid":{"rendered":"https:\/\/ziggioriginal.com\/distributori\/"},"modified":"2025-08-06T14:12:59","modified_gmt":"2025-08-06T14:12:59","slug":"distributori","status":"publish","type":"page","link":"https:\/\/ziggioriginal.com\/it\/distributori\/","title":{"rendered":"Distributori"},"content":{"rendered":"\n\n  <div class=\"banner has-hover\" id=\"banner-380551642\">\n          <div class=\"banner-inner fill\">\n        <div class=\"banner-bg fill\" >\n            <img loading=\"lazy\" decoding=\"async\" width=\"1363\" height=\"2048\" src=\"https:\/\/ziggioriginal.com\/wp-content\/uploads\/2023\/08\/ziggi-warehouse_1-1363x2048.jpg\" class=\"bg attachment-2048x2048 size-2048x2048\" alt=\"\" \/>                        <div class=\"overlay\"><\/div>            \n                    <\/div>\n\t\t\n        <div class=\"banner-layers container\">\n            <div class=\"fill banner-link\"><\/div>            \n\n   <div id=\"text-box-1742718889\" class=\"text-box banner-layer x90 md-x90 lg-x90 y50 md-y50 lg-y50 res-text\">\n                                <div class=\"text-box-content text dark\">\n              \n              <div class=\"text-inner text-right\">\n                  \n\n\t<div id=\"text-1142957353\" class=\"text\">\n\t\t\n\n<br><h1>Benvenuti partner<\/h1><br><br>\n\n\t\t\n<style>\n#text-1142957353 {\n  text-align: right;\n}\n@media (min-width:550px) {\n  #text-1142957353 {\n    text-align: right;\n  }\n}\n<\/style>\n\t<\/div>\n\t\n<a href=\"\/it\/il-mio-account\/\" class=\"button white is-outline\"  style=\"border-radius:10px;\">\n\t\t<span>Accesso B2B<\/span>\n\t<\/a>\n\n\n<a href=\"#contatto\" class=\"button primary\"  style=\"border-radius:10px;\">\n\t\t<span>Contattaci<\/span>\n\t<\/a>\n\n\n\n              <\/div>\n           <\/div>\n                            \n<style>\n#text-box-1742718889 {\n  width: 69%;\n}\n#text-box-1742718889 .text-box-content {\n  font-size: 100%;\n}\n@media (min-width:550px) {\n  #text-box-1742718889 {\n    width: 40%;\n  }\n}\n<\/style>\n    <\/div>\n \n\n        <\/div>\n      <\/div>\n\n            \n<style>\n#banner-380551642 {\n  padding-top: 500px;\n}\n#banner-380551642 .overlay {\n  background-color: rgba(0, 0, 0, 0.5);\n}\n#banner-380551642 .banner-bg img {\n  object-position: 2% 43%;\n}\n<\/style>\n  <\/div>\n\n\n<div class=\"row\"  id=\"row-370183958\">\n\n\n\t<div id=\"col-804839880\" class=\"col small-12 large-12\"  >\n\t\t\t\t<div class=\"col-inner\"  >\n\t\t\t\n\t\t\t\n\n\t<div id=\"text-3546203359\" class=\"text\">\n\t\t\n\n<h2>Perch\u00e9 collaborare con ZIGGI: trasformare il retail, un rollo alla volta<\/h2><br>\n\t\t\n<style>\n#text-3546203359 {\n  text-align: center;\n}\n<\/style>\n\t<\/div>\n\t\n\n\t\t<\/div>\n\t\t\t\t\t<\/div>\n\n\t\n\n<\/div>\n<div class=\"row\"  id=\"row-149636198\">\n\n\n\t<div id=\"col-1726506811\" class=\"col medium-6 small-12 large-6\"  >\n\t\t\t\t<div class=\"col-inner\"  >\n\t\t\t\n\t\t\t\n\n<div class=\"row\"  id=\"row-68037784\">\n\n\n\t<div id=\"col-939558306\" class=\"col medium-3 small-4 large-3\"  >\n\t\t\t\t<div class=\"col-inner\"  >\n\t\t\t\n\t\t\t\n\n\t<div class=\"img has-hover x md-x lg-x y md-y lg-y\" id=\"image_221701473\">\n\t\t\t\t\t\t\t\t<div class=\"img-inner dark\" >\n\t\t\t<img loading=\"lazy\" decoding=\"async\" width=\"256\" height=\"256\" src=\"https:\/\/ziggioriginal.com\/wp-content\/uploads\/2024\/06\/legacy.png\" class=\"attachment-large size-large\" alt=\"\" srcset=\"https:\/\/ziggioriginal.com\/wp-content\/uploads\/2024\/06\/legacy.png 256w, https:\/\/ziggioriginal.com\/wp-content\/uploads\/2024\/06\/legacy-100x100.png 100w, https:\/\/ziggioriginal.com\/wp-content\/uploads\/2024\/06\/legacy-150x150.png 150w\" sizes=\"auto, (max-width: 256px) 100vw, 256px\" \/>\t\t\t\t\t\t\n\t\t\t\t\t<\/div>\n\t\t\t\t\t\t\t\t\n<style>\n#image_221701473 {\n  width: 100%;\n}\n@media (min-width:550px) {\n  #image_221701473 {\n    width: 100%;\n  }\n}\n<\/style>\n\t<\/div>\n\t\n\n\n\t\t<\/div>\n\t\t\t\t\n<style>\n#col-939558306 > .col-inner {\n  padding: 0px 0px 0px 0px;\n  margin: 0px 0px 0px 0px;\n}\n<\/style>\n\t<\/div>\n\n\t\n\n\t<div id=\"col-1412865357\" class=\"col medium-9 small-8 large-9\"  >\n\t\t\t\t<div class=\"col-inner\"  >\n\t\t\t\n\t\t\t\n\n<h5 style=\"text-align: left;\">Marchio storico<\/h5><br><p style=\"text-align: left;\">Pionieri dal 1991, con un impegno costante per l\u2019innovazione.<\/p><br>\n\n\t\t<\/div>\n\t\t\t\t\n<style>\n#col-1412865357 > .col-inner {\n  padding: 0px 0px 0px 0px;\n  margin: 0px 0px 0px 0px;\n}\n<\/style>\n\t<\/div>\n\n\t\n\n<\/div>\n<div class=\"row\"  id=\"row-1361908265\">\n\n\n\t<div id=\"col-2129543902\" class=\"col medium-3 small-4 large-3\"  >\n\t\t\t\t<div class=\"col-inner\"  >\n\t\t\t\n\t\t\t\n\n\t<div class=\"img has-hover x md-x lg-x y md-y lg-y\" id=\"image_1427010337\">\n\t\t\t\t\t\t\t\t<div class=\"img-inner dark\" >\n\t\t\t<img loading=\"lazy\" decoding=\"async\" width=\"256\" height=\"256\" src=\"https:\/\/ziggioriginal.com\/wp-content\/uploads\/2024\/06\/map-with-a-pin-small-symbol-inside-a-circle.png\" class=\"attachment-large size-large\" alt=\"\" srcset=\"https:\/\/ziggioriginal.com\/wp-content\/uploads\/2024\/06\/map-with-a-pin-small-symbol-inside-a-circle.png 256w, https:\/\/ziggioriginal.com\/wp-content\/uploads\/2024\/06\/map-with-a-pin-small-symbol-inside-a-circle-100x100.png 100w, https:\/\/ziggioriginal.com\/wp-content\/uploads\/2024\/06\/map-with-a-pin-small-symbol-inside-a-circle-150x150.png 150w\" sizes=\"auto, (max-width: 256px) 100vw, 256px\" \/>\t\t\t\t\t\t\n\t\t\t\t\t<\/div>\n\t\t\t\t\t\t\t\t\n<style>\n#image_1427010337 {\n  width: 100%;\n}\n<\/style>\n\t<\/div>\n\t\n\n\n\t\t<\/div>\n\t\t\t\t\n<style>\n#col-2129543902 > .col-inner {\n  padding: 0px 0px 0px 0px;\n  margin: 0px 0px 0px 0px;\n}\n<\/style>\n\t<\/div>\n\n\t\n\n\t<div id=\"col-1263593988\" class=\"col medium-9 small-8 large-9\"  >\n\t\t\t\t<div class=\"col-inner\"  >\n\t\t\t\n\t\t\t\n\n<h5>Marketing localizzato<\/h5><br><p>Strategie di marketing personalizzate per il tuo pubblico locale.<\/p><br>\n\n\t\t<\/div>\n\t\t\t\t\n<style>\n#col-1263593988 > .col-inner {\n  padding: 0px 0px 0px 0px;\n  margin: 0px 0px 0px 0px;\n}\n<\/style>\n\t<\/div>\n\n\t\n\n<\/div>\n<div class=\"row\"  id=\"row-689541305\">\n\n\n\t<div id=\"col-1157309989\" class=\"col medium-3 small-4 large-3\"  >\n\t\t\t\t<div class=\"col-inner\"  >\n\t\t\t\n\t\t\t\n\n\t<div class=\"img has-hover x md-x lg-x y md-y lg-y\" id=\"image_582639417\">\n\t\t\t\t\t\t\t\t<div class=\"img-inner dark\" >\n\t\t\t<img loading=\"lazy\" decoding=\"async\" width=\"256\" height=\"256\" src=\"https:\/\/ziggioriginal.com\/wp-content\/uploads\/2024\/06\/deal.png\" class=\"attachment-large size-large\" alt=\"\" srcset=\"https:\/\/ziggioriginal.com\/wp-content\/uploads\/2024\/06\/deal.png 256w, https:\/\/ziggioriginal.com\/wp-content\/uploads\/2024\/06\/deal-100x100.png 100w, https:\/\/ziggioriginal.com\/wp-content\/uploads\/2024\/06\/deal-150x150.png 150w\" sizes=\"auto, (max-width: 256px) 100vw, 256px\" \/>\t\t\t\t\t\t\n\t\t\t\t\t<\/div>\n\t\t\t\t\t\t\t\t\n<style>\n#image_582639417 {\n  width: 100%;\n}\n<\/style>\n\t<\/div>\n\t\n\n\n\t\t<\/div>\n\t\t\t\t\n<style>\n#col-1157309989 > .col-inner {\n  padding: 0px 0px 0px 0px;\n  margin: 0px 0px 0px 0px;\n}\n<\/style>\n\t<\/div>\n\n\t\n\n\t<div id=\"col-1272362675\" class=\"col medium-9 small-8 large-9\"  >\n\t\t\t\t<div class=\"col-inner\"  >\n\t\t\t\n\t\t\t\n\n<h5>Eccellenza nella partnership<\/h5><br><p>Formazione per i venditori, supporto continuo allo sviluppo del business e servizi logistici.<\/p><br>\n\n\t\t<\/div>\n\t\t\t\t\n<style>\n#col-1272362675 > .col-inner {\n  padding: 0px 0px 0px 0px;\n  margin: 0px 0px 0px 0px;\n}\n<\/style>\n\t<\/div>\n\n\t\n\n<\/div>\n<div class=\"row\"  id=\"row-1491410745\">\n\n\n\t<div id=\"col-1513017950\" class=\"col medium-3 small-4 large-3\"  >\n\t\t\t\t<div class=\"col-inner\"  >\n\t\t\t\n\t\t\t\n\n\t<div class=\"img has-hover x md-x lg-x y md-y lg-y\" id=\"image_85611976\">\n\t\t\t\t\t\t\t\t<div class=\"img-inner dark\" >\n\t\t\t<img loading=\"lazy\" decoding=\"async\" width=\"256\" height=\"256\" src=\"https:\/\/ziggioriginal.com\/wp-content\/uploads\/2024\/06\/engineering.png\" class=\"attachment-large size-large\" alt=\"\" srcset=\"https:\/\/ziggioriginal.com\/wp-content\/uploads\/2024\/06\/engineering.png 256w, https:\/\/ziggioriginal.com\/wp-content\/uploads\/2024\/06\/engineering-100x100.png 100w, https:\/\/ziggioriginal.com\/wp-content\/uploads\/2024\/06\/engineering-150x150.png 150w\" sizes=\"auto, (max-width: 256px) 100vw, 256px\" \/>\t\t\t\t\t\t\n\t\t\t\t\t<\/div>\n\t\t\t\t\t\t\t\t\n<style>\n#image_85611976 {\n  width: 100%;\n}\n<\/style>\n\t<\/div>\n\t\n\n\n\t\t<\/div>\n\t\t\t\t\n<style>\n#col-1513017950 > .col-inner {\n  padding: 0px 0px 0px 0px;\n  margin: 0px 0px 0px 0px;\n}\n<\/style>\n\t<\/div>\n\n\t\n\n\t<div id=\"col-381017541\" class=\"col medium-9 small-8 large-9\"  >\n\t\t\t\t<div class=\"col-inner\"  >\n\t\t\t\n\t\t\t\n\n<h5>Capacit\u00e0 aumentate<\/h5><br><p>Produzione automatizzata all&#8217;avanguardia per una gestione rapida ed efficiente.<\/p><br>\n\n\t\t<\/div>\n\t\t\t\t\n<style>\n#col-381017541 > .col-inner {\n  padding: 0px 0px 0px 0px;\n  margin: 0px 0px 0px 0px;\n}\n<\/style>\n\t<\/div>\n\n\t\n\n<\/div>\n\n\t\t<\/div>\n\t\t\t\t\t<\/div>\n\n\t\n\n\t<div id=\"col-1837539119\" class=\"col medium-6 small-12 large-6\"  >\n\t\t\t\t<div class=\"col-inner\"  >\n\t\t\t\n\t\t\t\n\n<div class=\"row\"  id=\"row-679663841\">\n\n\n\t<div id=\"col-269132137\" class=\"col medium-3 small-4 large-3\"  >\n\t\t\t\t<div class=\"col-inner\"  >\n\t\t\t\n\t\t\t\n\n\t<div class=\"img has-hover x md-x lg-x y md-y lg-y\" id=\"image_1281703956\">\n\t\t\t\t\t\t\t\t<div class=\"img-inner dark\" >\n\t\t\t<img loading=\"lazy\" decoding=\"async\" width=\"256\" height=\"256\" src=\"https:\/\/ziggioriginal.com\/wp-content\/uploads\/2024\/06\/excellent.png\" class=\"attachment-large size-large\" alt=\"\" srcset=\"https:\/\/ziggioriginal.com\/wp-content\/uploads\/2024\/06\/excellent.png 256w, https:\/\/ziggioriginal.com\/wp-content\/uploads\/2024\/06\/excellent-100x100.png 100w, https:\/\/ziggioriginal.com\/wp-content\/uploads\/2024\/06\/excellent-150x150.png 150w\" sizes=\"auto, (max-width: 256px) 100vw, 256px\" \/>\t\t\t\t\t\t\n\t\t\t\t\t<\/div>\n\t\t\t\t\t\t\t\t\n<style>\n#image_1281703956 {\n  width: 100%;\n}\n<\/style>\n\t<\/div>\n\t\n\n\n\t\t<\/div>\n\t\t\t\t\n<style>\n#col-269132137 > .col-inner {\n  padding: 0px 0px 0px 0px;\n  margin: 0px 0px 0px 0px;\n}\n<\/style>\n\t<\/div>\n\n\t\n\n\t<div id=\"col-2074617263\" class=\"col medium-9 small-8 large-9\"  >\n\t\t\t\t<div class=\"col-inner\"  >\n\t\t\t\n\t\t\t\n\n<h5>Eccellenza affidabile<\/h5><br><p>Fornitura costante con rigorosi controlli di qualit\u00e0.<\/p><br>\n\n\t\t<\/div>\n\t\t\t\t\n<style>\n#col-2074617263 > .col-inner {\n  padding: 0px 0px 0px 0px;\n  margin: 0px 0px 0px 0px;\n}\n<\/style>\n\t<\/div>\n\n\t\n\n<\/div>\n<div class=\"row\"  id=\"row-994008279\">\n\n\n\t<div id=\"col-1876734746\" class=\"col medium-3 small-4 large-3\"  >\n\t\t\t\t<div class=\"col-inner\"  >\n\t\t\t\n\t\t\t\n\n\t<div class=\"img has-hover x md-x lg-x y md-y lg-y\" id=\"image_915787317\">\n\t\t\t\t\t\t\t\t<div class=\"img-inner dark\" >\n\t\t\t<img loading=\"lazy\" decoding=\"async\" width=\"256\" height=\"256\" src=\"https:\/\/ziggioriginal.com\/wp-content\/uploads\/2024\/06\/profit.png\" class=\"attachment-large size-large\" alt=\"\" srcset=\"https:\/\/ziggioriginal.com\/wp-content\/uploads\/2024\/06\/profit.png 256w, https:\/\/ziggioriginal.com\/wp-content\/uploads\/2024\/06\/profit-100x100.png 100w, https:\/\/ziggioriginal.com\/wp-content\/uploads\/2024\/06\/profit-150x150.png 150w\" sizes=\"auto, (max-width: 256px) 100vw, 256px\" \/>\t\t\t\t\t\t\n\t\t\t\t\t<\/div>\n\t\t\t\t\t\t\t\t\n<style>\n#image_915787317 {\n  width: 100%;\n}\n<\/style>\n\t<\/div>\n\t\n\n\n\t\t<\/div>\n\t\t\t\t\n<style>\n#col-1876734746 > .col-inner {\n  padding: 0px 0px 0px 0px;\n  margin: 0px 0px 0px 0px;\n}\n<\/style>\n\t<\/div>\n\n\t\n\n\t<div id=\"col-1251495005\" class=\"col medium-9 small-8 large-9\"  >\n\t\t\t\t<div class=\"col-inner\"  >\n\t\t\t\n\t\t\t\n\n<h5>Partnership redditizie<\/h5><br><p>Sconti per grandi volumi e ampio supporto marketing.<\/p><br>\n\n\t\t<\/div>\n\t\t\t\t\n<style>\n#col-1251495005 > .col-inner {\n  padding: 0px 0px 0px 0px;\n  margin: 0px 0px 0px 0px;\n}\n<\/style>\n\t<\/div>\n\n\t\n\n<\/div>\n<div class=\"row\"  id=\"row-312016306\">\n\n\n\t<div id=\"col-1151604010\" class=\"col medium-3 small-4 large-3\"  >\n\t\t\t\t<div class=\"col-inner\"  >\n\t\t\t\n\t\t\t\n\n\t<div class=\"img has-hover x md-x lg-x y md-y lg-y\" id=\"image_380927250\">\n\t\t\t\t\t\t\t\t<div class=\"img-inner dark\" >\n\t\t\t<img loading=\"lazy\" decoding=\"async\" width=\"256\" height=\"256\" src=\"https:\/\/ziggioriginal.com\/wp-content\/uploads\/2024\/06\/strategy.png\" class=\"attachment-large size-large\" alt=\"\" srcset=\"https:\/\/ziggioriginal.com\/wp-content\/uploads\/2024\/06\/strategy.png 256w, https:\/\/ziggioriginal.com\/wp-content\/uploads\/2024\/06\/strategy-100x100.png 100w, https:\/\/ziggioriginal.com\/wp-content\/uploads\/2024\/06\/strategy-150x150.png 150w\" sizes=\"auto, (max-width: 256px) 100vw, 256px\" \/>\t\t\t\t\t\t\n\t\t\t\t\t<\/div>\n\t\t\t\t\t\t\t\t\n<style>\n#image_380927250 {\n  width: 100%;\n}\n<\/style>\n\t<\/div>\n\t\n\n\n\t\t<\/div>\n\t\t\t\t\n<style>\n#col-1151604010 > .col-inner {\n  padding: 0px 0px 0px 0px;\n  margin: 0px 0px 0px 0px;\n}\n<\/style>\n\t<\/div>\n\n\t\n\n\t<div id=\"col-915776227\" class=\"col medium-9 small-8 large-9\"  >\n\t\t\t\t<div class=\"col-inner\"  >\n\t\t\t\n\t\t\t\n\n<h5>Oltre il business<\/h5><br><p>Strategie POS personalizzate, soluzioni espositive e incentivi per il personale di vendita.<\/p><br>\n\n\t\t<\/div>\n\t\t\t\t\n<style>\n#col-915776227 > .col-inner {\n  padding: 0px 0px 0px 0px;\n  margin: 0px 0px 0px 0px;\n}\n<\/style>\n\t<\/div>\n\n\t\n\n<\/div>\n<div class=\"row\"  id=\"row-194921554\">\n\n\n\t<div id=\"col-82835822\" class=\"col medium-3 small-4 large-3\"  >\n\t\t\t\t<div class=\"col-inner\"  >\n\t\t\t\n\t\t\t\n\n\t<div class=\"img has-hover x md-x lg-x y md-y lg-y\" id=\"image_596018673\">\n\t\t\t\t\t\t\t\t<div class=\"img-inner dark\" >\n\t\t\t<img loading=\"lazy\" decoding=\"async\" width=\"256\" height=\"256\" src=\"https:\/\/ziggioriginal.com\/wp-content\/uploads\/2024\/06\/save-the-world.png\" class=\"attachment-large size-large\" alt=\"\" srcset=\"https:\/\/ziggioriginal.com\/wp-content\/uploads\/2024\/06\/save-the-world.png 256w, https:\/\/ziggioriginal.com\/wp-content\/uploads\/2024\/06\/save-the-world-100x100.png 100w, https:\/\/ziggioriginal.com\/wp-content\/uploads\/2024\/06\/save-the-world-150x150.png 150w\" sizes=\"auto, (max-width: 256px) 100vw, 256px\" \/>\t\t\t\t\t\t\n\t\t\t\t\t<\/div>\n\t\t\t\t\t\t\t\t\n<style>\n#image_596018673 {\n  width: 100%;\n}\n<\/style>\n\t<\/div>\n\t\n\n\n\t\t<\/div>\n\t\t\t\t\n<style>\n#col-82835822 > .col-inner {\n  padding: 0px 0px 0px 0px;\n  margin: 0px 0px 0px 0px;\n}\n<\/style>\n\t<\/div>\n\n\t\n\n\t<div id=\"col-1874032070\" class=\"col medium-9 small-8 large-9\"  >\n\t\t\t\t<div class=\"col-inner\"  >\n\t\t\t\n\t\t\t\n\n<h5>Eco-consapevole e sostenibile<\/h5><br><p>Prodotti biodegradabili realizzati con energia rinnovabile.<\/p><br>\n\n\t\t<\/div>\n\t\t\t\t\n<style>\n#col-1874032070 > .col-inner {\n  padding: 0px 0px 0px 0px;\n  margin: 0px 0px 0px 0px;\n}\n<\/style>\n\t<\/div>\n\n\t\n\n<\/div>\n\n\t\t<\/div>\n\t\t\t\t\t<\/div>\n\n\t\n\n<\/div>\n\n\t<section class=\"section dark\" id=\"section_674417702\">\n\t\t<div class=\"section-bg fill\" >\n\t\t\t\t\t\t\t\t\t\n\t\t\t\n\n\t\t<\/div>\n\n\t\t\n\n\t\t<div class=\"section-content relative\">\n\t\t\t\n\n<div class=\"row\"  id=\"row-188462751\">\n\n\n\t<div id=\"col-2006752808\" class=\"col small-12 large-12\"  >\n\t\t\t\t<div class=\"col-inner text-center\"  >\n\t\t\t\n\t\t\t\n\n\t<div id=\"text-1408561771\" class=\"text\">\n\t\t\n\n<h2>Pronto a massimizzare i tuoi margini? Parliamone!<\/h2><br><p>\u00a0<\/p><br>\n\t\t\n<style>\n#text-1408561771 {\n  line-height: 0.75;\n}\n<\/style>\n\t<\/div>\n\t\n<a href=\"#contatto\" class=\"button primary\"  style=\"border-radius:10px;\">\n\t\t<span>Contattaci<\/span>\n\t<\/a>\n\n\n\n\t\t<\/div>\n\t\t\t\t\n<style>\n#col-2006752808 > .col-inner {\n  padding: 40px 0px 0px 0px;\n  margin: 0px 0px 0px 0px;\n}\n<\/style>\n\t<\/div>\n\n\t\n\n<\/div>\n\n\t\t<\/div>\n\n\t\t\n<style>\n#section_674417702 {\n  padding-top: 30px;\n  padding-bottom: 30px;\n  background-color: rgb(178, 177, 167);\n}\n<\/style>\n\t<\/section>\n\t\n<div class=\"row\"  id=\"row-984619811\">\n\n\n\t<div id=\"col-1754224443\" class=\"col small-12 large-12\"  >\n\t\t\t\t<div class=\"col-inner\"  >\n\t\t\t\n\t\t\t\n\n<div class=\"row\"  id=\"row-1412521274\">\n\n\n\t<div id=\"col-424298027\" class=\"col medium-4 small-12 large-4\"  >\n\t\t\t\t<div class=\"col-inner\"  >\n\t\t\t\n\t\t\t\n\n<div class=\"slider-wrapper relative\" id=\"slider-1303950022\" >\n    <div class=\"slider slider-nav-circle slider-nav-large slider-nav-light slider-style-normal\"\n        data-flickity-options='{\n            \"cellAlign\": \"center\",\n            \"imagesLoaded\": true,\n            \"lazyLoad\": 1,\n            \"freeScroll\": false,\n            \"wrapAround\": true,\n            \"autoPlay\": 6000,\n            \"pauseAutoPlayOnHover\" : true,\n            \"prevNextButtons\": true,\n            \"contain\" : true,\n            \"adaptiveHeight\" : true,\n            \"dragThreshold\" : 10,\n            \"percentPosition\": true,\n            \"pageDots\": true,\n            \"rightToLeft\": false,\n            \"draggable\": true,\n            \"selectedAttraction\": 0.1,\n            \"parallax\" : 0,\n            \"friction\": 0.6        }'\n        >\n        \n\n\t<div class=\"img has-hover x md-x lg-x y md-y lg-y\" id=\"image_1860245494\">\n\t\t\t\t\t\t\t\t<div class=\"img-inner image-cover dark\" style=\"padding-top:100%;\">\n\t\t\t<img loading=\"lazy\" decoding=\"async\" width=\"1020\" height=\"911\" src=\"https:\/\/ziggioriginal.com\/wp-content\/uploads\/2023\/08\/DSC2488-edit-1-1024x915.jpg\" class=\"attachment-large size-large\" alt=\"\" srcset=\"https:\/\/ziggioriginal.com\/wp-content\/uploads\/2023\/08\/DSC2488-edit-1-1024x915.jpg 1024w, https:\/\/ziggioriginal.com\/wp-content\/uploads\/2023\/08\/DSC2488-edit-1-scaled-600x536.jpg 600w, https:\/\/ziggioriginal.com\/wp-content\/uploads\/2023\/08\/DSC2488-edit-1-300x268.jpg 300w, https:\/\/ziggioriginal.com\/wp-content\/uploads\/2023\/08\/DSC2488-edit-1-768x686.jpg 768w, https:\/\/ziggioriginal.com\/wp-content\/uploads\/2023\/08\/DSC2488-edit-1-1536x1373.jpg 1536w, https:\/\/ziggioriginal.com\/wp-content\/uploads\/2023\/08\/DSC2488-edit-1-2048x1830.jpg 2048w\" sizes=\"auto, (max-width: 1020px) 100vw, 1020px\" \/>\t\t\t\t\t\t\n\t\t\t\t\t<\/div>\n\t\t\t\t\t\t\t\t\n<style>\n#image_1860245494 {\n  width: 100%;\n}\n<\/style>\n\t<\/div>\n\t\n\n\n     <\/div>\n\n     <div class=\"loading-spin dark large centered\"><\/div>\n\n\t<\/div>\n\n\n\n\t\t<\/div>\n\t\t\t\t\t<\/div>\n\n\t\n\n\t<div id=\"col-1048899253\" class=\"col medium-8 small-12 large-8\"  >\n\t\t\t\t<div class=\"col-inner\"  >\n\t\t\t\n\t\t\t\n\n<h2>Vuoi saperne di pi\u00f9? Scopri il viaggio di ZIGGI: dalle strade ai tuoi scaffali e ritorno<\/h2><br><h3>Una serata che ha cambiato tutto<\/h3><br><p><span style=\"font-weight: 400;\">Immagina questo: sono i primi anni &#8217;90. Il grunge domina la scena e l&#8217;aria \u00e8 carica del profumo di ribellione e di graffiti appena spruzzati. Il nostro fondatore, Ziggi Man, si trova di fronte a un dilemma che molti hanno affrontato ma pochi hanno risolto. \u00c8 fuori con la sua crew, pronto a rollare, ma non c&#8217;\u00e8 un singolo filtro di qualit\u00e0 in vista. Si arrangiano con ritagli di pacchetti di sigarette, ma Ziggi Man sa che deve esserci un modo migliore.<\/span><\/p><br><p><span style=\"font-weight: 400;\">E cos\u00ec, nacque la prima scintilla del marchio ZIGGI.<\/span><\/p><br>\n\n\t\t<\/div>\n\t\t\t\t\t<\/div>\n\n\t\n\n<\/div>\n<h3><strong>Non solo prodotti, ma uno stile di vita<\/strong><\/h3><br><p><span style=\"font-weight: 400;\">Oggi, ZIGGI non \u00e8 solo un marchio; \u00e8 una cultura. Una cultura che vive nelle strade, nell&#8217;arte, nella musica\u2014soprattutto nel reggae e nel movimento Rastafari\u2014e, pi\u00f9 di tutto, nelle persone. Non siamo solo cartine; stiamo creando stili di vita. E ora ti invitiamo a farne parte con noi.<\/span><\/p><br><h3><strong>Perch\u00e9 i distributori sono i nostri eroi di strada<\/strong><\/h3><br><p><span style=\"font-weight: 400;\">Voi, i distributori, siete gli eroi silenziosi della nostra storia. Siete voi che assicurate che i prodotti ZIGGI arrivino dalle nostre fabbriche eco-consapevoli di Lubiana, in Slovenia, agli scaffali dei rivenditori di tutto il mondo. Non state solo distribuendo prodotti; state distribuendo uno stile di vita, un&#8217;energia, un&#8217;esperienza.<\/span><\/p><br>\n\n\t\t<\/div>\n\t\t\t\t\t<\/div>\n\n\t\n\n<\/div>\n<div class=\"row\"  id=\"row-1596400461\">\n\n\n\t<div id=\"col-369908045\" class=\"col medium-6 small-12 large-6\"  >\n\t\t\t\t<div class=\"col-inner\"  >\n\t\t\t\n\t\t\t\n\n<h4><strong>Cosa c\u2019\u00e8 in gioco per te?<\/strong><\/h4><br><ul>\r\n<li style=\"font-weight: 400;\" aria-level=\"1\"><span style=\"font-weight: 400;\">Massimizza i tuoi margini: Con la nostra gamma di prodotti innovativi e sconti per grandi volumi, la redditivit\u00e0 \u00e8 garantita fin dal primo giorno.<\/span><\/li>\r\n<li style=\"font-weight: 400;\" aria-level=\"1\"><span style=\"font-weight: 400;\">Credibilit\u00e0 di strada: Allinearti a un marchio autentico come ZIGGI eleva la credibilit\u00e0 del tuo marchio.<\/span><\/li>\r\n<li style=\"font-weight: 400;\" aria-level=\"1\"><span style=\"font-weight: 400;\">Business green: Per noi, la sostenibilit\u00e0 non \u00e8 una moda, ma uno stile di vita.<\/span><\/li>\r\n<\/ul><br><h4><strong>Pronto a rollare?<\/strong><\/h4><br><p><span style=\"font-weight: 400;\">Non crediamo nelle transazioni; crediamo nelle relazioni. Quindi, se cerchi connessioni autentiche, prodotti di qualit\u00e0 e il bene comune mentre cresci, allora fai gi\u00e0 parte della famiglia ZIGGI\u2014anche se ancora non lo sai.<\/span><\/p><br><p><span style=\"font-weight: 400;\">Unisciti a noi e facciamo la storia insieme. Perch\u00e9 in questo viaggio, il tuo successo \u00e8 la nostra priorit\u00e0.<\/span><\/p><br>\n\n\t\t<\/div>\n\t\t\t\t\t<\/div>\n\n\t\n\n\t<div id=\"col-2059985236\" class=\"col medium-6 small-12 large-6\"  >\n\t\t\t\t<div class=\"col-inner\"  >\n\t\t\t\n\t\t\t\n\n<span class=\"scroll-to\" data-label=\"Scroll to: #contatto\" data-bullet=\"false\" data-link=\"#contatto\" data-title=\"Contatto\" ><a name=\"contatto\"><\/a><\/span><br><br><h2>Senti l\u2019energia? Senti la connessione? Allora non aspettare, contattaci subito<\/h2><br>\n<div class=\"wpcf7 no-js\" id=\"wpcf7-f5459-o1\" lang=\"it-IT\" dir=\"ltr\" data-wpcf7-id=\"5459\">\n<div class=\"screen-reader-response\"><p role=\"status\" aria-live=\"polite\" aria-atomic=\"true\"><\/p> <ul><\/ul><\/div>\n<form action=\"\/it\/wp-json\/wp\/v2\/pages\/4936#wpcf7-f5459-o1\" method=\"post\" class=\"wpcf7-form init\" aria-label=\"Modulo di contatto\" novalidate=\"novalidate\" data-status=\"init\">\n<fieldset class=\"hidden-fields-container\"><input type=\"hidden\" name=\"_wpcf7\" value=\"5459\" \/><input type=\"hidden\" name=\"_wpcf7_version\" value=\"6.1.5\" \/><input type=\"hidden\" name=\"_wpcf7_locale\" value=\"it_IT\" \/><input type=\"hidden\" name=\"_wpcf7_unit_tag\" value=\"wpcf7-f5459-o1\" \/><input type=\"hidden\" name=\"_wpcf7_container_post\" value=\"0\" \/><input type=\"hidden\" name=\"_wpcf7_posted_data_hash\" value=\"\" \/><input type=\"hidden\" name=\"_wpcf7_recaptcha_response\" value=\"\" \/>\n<\/fieldset>\n<p><label> Il tuo nome<br \/>\n<span class=\"wpcf7-form-control-wrap\" data-name=\"your-name\"><input size=\"40\" maxlength=\"400\" class=\"wpcf7-form-control wpcf7-text wpcf7-validates-as-required\" autocomplete=\"name\" aria-required=\"true\" aria-invalid=\"false\" value=\"\" type=\"text\" name=\"your-name\" \/><\/span> <\/label>\n<\/p>\n<p><label> La tua email<br \/>\n<span class=\"wpcf7-form-control-wrap\" data-name=\"your-email\"><input size=\"40\" maxlength=\"400\" class=\"wpcf7-form-control wpcf7-email wpcf7-validates-as-required wpcf7-text wpcf7-validates-as-email\" autocomplete=\"email\" aria-required=\"true\" aria-invalid=\"false\" value=\"\" type=\"email\" name=\"your-email\" \/><\/span> <\/label>\n<\/p>\n<p><label> Il tuo numero di telefono (opzionale)<br \/>\n<span class=\"wpcf7-form-control-wrap\" data-name=\"your-phone-number\"><input size=\"40\" maxlength=\"400\" class=\"wpcf7-form-control wpcf7-tel wpcf7-text wpcf7-validates-as-tel\" aria-invalid=\"false\" value=\"\" type=\"tel\" name=\"your-phone-number\" \/><\/span> <\/label>\n<\/p>\n<p><label> Oggetto<br \/>\n<span class=\"wpcf7-form-control-wrap\" data-name=\"your-subject\"><input size=\"40\" maxlength=\"400\" class=\"wpcf7-form-control wpcf7-text wpcf7-validates-as-required\" aria-required=\"true\" aria-invalid=\"false\" value=\"\" type=\"text\" name=\"your-subject\" \/><\/span> <\/label>\n<\/p>\n<p><label> Il tuo messaggio (opzionale)<br \/>\n<span class=\"wpcf7-form-control-wrap\" data-name=\"your-message\"><textarea cols=\"40\" rows=\"10\" maxlength=\"2000\" class=\"wpcf7-form-control wpcf7-textarea\" aria-invalid=\"false\" name=\"your-message\"><\/textarea><\/span><br \/>\n<\/label>\n<\/p>\n<p style=\"font-size: 0.8em; font-weight: normal;\">Questo sito \u00e8 protetto da reCAPTCHA e si applicano la<br \/>\n<a href=\"https:\/\/policies.google.com\/privacy\">Privacy Policy<\/a> e i<br \/>\n<a href=\"https:\/\/policies.google.com\/terms\">Termini di servizio<\/a> di Google.\n<\/p>\n<p><input class=\"wpcf7-form-control wpcf7-submit has-spinner\" type=\"submit\" value=\"Invia\" \/>\n<\/p><div class=\"wpcf7-response-output\" aria-hidden=\"true\"><\/div>\n<\/form>\n<\/div>\n<br>\n\n\n\t\t<\/div>\n\t\t\t\t\t<\/div>\n\n\t\n\n<\/div>\n\n","protected":false},"excerpt":{"rendered":"","protected":false},"author":1,"featured_media":0,"parent":0,"menu_order":0,"comment_status":"closed","ping_status":"closed","template":"page-blank.php","meta":{"footnotes":""},"class_list":["post-4936","page","type-page","status-publish","hentry"],"_links":{"self":[{"href":"https:\/\/ziggioriginal.com\/it\/wp-json\/wp\/v2\/pages\/4936","targetHints":{"allow":["GET"]}}],"collection":[{"href":"https:\/\/ziggioriginal.com\/it\/wp-json\/wp\/v2\/pages"}],"about":[{"href":"https:\/\/ziggioriginal.com\/it\/wp-json\/wp\/v2\/types\/page"}],"author":[{"embeddable":true,"href":"https:\/\/ziggioriginal.com\/it\/wp-json\/wp\/v2\/users\/1"}],"replies":[{"embeddable":true,"href":"https:\/\/ziggioriginal.com\/it\/wp-json\/wp\/v2\/comments?post=4936"}],"version-history":[{"count":2,"href":"https:\/\/ziggioriginal.com\/it\/wp-json\/wp\/v2\/pages\/4936\/revisions"}],"predecessor-version":[{"id":6602,"href":"https:\/\/ziggioriginal.com\/it\/wp-json\/wp\/v2\/pages\/4936\/revisions\/6602"}],"wp:attachment":[{"href":"https:\/\/ziggioriginal.com\/it\/wp-json\/wp\/v2\/media?parent=4936"}],"curies":[{"name":"wp","href":"https:\/\/api.w.org\/{rel}","templated":true}]}}