{"id":4932,"date":"2023-08-29T04:12:35","date_gmt":"2023-08-29T04:12:35","guid":{"rendered":"https:\/\/ziggioriginal.com\/creativi\/"},"modified":"2025-01-14T08:50:18","modified_gmt":"2025-01-14T08:50:18","slug":"creativi","status":"publish","type":"page","link":"https:\/\/ziggioriginal.com\/it\/creativi\/","title":{"rendered":"Creativi"},"content":{"rendered":"\n\n  <div class=\"banner has-hover\" id=\"banner-1414010160\">\n          <div class=\"banner-inner fill\">\n        <div class=\"banner-bg fill\" >\n            <img loading=\"lazy\" decoding=\"async\" width=\"2048\" height=\"1366\" src=\"https:\/\/ziggioriginal.com\/wp-content\/uploads\/2023\/08\/Cultiva-20171006-Mitru-1-1-2048x1366.jpg\" class=\"bg attachment-2048x2048 size-2048x2048\" alt=\"\" \/>                        <div class=\"overlay\"><\/div>            \n                    <\/div>\n\t\t\n        <div class=\"banner-layers container\">\n            <div class=\"fill banner-link\"><\/div>            \n\n   <div id=\"text-box-1390197699\" class=\"text-box banner-layer x85 md-x85 lg-x85 y50 md-y50 lg-y50 res-text\">\n                                <div class=\"text-box-content text dark\">\n              \n              <div class=\"text-inner text-right\">\n                  \n\n\t<div id=\"text-504945630\" class=\"text\">\n\t\t\n\n<h1 style=\"text-align: right;\"><strong>Creativi<\/strong><\/h1>\r\n<h1 style=\"text-align: right;\"><strong>benvenuti<\/strong><\/h1>\n\t\t\n<style>\n#text-504945630 {\n  line-height: 0.75;\n}\n<\/style>\n\t<\/div>\n\t\n<a href=\"#contatto\" class=\"button primary\"  style=\"border-radius:10px;\">\n\t\t<span>Unisciti alla trib\u00f9<\/span>\n\t<\/a>\n\n\n\n              <\/div>\n           <\/div>\n                            \n<style>\n#text-box-1390197699 {\n  width: 60%;\n}\n#text-box-1390197699 .text-box-content {\n  font-size: 100%;\n}\n<\/style>\n    <\/div>\n \n\n        <\/div>\n      <\/div>\n\n            \n<style>\n#banner-1414010160 {\n  padding-top: 486px;\n}\n#banner-1414010160 .overlay {\n  background-color: rgba(0, 0, 0, 0.32);\n}\n#banner-1414010160 .banner-bg img {\n  object-position: 35% 20%;\n}\n<\/style>\n  <\/div>\n\n\n<div class=\"row\"  id=\"row-1272925331\">\n\n\n\t<div id=\"col-294727165\" class=\"col small-12 large-12\"  >\n\t\t\t\t<div class=\"col-inner\"  >\n\t\t\t\n\t\t\t\n\n\t<div id=\"text-2852634698\" class=\"text\">\n\t\t\n\n<h1 style=\"text-align: center;\">Accendi la tua creativit\u00e0, amplifica il tuo impatto: il palcoscenico ZIGGI ti aspetta<\/h1>\n\t\t\n<style>\n#text-2852634698 {\n  color: rgba(0, 0, 0, 0.645);\n}\n#text-2852634698 > * {\n  color: rgba(0, 0, 0, 0.645);\n}\n<\/style>\n\t<\/div>\n\t\n\n\t\t<\/div>\n\t\t\t\t\t<\/div>\n\n\t\n\n<\/div>\n<div class=\"row\"  id=\"row-1876820926\">\n\n\n\t<div id=\"col-899870045\" class=\"col medium-6 small-12 large-6\"  >\n\t\t\t\t<div class=\"col-inner\"  >\n\t\t\t\n\t\t\t\n\n<div class=\"row\"  id=\"row-2038027980\">\n\n\n\t<div id=\"col-432961904\" class=\"col medium-3 small-4 large-3\"  >\n\t\t\t\t<div class=\"col-inner text-center\"  >\n\t\t\t\n\t\t\t\n\n\t<div class=\"img has-hover x md-x lg-x y md-y lg-y\" id=\"image_2072599877\">\n\t\t\t\t\t\t\t\t<div class=\"img-inner dark\" >\n\t\t\t<img loading=\"lazy\" decoding=\"async\" width=\"512\" height=\"512\" src=\"https:\/\/ziggioriginal.com\/wp-content\/uploads\/2023\/08\/legacy-1.png\" class=\"attachment-medium_large size-medium_large\" alt=\"\" srcset=\"https:\/\/ziggioriginal.com\/wp-content\/uploads\/2023\/08\/legacy-1.png 512w, https:\/\/ziggioriginal.com\/wp-content\/uploads\/2023\/08\/legacy-1-300x300.png 300w, https:\/\/ziggioriginal.com\/wp-content\/uploads\/2023\/08\/legacy-1-100x100.png 100w, https:\/\/ziggioriginal.com\/wp-content\/uploads\/2023\/08\/legacy-1-150x150.png 150w\" sizes=\"auto, (max-width: 512px) 100vw, 512px\" \/>\t\t\t\t\t\t\n\t\t\t\t\t<\/div>\n\t\t\t\t\t\t\t\t\n<style>\n#image_2072599877 {\n  width: 100%;\n}\n@media (min-width:550px) {\n  #image_2072599877 {\n    width: 100%;\n  }\n}\n@media (min-width:850px) {\n  #image_2072599877 {\n    width: 100%;\n  }\n}\n<\/style>\n\t<\/div>\n\t\n\n\n\t\t<\/div>\n\t\t\t\t\t<\/div>\n\n\t\n\n\t<div id=\"col-675011113\" class=\"col medium-9 small-8 large-9\"  >\n\t\t\t\t<div class=\"col-inner\"  >\n\t\t\t\n\t\t\t\n\n\t<div id=\"text-1013870293\" class=\"text\">\n\t\t\n\n<h5>Marchio storico<\/h5>\r\n<p>Una cultura radicata nella street art, nella musica e in uno stile di vita autentico dal 1991.<\/p>\n\t\t\n<style>\n#text-1013870293 {\n  color: rgba(0, 0, 0, 0.727);\n}\n#text-1013870293 > * {\n  color: rgba(0, 0, 0, 0.727);\n}\n<\/style>\n\t<\/div>\n\t\n\n\t\t<\/div>\n\t\t\t\t\t<\/div>\n\n\t\n\n<\/div>\n<div class=\"row\"  id=\"row-576372008\">\n\n\n\t<div id=\"col-240851120\" class=\"col medium-3 small-4 large-3\"  >\n\t\t\t\t<div class=\"col-inner text-center\"  >\n\t\t\t\n\t\t\t\n\n\t<div class=\"img has-hover x md-x lg-x y md-y lg-y\" id=\"image_1228364623\">\n\t\t\t\t\t\t\t\t<div class=\"img-inner dark\" >\n\t\t\t<img loading=\"lazy\" decoding=\"async\" width=\"512\" height=\"512\" src=\"https:\/\/ziggioriginal.com\/wp-content\/uploads\/2023\/09\/spotlight.png\" class=\"attachment-medium_large size-medium_large\" alt=\"\" srcset=\"https:\/\/ziggioriginal.com\/wp-content\/uploads\/2023\/09\/spotlight.png 512w, https:\/\/ziggioriginal.com\/wp-content\/uploads\/2023\/09\/spotlight-300x300.png 300w, https:\/\/ziggioriginal.com\/wp-content\/uploads\/2023\/09\/spotlight-100x100.png 100w, https:\/\/ziggioriginal.com\/wp-content\/uploads\/2023\/09\/spotlight-150x150.png 150w\" sizes=\"auto, (max-width: 512px) 100vw, 512px\" \/>\t\t\t\t\t\t\n\t\t\t\t\t<\/div>\n\t\t\t\t\t\t\t\t\n<style>\n#image_1228364623 {\n  width: 100%;\n}\n@media (min-width:550px) {\n  #image_1228364623 {\n    width: 100%;\n  }\n}\n@media (min-width:850px) {\n  #image_1228364623 {\n    width: 100%;\n  }\n}\n<\/style>\n\t<\/div>\n\t\n\n\n\t\t<\/div>\n\t\t\t\t\t<\/div>\n\n\t\n\n\t<div id=\"col-1275159428\" class=\"col medium-9 small-8 large-9\"  >\n\t\t\t\t<div class=\"col-inner\"  >\n\t\t\t\n\t\t\t\n\n\t<div id=\"text-2574813300\" class=\"text\">\n\t\t\n\n<h5>Vetrina della Community<\/h5>\r\n<p>Una piattaforma per mostrare la tua creativit\u00e0 e connetterti con una trib\u00f9 che condivide le tue passioni.<\/p>\n\t\t\n<style>\n#text-2574813300 {\n  color: rgba(0, 0, 0, 0.727);\n}\n#text-2574813300 > * {\n  color: rgba(0, 0, 0, 0.727);\n}\n<\/style>\n\t<\/div>\n\t\n\n\t\t<\/div>\n\t\t\t\t\t<\/div>\n\n\t\n\n<\/div>\n<div class=\"row\"  id=\"row-1153773695\">\n\n\n\t<div id=\"col-959773176\" class=\"col medium-3 small-4 large-3\"  >\n\t\t\t\t<div class=\"col-inner text-center\"  >\n\t\t\t\n\t\t\t\n\n\t<div class=\"img has-hover x md-x lg-x y md-y lg-y\" id=\"image_1637826635\">\n\t\t\t\t\t\t\t\t<div class=\"img-inner dark\" >\n\t\t\t<img loading=\"lazy\" decoding=\"async\" width=\"256\" height=\"256\" src=\"https:\/\/ziggioriginal.com\/wp-content\/uploads\/2023\/08\/deal-1.png\" class=\"attachment-medium_large size-medium_large\" alt=\"\" srcset=\"https:\/\/ziggioriginal.com\/wp-content\/uploads\/2023\/08\/deal-1.png 256w, https:\/\/ziggioriginal.com\/wp-content\/uploads\/2023\/08\/deal-1-100x100.png 100w, https:\/\/ziggioriginal.com\/wp-content\/uploads\/2023\/08\/deal-1-150x150.png 150w\" sizes=\"auto, (max-width: 256px) 100vw, 256px\" \/>\t\t\t\t\t\t\n\t\t\t\t\t<\/div>\n\t\t\t\t\t\t\t\t\n<style>\n#image_1637826635 {\n  width: 100%;\n}\n@media (min-width:550px) {\n  #image_1637826635 {\n    width: 100%;\n  }\n}\n@media (min-width:850px) {\n  #image_1637826635 {\n    width: 100%;\n  }\n}\n<\/style>\n\t<\/div>\n\t\n\n\n\t\t<\/div>\n\t\t\t\t\t<\/div>\n\n\t\n\n\t<div id=\"col-1990529991\" class=\"col medium-9 small-8 large-9\"  >\n\t\t\t\t<div class=\"col-inner\"  >\n\t\t\t\n\t\t\t\n\n\t<div id=\"text-4286758479\" class=\"text\">\n\t\t\n\n<h5>Eccellenza collaborativa<\/h5>\r\n<p>Supporto completo nello sviluppo dei progetti, dal concept alla realizzazione.<\/p>\n\t\t\n<style>\n#text-4286758479 {\n  color: rgba(0, 0, 0, 0.727);\n}\n#text-4286758479 > * {\n  color: rgba(0, 0, 0, 0.727);\n}\n<\/style>\n\t<\/div>\n\t\n\n\t\t<\/div>\n\t\t\t\t\t<\/div>\n\n\t\n\n<\/div>\n\n\t\t<\/div>\n\t\t\t\t\t<\/div>\n\n\t\n\n\t<div id=\"col-177288147\" class=\"col medium-6 small-12 large-6\"  >\n\t\t\t\t<div class=\"col-inner\"  >\n\t\t\t\n\t\t\t\n\n<div class=\"row\"  id=\"row-1828011083\">\n\n\n\t<div id=\"col-223843545\" class=\"col medium-3 small-4 large-3\"  >\n\t\t\t\t<div class=\"col-inner text-center\"  >\n\t\t\t\n\t\t\t\n\n\t<div class=\"img has-hover x md-x lg-x y md-y lg-y\" id=\"image_1540212648\">\n\t\t\t\t\t\t\t\t<div class=\"img-inner dark\" >\n\t\t\t<img loading=\"lazy\" decoding=\"async\" width=\"512\" height=\"512\" src=\"https:\/\/ziggioriginal.com\/wp-content\/uploads\/2023\/09\/communities.png\" class=\"attachment-medium_large size-medium_large\" alt=\"\" srcset=\"https:\/\/ziggioriginal.com\/wp-content\/uploads\/2023\/09\/communities.png 512w, https:\/\/ziggioriginal.com\/wp-content\/uploads\/2023\/09\/communities-300x300.png 300w, https:\/\/ziggioriginal.com\/wp-content\/uploads\/2023\/09\/communities-100x100.png 100w, https:\/\/ziggioriginal.com\/wp-content\/uploads\/2023\/09\/communities-150x150.png 150w\" sizes=\"auto, (max-width: 512px) 100vw, 512px\" \/>\t\t\t\t\t\t\n\t\t\t\t\t<\/div>\n\t\t\t\t\t\t\t\t\n<style>\n#image_1540212648 {\n  width: 100%;\n}\n@media (min-width:550px) {\n  #image_1540212648 {\n    width: 100%;\n  }\n}\n@media (min-width:850px) {\n  #image_1540212648 {\n    width: 100%;\n  }\n}\n<\/style>\n\t<\/div>\n\t\n\n\n\t\t<\/div>\n\t\t\t\t\t<\/div>\n\n\t\n\n\t<div id=\"col-875645272\" class=\"col medium-9 small-8 large-9\"  >\n\t\t\t\t<div class=\"col-inner\"  >\n\t\t\t\n\t\t\t\n\n\t<div id=\"text-3656566040\" class=\"text\">\n\t\t\n\n<h5>Visibilit\u00e0 autentica<\/h5>\r\n<p>Approfitta della nostra vasta rete comunitaria e dei nostri canali di marketing.<\/p>\n\t\t\n<style>\n#text-3656566040 {\n  color: rgba(0, 0, 0, 0.738);\n}\n#text-3656566040 > * {\n  color: rgba(0, 0, 0, 0.738);\n}\n<\/style>\n\t<\/div>\n\t\n\n\t\t<\/div>\n\t\t\t\t\t<\/div>\n\n\t\n\n<\/div>\n<div class=\"row\"  id=\"row-1421107903\">\n\n\n\t<div id=\"col-594159621\" class=\"col medium-3 small-4 large-3\"  >\n\t\t\t\t<div class=\"col-inner text-center\"  >\n\t\t\t\n\t\t\t\n\n\t<div class=\"img has-hover x md-x lg-x y md-y lg-y\" id=\"image_991889428\">\n\t\t\t\t\t\t\t\t<div class=\"img-inner dark\" >\n\t\t\t<img loading=\"lazy\" decoding=\"async\" width=\"512\" height=\"512\" src=\"https:\/\/ziggioriginal.com\/wp-content\/uploads\/2023\/09\/user.png\" class=\"attachment-medium_large size-medium_large\" alt=\"\" srcset=\"https:\/\/ziggioriginal.com\/wp-content\/uploads\/2023\/09\/user.png 512w, https:\/\/ziggioriginal.com\/wp-content\/uploads\/2023\/09\/user-300x300.png 300w, https:\/\/ziggioriginal.com\/wp-content\/uploads\/2023\/09\/user-100x100.png 100w, https:\/\/ziggioriginal.com\/wp-content\/uploads\/2023\/09\/user-150x150.png 150w\" sizes=\"auto, (max-width: 512px) 100vw, 512px\" \/>\t\t\t\t\t\t\n\t\t\t\t\t<\/div>\n\t\t\t\t\t\t\t\t\n<style>\n#image_991889428 {\n  width: 100%;\n}\n@media (min-width:550px) {\n  #image_991889428 {\n    width: 100%;\n  }\n}\n@media (min-width:850px) {\n  #image_991889428 {\n    width: 100%;\n  }\n}\n<\/style>\n\t<\/div>\n\t\n\n\n\t\t<\/div>\n\t\t\t\t\t<\/div>\n\n\t\n\n\t<div id=\"col-814965474\" class=\"col medium-9 small-8 large-9\"  >\n\t\t\t\t<div class=\"col-inner\"  >\n\t\t\t\n\t\t\t\n\n\t<div id=\"text-63760938\" class=\"text\">\n\t\t\n\n<h5>Impatto culturale<\/h5>\r\n<p>Partecipa a progetti che risuonano con le comunit\u00e0.<\/p>\n\t\t\n<style>\n#text-63760938 {\n  color: rgba(0, 0, 0, 0.738);\n}\n#text-63760938 > * {\n  color: rgba(0, 0, 0, 0.738);\n}\n<\/style>\n\t<\/div>\n\t\n\n\t\t<\/div>\n\t\t\t\t\t<\/div>\n\n\t\n\n<\/div>\n<div class=\"row\"  id=\"row-560803164\">\n\n\n\t<div id=\"col-737455549\" class=\"col medium-3 small-4 large-3\"  >\n\t\t\t\t<div class=\"col-inner text-center\"  >\n\t\t\t\n\t\t\t\n\n\t<div class=\"img has-hover x md-x lg-x y md-y lg-y\" id=\"image_1291849144\">\n\t\t\t\t\t\t\t\t<div class=\"img-inner dark\" >\n\t\t\t<img loading=\"lazy\" decoding=\"async\" width=\"512\" height=\"512\" src=\"https:\/\/ziggioriginal.com\/wp-content\/uploads\/2023\/08\/save-the-world-1.png\" class=\"attachment-medium_large size-medium_large\" alt=\"\" srcset=\"https:\/\/ziggioriginal.com\/wp-content\/uploads\/2023\/08\/save-the-world-1.png 512w, https:\/\/ziggioriginal.com\/wp-content\/uploads\/2023\/08\/save-the-world-1-300x300.png 300w, https:\/\/ziggioriginal.com\/wp-content\/uploads\/2023\/08\/save-the-world-1-100x100.png 100w, https:\/\/ziggioriginal.com\/wp-content\/uploads\/2023\/08\/save-the-world-1-150x150.png 150w\" sizes=\"auto, (max-width: 512px) 100vw, 512px\" \/>\t\t\t\t\t\t\n\t\t\t\t\t<\/div>\n\t\t\t\t\t\t\t\t\n<style>\n#image_1291849144 {\n  width: 100%;\n}\n@media (min-width:550px) {\n  #image_1291849144 {\n    width: 100%;\n  }\n}\n@media (min-width:850px) {\n  #image_1291849144 {\n    width: 100%;\n  }\n}\n<\/style>\n\t<\/div>\n\t\n\n\n\t\t<\/div>\n\t\t\t\t\t<\/div>\n\n\t\n\n\t<div id=\"col-1366938239\" class=\"col medium-9 small-8 large-9\"  >\n\t\t\t\t<div class=\"col-inner\"  >\n\t\t\t\n\t\t\t\n\n\t<div id=\"text-2517289554\" class=\"text\">\n\t\t\n\n<h5>Pratiche sostenibili<\/h5>\r\n<p>Collabora con un marchio che d\u00e0 priorit\u00e0 a operazioni eco-consapevoli e sostenibili.<\/p>\n\t\t\n<style>\n#text-2517289554 {\n  color: rgba(0, 0, 0, 0.738);\n}\n#text-2517289554 > * {\n  color: rgba(0, 0, 0, 0.738);\n}\n<\/style>\n\t<\/div>\n\t\n\n\t\t<\/div>\n\t\t\t\t\t<\/div>\n\n\t\n\n<\/div>\n\n\t\t<\/div>\n\t\t\t\t\t<\/div>\n\n\t\n\n<\/div>\n\n\t<section class=\"section dark\" id=\"section_1467850258\">\n\t\t<div class=\"section-bg fill\" >\n\t\t\t\t\t\t\t\t\t\n\t\t\t\n\n\t\t<\/div>\n\n\t\t\n\n\t\t<div class=\"section-content relative\">\n\t\t\t\n\n<div class=\"row\"  id=\"row-1695523915\">\n\n\n\t<div id=\"col-2011162899\" class=\"col small-12 large-12\"  >\n\t\t\t\t<div class=\"col-inner text-center\"  >\n\t\t\t\n\t\t\t\n\n\t<div id=\"text-3076558563\" class=\"text\">\n\t\t\n\n<h2>Pronto a creare qualcosa di straordinario?<\/h2>\r\n<p>\u00a0<\/p>\n\t\t\n<style>\n#text-3076558563 {\n  color: rgb(255, 255, 255);\n}\n#text-3076558563 > * {\n  color: rgb(255, 255, 255);\n}\n<\/style>\n\t<\/div>\n\t\n<a href=\"#contatto\" class=\"button primary\"  style=\"border-radius:10px;\">\n\t\t<span>Unisciti alla trib\u00f9<\/span>\n\t<\/a>\n\n\n\n\t\t<\/div>\n\t\t\t\t\n<style>\n#col-2011162899 > .col-inner {\n  padding: 40px 0px 0px 0px;\n}\n<\/style>\n\t<\/div>\n\n\t\n\n<\/div>\n\n\t\t<\/div>\n\n\t\t\n<style>\n#section_1467850258 {\n  padding-top: 30px;\n  padding-bottom: 30px;\n  background-color: #b2b1a7;\n}\n<\/style>\n\t<\/section>\n\t\n<div class=\"row\"  id=\"row-691494819\">\n\n\n\t<div id=\"col-1950331387\" class=\"col small-12 large-12\"  >\n\t\t\t\t<div class=\"col-inner\"  >\n\t\t\t\n\t\t\t\n\n<div class=\"row\"  id=\"row-1334942241\">\n\n\n\t<div id=\"col-1536569608\" class=\"col medium-4 small-12 large-4\"  >\n\t\t\t\t<div class=\"col-inner\"  >\n\t\t\t\n\t\t\t\n\n<div class=\"slider-wrapper relative\" id=\"slider-1525308834\" >\n    <div class=\"slider slider-nav-circle slider-nav-large slider-nav-light slider-style-normal\"\n        data-flickity-options='{\n            \"cellAlign\": \"center\",\n            \"imagesLoaded\": true,\n            \"lazyLoad\": 1,\n            \"freeScroll\": false,\n            \"wrapAround\": true,\n            \"autoPlay\": 6000,\n            \"pauseAutoPlayOnHover\" : true,\n            \"prevNextButtons\": true,\n            \"contain\" : true,\n            \"adaptiveHeight\" : true,\n            \"dragThreshold\" : 10,\n            \"percentPosition\": true,\n            \"pageDots\": true,\n            \"rightToLeft\": false,\n            \"draggable\": true,\n            \"selectedAttraction\": 0.1,\n            \"parallax\" : 0,\n            \"friction\": 0.6        }'\n        >\n        \n\n\t<div class=\"img has-hover x md-x lg-x y md-y lg-y\" id=\"image_1476823056\">\n\t\t\t\t\t\t\t\t<div class=\"img-inner image-cover dark\" style=\"padding-top:100%;\">\n\t\t\t<img loading=\"lazy\" decoding=\"async\" width=\"640\" height=\"458\" src=\"https:\/\/ziggioriginal.com\/wp-content\/uploads\/2023\/08\/12825831_1571220816528742_2140812724_n.jpg\" class=\"attachment-large size-large\" alt=\"\" srcset=\"https:\/\/ziggioriginal.com\/wp-content\/uploads\/2023\/08\/12825831_1571220816528742_2140812724_n.jpg 640w, https:\/\/ziggioriginal.com\/wp-content\/uploads\/2023\/08\/12825831_1571220816528742_2140812724_n-600x429.jpg 600w, https:\/\/ziggioriginal.com\/wp-content\/uploads\/2023\/08\/12825831_1571220816528742_2140812724_n-300x215.jpg 300w\" sizes=\"auto, (max-width: 640px) 100vw, 640px\" \/>\t\t\t\t\t\t\n\t\t\t\t\t<\/div>\n\t\t\t\t\t\t\t\t\n<style>\n#image_1476823056 {\n  width: 100%;\n}\n<\/style>\n\t<\/div>\n\t\n\n\n     <\/div>\n\n     <div class=\"loading-spin dark large centered\"><\/div>\n\n\t<\/div>\n\n\n\n\t\t<\/div>\n\t\t\t\t\t<\/div>\n\n\t\n\n\t<div id=\"col-293644378\" class=\"col medium-8 small-12 large-8\"  >\n\t\t\t\t<div class=\"col-inner\"  >\n\t\t\t\n\t\t\t\n\n<h2>La tela Ziggi: dove la creativit\u00e0 incontra la tradizione<\/h2>\r\n<p>Immagina questo: un artista di graffiti che spruzza colori su un muro cittadino, un musicista che suona gli accordi di una melodia rivoluzionaria, e un influencer che cattura l&#8217;essenza della vita urbana in uno scatto. Pennellate diverse, stessa tela\u2014la tela Ziggi. Una tela che non \u00e8 solo un prodotto, ma una piattaforma culturale, un movimento che celebra autenticit\u00e0 e innovazione sin dai primi anni &#8217;90.<\/p>\r\n<p>Al centro di questo movimento c&#8217;\u00e8 Ziggi Man, una leggenda che ha conquistato la comunit\u00e0 del rolling con filtri e cartine innovativi. Ma non si trattava solo di cartine; si trattava di creare stili di vita ed esperienze. Si trattava di fondere i mondi del reggae, del Rasta e delle culture urbane in un modo autentico e rivoluzionario.<\/p>\n\n\t\t<\/div>\n\t\t\t\t\t<\/div>\n\n\t\n\n<\/div>\n<h3>Creativi, benvenuti a casa<\/h3>\r\n<p>Sei un artista di graffiti, un musicista o un influencer sui social media? Hai quel talento per l\u2019innovazione, quella fame di autenticit\u00e0? Benvenuto in ZIGGI, dove la tua creativit\u00e0 pu\u00f2 trovare la sua vera casa. La nostra missione \u00e8 collaborare con creativi affini per co-branding ed edizioni speciali.<\/p>\r\n<h3>Perch\u00e9 collaborare con ZIGGI?<\/h3>\r\n<ul>\r\n<li>Piattaforma autentica: ZIGGI non \u00e8 solo un marchio; \u00e8 una tela per la tua arte, un palco per la tua voce.<\/li>\r\n<li>Qualit\u00e0 al primo posto: Il tuo lavoro sar\u00e0 presentato su una piattaforma che incarna la qualit\u00e0, dai nostri filtri premiati alle nostre pratiche eco-sostenibili.<\/li>\r\n<li>Crescita reciproca: Il tuo successo \u00e8 il nostro successo. Con la nostra vasta rete e una comunit\u00e0 fedele, la tua arte trover\u00e0 un pubblico completamente nuovo.<\/li>\r\n<\/ul>\n\n\t\t<\/div>\n\t\t\t\t\t<\/div>\n\n\t\n\n<\/div>\n<div class=\"row\"  id=\"row-1156824014\">\n\n\n\t<div id=\"col-1927881950\" class=\"col medium-6 small-12 large-6\"  >\n\t\t\t\t<div class=\"col-inner\"  >\n\t\t\t\n\t\t\t\n\n<h3>La chiamata di ZIGGI ai creativi<\/h3>\r\n<p>Siamo qui per abbattere barriere, sfidare le norme e scuotere lo status quo. Se questo \u00e8 il tuo stile, iniziamo questa collaborazione. Non \u00e8 solo un\u2019altra partnership; \u00e8 un\u2019opportunit\u00e0 per diventare parte di un marchio che risuona con la cultura che rappresenti.<\/p>\r\n<p>Quindi, prendi i tuoi colori, accorda la tua chitarra e prepara la tua fotocamera. Creiamo la storia, lasciamo un\u2019eredit\u00e0, diventiamo la storia di cui il mondo parler\u00e0.<\/p>\r\n<p>Pronto a unirti al movimento ZIGGI? Rulliamo insieme.<\/p>\n\n\t\t<\/div>\n\t\t\t\t\t<\/div>\n\n\t\n\n\t<div id=\"col-1945150606\" class=\"col medium-6 small-12 large-6\"  >\n\t\t\t\t<div class=\"col-inner\"  >\n\t\t\t\n\t\t\t\n\n<span class=\"scroll-to\" data-label=\"Scroll to: #contatto\" data-bullet=\"false\" data-link=\"#contatto\" data-title=\"Contatto\" ><a name=\"contatto\"><\/a><\/span>\r\n\r\n<h2>Senti l\u2019energia? Senti la connessione? Allora non aspettare, contattaci subito<\/h2>\r\n\n<div class=\"wpcf7 no-js\" id=\"wpcf7-f5460-o1\" lang=\"it-IT\" dir=\"ltr\" data-wpcf7-id=\"5460\">\n<div class=\"screen-reader-response\"><p role=\"status\" aria-live=\"polite\" aria-atomic=\"true\"><\/p> <ul><\/ul><\/div>\n<form action=\"\/it\/wp-json\/wp\/v2\/pages\/4932#wpcf7-f5460-o1\" method=\"post\" class=\"wpcf7-form init\" aria-label=\"Modulo di contatto\" novalidate=\"novalidate\" data-status=\"init\">\n<fieldset class=\"hidden-fields-container\"><input type=\"hidden\" name=\"_wpcf7\" value=\"5460\" \/><input type=\"hidden\" name=\"_wpcf7_version\" value=\"6.1.5\" \/><input type=\"hidden\" name=\"_wpcf7_locale\" value=\"it_IT\" \/><input type=\"hidden\" name=\"_wpcf7_unit_tag\" value=\"wpcf7-f5460-o1\" \/><input type=\"hidden\" name=\"_wpcf7_container_post\" value=\"0\" \/><input type=\"hidden\" name=\"_wpcf7_posted_data_hash\" value=\"\" \/><input type=\"hidden\" name=\"_wpcf7_recaptcha_response\" value=\"\" \/>\n<\/fieldset>\n<p><label> Il tuo nome<br \/>\n<span class=\"wpcf7-form-control-wrap\" data-name=\"your-name\"><input size=\"40\" maxlength=\"400\" class=\"wpcf7-form-control wpcf7-text wpcf7-validates-as-required\" autocomplete=\"name\" aria-required=\"true\" aria-invalid=\"false\" value=\"\" type=\"text\" name=\"your-name\" \/><\/span> <\/label>\n<\/p>\n<p><label> La tua email<br \/>\n<span class=\"wpcf7-form-control-wrap\" data-name=\"your-email\"><input size=\"40\" maxlength=\"400\" class=\"wpcf7-form-control wpcf7-email wpcf7-validates-as-required wpcf7-text wpcf7-validates-as-email\" autocomplete=\"email\" aria-required=\"true\" aria-invalid=\"false\" value=\"\" type=\"email\" name=\"your-email\" \/><\/span> <\/label>\n<\/p>\n<p><label> Il tuo numero di telefono (opzionale)<br \/>\n<span class=\"wpcf7-form-control-wrap\" data-name=\"your-phone-number\"><input size=\"40\" maxlength=\"400\" class=\"wpcf7-form-control wpcf7-tel wpcf7-text wpcf7-validates-as-tel\" aria-invalid=\"false\" value=\"\" type=\"tel\" name=\"your-phone-number\" \/><\/span> <\/label>\n<\/p>\n<p><label> Oggetto<br \/>\n<span class=\"wpcf7-form-control-wrap\" data-name=\"your-subject\"><input size=\"40\" maxlength=\"400\" class=\"wpcf7-form-control wpcf7-text wpcf7-validates-as-required\" aria-required=\"true\" aria-invalid=\"false\" value=\"\" type=\"text\" name=\"your-subject\" \/><\/span> <\/label>\n<\/p>\n<p><label> Il tuo messaggio (opzionale)<br \/>\n<span class=\"wpcf7-form-control-wrap\" data-name=\"your-message\"><textarea cols=\"40\" rows=\"10\" maxlength=\"2000\" class=\"wpcf7-form-control wpcf7-textarea\" aria-invalid=\"false\" name=\"your-message\"><\/textarea><\/span><br \/>\n<\/label>\n<\/p>\n<p style=\"font-size: 0.8em; font-weight: normal;\">Questo sito \u00e8 protetto da reCAPTCHA e si applicano la<br \/>\n<a href=\"https:\/\/policies.google.com\/privacy\">Privacy Policy<\/a> e i<br \/>\n<a href=\"https:\/\/policies.google.com\/terms\">Termini di servizio<\/a> di Google.\n<\/p>\n<p><input class=\"wpcf7-form-control wpcf7-submit has-spinner\" type=\"submit\" value=\"Invia\" \/>\n<\/p><div class=\"wpcf7-response-output\" aria-hidden=\"true\"><\/div>\n<\/form>\n<\/div>\n\n\n\n\t\t<\/div>\n\t\t\t\t\t<\/div>\n\n\t\n\n<\/div>\n\n","protected":false},"excerpt":{"rendered":"","protected":false},"author":1,"featured_media":0,"parent":0,"menu_order":0,"comment_status":"closed","ping_status":"closed","template":"page-blank.php","meta":{"footnotes":""},"class_list":["post-4932","page","type-page","status-publish","hentry"],"_links":{"self":[{"href":"https:\/\/ziggioriginal.com\/it\/wp-json\/wp\/v2\/pages\/4932","targetHints":{"allow":["GET"]}}],"collection":[{"href":"https:\/\/ziggioriginal.com\/it\/wp-json\/wp\/v2\/pages"}],"about":[{"href":"https:\/\/ziggioriginal.com\/it\/wp-json\/wp\/v2\/types\/page"}],"author":[{"embeddable":true,"href":"https:\/\/ziggioriginal.com\/it\/wp-json\/wp\/v2\/users\/1"}],"replies":[{"embeddable":true,"href":"https:\/\/ziggioriginal.com\/it\/wp-json\/wp\/v2\/comments?post=4932"}],"version-history":[{"count":1,"href":"https:\/\/ziggioriginal.com\/it\/wp-json\/wp\/v2\/pages\/4932\/revisions"}],"predecessor-version":[{"id":4933,"href":"https:\/\/ziggioriginal.com\/it\/wp-json\/wp\/v2\/pages\/4932\/revisions\/4933"}],"wp:attachment":[{"href":"https:\/\/ziggioriginal.com\/it\/wp-json\/wp\/v2\/media?parent=4932"}],"curies":[{"name":"wp","href":"https:\/\/api.w.org\/{rel}","templated":true}]}}