{"id":6966,"date":"2025-09-11T10:24:07","date_gmt":"2025-09-11T10:24:07","guid":{"rendered":"https:\/\/ziggioriginal.com\/?post_type=product&#038;p=6966"},"modified":"2025-09-11T10:30:48","modified_gmt":"2025-09-11T10:30:48","slug":"ziggi-hemp-tb","status":"publish","type":"product","link":"https:\/\/ziggioriginal.com\/de\/produkt\/ziggi-hemp-tb\/","title":{"rendered":"ZIGGI HEMP (TB)"},"content":{"rendered":"<p style=\"text-align: center;\"><iframe loading=\"lazy\" title=\"YouTube video player\" src=\"https:\/\/www.youtube.com\/embed\/snWhpwDk30E?si=gMh6N0KQKbgBEsmg\" width=\"560\" height=\"315\" frameborder=\"0\" allowfullscreen=\"allowfullscreen\"><\/iframe><\/p>\r\n<h2>Ziggi Original Modell<\/h2>\r\n\r\n<p>In den sp\u00e4ten 90ern von unserem vision\u00e4ren Gr\u00fcnder entwickelt, war das Ziggi Original Modell die weltweit erste Kombination aus Bl\u00e4ttchen und Filtertips in einer einzigen Packung. Eine scheinbar einfache, aber revolution\u00e4re Idee, die sofort Anklang fand und neue Ma\u00dfst\u00e4be in der Branche setzte.<\/p>\r\n\r\n<p>Elemente:<br \/>\r\n32 Rolling Papers<br \/>\r\n32 Rolling Tips<br \/><\/p>\r\n\n<h2>Hanf<\/h2>\r\n<p>Unsere Hanf-Bl\u00e4ttchen bestehen zu 100 % aus Hanf und bieten die perfekte Balance zwischen leichtem Material und robuster Leistung. Die erste Wahl f\u00fcr erfahrene Nutzer, die auf zuverl\u00e4ssige Qualit\u00e4t setzen.<\/p>\r\n\r\n<p>\r\n14 g\/m2<br \/>\r\nBio-Hanf<br \/>\r\nGebleicht<br \/>\r\n<\/p>\r\n\n<h2>Perfekte Elemente<\/h2>\r\n\r\n<h3>Filtertips<\/h3>\r\n<p>Unsere Filtertips werden aus erstklassigen Materialien hergestellt, die lebensmittelkonformen Standards entsprechen und ein unvergleichliches Dreherlebnis garantieren. Als die besten der Branche bekannt, ben\u00f6tigen sie keine Perforation, lassen sich m\u00fchelos rollen und behalten ihre Form nach dem Drehen. Zudem sorgt unsere innovative Klebetechnik daf\u00fcr, dass jeder Tip sicher in der Packung bleibt, bis er bewusst entnommen wird \u2013 und das ganz ohne Kleber\u00fcckst\u00e4nde auf dem Tip.<\/p>\r\n\r\n<h3>Bl\u00e4ttchen<\/h3>\r\n<p>Ziggi Bl\u00e4ttchen werden in der EU aus FSC-zertifizierten Materialien und unter strengen ISO-Zertifizierungsstandards gefertigt. Dank modernster Technologie k\u00f6nnen wir gleichbleibend hochwertige Bl\u00e4ttchen garantieren, die gleichm\u00e4\u00dfig abbrennen und frei von Zusatzstoffen sind.<\/p>\r\n\r\n<h3>Nat\u00fcrlicher Arabischer Gummi<\/h3>\r\n<p>Arabischer Gummi, gewonnen aus dem Akazienbaum (Acacia Senegal), ist ein nat\u00fcrliches Produkt, das in der Lebensmittelindustrie weit verbreitet ist. Von der FDA und der EFSA als sicherer Lebensmittelzusatz anerkannt, verwenden wir Arabischen Gummi als Klebstoff in unseren Bl\u00e4ttchen \u2013 f\u00fcr h\u00f6chste Qualit\u00e4t und Verbrauchersicherheit.<\/p>\r\n\n","protected":false},"excerpt":{"rendered":"<table class=\"product-patents\">\r\n<thead>\r\n<tr>\r\n<th>Patente:<\/th>\r\n<th>Eingetragenes <br\/>Gemeinschaftsdesign:<\/th>\r\n<\/tr>\r\n<\/thead>\r\n<tbody>\r\n<tr>\r\n<td>US 9078469 B2;<\/td>\r\n<td>Nr. 015050351-0001<\/td>\r\n<\/tr>\r\n<tr>\r\n<td>CA 2773684 C;<\/td>\r\n<td>Nr. 015050351-0002<\/td>\r\n<\/tr>\r\n<tr>\r\n<td>EP 2 440 075 B1;<\/td>\r\n<td>Nr. 015050351-0003<\/td>\r\n<\/tr>\r\n<tr>\r\n<td>RCD: DM\/073983<\/td>\r\n<td>Nr. 015050351-0004<\/td>\r\n<\/tr>\r\n<tr>\r\n<td><\/td>\r\n<td>Nr. 015050351-0005<\/td>\r\n<\/tr>\r\n<\/tbody>\r\n<\/table>\r\n\n<p>Ziggi Hanf-Rolling Papers sind aus 100% biologischem Hanf hergestellt und bieten eine leichte, aber dennoch strapazierf\u00e4hige Textur f\u00fcr ein gleichm\u00e4\u00dfiges, zuverl\u00e4ssiges Drehen. Hergestellt aus FSC-zertifizierten Materialien und nat\u00fcrlichem arabischen Gummi, garantieren sie ein sauberes, zusatzfreies Erlebnis.<\/p>\n<table width=\"100%\">\r\n<tbody>\r\n<tr>\r\n<td><img loading=\"lazy\" decoding=\"async\" class=\"alignnone wp-image-1609\" src=\"https:\/\/ziggioriginal.com\/wp-content\/uploads\/2023\/08\/SHOW-BOX.webp\" alt=\"\" width=\"40\" height=\"41\" srcset=\"https:\/\/ziggioriginal.com\/wp-content\/uploads\/2023\/08\/SHOW-BOX.webp 140w, https:\/\/ziggioriginal.com\/wp-content\/uploads\/2023\/08\/SHOW-BOX-100x100.webp 100w\" sizes=\"auto, (max-width: 40px) 100vw, 40px\" \/><\/td>\r\n<td class=\"mobile-hidden\">Standard Display Box (SDB)<\/td>\r\n<td>26x<\/td>\r\n<td colspan=\"3\"><img loading=\"lazy\" decoding=\"async\" class=\"alignnone wp-image-1611\" src=\"https:\/\/ziggioriginal.com\/wp-content\/uploads\/2023\/08\/ZIGGI-ORIGINAL-1.webp\" alt=\"\" width=\"48\" height=\"37\" \/><\/td>\r\n<\/tr>\r\n<tr>\r\n<td><img loading=\"lazy\" decoding=\"async\" class=\"alignnone wp-image-1613\" src=\"https:\/\/ziggioriginal.com\/wp-content\/uploads\/2023\/08\/TRANSPORT-BOX.webp\" alt=\"\" width=\"43\" height=\"33\" \/><\/td>\r\n<td class=\"mobile-hidden\">Transport Box for SDB<\/td>\r\n<td>18x<\/td>\r\n<td><img loading=\"lazy\" decoding=\"async\" class=\"alignnone wp-image-1609\" src=\"https:\/\/ziggioriginal.com\/wp-content\/uploads\/2023\/08\/SHOW-BOX.webp\" alt=\"\" width=\"41\" height=\"42\" srcset=\"https:\/\/ziggioriginal.com\/wp-content\/uploads\/2023\/08\/SHOW-BOX.webp 140w, https:\/\/ziggioriginal.com\/wp-content\/uploads\/2023\/08\/SHOW-BOX-100x100.webp 100w\" sizes=\"auto, (max-width: 41px) 100vw, 41px\" \/><\/td>\r\n<td>= 468x<\/td>\r\n<td><img loading=\"lazy\" decoding=\"async\" class=\"alignnone wp-image-1611\" src=\"https:\/\/ziggioriginal.com\/wp-content\/uploads\/2023\/08\/ZIGGI-ORIGINAL-1.webp\" alt=\"\" width=\"46\" height=\"36\" \/><\/td>\r\n<\/tr>\r\n<\/tbody>\r\n<\/table>\n","protected":false},"featured_media":5751,"template":"","meta":{"footnotes":""},"product_brand":[],"product_cat":[201,166,158,170],"product_tag":[],"class_list":{"0":"post-6966","1":"product","2":"type-product","3":"status-publish","4":"has-post-thumbnail","6":"product_cat-groshandel","7":"product_cat-hanf","8":"product_cat-ziggi-de","9":"product_cat-ziggi-essentials-de","11":"first","12":"instock","13":"taxable","14":"shipping-taxable","15":"purchasable","16":"product-type-variable","17":"has-default-attributes"},"_links":{"self":[{"href":"https:\/\/ziggioriginal.com\/de\/wp-json\/wp\/v2\/product\/6966","targetHints":{"allow":["GET"]}}],"collection":[{"href":"https:\/\/ziggioriginal.com\/de\/wp-json\/wp\/v2\/product"}],"about":[{"href":"https:\/\/ziggioriginal.com\/de\/wp-json\/wp\/v2\/types\/product"}],"version-history":[{"count":2,"href":"https:\/\/ziggioriginal.com\/de\/wp-json\/wp\/v2\/product\/6966\/revisions"}],"predecessor-version":[{"id":6983,"href":"https:\/\/ziggioriginal.com\/de\/wp-json\/wp\/v2\/product\/6966\/revisions\/6983"}],"wp:featuredmedia":[{"embeddable":true,"href":"https:\/\/ziggioriginal.com\/de\/wp-json\/wp\/v2\/media\/5751"}],"wp:attachment":[{"href":"https:\/\/ziggioriginal.com\/de\/wp-json\/wp\/v2\/media?parent=6966"}],"wp:term":[{"taxonomy":"product_brand","embeddable":true,"href":"https:\/\/ziggioriginal.com\/de\/wp-json\/wp\/v2\/product_brand?post=6966"},{"taxonomy":"product_cat","embeddable":true,"href":"https:\/\/ziggioriginal.com\/de\/wp-json\/wp\/v2\/product_cat?post=6966"},{"taxonomy":"product_tag","embeddable":true,"href":"https:\/\/ziggioriginal.com\/de\/wp-json\/wp\/v2\/product_tag?post=6966"}],"curies":[{"name":"wp","href":"https:\/\/api.w.org\/{rel}","templated":true}]}}