{"id":6748,"date":"2025-09-08T12:01:31","date_gmt":"2025-09-08T12:01:31","guid":{"rendered":"https:\/\/ziggioriginal.com\/?post_type=product&#038;p=6748"},"modified":"2025-12-01T13:37:46","modified_gmt":"2025-12-01T13:37:46","slug":"ziggi-original-double-tb","status":"publish","type":"product","link":"https:\/\/ziggioriginal.com\/de\/produkt\/ziggi-original-double-tb\/","title":{"rendered":"ZIGGI ORIGINAL DOUBLE (TB)"},"content":{"rendered":"<p style=\"text-align: center;\"><iframe loading=\"lazy\" title=\"YouTube video player\" src=\"https:\/\/www.youtube.com\/embed\/Kb67pAaFYlo?si=C6F8mbVx31Yvbghb\" width=\"560\" height=\"315\" frameborder=\"0\" allowfullscreen=\"allowfullscreen\"><\/iframe><\/p>\r\n\r\n<h2>Ziggi Double Modell<\/h2>\r\n<p>Aufbauend auf dem Erbe des Ziggi Original Modells war das Ziggi Double Original Modell der n\u00e4chste evolution\u00e4re Schritt. Kurz nach seinem Vorg\u00e4nger in den sp\u00e4ten 90ern entwickelt, bot diese Version doppelt so viele Bl\u00e4ttchen und Filtertips \u2013 verpackt in derselben innovativen H\u00fclle.<\/p>\r\n\r\n<p>\r\nElemente:<br \/>\r\n64 Rolling Papers<br \/>\r\n64 Rolling Tips<br \/>\r\n<\/p>\r\n\n<h2>Klassisches Papier<\/h2>\r\n<p>Hergestellt aus einer speziellen Mischung aus d\u00fcnnem, transparentem Frischzellstoff, bieten unsere klassischen Bl\u00e4ttchen ein durchgehend angenehmes Dreherlebnis f\u00fcr alle Nutzer.<\/p>\r\n\r\n<p>\r\n14 g\/m2<br \/>\r\nHolzpapier<br \/>\r\nGebleicht<br \/>\r\n<\/p>\r\n\n<h2>Perfekte Elemente<\/h2>\r\n\r\n<h3>Filtertips<\/h3>\r\n<p>Unsere Filtertips werden aus erstklassigen Materialien hergestellt, die lebensmittelkonformen Standards entsprechen und ein unvergleichliches Dreherlebnis garantieren. Als die besten der Branche bekannt, ben\u00f6tigen sie keine Perforation, lassen sich m\u00fchelos rollen und behalten ihre Form nach dem Drehen. Zudem sorgt unsere innovative Klebetechnik daf\u00fcr, dass jeder Tip sicher in der Packung bleibt, bis er bewusst entnommen wird \u2013 und das ganz ohne Kleber\u00fcckst\u00e4nde auf dem Tip.<\/p>\r\n\r\n<h3>Bl\u00e4ttchen<\/h3>\r\n<p>Ziggi Bl\u00e4ttchen werden in der EU aus FSC-zertifizierten Materialien und unter strengen ISO-Zertifizierungsstandards gefertigt. Dank modernster Technologie k\u00f6nnen wir gleichbleibend hochwertige Bl\u00e4ttchen garantieren, die gleichm\u00e4\u00dfig abbrennen und frei von Zusatzstoffen sind.<\/p>\r\n\r\n<h3>Nat\u00fcrlicher Arabischer Gummi<\/h3>\r\n<p>Arabischer Gummi, gewonnen aus dem Akazienbaum (Acacia Senegal), ist ein nat\u00fcrliches Produkt, das in der Lebensmittelindustrie weit verbreitet ist. Von der FDA und der EFSA als sicherer Lebensmittelzusatz anerkannt, verwenden wir Arabischen Gummi als Klebstoff in unseren Bl\u00e4ttchen \u2013 f\u00fcr h\u00f6chste Qualit\u00e4t und Verbrauchersicherheit.<\/p>\r\n\n","protected":false},"excerpt":{"rendered":"<table class=\"product-patents\">\r\n<thead>\r\n<tr>\r\n<th>Patente:<\/th>\r\n<th>Eingetragenes <br\/>Gemeinschaftsdesign:<\/th>\r\n<\/tr>\r\n<\/thead>\r\n<tbody>\r\n<tr>\r\n<td>US 9078469 B2;<\/td>\r\n<td>Nr. 015033783-0004<\/td>\r\n<\/tr>\r\n<tr>\r\n<td>CA 2773684 C;<\/td>\r\n<td><\/td>\r\n<\/tr>\r\n<tr>\r\n<td>EP 2 440 075 B1;<\/td>\r\n<td><\/td>\r\n<\/tr>\r\n<tr>\r\n<td>RCD: DM\/073983<\/td>\r\n<td><\/td>\r\n<\/tr>\r\n<\/tbody>\r\n<\/table>\r\n\nDas Ziggi Double Modell bietet 64 Classic Rolling Papers und 64 Premium-Filtertips in einer Packung f\u00fcr ein verbessertes Dreherlebnis. Hergestellt aus transparentem Frischfasermaterial, FSC-zertifizierten Materialien und nat\u00fcrlichem arabischen Gummi garantiert es ein gleichm\u00e4\u00dfiges, r\u00fcckstandsfreies Drehen.<br \/>\n<table width=\"100%\">\r\n<tbody>\r\n<tr>\r\n<td><img loading=\"lazy\" decoding=\"async\" class=\"alignnone wp-image-1609\" src=\"https:\/\/ziggioriginal.com\/wp-content\/uploads\/2023\/08\/SHOW-BOX.webp\" alt=\"\" width=\"40\" height=\"41\" srcset=\"https:\/\/ziggioriginal.com\/wp-content\/uploads\/2023\/08\/SHOW-BOX.webp 140w, https:\/\/ziggioriginal.com\/wp-content\/uploads\/2023\/08\/SHOW-BOX-100x100.webp 100w\" sizes=\"auto, (max-width: 40px) 100vw, 40px\" \/><\/td>\r\n<td class='mobile-hidden'>Showbox (SB)<\/td>\r\n<td>14x<\/td>\r\n<td colspan=\"3\"><img loading=\"lazy\" decoding=\"async\" class=\"alignnone wp-image-1610\" src=\"https:\/\/ziggioriginal.com\/wp-content\/uploads\/2023\/08\/ZIGGI-DOUBLE.webp\" alt=\"\" width=\"38\" height=\"40\" \/><\/td>\r\n<\/tr>\r\n<tr>\r\n<td><img loading=\"lazy\" decoding=\"async\" class=\"alignnone wp-image-1613\" src=\"https:\/\/ziggioriginal.com\/wp-content\/uploads\/2023\/08\/TRANSPORT-BOX.webp\" alt=\"\" width=\"43\" height=\"33\" \/><\/td>\r\n<td class='mobile-hidden'>Transportbox f\u00fcr SB<\/td>\r\n<td>18x<\/td>\r\n<td><img loading=\"lazy\" decoding=\"async\" class=\"alignnone wp-image-1609\" src=\"https:\/\/ziggioriginal.com\/wp-content\/uploads\/2023\/08\/SHOW-BOX.webp\" alt=\"\" width=\"41\" height=\"42\" srcset=\"https:\/\/ziggioriginal.com\/wp-content\/uploads\/2023\/08\/SHOW-BOX.webp 140w, https:\/\/ziggioriginal.com\/wp-content\/uploads\/2023\/08\/SHOW-BOX-100x100.webp 100w\" sizes=\"auto, (max-width: 41px) 100vw, 41px\" \/><\/td>\r\n<td>= 252x<\/td>\r\n<td><img loading=\"lazy\" decoding=\"async\" class=\"alignnone wp-image-1610\" src=\"https:\/\/ziggioriginal.com\/wp-content\/uploads\/2023\/08\/ZIGGI-DOUBLE.webp\" alt=\"\" width=\"38\" height=\"40\" \/><\/td>\r\n<\/tr>\r\n<\/tbody>\r\n<\/table>\r\n\n","protected":false},"featured_media":8723,"template":"","meta":{"footnotes":""},"product_brand":[],"product_cat":[159,201,157,173,170],"product_tag":[],"class_list":{"0":"post-6748","1":"product","2":"type-product","3":"status-publish","4":"has-post-thumbnail","6":"product_cat-classic-de","7":"product_cat-groshandel","8":"product_cat-original-de","9":"product_cat-ziggi-double-de","10":"product_cat-ziggi-essentials-de","12":"first","13":"instock","14":"taxable","15":"shipping-taxable","16":"purchasable","17":"product-type-variable","18":"has-default-attributes"},"_links":{"self":[{"href":"https:\/\/ziggioriginal.com\/de\/wp-json\/wp\/v2\/product\/6748","targetHints":{"allow":["GET"]}}],"collection":[{"href":"https:\/\/ziggioriginal.com\/de\/wp-json\/wp\/v2\/product"}],"about":[{"href":"https:\/\/ziggioriginal.com\/de\/wp-json\/wp\/v2\/types\/product"}],"version-history":[{"count":2,"href":"https:\/\/ziggioriginal.com\/de\/wp-json\/wp\/v2\/product\/6748\/revisions"}],"predecessor-version":[{"id":6766,"href":"https:\/\/ziggioriginal.com\/de\/wp-json\/wp\/v2\/product\/6748\/revisions\/6766"}],"wp:featuredmedia":[{"embeddable":true,"href":"https:\/\/ziggioriginal.com\/de\/wp-json\/wp\/v2\/media\/8723"}],"wp:attachment":[{"href":"https:\/\/ziggioriginal.com\/de\/wp-json\/wp\/v2\/media?parent=6748"}],"wp:term":[{"taxonomy":"product_brand","embeddable":true,"href":"https:\/\/ziggioriginal.com\/de\/wp-json\/wp\/v2\/product_brand?post=6748"},{"taxonomy":"product_cat","embeddable":true,"href":"https:\/\/ziggioriginal.com\/de\/wp-json\/wp\/v2\/product_cat?post=6748"},{"taxonomy":"product_tag","embeddable":true,"href":"https:\/\/ziggioriginal.com\/de\/wp-json\/wp\/v2\/product_tag?post=6748"}],"curies":[{"name":"wp","href":"https:\/\/api.w.org\/{rel}","templated":true}]}}