{"id":5795,"date":"2023-08-29T12:31:48","date_gmt":"2023-08-29T12:31:48","guid":{"rendered":"https:\/\/ziggioriginal.com\/product\/ziggi-original\/"},"modified":"2026-04-14T06:26:37","modified_gmt":"2026-04-14T06:26:37","slug":"ziggi-original","status":"publish","type":"product","link":"https:\/\/ziggioriginal.com\/de\/produkt\/ziggi-original\/","title":{"rendered":"ZIGGI ORIGINAL"},"content":{"rendered":"<p style=\"text-align: center;\"><iframe loading=\"lazy\" title=\"YouTube video player\" src=\"https:\/\/www.youtube.com\/embed\/snWhpwDk30E?si=gMh6N0KQKbgBEsmg\" width=\"560\" height=\"315\" frameborder=\"0\" allowfullscreen=\"allowfullscreen\"><\/iframe><\/p>\r\n<h2>Ziggi Original Modell<\/h2>\r\n\r\n<p>In den sp\u00e4ten 90ern von unserem vision\u00e4ren Gr\u00fcnder entwickelt, war das Ziggi Original Modell die weltweit erste Kombination aus Bl\u00e4ttchen und Filtertips in einer einzigen Packung. Eine scheinbar einfache, aber revolution\u00e4re Idee, die sofort Anklang fand und neue Ma\u00dfst\u00e4be in der Branche setzte.<\/p>\r\n\r\n<p>Elemente:<br \/>\r\n32 Rolling Papers<br \/>\r\n32 Rolling Tips<br \/><\/p>\r\n\n<h2>Klassisches Papier<\/h2>\r\n<p>Hergestellt aus einer speziellen Mischung aus d\u00fcnnem, transparentem Frischzellstoff, bieten unsere klassischen Bl\u00e4ttchen ein durchgehend angenehmes Dreherlebnis f\u00fcr alle Nutzer.<\/p>\r\n\r\n<p>\r\n14 g\/m2<br \/>\r\nHolzpapier<br \/>\r\nGebleicht<br \/>\r\n<\/p>\r\n\n<h2>Perfekte Elemente<\/h2>\r\n\r\n<h3>Filtertips<\/h3>\r\n<p>Unsere Filtertips werden aus erstklassigen Materialien hergestellt, die lebensmittelkonformen Standards entsprechen und ein unvergleichliches Dreherlebnis garantieren. Als die besten der Branche bekannt, ben\u00f6tigen sie keine Perforation, lassen sich m\u00fchelos rollen und behalten ihre Form nach dem Drehen. Zudem sorgt unsere innovative Klebetechnik daf\u00fcr, dass jeder Tip sicher in der Packung bleibt, bis er bewusst entnommen wird \u2013 und das ganz ohne Kleber\u00fcckst\u00e4nde auf dem Tip.<\/p>\r\n\r\n<h3>Bl\u00e4ttchen<\/h3>\r\n<p>Ziggi Bl\u00e4ttchen werden in der EU aus FSC-zertifizierten Materialien und unter strengen ISO-Zertifizierungsstandards gefertigt. Dank modernster Technologie k\u00f6nnen wir gleichbleibend hochwertige Bl\u00e4ttchen garantieren, die gleichm\u00e4\u00dfig abbrennen und frei von Zusatzstoffen sind.<\/p>\r\n\r\n<h3>Nat\u00fcrlicher Arabischer Gummi<\/h3>\r\n<p>Arabischer Gummi, gewonnen aus dem Akazienbaum (Acacia Senegal), ist ein nat\u00fcrliches Produkt, das in der Lebensmittelindustrie weit verbreitet ist. Von der FDA und der EFSA als sicherer Lebensmittelzusatz anerkannt, verwenden wir Arabischen Gummi als Klebstoff in unseren Bl\u00e4ttchen \u2013 f\u00fcr h\u00f6chste Qualit\u00e4t und Verbrauchersicherheit.<\/p>\r\n\n","protected":false},"excerpt":{"rendered":"<table class=\"product-patents\">\r\n<thead>\r\n<tr>\r\n<th>Patente:<\/th>\r\n<th>Eingetragenes <br\/>Gemeinschaftsdesign:<\/th>\r\n<\/tr>\r\n<\/thead>\r\n<tbody>\r\n<tr>\r\n<td>US 9078469 B2;<\/td>\r\n<td>Nr. 015050351-0001<\/td>\r\n<\/tr>\r\n<tr>\r\n<td>CA 2773684 C;<\/td>\r\n<td>Nr. 015050351-0002<\/td>\r\n<\/tr>\r\n<tr>\r\n<td>EP 2 440 075 B1;<\/td>\r\n<td>Nr. 015050351-0003<\/td>\r\n<\/tr>\r\n<tr>\r\n<td>RCD: DM\/073983<\/td>\r\n<td>Nr. 015050351-0004<\/td>\r\n<\/tr>\r\n<tr>\r\n<td><\/td>\r\n<td>Nr. 015050351-0005<\/td>\r\n<\/tr>\r\n<\/tbody>\r\n<\/table>\r\n\n<p>Ziggi Original, Ende der 90er Jahre eingef\u00fchrt, revolutionierte das Drehen mit 32 Bl\u00e4ttchen und 32 Filtertips in einer Packung. Hergestellt aus 14 g\/m\u00b2 Frischzellstoff und nat\u00fcrlichem arabischem Gummi, sorgt es f\u00fcr ein gleichm\u00e4\u00dfiges und geschmeidiges Erlebnis. Gefertigt in der EU aus FSC-zertifizierten Materialien, setzt Ziggi Original den Ma\u00dfstab f\u00fcr Qualit\u00e4t und Komfort.<\/p>\r\n\n<table width=\"100%\">\r\n<tbody>\r\n<tr>\r\n<td><img loading=\"lazy\" decoding=\"async\" class=\"alignnone wp-image-1609\" src=\"https:\/\/ziggioriginal.com\/wp-content\/uploads\/2023\/08\/SHOW-BOX.webp\" alt=\"\" width=\"40\" height=\"41\" srcset=\"https:\/\/ziggioriginal.com\/wp-content\/uploads\/2023\/08\/SHOW-BOX.webp 140w, https:\/\/ziggioriginal.com\/wp-content\/uploads\/2023\/08\/SHOW-BOX-100x100.webp 100w\" sizes=\"auto, (max-width: 40px) 100vw, 40px\" \/><\/td>\r\n<td class=\"mobile-hidden\">Standard Display Box (SDB)<\/td>\r\n<td>26x<\/td>\r\n<td colspan=\"3\"><img loading=\"lazy\" decoding=\"async\" class=\"alignnone wp-image-1611\" src=\"https:\/\/ziggioriginal.com\/wp-content\/uploads\/2023\/08\/ZIGGI-ORIGINAL-1.webp\" alt=\"\" width=\"48\" height=\"37\" \/><\/td>\r\n<\/tr>\r\n<tr>\r\n<td><img loading=\"lazy\" decoding=\"async\" class=\"alignnone wp-image-1613\" src=\"https:\/\/ziggioriginal.com\/wp-content\/uploads\/2023\/08\/TRANSPORT-BOX.webp\" alt=\"\" width=\"43\" height=\"33\" \/><\/td>\r\n<td class=\"mobile-hidden\">Transport Box for SDB<\/td>\r\n<td>18x<\/td>\r\n<td><img loading=\"lazy\" decoding=\"async\" class=\"alignnone wp-image-1609\" src=\"https:\/\/ziggioriginal.com\/wp-content\/uploads\/2023\/08\/SHOW-BOX.webp\" alt=\"\" width=\"41\" height=\"42\" srcset=\"https:\/\/ziggioriginal.com\/wp-content\/uploads\/2023\/08\/SHOW-BOX.webp 140w, https:\/\/ziggioriginal.com\/wp-content\/uploads\/2023\/08\/SHOW-BOX-100x100.webp 100w\" sizes=\"auto, (max-width: 41px) 100vw, 41px\" \/><\/td>\r\n<td>= 468x<\/td>\r\n<td><img loading=\"lazy\" decoding=\"async\" class=\"alignnone wp-image-1611\" src=\"https:\/\/ziggioriginal.com\/wp-content\/uploads\/2023\/08\/ZIGGI-ORIGINAL-1.webp\" alt=\"\" width=\"46\" height=\"36\" \/><\/td>\r\n<\/tr>\r\n<\/tbody>\r\n<\/table>\n","protected":false},"featured_media":8487,"template":"","meta":{"footnotes":""},"product_brand":[],"product_cat":[159,205,157,158,170],"product_tag":[],"class_list":{"0":"post-5795","1":"product","2":"type-product","3":"status-publish","4":"has-post-thumbnail","6":"product_cat-classic-de","7":"product_cat-einzelhandel","8":"product_cat-original-de","9":"product_cat-ziggi-de","10":"product_cat-ziggi-essentials-de","12":"first","13":"instock","14":"featured","15":"taxable","16":"shipping-taxable","17":"purchasable","18":"product-type-variable"},"_links":{"self":[{"href":"https:\/\/ziggioriginal.com\/de\/wp-json\/wp\/v2\/product\/5795","targetHints":{"allow":["GET"]}}],"collection":[{"href":"https:\/\/ziggioriginal.com\/de\/wp-json\/wp\/v2\/product"}],"about":[{"href":"https:\/\/ziggioriginal.com\/de\/wp-json\/wp\/v2\/types\/product"}],"version-history":[{"count":2,"href":"https:\/\/ziggioriginal.com\/de\/wp-json\/wp\/v2\/product\/5795\/revisions"}],"predecessor-version":[{"id":7390,"href":"https:\/\/ziggioriginal.com\/de\/wp-json\/wp\/v2\/product\/5795\/revisions\/7390"}],"wp:featuredmedia":[{"embeddable":true,"href":"https:\/\/ziggioriginal.com\/de\/wp-json\/wp\/v2\/media\/8487"}],"wp:attachment":[{"href":"https:\/\/ziggioriginal.com\/de\/wp-json\/wp\/v2\/media?parent=5795"}],"wp:term":[{"taxonomy":"product_brand","embeddable":true,"href":"https:\/\/ziggioriginal.com\/de\/wp-json\/wp\/v2\/product_brand?post=5795"},{"taxonomy":"product_cat","embeddable":true,"href":"https:\/\/ziggioriginal.com\/de\/wp-json\/wp\/v2\/product_cat?post=5795"},{"taxonomy":"product_tag","embeddable":true,"href":"https:\/\/ziggioriginal.com\/de\/wp-json\/wp\/v2\/product_tag?post=5795"}],"curies":[{"name":"wp","href":"https:\/\/api.w.org\/{rel}","templated":true}]}}