{"id":5566,"date":"2024-12-10T14:09:21","date_gmt":"2024-12-10T14:09:21","guid":{"rendered":"https:\/\/ziggioriginal.com\/product\/rolling-tray-rtg-16-x-11\/"},"modified":"2025-04-08T14:46:54","modified_gmt":"2025-04-08T14:46:54","slug":"rolling-tray-rtg-16-x-11","status":"publish","type":"product","link":"https:\/\/ziggioriginal.com\/de\/produkt\/rolling-tray-rtg-16-x-11\/","title":{"rendered":"ROLLING TRAY RTG 16 X 11"},"content":{"rendered":"<p>Entdecken Sie den perfekten Begleiter f\u00fcr Ihre Drehrituale mit dem ROLLING TRAY RTG 16 \u00d7 11. Handgefertigt in Slowenien aus echtem Eichen- oder Walnussholz aus heimischen W\u00e4ldern, spiegelt dieses Tray Ziggis Engagement f\u00fcr nat\u00fcrliche Materialien und hochwertige Handwerkskunst wider.<\/p>\n<p>Jedes Tray ist ein Unikat, mit einer einzigartigen Eichen- oder Walnussfarbe und -struktur, die die nat\u00fcrliche Sch\u00f6nheit des Holzes unterstreicht. Mit einem kompakten Format von ca. 16 \u00d7 11 cm ist es ideal f\u00fcr den Einsatz zu Hause oder unterwegs.<\/p>\n<p>Bereichern Sie Ihr Dreherlebnis mit diesem nachhaltigen und stilvollen Tray, das sorgf\u00e4ltig gefertigt wurde, um ein St\u00fcck Natur in Ihren Alltag zu bringen.<\/p>\n","protected":false},"excerpt":{"rendered":"<p>Handgefertigtes Dreh-Tablett aus Eiche oder Walnuss, nachhaltig hergestellt aus echtem slowenischem Holz \u2013 f\u00fcr ein nat\u00fcrliches und stilvolles Dreherlebnis.<\/p>\n","protected":false},"featured_media":5567,"template":"","meta":{"footnotes":""},"product_brand":[],"product_cat":[205,162],"product_tag":[],"class_list":{"0":"post-5566","1":"product","2":"type-product","3":"status-publish","4":"has-post-thumbnail","6":"product_cat-einzelhandel","7":"product_cat-zubehor","9":"first","10":"outofstock","11":"taxable","12":"shipping-taxable","13":"purchasable","14":"product-type-variable"},"_links":{"self":[{"href":"https:\/\/ziggioriginal.com\/de\/wp-json\/wp\/v2\/product\/5566","targetHints":{"allow":["GET"]}}],"collection":[{"href":"https:\/\/ziggioriginal.com\/de\/wp-json\/wp\/v2\/product"}],"about":[{"href":"https:\/\/ziggioriginal.com\/de\/wp-json\/wp\/v2\/types\/product"}],"version-history":[{"count":1,"href":"https:\/\/ziggioriginal.com\/de\/wp-json\/wp\/v2\/product\/5566\/revisions"}],"predecessor-version":[{"id":6043,"href":"https:\/\/ziggioriginal.com\/de\/wp-json\/wp\/v2\/product\/5566\/revisions\/6043"}],"wp:featuredmedia":[{"embeddable":true,"href":"https:\/\/ziggioriginal.com\/de\/wp-json\/wp\/v2\/media\/5567"}],"wp:attachment":[{"href":"https:\/\/ziggioriginal.com\/de\/wp-json\/wp\/v2\/media?parent=5566"}],"wp:term":[{"taxonomy":"product_brand","embeddable":true,"href":"https:\/\/ziggioriginal.com\/de\/wp-json\/wp\/v2\/product_brand?post=5566"},{"taxonomy":"product_cat","embeddable":true,"href":"https:\/\/ziggioriginal.com\/de\/wp-json\/wp\/v2\/product_cat?post=5566"},{"taxonomy":"product_tag","embeddable":true,"href":"https:\/\/ziggioriginal.com\/de\/wp-json\/wp\/v2\/product_tag?post=5566"}],"curies":[{"name":"wp","href":"https:\/\/api.w.org\/{rel}","templated":true}]}}