{"id":5724,"date":"2023-08-09T12:22:28","date_gmt":"2023-08-09T12:22:28","guid":{"rendered":"https:\/\/ziggioriginal.com\/cookies\/"},"modified":"2025-02-25T08:23:23","modified_gmt":"2025-02-25T08:23:23","slug":"cookies","status":"publish","type":"page","link":"https:\/\/ziggioriginal.com\/de\/cookies\/","title":{"rendered":"Cookies"},"content":{"rendered":"\n<div class=\"row\"  id=\"row-2067065456\">\n\n\n\t<div id=\"col-1698936893\" class=\"col small-12 large-12\"  >\n\t\t\t\t<div class=\"col-inner\"  >\n\t\t\t\n\t\t\t\n\n<h1>Cookies &#8211; rechtliche Grundlage<\/h1>\r\n<p>Diese Mitteilung wird auf Grundlage des ge\u00e4nderten Gesetzes \u00fcber die elektronische Kommunikation (Offiz. Amtsblatt der RS, Nr. 109\/2012, im Folgenden: ZEKom-1) ver\u00f6ffentlicht, das Anfang 2013 in Kraft trat. Das Gesetz hat neue Regeln zur Nutzung von Cookies und \u00e4hnlichen Technologien f\u00fcr das Speichern oder Zugreifen auf Informationen, die auf dem Computer oder mobilen Ger\u00e4t eines Nutzers gespeichert sind, eingef\u00fchrt.<\/p>\r\n<h2>1. Daten \u00fcber Serverbesuche und Cookies<\/h2>\r\n<p>Der Server www.ziggioriginal.com weist jedem Besucher automatisch einen anonymen einzigartigen Code zu. Das Programm, das Sie zum Internetzugang verwenden, speichert den Code und sendet ihn bei jedem weiteren Besuch unserer Website an unseren Server zur\u00fcck. Die Technologie der Daten\u00fcbertragung zwischen dem Server und dem Nutzer wird als Cookies bezeichnet.<br \/>Jedes Mal, wenn unsere Website ge\u00f6ffnet wird, zeichnet unser Server den einzigartigen Code, die genaue Zeit, die angeforderte Website-Adresse, die Adresse der vorherigen Website, die Codes der auf der Website angezeigten Werbung, den verwendeten Programmtyp des Besuchers und die IP-Nummer, von der die Anfrage zur Website-Zug\u00e4nglichkeit kam, auf. Die gesammelten Daten werden f\u00fcr die Zwecke, die unter &#8222;Wof\u00fcr werden Cookies verwendet&#8220; beschrieben sind, w\u00e4hrend der Funktionsdauer der Website gespeichert und aufbewahrt.<br \/>F\u00fcr alle registrierten Benutzernamen speichert unser Server die bei der Registrierung angegebenen Daten (Benutzername, Passwort, E-Mail-Adresse) und die entsprechenden Einstellungen. Diese Daten werden unbegrenzt aufbewahrt. Sie sind nicht einer bestimmten nat\u00fcrlichen oder juristischen Person zugeordnet, sondern nur dem einzigartigen Code und Benutzername, falls ein solcher verwendet wurde. Technisch gesehen ist es unm\u00f6glich, die nat\u00fcrliche Person, die die Website zu einem bestimmten Zeitpunkt nutzt, zu identifizieren.<br \/>Das Unternehmen gibt die gespeicherten Daten nicht an Dritte weiter, die die Besuchsrate und Informationen (E-Mail-Adresse) einzelner Nutzer anzeigen, sondern aggregiert \u2013 als Gesamtzahl der Aufrufe und Werbeeinblendungen, die den Werbetreibenden mitgeteilt werden, oder als Gesamtserver-Besuchsraten, die ver\u00f6ffentlicht werden k\u00f6nnen.<\/p>\r\n<h2>2. Wof\u00fcr werden Cookies verwendet?<\/h2>\r\n<p>Cookies werden verwendet, um die H\u00e4ufigkeit und Methode der Servernutzung zu \u00fcberwachen. Wir analysieren regelm\u00e4\u00dfig die Besuchsrate der Seiten auf unserem Server, die Muster und H\u00e4ufigkeiten des Wechsels von einer Website zur n\u00e4chsten, um das Interesse der Besucher an bestimmten Inhalten zu ermitteln. Wir nutzen dies als Orientierung f\u00fcr die Weiterentwicklung der Website-Inhalte und deren Anpassung an die W\u00fcnsche der Nutzer. Wir \u00fcberwachen nicht die Aktivit\u00e4ten einzelner Nutzer auf der Website, sondern die Gesamtinformation \u00fcber die Nutzung durch alle Nutzer.<br \/>Nur in Ausnahmef\u00e4llen betrachten wir die Aktivit\u00e4ten eines Nutzers (nicht die Person, da uns die Identit\u00e4t nicht bekannt ist, sondern der dem Cookie zugewiesene Code) im Rahmen unseres Servers, n\u00e4mlich in seltenen F\u00e4llen, wenn der Nutzer auf Probleme st\u00f6\u00dft \u2013 zum Beispiel Schwierigkeiten beim Zugriff auf bestimmte Inhalte, beim Erhalten von Fehlermeldungen usw. \u2013 oder in sehr seltenen F\u00e4llen bei Verdacht auf einen Angriff oder einen Versuch des Servereinbruchs.<\/p>\r\n<h2>3. Was Cookies nicht tun<\/h2>\r\n<p>Die Cookies, die Sie von unserem Server erhalten und an diesen senden:<\/p>\r\n<ul>\r\n<li>\u00fcbertragen keine Daten von Ihrem Computer an einen anderen Server als den des Absenders;<\/li>\r\n<li>\u00fcbertragen keine Daten an unseren Server, die nicht vom Server an den Nutzer gesendet und bei jedem Besuch zur\u00fcckgesendet werden (einzigartige Codes);<\/li>\r\n<li>beinhalten keine pers\u00f6nlichen Daten wie Name, Adresse usw.;<\/li>\r\n<li>k\u00f6nnen Ihren Computer nicht mit einem Virus infizieren oder auf andere Weise sch\u00e4digen;<\/li>\r\n<li>erm\u00f6glichen es dem Unternehmen nicht, etwas \u00fcber Ihre Aktivit\u00e4ten im Internet zu erfahren, au\u00dfer \u00fcber die Besuche auf unserem Server;<\/li>\r\n<li>erm\u00f6glichen keinen Zugriff auf Ihre pers\u00f6nlichen Daten, es sei denn, diese wurden uns von Ihnen zur Verf\u00fcgung gestellt.<\/li>\r\n<\/ul>\r\n<p>Wenn Sie die Cookies deaktivieren, k\u00f6nnen Sie weiterhin die meisten Inhalte auf unserem Server nutzen.<\/p>\r\n<h2>4. Datenl\u00f6schung<\/h2>\r\n<p>Wenn Sie der Meinung sind, dass der Server Daten speichert, die Sie nicht gespeichert haben m\u00f6chten, k\u00f6nnen Sie jederzeit verlangen, dass diese Daten gel\u00f6scht werden. Die Daten werden gel\u00f6scht, sobald best\u00e4tigt wurde, dass Sie die betroffene Person sind. Die L\u00f6schung der Daten kann dazu f\u00fchren, dass Ihre Bestellung und\/oder Registrierung nicht bearbeitet wird.<\/p>\r\n<h2>5. Verwendung der von Nutzern \u00fcbermittelten Daten<\/h2>\r\n<p>Ein Server, der der technischen und softwaretechnischen Sicherheit unterliegt, sammelt einige Daten, die freiwillig in Formularen an separaten Links eingegeben werden, je nach Zweck\/kategorie der \u00fcbermittelten Daten. Wir verpflichten uns, die Vertraulichkeit aller personenbezogenen Daten, die uns aufgrund der ausdr\u00fccklichen Zustimmung der betroffenen Person \u00fcbermittelt werden, gem\u00e4\u00df den geltenden gesetzlichen Bestimmungen zu sch\u00fctzen. Die \u00fcbermittelten personenbezogenen Daten werden ausschlie\u00dflich f\u00fcr den Zweck verwendet, zu dem sie erlangt wurden.<\/p>\r\n<h2>6. Welche Cookies enth\u00e4lt die Website?<\/h2>\n<div class=\"row\"  id=\"row-1163458159\">\n\n\n\t<div id=\"col-249044850\" class=\"col medium-4 small-12 large-4\"  >\n\t\t\t\t<div class=\"col-inner\"  >\n\t\t\t\n\t\t\t\n\n<p><strong>Cookie:<\/strong> PHPSESSID<br \/><strong>Zweck:<\/strong> Grundlegende Website-Funktionalit\u00e4t<br \/><strong>Dauer:<\/strong> Bis zum Ende der Sitzung<br \/><strong>Domain:<\/strong> ziggioriginal.com<\/p>\n\n\n\t\t<\/div>\n\t\t\t\t\t<\/div>\n\n\t\n\n\t<div id=\"col-1079367707\" class=\"col medium-4 small-12 large-4\"  >\n\t\t\t\t<div class=\"col-inner\"  >\n\t\t\t\n\t\t\t\n\n<p><strong>Cookie:<\/strong> __utmz<br \/><strong>Zweck:<\/strong> Parameter zur Verwaltung von Seitenaufrufstatistiken<br \/><strong>Dauer:<\/strong> 6 Monate<br \/><strong>Domain:<\/strong> ziggioriginal.com<\/p>\n\n\n\t\t<\/div>\n\t\t\t\t\t<\/div>\n\n\t\n\n\t<div id=\"col-1643492742\" class=\"col medium-4 small-12 large-4\"  >\n\t\t\t\t<div class=\"col-inner\"  >\n\t\t\t\n\t\t\t\n\n<p><strong>Cookie:<\/strong> __utma<br \/><strong>Zweck:<\/strong> Parameter zur Verwaltung von Seitenaufrufstatistiken<br \/><strong>Dauer:<\/strong> 2 Jahre<br \/><strong>Domain:<\/strong> ziggioriginal.com<\/p>\n\n\n\t\t<\/div>\n\t\t\t\t\t<\/div>\n\n\t\n\n<\/div>\n<div class=\"row\"  id=\"row-700874415\">\n\n\n\t<div id=\"col-1227393599\" class=\"col medium-4 small-12 large-4\"  >\n\t\t\t\t<div class=\"col-inner\"  >\n\t\t\t\n\t\t\t\n\n<p><strong>Cookie:<\/strong> __utmb<br \/><strong>Zweck:<\/strong> Parameter zur Verwaltung von Seitenaufrufstatistiken<br \/><strong>Dauer:<\/strong> 30 Minuten<br \/><strong>Domain:<\/strong> ziggioriginal.com<\/p>\n\n\n\t\t<\/div>\n\t\t\t\t\t<\/div>\n\n\t\n\n\t<div id=\"col-760490850\" class=\"col medium-4 small-12 large-4\"  >\n\t\t\t\t<div class=\"col-inner\"  >\n\t\t\t\n\t\t\t\n\n<p><strong>Cookie:<\/strong> __utmc<br \/><strong>Zweck:<\/strong> Parameter zur Verwaltung von Seitenaufrufstatistiken<br \/><strong>Dauer:<\/strong> Bis zum Ende der Sitzung<br \/><strong>Domain:<\/strong> ziggioriginal.com<\/p>\n\n\n\t\t<\/div>\n\t\t\t\t\t<\/div>\n\n\t\n\n<\/div>\n<h2>7. Cookie-\u00dcberwachung<\/h2>\r\n<p>Sie entscheiden \u00fcber die Verwendung von Cookies. Sie k\u00f6nnen Cookies jederzeit entfernen und somit Ihre Identifizierung im Internet deaktivieren. Die meisten Browser bieten eine optionale Einstellung, um Cookies nicht zu speichern. Weitere Informationen zu den Optionen der einzelnen Browser finden Sie in den Einstellungen.<\/p>\r\n<p>Cookie-Manager:<\/p>\r\n<p>Ziggi d.o.o.<br \/>Arkova ulica 1<br \/>1000 Ljubljana, SI<\/p>\n\n\t\t<\/div>\n\t\t\t\t\t<\/div>\n\n\t\n\n<\/div>\n\n","protected":false},"excerpt":{"rendered":"","protected":false},"author":1,"featured_media":0,"parent":0,"menu_order":0,"comment_status":"closed","ping_status":"closed","template":"","meta":{"footnotes":""},"class_list":["post-5724","page","type-page","status-publish","hentry"],"_links":{"self":[{"href":"https:\/\/ziggioriginal.com\/de\/wp-json\/wp\/v2\/pages\/5724","targetHints":{"allow":["GET"]}}],"collection":[{"href":"https:\/\/ziggioriginal.com\/de\/wp-json\/wp\/v2\/pages"}],"about":[{"href":"https:\/\/ziggioriginal.com\/de\/wp-json\/wp\/v2\/types\/page"}],"author":[{"embeddable":true,"href":"https:\/\/ziggioriginal.com\/de\/wp-json\/wp\/v2\/users\/1"}],"replies":[{"embeddable":true,"href":"https:\/\/ziggioriginal.com\/de\/wp-json\/wp\/v2\/comments?post=5724"}],"version-history":[{"count":1,"href":"https:\/\/ziggioriginal.com\/de\/wp-json\/wp\/v2\/pages\/5724\/revisions"}],"predecessor-version":[{"id":5725,"href":"https:\/\/ziggioriginal.com\/de\/wp-json\/wp\/v2\/pages\/5724\/revisions\/5725"}],"wp:attachment":[{"href":"https:\/\/ziggioriginal.com\/de\/wp-json\/wp\/v2\/media?parent=5724"}],"curies":[{"name":"wp","href":"https:\/\/api.w.org\/{rel}","templated":true}]}}