{"id":5713,"date":"2023-08-09T12:23:05","date_gmt":"2023-08-09T12:23:05","guid":{"rendered":"https:\/\/ziggioriginal.com\/kontakt\/"},"modified":"2025-04-10T07:43:24","modified_gmt":"2025-04-10T07:43:24","slug":"kontakt","status":"publish","type":"page","link":"https:\/\/ziggioriginal.com\/de\/kontakt\/","title":{"rendered":"Kontakt"},"content":{"rendered":"\n\n  <div class=\"banner has-hover show-for-small\" id=\"banner-595091409\">\n          <div class=\"banner-inner fill\">\n        <div class=\"banner-bg fill\" >\n            <img loading=\"lazy\" decoding=\"async\" width=\"1178\" height=\"640\" src=\"https:\/\/ziggioriginal.com\/wp-content\/uploads\/2023\/08\/Ziggi-Man-malta-Copy-Copy.jpg\" class=\"bg attachment-2048x2048 size-2048x2048\" alt=\"\" \/>                        <div class=\"overlay\"><\/div>            \n                    <\/div>\n\t\t\n        <div class=\"banner-layers container\">\n            <div class=\"fill banner-link\"><\/div>            \n\n   <div id=\"text-box-1714939194\" class=\"text-box banner-layer x5 md-x0 lg-x0 y50 md-y50 lg-y50 res-text\">\n                                <div class=\"text-box-content text dark\">\n              \n              <div class=\"text-inner text-left\">\n                  \n\n<h3 class=\"uppercase\"><span data-text-color=\"primary\"><strong>IDEEN IN AKTION UMSETZEN BEGINNT HIER<\/strong><\/span><\/h3>\n<p class=\"lead\">Hast du etwas auf dem Herzen? Wir sind daf\u00fcr, Ideen in die Tat umzusetzen. Egal ob es eine Frage, ein Vorschlag oder der Wunsch zur Zusammenarbeit ist \u2013 z\u00f6gere nicht.<\/p>\n\n              <\/div>\n           <\/div>\n                            \n<style>\n#text-box-1714939194 {\n  width: 60%;\n}\n#text-box-1714939194 .text-box-content {\n  font-size: 100%;\n}\n@media (min-width:550px) {\n  #text-box-1714939194 {\n    width: 52%;\n  }\n}\n<\/style>\n    <\/div>\n \n\n        <\/div>\n      <\/div>\n\n            \n<style>\n#banner-595091409 {\n  padding-top: 300px;\n}\n#banner-595091409 .overlay {\n  background-color: rgba(0, 0, 0, 0.31);\n}\n#banner-595091409 .banner-bg img {\n  object-position: 33% 58%;\n}\n<\/style>\n  <\/div>\n\n\n\n  <div class=\"banner has-hover hide-for-small\" id=\"banner-2107861255\">\n          <div class=\"banner-inner fill\">\n        <div class=\"banner-bg fill\" >\n            <img loading=\"lazy\" decoding=\"async\" width=\"1540\" height=\"627\" src=\"https:\/\/ziggioriginal.com\/wp-content\/uploads\/2023\/08\/Ziggi-Man-malta-Copy-Copy-2.jpg\" class=\"bg attachment-2048x2048 size-2048x2048\" alt=\"\" \/>                        <div class=\"overlay\"><\/div>            \n                    <\/div>\n\t\t\n        <div class=\"banner-layers container\">\n            <div class=\"fill banner-link\"><\/div>            \n\n   <div id=\"text-box-28099437\" class=\"text-box banner-layer x5 md-x0 lg-x0 y50 md-y50 lg-y50 res-text\">\n                                <div class=\"text-box-content text dark\">\n              \n              <div class=\"text-inner text-left\">\n                  \n\n<h3 class=\"uppercase\"><span data-text-color=\"primary\"><strong>IDEEN IN<\/strong><\/span><\/h3>\n<h3 class=\"uppercase\"><span data-text-color=\"primary\"><strong>AKTION UMSETZEN BEGINNT HIER<\/strong><\/span><\/h3>\n<p class=\"lead\">Hast du etwas auf dem Herzen? Wir sind daf\u00fcr, Ideen in die Tat umzusetzen. Egal ob es eine Frage, ein Vorschlag oder der Wunsch zur Zusammenarbeit ist \u2013 z\u00f6gere nicht.<\/p>\n\n              <\/div>\n           <\/div>\n                            \n<style>\n#text-box-28099437 {\n  width: 60%;\n}\n#text-box-28099437 .text-box-content {\n  font-size: 100%;\n}\n@media (min-width:550px) {\n  #text-box-28099437 {\n    width: 52%;\n  }\n}\n<\/style>\n    <\/div>\n \n\n        <\/div>\n      <\/div>\n\n            \n<style>\n#banner-2107861255 {\n  padding-top: 300px;\n}\n#banner-2107861255 .overlay {\n  background-color: rgba(0, 0, 0, 0.31);\n}\n#banner-2107861255 .banner-bg img {\n  object-position: 98% 16%;\n}\n<\/style>\n  <\/div>\n\n\n<div class=\"row\"  id=\"row-1599257823\">\n\n\n\t<div id=\"col-549370700\" class=\"col medium-6 small-12 large-6\"  >\n\t\t\t\t<div class=\"col-inner\"  >\n\t\t\t\n\t\t\t\n\n<h3>Your Vibe attracts your Tribe<\/h3>\n<p>Du bist nicht zuf\u00e4llig hier; du bist hier, weil du mit dem, wof\u00fcr wir stehen, in Resonanz bist. <span style=\"font-weight: 400;\">ZIGGI ist nicht nur ein Produkt im Regal; es ist eine Bewegung, geboren auf den Stra\u00dfen, angetrieben von den pulsierenden Beats der Roots-Musik und gepr\u00e4gt von den Facetten urbaner Kunst.<\/span> <span style=\"font-weight: 400;\">Wenn du mit ZIGGI in Verbindung trittst, erreichst du nicht nur eine Marke ; du tauchst ein in eine Gemeinschaft, eine Kultur, einen Lebensstil.<\/span><\/p>\n<p>\u00a0<\/p>\n<h3>Dreh mit uns und setze Wellen in Bewegung<\/h3>\n<p>Hast du eine Frage, eine Idee oder das Gef\u00fchl, dass wir zusammen Magie erschaffen k\u00f6nnten? <span style=\"font-weight: 400;\">Dann lass es uns Wissen<\/span>. Dies ist nicht nur ein Kontaktformular; es ist dein erster Schritt in eine Welt, in der deine Ideen das n\u00e4chste Kapitel einer Geschichte gestalten k\u00f6nnten, die gr\u00f6\u00dfer ist als jeder von uns, aber ohne dich unvollst\u00e4ndig bleibt. Denn bei ZIGGI geht es nicht nur um Bl\u00e4ttchen, sondern darum, Verbindungen zu schaffen.<\/p>\n\n\t\t<\/div>\n\t\t\t\t\t<\/div>\n\n\t\n\n\t<div id=\"col-1533108556\" class=\"col medium-6 small-12 large-6\"  >\n\t\t\t\t<div class=\"col-inner\"  >\n\t\t\t\n\t\t\t\n\n\n<div class=\"wpcf7 no-js\" id=\"wpcf7-f5868-o1\" lang=\"de-DE\" dir=\"ltr\" data-wpcf7-id=\"5868\">\n<div class=\"screen-reader-response\"><p role=\"status\" aria-live=\"polite\" aria-atomic=\"true\"><\/p> <ul><\/ul><\/div>\n<form action=\"\/de\/wp-json\/wp\/v2\/pages\/5713#wpcf7-f5868-o1\" method=\"post\" class=\"wpcf7-form init\" aria-label=\"Kontaktformular\" novalidate=\"novalidate\" data-status=\"init\">\n<fieldset class=\"hidden-fields-container\"><input type=\"hidden\" name=\"_wpcf7\" value=\"5868\" \/><input type=\"hidden\" name=\"_wpcf7_version\" value=\"6.1.5\" \/><input type=\"hidden\" name=\"_wpcf7_locale\" value=\"de_DE\" \/><input type=\"hidden\" name=\"_wpcf7_unit_tag\" value=\"wpcf7-f5868-o1\" \/><input type=\"hidden\" name=\"_wpcf7_container_post\" value=\"0\" \/><input type=\"hidden\" name=\"_wpcf7_posted_data_hash\" value=\"\" \/><input type=\"hidden\" name=\"_wpcf7_recaptcha_response\" value=\"\" \/>\n<\/fieldset>\n<p><label> Ihr Name<br \/>\n<span class=\"wpcf7-form-control-wrap\" data-name=\"your-name\"><input size=\"40\" maxlength=\"400\" class=\"wpcf7-form-control wpcf7-text wpcf7-validates-as-required\" autocomplete=\"name\" aria-required=\"true\" aria-invalid=\"false\" value=\"\" type=\"text\" name=\"your-name\" \/><\/span> <\/label>\n<\/p>\n<p><label> Ihre E-Mail<br \/>\n<span class=\"wpcf7-form-control-wrap\" data-name=\"your-email\"><input size=\"40\" maxlength=\"400\" class=\"wpcf7-form-control wpcf7-email wpcf7-validates-as-required wpcf7-text wpcf7-validates-as-email\" autocomplete=\"email\" aria-required=\"true\" aria-invalid=\"false\" value=\"\" type=\"email\" name=\"your-email\" \/><\/span> <\/label>\n<\/p>\n<p><label> Ihre Telefonnummer (optional)<br \/>\n<span class=\"wpcf7-form-control-wrap\" data-name=\"your-phone-number\"><input size=\"40\" maxlength=\"400\" class=\"wpcf7-form-control wpcf7-tel wpcf7-text wpcf7-validates-as-tel\" aria-invalid=\"false\" value=\"\" type=\"tel\" name=\"your-phone-number\" \/><\/span> <\/label>\n<\/p>\n<p><label> Betreff<br \/>\n<span class=\"wpcf7-form-control-wrap\" data-name=\"your-subject\"><input size=\"40\" maxlength=\"400\" class=\"wpcf7-form-control wpcf7-text wpcf7-validates-as-required\" aria-required=\"true\" aria-invalid=\"false\" value=\"\" type=\"text\" name=\"your-subject\" \/><\/span> <\/label>\n<\/p>\n<p><label> Ihre Nachricht (optional)<br \/>\n<span class=\"wpcf7-form-control-wrap\" data-name=\"your-message\"><textarea cols=\"40\" rows=\"10\" maxlength=\"2000\" class=\"wpcf7-form-control wpcf7-textarea\" aria-invalid=\"false\" name=\"your-message\"><\/textarea><\/span><br \/>\n<\/label>\n<\/p>\n<p style=\"font-size: 0.8em; font-weight: normal;\">Diese Seite ist durch reCAPTCHA gesch\u00fctzt und die Google<br \/>\n<a href=\"https:\/\/policies.google.com\/privacy\">Datenschutzrichtlinie<\/a> sowie die<br \/>\n<a href=\"https:\/\/policies.google.com\/terms\">Nutzungsbedingungen<\/a> gelten.\n<\/p>\n<p><input class=\"wpcf7-form-control wpcf7-submit has-spinner\" type=\"submit\" value=\"Absenden\" \/>\n<\/p><div class=\"wpcf7-response-output\" aria-hidden=\"true\"><\/div>\n<\/form>\n<\/div>\n\n\n\n\t\t<\/div>\n\t\t\t\t\t<\/div>\n\n\t\n\n<\/div>\n\n","protected":false},"excerpt":{"rendered":"","protected":false},"author":1,"featured_media":0,"parent":0,"menu_order":0,"comment_status":"closed","ping_status":"closed","template":"page-blank.php","meta":{"footnotes":""},"class_list":["post-5713","page","type-page","status-publish","hentry"],"_links":{"self":[{"href":"https:\/\/ziggioriginal.com\/de\/wp-json\/wp\/v2\/pages\/5713","targetHints":{"allow":["GET"]}}],"collection":[{"href":"https:\/\/ziggioriginal.com\/de\/wp-json\/wp\/v2\/pages"}],"about":[{"href":"https:\/\/ziggioriginal.com\/de\/wp-json\/wp\/v2\/types\/page"}],"author":[{"embeddable":true,"href":"https:\/\/ziggioriginal.com\/de\/wp-json\/wp\/v2\/users\/1"}],"replies":[{"embeddable":true,"href":"https:\/\/ziggioriginal.com\/de\/wp-json\/wp\/v2\/comments?post=5713"}],"version-history":[{"count":5,"href":"https:\/\/ziggioriginal.com\/de\/wp-json\/wp\/v2\/pages\/5713\/revisions"}],"predecessor-version":[{"id":6112,"href":"https:\/\/ziggioriginal.com\/de\/wp-json\/wp\/v2\/pages\/5713\/revisions\/6112"}],"wp:attachment":[{"href":"https:\/\/ziggioriginal.com\/de\/wp-json\/wp\/v2\/media?parent=5713"}],"curies":[{"name":"wp","href":"https:\/\/api.w.org\/{rel}","templated":true}]}}