{"id":5707,"date":"2023-08-09T12:02:52","date_gmt":"2023-08-09T12:02:52","guid":{"rendered":"https:\/\/ziggioriginal.com\/startseite\/"},"modified":"2025-04-10T07:48:33","modified_gmt":"2025-04-10T07:48:33","slug":"startseite","status":"publish","type":"page","link":"https:\/\/ziggioriginal.com\/de\/","title":{"rendered":"Startseite"},"content":{"rendered":"\n\n  <div class=\"banner has-hover show-for-small has-parallax\" id=\"banner-872460132\">\n          <div class=\"banner-inner fill\">\n        <div class=\"banner-bg fill\" data-parallax=\"-1\" data-parallax-container=\".banner\" data-parallax-background>\n            <img loading=\"lazy\" decoding=\"async\" width=\"2048\" height=\"2046\" src=\"https:\/\/ziggioriginal.com\/wp-content\/uploads\/2024\/10\/perfect-rolling-ritual-2048x2046.webp\" class=\"bg attachment-2048x2048 size-2048x2048\" alt=\"\" \/>                        <div class=\"overlay\"><\/div>            \n                    <\/div>\n\t\t\n        <div class=\"banner-layers container\">\n            <div class=\"fill banner-link\"><\/div>            \n\n   <div id=\"text-box-1330532246\" class=\"text-box banner-layer x50 md-x95 lg-x100 y15 md-y20 lg-y20 res-text\">\n                                <div class=\"text-box-content text dark\">\n              \n              <div class=\"text-inner text-left\">\n                  \n\n\t<div id=\"text-1681983384\" class=\"text\">\n\t\t\n\n<h1>Geschaffen f\u00fcr<\/h1><br><h1>perfekte Rituale<\/h1><br><h3><span data-text-color=\"primary\">Pioniere seit 1991<\/span><\/h3><br><p>\u00a0<\/p><br>\n\t\t\n<style>\n#text-1681983384 {\n  text-align: left;\n  color: rgb(255, 255, 255);\n}\n#text-1681983384 > * {\n  color: rgb(255, 255, 255);\n}\n<\/style>\n\t<\/div>\n\t\n<a href=\"https:\/\/ziggioriginal.com\/de\/produkte\/\" class=\"button primary\"  style=\"border-radius:10px;\">\n\t\t<span>PRODUKTE<\/span>\n\t<\/a>\n\n\n<a href=\"https:\/\/ziggioriginal.com\/de\/marke\/\" class=\"button white is-outline\"  style=\"border-radius:10px;\">\n\t\t<span>ZIGGI MARKE<\/span>\n\t<\/a>\n\n\n\n              <\/div>\n           <\/div>\n                            \n<style>\n#text-box-1330532246 .text-box-content {\n  background-color: rgba(0, 0, 0, 0.395);\n  font-size: 100%;\n}\n#text-box-1330532246 .text-inner {\n  padding: 30px 30px 30px 30px;\n}\n#text-box-1330532246 {\n  width: 81%;\n}\n@media (min-width:550px) {\n  #text-box-1330532246 {\n    width: 43%;\n  }\n}\n<\/style>\n    <\/div>\n \n\n        <\/div>\n      <\/div>\n\n            \n<style>\n#banner-872460132 {\n  padding-top: 568px;\n}\n#banner-872460132 .overlay {\n  background-color: rgba(0,0,0,.5);\n}\n#banner-872460132 .banner-bg img {\n  object-position: 42% 82%;\n}\n@media (min-width:550px) {\n  #banner-872460132 {\n    padding-top: 840px;\n  }\n}\n<\/style>\n  <\/div>\n\n\n\n  <div class=\"banner has-hover hide-for-small has-parallax\" id=\"banner-385321912\">\n          <div class=\"banner-inner fill\">\n        <div class=\"banner-bg fill\" data-parallax=\"-1\" data-parallax-container=\".banner\" data-parallax-background>\n            <img loading=\"lazy\" decoding=\"async\" width=\"2048\" height=\"2046\" src=\"https:\/\/ziggioriginal.com\/wp-content\/uploads\/2024\/10\/perfect-rolling-ritual-2048x2046.webp\" class=\"bg attachment-2048x2048 size-2048x2048\" alt=\"\" \/>                        <div class=\"overlay\"><\/div>            \n                    <\/div>\n\t\t\n        <div class=\"banner-layers container\">\n            <div class=\"fill banner-link\"><\/div>            \n\n   <div id=\"text-box-1735686774\" class=\"text-box banner-layer x50 md-x95 lg-x100 y15 md-y20 lg-y20 res-text\">\n                                <div class=\"text-box-content text dark\">\n              \n              <div class=\"text-inner text-left\">\n                  \n\n\t<div id=\"text-4226716802\" class=\"text\">\n\t\t\n\n<h1>Geschaffen f\u00fcr<br \/>perfekte Rituale<\/h1>\n<h3><span data-text-color=\"primary\">Pioniere seit 1991<\/span><\/h3>\n<p>\u00a0<\/p>\n\t\t\n<style>\n#text-4226716802 {\n  font-size: 0.9rem;\n  text-align: left;\n  color: rgb(255, 255, 255);\n}\n#text-4226716802 > * {\n  color: rgb(255, 255, 255);\n}\n<\/style>\n\t<\/div>\n\t\n<a href=\"https:\/\/ziggioriginal.com\/de\/produkte\/\" class=\"button primary\"  style=\"border-radius:10px;\">\n\t\t<span>PRODUKTE<\/span>\n\t<\/a>\n\n\n<a href=\"https:\/\/ziggioriginal.com\/de\/marke\/\" class=\"button white is-outline\"  style=\"border-radius:10px;\">\n\t\t<span>ZIGGI MARKE<\/span>\n\t<\/a>\n\n\n\n              <\/div>\n           <\/div>\n                            \n<style>\n#text-box-1735686774 .text-box-content {\n  background-color: rgba(0, 0, 0, 0.395);\n  font-size: 100%;\n}\n#text-box-1735686774 .text-inner {\n  padding: 30px 30px 30px 30px;\n}\n#text-box-1735686774 {\n  width: 81%;\n}\n@media (min-width:550px) {\n  #text-box-1735686774 {\n    width: 43%;\n  }\n}\n<\/style>\n    <\/div>\n \n\n        <\/div>\n      <\/div>\n\n            \n<style>\n#banner-385321912 {\n  padding-top: 568px;\n}\n#banner-385321912 .overlay {\n  background-color: rgba(0,0,0,.5);\n}\n#banner-385321912 .banner-bg img {\n  object-position: 48% 66%;\n}\n@media (min-width:550px) {\n  #banner-385321912 {\n    padding-top: 889px;\n  }\n}\n<\/style>\n  <\/div>\n\n\n\n  <div class=\"banner has-hover has-parallax\" id=\"banner-888717385\">\n          <div class=\"banner-inner fill\">\n        <div class=\"banner-bg fill\" data-parallax=\"-1\" data-parallax-container=\".banner\" data-parallax-background>\n            <img loading=\"lazy\" decoding=\"async\" width=\"640\" height=\"480\" src=\"https:\/\/ziggioriginal.com\/wp-content\/uploads\/2024\/10\/14704937_1791875384426261_5551428771212427264_n-1-1.webp\" class=\"bg attachment-2048x2048 size-2048x2048\" alt=\"\" \/>                        <div class=\"overlay\"><\/div>            \n                    <\/div>\n\t\t\n        <div class=\"banner-layers container\">\n            <div class=\"fill banner-link\"><\/div>            \n\n   <div id=\"text-box-41043292\" class=\"text-box banner-layer x50 md-x5 lg-x0 y50 md-y90 lg-y90 res-text\">\n                                <div class=\"text-box-content text dark\">\n              \n              <div class=\"text-inner text-left\">\n                  \n\n\t<div id=\"text-3540178459\" class=\"text\">\n\t\t\n\n<h4><span data-text-color=\"secondary\">Wer wir sind<\/span><\/h4>\n<h2>Geboren aus<\/h2>\n<h2>urbaner Energie<\/h2>\n<h2>und Street Culture<\/h2>\n<p><span data-text-color=\"secondary\" style=\"font-size: 12pt;\">Wir erschaffen nicht nur Produkte \u2013 wir setzen Statements. ZIGGI steht f\u00fcr mehr als das, was du tr\u00e4gst oder verwendest; es steht f\u00fcr das, woran du glaubst, und arbeitet mit K\u00fcnstlern zusammen, um Stimmen zu verst\u00e4rken, die geh\u00f6rt werden m\u00fcssen.<\/span><\/p>\n\t\t\n<style>\n#text-3540178459 {\n  text-align: left;\n  color: rgb(255, 255, 255);\n}\n#text-3540178459 > * {\n  color: rgb(255, 255, 255);\n}\n<\/style>\n\t<\/div>\n\t\n<a href=\"https:\/\/ziggioriginal.com\/de\/marke\/\" class=\"button primary\"  style=\"border-radius:10px;\">\n\t\t<span>Erfahre mehr \u00fcber uns<\/span>\n\t<\/a>\n\n\n\n              <\/div>\n           <\/div>\n                            \n<style>\n#text-box-41043292 .text-box-content {\n  background-color: rgba(0, 0, 0, 0.395);\n  font-size: 100%;\n}\n#text-box-41043292 .text-inner {\n  padding: 30px 30px 30px 30px;\n}\n#text-box-41043292 {\n  width: 81%;\n}\n@media (min-width:550px) {\n  #text-box-41043292 {\n    width: 43%;\n  }\n}\n<\/style>\n    <\/div>\n \n\n        <\/div>\n      <\/div>\n\n            \n<style>\n#banner-888717385 {\n  padding-top: 840px;\n}\n#banner-888717385 .overlay {\n  background-color: rgba(0,0,0,.5);\n}\n#banner-888717385 .banner-bg img {\n  object-position: 81% 33%;\n}\n<\/style>\n  <\/div>\n\n\n\n  <div class=\"banner has-hover has-parallax\" id=\"banner-1834703537\">\n          <div class=\"banner-inner fill\">\n        <div class=\"banner-bg fill\" data-parallax=\"-1\" data-parallax-container=\".banner\" data-parallax-background>\n            <img loading=\"lazy\" decoding=\"async\" width=\"1303\" height=\"1041\" src=\"https:\/\/ziggioriginal.com\/wp-content\/uploads\/2024\/10\/MKP_9412-2048x1365-1-e1729147832340.webp\" class=\"bg attachment-original size-original\" alt=\"\" \/>                        <div class=\"overlay\"><\/div>            \n                    <\/div>\n\t\t\n        <div class=\"banner-layers container\">\n            <div class=\"fill banner-link\"><\/div>            \n\n   <div id=\"text-box-508386548\" class=\"text-box banner-layer x50 md-x95 lg-x100 y50 md-y90 lg-y90 res-text\">\n                                <div class=\"text-box-content text dark\">\n              \n              <div class=\"text-inner text-left\">\n                  \n\n\t<div id=\"text-1444852780\" class=\"text\">\n\t\t\n\n<h4><span data-text-color=\"secondary\">Unsere Essentials<\/span><\/h4>\n<h2>Pioniere der Qualit\u00e4t und Innovation<\/h2>\n<p><span style=\"font-size: 12pt;\" data-text-color=\"secondary\">Hergestellt in den Alpen mit hochwertigen EU-Materialien, vereinen unsere Produkte traditionelle Handwerkskunst und moderne Technologie.<\/span><span style=\"font-size: 12pt;\" data-text-color=\"secondary\">Entdecke die au\u00dfergew\u00f6hnliche Welt von ZIGGI \u2013 wo jedes Detail z\u00e4hlt.<\/span><\/p>\n\t\t\n<style>\n#text-1444852780 {\n  text-align: left;\n  color: rgb(255, 255, 255);\n}\n#text-1444852780 > * {\n  color: rgb(255, 255, 255);\n}\n<\/style>\n\t<\/div>\n\t\n<a href=\"https:\/\/ziggioriginal.com\/de\/produkte\/\" class=\"button primary\"  style=\"border-radius:10px;\">\n\t\t<span>Entdecke unsere Kollektion<\/span>\n\t<\/a>\n\n\n\n              <\/div>\n           <\/div>\n                            \n<style>\n#text-box-508386548 .text-box-content {\n  background-color: rgba(0, 0, 0, 0.552);\n  font-size: 100%;\n}\n#text-box-508386548 .text-inner {\n  padding: 30px 30px 30px 30px;\n}\n#text-box-508386548 {\n  width: 86%;\n}\n@media (min-width:550px) {\n  #text-box-508386548 {\n    width: 43%;\n  }\n}\n<\/style>\n    <\/div>\n \n\n        <\/div>\n      <\/div>\n\n            \n<style>\n#banner-1834703537 {\n  padding-top: 583px;\n}\n#banner-1834703537 .overlay {\n  background-color: rgba(0, 0, 0, 0);\n}\n#banner-1834703537 .banner-bg img {\n  object-position: 74% 13%;\n}\n@media (min-width:550px) {\n  #banner-1834703537 {\n    padding-top: 840px;\n  }\n  #banner-1834703537 .overlay {\n    background-color: rgba(0,0,0,.5);\n  }\n}\n<\/style>\n  <\/div>\n\n\n\n  <div class=\"banner has-hover has-parallax\" id=\"banner-773402932\">\n          <div class=\"banner-inner fill\">\n        <div class=\"banner-bg fill\" data-parallax=\"-1\" data-parallax-container=\".banner\" data-parallax-background>\n            <img loading=\"lazy\" decoding=\"async\" width=\"640\" height=\"640\" src=\"https:\/\/ziggioriginal.com\/wp-content\/uploads\/2024\/10\/11226778_1396970790628716_1796997731_n-1.webp\" class=\"bg attachment-2048x2048 size-2048x2048\" alt=\"\" \/>                        <div class=\"overlay\"><\/div>            \n                    <\/div>\n\t\t\n        <div class=\"banner-layers container\">\n            <div class=\"fill banner-link\"><\/div>            \n\n   <div id=\"text-box-562315469\" class=\"text-box banner-layer x50 md-x5 lg-x0 y50 md-y90 lg-y90 res-text\">\n                                <div class=\"text-box-content text dark\">\n              \n              <div class=\"text-inner text-left\">\n                  \n\n\t<div id=\"text-1542066564\" class=\"text\">\n\t\t\n\n<h4><span data-text-color=\"secondary\">ZIGGI-Tribe<\/span><\/h4>\n<h2>Gem einschaft vereint durch Authentizit\u00e4t, Kreativit\u00e4t und urbane Kultur<\/h2>\n<p><span data-text-color=\"secondary\" style=\"font-size: 12pt;\">Von K\u00fcnstlern bis zu Fans \u2013 unser Tribe ist eine vielf\u00e4ltige Gemeinschaft, in der jeder zur ZIGGI-Geschichte beitr\u00e4gt. Schlie\u00dfe dich uns an, um Individualit\u00e4t und Zusammenhalt zu feiern.<\/span><\/p>\n\t\t\n<style>\n#text-1542066564 {\n  text-align: left;\n  color: rgb(255, 255, 255);\n}\n#text-1542066564 > * {\n  color: rgb(255, 255, 255);\n}\n<\/style>\n\t<\/div>\n\t\n<a href=\"https:\/\/ziggioriginal.com\/de\/kreative\/\" class=\"button primary\"  style=\"border-radius:10px;\">\n\t\t<span>Werde Teil des Tribes<\/span>\n\t<\/a>\n\n\n\n              <\/div>\n           <\/div>\n                            \n<style>\n#text-box-562315469 .text-box-content {\n  background-color: rgba(0, 0, 0, 0.395);\n  font-size: 100%;\n}\n#text-box-562315469 .text-inner {\n  padding: 30px 30px 30px 30px;\n}\n#text-box-562315469 {\n  width: 82%;\n}\n@media (min-width:550px) {\n  #text-box-562315469 {\n    width: 45%;\n  }\n}\n<\/style>\n    <\/div>\n \n\n        <\/div>\n      <\/div>\n\n            \n<style>\n#banner-773402932 {\n  padding-top: 840px;\n}\n#banner-773402932 .overlay {\n  background-color: rgba(0,0,0,.5);\n}\n#banner-773402932 .banner-bg img {\n  object-position: 41% 33%;\n}\n<\/style>\n  <\/div>\n\n\n\n  <div class=\"banner has-hover show-for-small has-parallax\" id=\"banner-1163311485\">\n          <div class=\"banner-inner fill\">\n        <div class=\"banner-bg fill\" data-parallax=\"-1\" data-parallax-container=\".banner\" data-parallax-background>\n            <img loading=\"lazy\" decoding=\"async\" width=\"2048\" height=\"1366\" src=\"https:\/\/ziggioriginal.com\/wp-content\/uploads\/2024\/10\/Ragingfyah4.20_40-2-2048x1366-2.webp\" class=\"bg attachment-2048x2048 size-2048x2048\" alt=\"\" \/>                        <div class=\"overlay\"><\/div>            \n                    <\/div>\n\t\t\n        <div class=\"banner-layers container\">\n            <div class=\"fill banner-link\"><\/div>            \n\n   <div id=\"text-box-1713092379\" class=\"text-box banner-layer x50 md-x95 lg-x100 y50 md-y90 lg-y90 res-text\">\n                                <div class=\"text-box-content text dark\">\n              \n              <div class=\"text-inner text-left\">\n                  \n\n\t<div id=\"text-199602661\" class=\"text\">\n\t\t\n\n<h4><span data-text-color=\"secondary\">Unsere Wurzeln<\/span><\/h4><br><h2>Die Kultur seit 1991 pr\u00e4gend<\/h2><br><p><span data-text-color=\"secondary\" style=\"font-size: 12pt;\">Inspiriert von Ziggi Mans Liebe zur Musik und Gemeinschaft, hat sich unsere Marke zu mehr als nur Produkten entwickelt \u2013 sie ist ein Verm\u00e4chtnis und ein Lebensstil.<\/span><\/p><br>\n\t\t\n<style>\n#text-199602661 {\n  text-align: left;\n  color: rgb(255, 255, 255);\n}\n#text-199602661 > * {\n  color: rgb(255, 255, 255);\n}\n<\/style>\n\t<\/div>\n\t\n<a href=\"https:\/\/ziggioriginal.com\/de\/wurzeln-herkunft\/\" class=\"button primary\"  style=\"border-radius:10px;\">\n\t\t<span>Entdecke unser Erbe<\/span>\n\t<\/a>\n\n\n\n              <\/div>\n           <\/div>\n                            \n<style>\n#text-box-1713092379 .text-box-content {\n  background-color: rgba(0, 0, 0, 0.395);\n  font-size: 100%;\n}\n#text-box-1713092379 .text-inner {\n  padding: 30px 30px 30px 30px;\n}\n#text-box-1713092379 {\n  width: 81%;\n}\n@media (min-width:550px) {\n  #text-box-1713092379 {\n    width: 43%;\n  }\n}\n<\/style>\n    <\/div>\n \n\n        <\/div>\n      <\/div>\n\n            \n<style>\n#banner-1163311485 {\n  padding-top: 527px;\n}\n#banner-1163311485 .overlay {\n  background-color: rgba(0,0,0,.5);\n}\n#banner-1163311485 .banner-bg img {\n  object-position: 46% 34%;\n}\n@media (min-width:550px) {\n  #banner-1163311485 {\n    padding-top: 840px;\n  }\n}\n<\/style>\n  <\/div>\n\n\n\n  <div class=\"banner has-hover hide-for-small has-parallax\" id=\"banner-1057171666\">\n          <div class=\"banner-inner fill\">\n        <div class=\"banner-bg fill\" data-parallax=\"-1\" data-parallax-container=\".banner\" data-parallax-background>\n            <img loading=\"lazy\" decoding=\"async\" width=\"2048\" height=\"1366\" src=\"https:\/\/ziggioriginal.com\/wp-content\/uploads\/2024\/10\/Ragingfyah4.20_40-2-2048x1366-2.webp\" class=\"bg attachment-2048x2048 size-2048x2048\" alt=\"\" \/>                        <div class=\"overlay\"><\/div>            \n                    <\/div>\n\t\t\n        <div class=\"banner-layers container\">\n            <div class=\"fill banner-link\"><\/div>            \n\n   <div id=\"text-box-124413836\" class=\"text-box banner-layer x50 md-x95 lg-x100 y50 md-y90 lg-y90 res-text\">\n                                <div class=\"text-box-content text dark\">\n              \n              <div class=\"text-inner text-left\">\n                  \n\n\t<div id=\"text-2459034444\" class=\"text\">\n\t\t\n\n<h4><span data-text-color=\"secondary\">Unsere Wurzeln<\/span><\/h4>\n<h2>Die Kultur seit 1991 pr\u00e4gend<\/h2>\n<p><span data-text-color=\"secondary\" style=\"font-size: 12pt;\">Inspiriert von Ziggi Mans Liebe zur Musik und Gemeinschaft, hat sich unsere Marke zu mehr als nur Produkten entwickelt \u2013 sie ist ein Verm\u00e4chtnis und ein Lebensstil.<\/span><\/p>\n\t\t\n<style>\n#text-2459034444 {\n  text-align: left;\n  color: rgb(255, 255, 255);\n}\n#text-2459034444 > * {\n  color: rgb(255, 255, 255);\n}\n<\/style>\n\t<\/div>\n\t\n<a href=\"https:\/\/ziggioriginal.com\/de\/wurzeln-herkunft\/\" class=\"button primary\"  style=\"border-radius:10px;\">\n\t\t<span>Entdecke unser Erbe<\/span>\n\t<\/a>\n\n\n\n              <\/div>\n           <\/div>\n                            \n<style>\n#text-box-124413836 .text-box-content {\n  background-color: rgba(0, 0, 0, 0.395);\n  font-size: 100%;\n}\n#text-box-124413836 .text-inner {\n  padding: 30px 30px 30px 30px;\n}\n#text-box-124413836 {\n  width: 81%;\n}\n@media (min-width:550px) {\n  #text-box-124413836 {\n    width: 43%;\n  }\n}\n<\/style>\n    <\/div>\n \n\n        <\/div>\n      <\/div>\n\n            \n<style>\n#banner-1057171666 {\n  padding-top: 840px;\n}\n#banner-1057171666 .overlay {\n  background-color: rgba(0,0,0,.5);\n}\n#banner-1057171666 .banner-bg img {\n  object-position: 81% 33%;\n}\n@media (min-width:550px) {\n  #banner-1057171666 {\n    padding-top: 840px;\n  }\n}\n<\/style>\n  <\/div>\n\n\n\n\t<section class=\"section dark\" id=\"section_1675098989\">\n\t\t<div class=\"section-bg fill\" >\n\t\t\t\t\t\t\t\t\t\n\t\t\t\n\n\t\t<\/div>\n\n\t\t\n\n\t\t<div class=\"section-content relative\">\n\t\t\t\n\n<div class=\"row\"  id=\"row-2069530696\">\n\n\n\t<div id=\"col-458123120\" class=\"col small-12 large-12\"  >\n\t\t\t\t<div class=\"col-inner\"  >\n\t\t\t\n\t\t\t\n\n\t<div id=\"text-2231519876\" class=\"text\">\n\t\t\n\n<p>\u00a0<\/p><br><h1 class=\"uppercase\" style=\"text-align: center;\"><strong>Lass uns zusammenarbeiten<\/strong><\/h1><br>\n\t\t\n<style>\n#text-2231519876 {\n  color: rgb(253, 220, 4);\n}\n#text-2231519876 > * {\n  color: rgb(253, 220, 4);\n}\n<\/style>\n\t<\/div>\n\t\n\n\t\t<\/div>\n\t\t\t\t\t<\/div>\n\n\t\n\n\t<div id=\"col-1589666914\" class=\"col medium-5 small-12 large-5\"  >\n\t\t\t\t<div class=\"col-inner\"  >\n\t\t\t\n\t\t\t\n\n\t<div id=\"text-873004959\" class=\"text\">\n\t\t\n\n<h2 style=\"text-align: center;\"><span style=\"text-decoration: underline;\">Kreative<\/span><\/h2><br><p style=\"text-align: center;\"><span data-text-color=\"secondary\">Hast du ein Gesp\u00fcr f\u00fcr Kreativit\u00e4t und Leidenschaft f\u00fcr urbane Kultur? Wir sind stets auf der Suche nach einzigartigen Talenten, die frische Perspektiven in die ZIGGI-Marke einbringen. Lass uns gemeinsam etwas Au\u00dfergew\u00f6hnliches schaffen.<\/span><\/p><br>\n\t\t\n<style>\n#text-873004959 {\n  color: rgb(255, 255, 255);\n}\n#text-873004959 > * {\n  color: rgb(255, 255, 255);\n}\n<\/style>\n\t<\/div>\n\t\n<a href=\"https:\/\/ziggioriginal.com\/de\/kreative\/\" class=\"button primary expand\"  style=\"border-radius:10px;\">\n\t\t<span>Join the Tribe<\/span>\n\t<\/a>\n\n\n\n\t\t<\/div>\n\t\t\t\t\t<\/div>\n\n\t\n\n\t<div id=\"col-2143564998\" class=\"col medium-2 small-12 large-2\"  >\n\t\t\t\t<div class=\"col-inner\"  >\n\t\t\t\n\t\t\t\n\n\n\t\t<\/div>\n\t\t\t\t\t<\/div>\n\n\t\n\n\t<div id=\"col-208299684\" class=\"col medium-5 small-12 large-5\"  >\n\t\t\t\t<div class=\"col-inner\"  >\n\t\t\t\n\t\t\t\n\n\t<div id=\"text-2549164114\" class=\"text\">\n\t\t\n\n<h2 style=\"text-align: center;\"><span style=\"text-decoration: underline;\">Vertriebspartner<\/span><\/h2><br><p style=\"text-align: center;\"><span data-text-color=\"secondary\">M\u00f6chtest du das ZIGGI-Erlebnis einem breiteren Publikum n\u00e4herbringen? Wir suchen Vertriebspartner, die unser Engagement f\u00fcr Qualit\u00e4t, Innovation und Gemeinschaft teilen. Lass uns gemeinsam wachsen.<\/span><\/p><br>\n\t\t\n<style>\n#text-2549164114 {\n  color: rgb(255, 255, 255);\n}\n#text-2549164114 > * {\n  color: rgb(255, 255, 255);\n}\n<\/style>\n\t<\/div>\n\t\n<a href=\"https:\/\/ziggioriginal.com\/de\/distributoren\/\" class=\"button primary expand\"  style=\"border-radius:10px;\">\n\t\t<span>Kontaktiere uns hier<\/span>\n\t<\/a>\n\n\n\n\t\t<\/div>\n\t\t\t\t\t<\/div>\n\n\t\n\n<\/div>\n\n\t\t<\/div>\n\n\t\t\n<style>\n#section_1675098989 {\n  padding-top: 30px;\n  padding-bottom: 30px;\n  background-color: rgb(39, 39, 39);\n}\n<\/style>\n\t<\/section>\n\t\n\n","protected":false},"excerpt":{"rendered":"","protected":false},"author":1,"featured_media":0,"parent":0,"menu_order":0,"comment_status":"closed","ping_status":"closed","template":"page-blank.php","meta":{"footnotes":""},"class_list":["post-5707","page","type-page","status-publish","hentry"],"_links":{"self":[{"href":"https:\/\/ziggioriginal.com\/de\/wp-json\/wp\/v2\/pages\/5707","targetHints":{"allow":["GET"]}}],"collection":[{"href":"https:\/\/ziggioriginal.com\/de\/wp-json\/wp\/v2\/pages"}],"about":[{"href":"https:\/\/ziggioriginal.com\/de\/wp-json\/wp\/v2\/types\/page"}],"author":[{"embeddable":true,"href":"https:\/\/ziggioriginal.com\/de\/wp-json\/wp\/v2\/users\/1"}],"replies":[{"embeddable":true,"href":"https:\/\/ziggioriginal.com\/de\/wp-json\/wp\/v2\/comments?post=5707"}],"version-history":[{"count":16,"href":"https:\/\/ziggioriginal.com\/de\/wp-json\/wp\/v2\/pages\/5707\/revisions"}],"predecessor-version":[{"id":6116,"href":"https:\/\/ziggioriginal.com\/de\/wp-json\/wp\/v2\/pages\/5707\/revisions\/6116"}],"wp:attachment":[{"href":"https:\/\/ziggioriginal.com\/de\/wp-json\/wp\/v2\/media?parent=5707"}],"curies":[{"name":"wp","href":"https:\/\/api.w.org\/{rel}","templated":true}]}}