{"id":5683,"date":"2023-08-28T16:26:46","date_gmt":"2023-08-28T16:26:46","guid":{"rendered":"https:\/\/ziggioriginal.com\/distributoren\/"},"modified":"2025-08-06T14:14:42","modified_gmt":"2025-08-06T14:14:42","slug":"distributoren","status":"publish","type":"page","link":"https:\/\/ziggioriginal.com\/de\/distributoren\/","title":{"rendered":"Distributoren"},"content":{"rendered":"\n\n  <div class=\"banner has-hover\" id=\"banner-693195198\">\n          <div class=\"banner-inner fill\">\n        <div class=\"banner-bg fill\" >\n            <img loading=\"lazy\" decoding=\"async\" width=\"1363\" height=\"2048\" src=\"https:\/\/ziggioriginal.com\/wp-content\/uploads\/2023\/08\/ziggi-warehouse_1-1363x2048.jpg\" class=\"bg attachment-2048x2048 size-2048x2048\" alt=\"\" \/>                        <div class=\"overlay\"><\/div>            \n                    <\/div>\n\t\t\n        <div class=\"banner-layers container\">\n            <div class=\"fill banner-link\"><\/div>            \n\n   <div id=\"text-box-132629622\" class=\"text-box banner-layer x90 md-x90 lg-x90 y50 md-y50 lg-y50 res-text\">\n                                <div class=\"text-box-content text dark\">\n              \n              <div class=\"text-inner text-right\">\n                  \n\n\t<div id=\"text-1619980251\" class=\"text\">\n\t\t\n\n<br><h1>Partner willkommen<\/h1><br><br>\n\n\t\t\n<style>\n#text-1619980251 {\n  text-align: right;\n}\n@media (min-width:550px) {\n  #text-1619980251 {\n    text-align: right;\n  }\n}\n<\/style>\n\t<\/div>\n\t\n<a href=\"\/de\/mein-konto\/\" class=\"button white is-outline\"  style=\"border-radius:10px;\">\n\t\t<span>B2B LOGIN<\/span>\n\t<\/a>\n\n\n<a href=\"#kontakt\" class=\"button primary\"  style=\"border-radius:10px;\">\n\t\t<span>Kontaktiere uns<\/span>\n\t<\/a>\n\n\n\n              <\/div>\n           <\/div>\n                            \n<style>\n#text-box-132629622 {\n  width: 69%;\n}\n#text-box-132629622 .text-box-content {\n  font-size: 100%;\n}\n@media (min-width:550px) {\n  #text-box-132629622 {\n    width: 40%;\n  }\n}\n<\/style>\n    <\/div>\n \n\n        <\/div>\n      <\/div>\n\n            \n<style>\n#banner-693195198 {\n  padding-top: 500px;\n}\n#banner-693195198 .overlay {\n  background-color: rgba(0, 0, 0, 0.5);\n}\n#banner-693195198 .banner-bg img {\n  object-position: 2% 43%;\n}\n<\/style>\n  <\/div>\n\n\n<div class=\"row\"  id=\"row-1276900529\">\n\n\n\t<div id=\"col-1779190539\" class=\"col small-12 large-12\"  >\n\t\t\t\t<div class=\"col-inner\"  >\n\t\t\t\n\t\t\t\n\n\t<div id=\"text-4098093263\" class=\"text\">\n\t\t\n\n<h2>Warum eine Partnerschaft mit ZIGGI? Den Einzelhandel neu definieren \u2013 ein Roll nach dem anderen<\/h2><br>\n\t\t\n<style>\n#text-4098093263 {\n  text-align: center;\n}\n<\/style>\n\t<\/div>\n\t\n\n\t\t<\/div>\n\t\t\t\t\t<\/div>\n\n\t\n\n<\/div>\n<div class=\"row\"  id=\"row-574337299\">\n\n\n\t<div id=\"col-596675708\" class=\"col medium-6 small-12 large-6\"  >\n\t\t\t\t<div class=\"col-inner\"  >\n\t\t\t\n\t\t\t\n\n<div class=\"row\"  id=\"row-931706757\">\n\n\n\t<div id=\"col-69217578\" class=\"col medium-3 small-4 large-3\"  >\n\t\t\t\t<div class=\"col-inner\"  >\n\t\t\t\n\t\t\t\n\n\t<div class=\"img has-hover x md-x lg-x y md-y lg-y\" id=\"image_1054626009\">\n\t\t\t\t\t\t\t\t<div class=\"img-inner dark\" >\n\t\t\t<img loading=\"lazy\" decoding=\"async\" width=\"256\" height=\"256\" src=\"https:\/\/ziggioriginal.com\/wp-content\/uploads\/2024\/06\/legacy.png\" class=\"attachment-large size-large\" alt=\"\" srcset=\"https:\/\/ziggioriginal.com\/wp-content\/uploads\/2024\/06\/legacy.png 256w, https:\/\/ziggioriginal.com\/wp-content\/uploads\/2024\/06\/legacy-100x100.png 100w, https:\/\/ziggioriginal.com\/wp-content\/uploads\/2024\/06\/legacy-150x150.png 150w\" sizes=\"auto, (max-width: 256px) 100vw, 256px\" \/>\t\t\t\t\t\t\n\t\t\t\t\t<\/div>\n\t\t\t\t\t\t\t\t\n<style>\n#image_1054626009 {\n  width: 100%;\n}\n@media (min-width:550px) {\n  #image_1054626009 {\n    width: 100%;\n  }\n}\n<\/style>\n\t<\/div>\n\t\n\n\n\t\t<\/div>\n\t\t\t\t\n<style>\n#col-69217578 > .col-inner {\n  padding: 0px 0px 0px 0px;\n  margin: 0px 0px 0px 0px;\n}\n<\/style>\n\t<\/div>\n\n\t\n\n\t<div id=\"col-835627738\" class=\"col medium-9 small-8 large-9\"  >\n\t\t\t\t<div class=\"col-inner\"  >\n\t\t\t\n\t\t\t\n\n<h5 style=\"text-align: left;\">Traditionsmarke<\/h5><br><p style=\"text-align: left;\">Seit 1991 Vorreiter mit einem klaren Bekenntnis zur Innovation.<\/p><br>\n\n\t\t<\/div>\n\t\t\t\t\n<style>\n#col-835627738 > .col-inner {\n  padding: 0px 0px 0px 0px;\n  margin: 0px 0px 0px 0px;\n}\n<\/style>\n\t<\/div>\n\n\t\n\n<\/div>\n<div class=\"row\"  id=\"row-1200005577\">\n\n\n\t<div id=\"col-963480200\" class=\"col medium-3 small-4 large-3\"  >\n\t\t\t\t<div class=\"col-inner\"  >\n\t\t\t\n\t\t\t\n\n\t<div class=\"img has-hover x md-x lg-x y md-y lg-y\" id=\"image_1332192524\">\n\t\t\t\t\t\t\t\t<div class=\"img-inner dark\" >\n\t\t\t<img loading=\"lazy\" decoding=\"async\" width=\"256\" height=\"256\" src=\"https:\/\/ziggioriginal.com\/wp-content\/uploads\/2024\/06\/map-with-a-pin-small-symbol-inside-a-circle.png\" class=\"attachment-large size-large\" alt=\"\" srcset=\"https:\/\/ziggioriginal.com\/wp-content\/uploads\/2024\/06\/map-with-a-pin-small-symbol-inside-a-circle.png 256w, https:\/\/ziggioriginal.com\/wp-content\/uploads\/2024\/06\/map-with-a-pin-small-symbol-inside-a-circle-100x100.png 100w, https:\/\/ziggioriginal.com\/wp-content\/uploads\/2024\/06\/map-with-a-pin-small-symbol-inside-a-circle-150x150.png 150w\" sizes=\"auto, (max-width: 256px) 100vw, 256px\" \/>\t\t\t\t\t\t\n\t\t\t\t\t<\/div>\n\t\t\t\t\t\t\t\t\n<style>\n#image_1332192524 {\n  width: 100%;\n}\n<\/style>\n\t<\/div>\n\t\n\n\n\t\t<\/div>\n\t\t\t\t\n<style>\n#col-963480200 > .col-inner {\n  padding: 0px 0px 0px 0px;\n  margin: 0px 0px 0px 0px;\n}\n<\/style>\n\t<\/div>\n\n\t\n\n\t<div id=\"col-1736551298\" class=\"col medium-9 small-8 large-9\"  >\n\t\t\t\t<div class=\"col-inner\"  >\n\t\t\t\n\t\t\t\n\n<h5>Lokales Marketing<\/h5><br><p>Individuell angepasste Marketingstrategien f\u00fcr dein lokales Publikum.<\/p><br>\n\n\t\t<\/div>\n\t\t\t\t\n<style>\n#col-1736551298 > .col-inner {\n  padding: 0px 0px 0px 0px;\n  margin: 0px 0px 0px 0px;\n}\n<\/style>\n\t<\/div>\n\n\t\n\n<\/div>\n<div class=\"row\"  id=\"row-284844847\">\n\n\n\t<div id=\"col-1801565695\" class=\"col medium-3 small-4 large-3\"  >\n\t\t\t\t<div class=\"col-inner\"  >\n\t\t\t\n\t\t\t\n\n\t<div class=\"img has-hover x md-x lg-x y md-y lg-y\" id=\"image_84841091\">\n\t\t\t\t\t\t\t\t<div class=\"img-inner dark\" >\n\t\t\t<img loading=\"lazy\" decoding=\"async\" width=\"256\" height=\"256\" src=\"https:\/\/ziggioriginal.com\/wp-content\/uploads\/2024\/06\/deal.png\" class=\"attachment-large size-large\" alt=\"\" srcset=\"https:\/\/ziggioriginal.com\/wp-content\/uploads\/2024\/06\/deal.png 256w, https:\/\/ziggioriginal.com\/wp-content\/uploads\/2024\/06\/deal-100x100.png 100w, https:\/\/ziggioriginal.com\/wp-content\/uploads\/2024\/06\/deal-150x150.png 150w\" sizes=\"auto, (max-width: 256px) 100vw, 256px\" \/>\t\t\t\t\t\t\n\t\t\t\t\t<\/div>\n\t\t\t\t\t\t\t\t\n<style>\n#image_84841091 {\n  width: 100%;\n}\n<\/style>\n\t<\/div>\n\t\n\n\n\t\t<\/div>\n\t\t\t\t\n<style>\n#col-1801565695 > .col-inner {\n  padding: 0px 0px 0px 0px;\n  margin: 0px 0px 0px 0px;\n}\n<\/style>\n\t<\/div>\n\n\t\n\n\t<div id=\"col-1975979607\" class=\"col medium-9 small-8 large-9\"  >\n\t\t\t\t<div class=\"col-inner\"  >\n\t\t\t\n\t\t\t\n\n<h5>Herausragende Partnerschaft<\/h5><br><p>Schulung f\u00fcr H\u00e4ndler, kontinuierliche Unterst\u00fctzung in der Gesch\u00e4ftsentwicklung und Logistikservices.<\/p><br>\n\n\t\t<\/div>\n\t\t\t\t\n<style>\n#col-1975979607 > .col-inner {\n  padding: 0px 0px 0px 0px;\n  margin: 0px 0px 0px 0px;\n}\n<\/style>\n\t<\/div>\n\n\t\n\n<\/div>\n<div class=\"row\"  id=\"row-526563583\">\n\n\n\t<div id=\"col-710193236\" class=\"col medium-3 small-4 large-3\"  >\n\t\t\t\t<div class=\"col-inner\"  >\n\t\t\t\n\t\t\t\n\n\t<div class=\"img has-hover x md-x lg-x y md-y lg-y\" id=\"image_20928299\">\n\t\t\t\t\t\t\t\t<div class=\"img-inner dark\" >\n\t\t\t<img loading=\"lazy\" decoding=\"async\" width=\"256\" height=\"256\" src=\"https:\/\/ziggioriginal.com\/wp-content\/uploads\/2024\/06\/engineering.png\" class=\"attachment-large size-large\" alt=\"\" srcset=\"https:\/\/ziggioriginal.com\/wp-content\/uploads\/2024\/06\/engineering.png 256w, https:\/\/ziggioriginal.com\/wp-content\/uploads\/2024\/06\/engineering-100x100.png 100w, https:\/\/ziggioriginal.com\/wp-content\/uploads\/2024\/06\/engineering-150x150.png 150w\" sizes=\"auto, (max-width: 256px) 100vw, 256px\" \/>\t\t\t\t\t\t\n\t\t\t\t\t<\/div>\n\t\t\t\t\t\t\t\t\n<style>\n#image_20928299 {\n  width: 100%;\n}\n<\/style>\n\t<\/div>\n\t\n\n\n\t\t<\/div>\n\t\t\t\t\n<style>\n#col-710193236 > .col-inner {\n  padding: 0px 0px 0px 0px;\n  margin: 0px 0px 0px 0px;\n}\n<\/style>\n\t<\/div>\n\n\t\n\n\t<div id=\"col-293264671\" class=\"col medium-9 small-8 large-9\"  >\n\t\t\t\t<div class=\"col-inner\"  >\n\t\t\t\n\t\t\t\n\n<h5>Erweiterte M\u00f6glichkeiten<\/h5><br><p>Hochmoderne automatisierte Produktion f\u00fcr schnelle und effiziente Auftragsabwicklung.<\/p><br>\n\n\t\t<\/div>\n\t\t\t\t\n<style>\n#col-293264671 > .col-inner {\n  padding: 0px 0px 0px 0px;\n  margin: 0px 0px 0px 0px;\n}\n<\/style>\n\t<\/div>\n\n\t\n\n<\/div>\n\n\t\t<\/div>\n\t\t\t\t\t<\/div>\n\n\t\n\n\t<div id=\"col-880919768\" class=\"col medium-6 small-12 large-6\"  >\n\t\t\t\t<div class=\"col-inner\"  >\n\t\t\t\n\t\t\t\n\n<div class=\"row\"  id=\"row-1839019863\">\n\n\n\t<div id=\"col-1409722785\" class=\"col medium-3 small-4 large-3\"  >\n\t\t\t\t<div class=\"col-inner\"  >\n\t\t\t\n\t\t\t\n\n\t<div class=\"img has-hover x md-x lg-x y md-y lg-y\" id=\"image_1119379840\">\n\t\t\t\t\t\t\t\t<div class=\"img-inner dark\" >\n\t\t\t<img loading=\"lazy\" decoding=\"async\" width=\"256\" height=\"256\" src=\"https:\/\/ziggioriginal.com\/wp-content\/uploads\/2024\/06\/excellent.png\" class=\"attachment-large size-large\" alt=\"\" srcset=\"https:\/\/ziggioriginal.com\/wp-content\/uploads\/2024\/06\/excellent.png 256w, https:\/\/ziggioriginal.com\/wp-content\/uploads\/2024\/06\/excellent-100x100.png 100w, https:\/\/ziggioriginal.com\/wp-content\/uploads\/2024\/06\/excellent-150x150.png 150w\" sizes=\"auto, (max-width: 256px) 100vw, 256px\" \/>\t\t\t\t\t\t\n\t\t\t\t\t<\/div>\n\t\t\t\t\t\t\t\t\n<style>\n#image_1119379840 {\n  width: 100%;\n}\n<\/style>\n\t<\/div>\n\t\n\n\n\t\t<\/div>\n\t\t\t\t\n<style>\n#col-1409722785 > .col-inner {\n  padding: 0px 0px 0px 0px;\n  margin: 0px 0px 0px 0px;\n}\n<\/style>\n\t<\/div>\n\n\t\n\n\t<div id=\"col-1753828785\" class=\"col medium-9 small-8 large-9\"  >\n\t\t\t\t<div class=\"col-inner\"  >\n\t\t\t\n\t\t\t\n\n<h5>Zuverl\u00e4ssige Exzellenz<\/h5><br><p>Kontinuierliche Versorgung mit strenger Qualit\u00e4tskontrolle.<\/p><br>\n\n\t\t<\/div>\n\t\t\t\t\n<style>\n#col-1753828785 > .col-inner {\n  padding: 0px 0px 0px 0px;\n  margin: 0px 0px 0px 0px;\n}\n<\/style>\n\t<\/div>\n\n\t\n\n<\/div>\n<div class=\"row\"  id=\"row-702682428\">\n\n\n\t<div id=\"col-17600777\" class=\"col medium-3 small-4 large-3\"  >\n\t\t\t\t<div class=\"col-inner\"  >\n\t\t\t\n\t\t\t\n\n\t<div class=\"img has-hover x md-x lg-x y md-y lg-y\" id=\"image_705502823\">\n\t\t\t\t\t\t\t\t<div class=\"img-inner dark\" >\n\t\t\t<img loading=\"lazy\" decoding=\"async\" width=\"256\" height=\"256\" src=\"https:\/\/ziggioriginal.com\/wp-content\/uploads\/2024\/06\/profit.png\" class=\"attachment-large size-large\" alt=\"\" srcset=\"https:\/\/ziggioriginal.com\/wp-content\/uploads\/2024\/06\/profit.png 256w, https:\/\/ziggioriginal.com\/wp-content\/uploads\/2024\/06\/profit-100x100.png 100w, https:\/\/ziggioriginal.com\/wp-content\/uploads\/2024\/06\/profit-150x150.png 150w\" sizes=\"auto, (max-width: 256px) 100vw, 256px\" \/>\t\t\t\t\t\t\n\t\t\t\t\t<\/div>\n\t\t\t\t\t\t\t\t\n<style>\n#image_705502823 {\n  width: 100%;\n}\n<\/style>\n\t<\/div>\n\t\n\n\n\t\t<\/div>\n\t\t\t\t\n<style>\n#col-17600777 > .col-inner {\n  padding: 0px 0px 0px 0px;\n  margin: 0px 0px 0px 0px;\n}\n<\/style>\n\t<\/div>\n\n\t\n\n\t<div id=\"col-1166762885\" class=\"col medium-9 small-8 large-9\"  >\n\t\t\t\t<div class=\"col-inner\"  >\n\t\t\t\n\t\t\t\n\n<h5>Profitabele Partnerschaften<\/h5><br><p>Mengenrabatte und umfassende Marketingunterst\u00fctzung.<\/p><br>\n\n\t\t<\/div>\n\t\t\t\t\n<style>\n#col-1166762885 > .col-inner {\n  padding: 0px 0px 0px 0px;\n  margin: 0px 0px 0px 0px;\n}\n<\/style>\n\t<\/div>\n\n\t\n\n<\/div>\n<div class=\"row\"  id=\"row-753567550\">\n\n\n\t<div id=\"col-1006064260\" class=\"col medium-3 small-4 large-3\"  >\n\t\t\t\t<div class=\"col-inner\"  >\n\t\t\t\n\t\t\t\n\n\t<div class=\"img has-hover x md-x lg-x y md-y lg-y\" id=\"image_1299841350\">\n\t\t\t\t\t\t\t\t<div class=\"img-inner dark\" >\n\t\t\t<img loading=\"lazy\" decoding=\"async\" width=\"256\" height=\"256\" src=\"https:\/\/ziggioriginal.com\/wp-content\/uploads\/2024\/06\/strategy.png\" class=\"attachment-large size-large\" alt=\"\" srcset=\"https:\/\/ziggioriginal.com\/wp-content\/uploads\/2024\/06\/strategy.png 256w, https:\/\/ziggioriginal.com\/wp-content\/uploads\/2024\/06\/strategy-100x100.png 100w, https:\/\/ziggioriginal.com\/wp-content\/uploads\/2024\/06\/strategy-150x150.png 150w\" sizes=\"auto, (max-width: 256px) 100vw, 256px\" \/>\t\t\t\t\t\t\n\t\t\t\t\t<\/div>\n\t\t\t\t\t\t\t\t\n<style>\n#image_1299841350 {\n  width: 100%;\n}\n<\/style>\n\t<\/div>\n\t\n\n\n\t\t<\/div>\n\t\t\t\t\n<style>\n#col-1006064260 > .col-inner {\n  padding: 0px 0px 0px 0px;\n  margin: 0px 0px 0px 0px;\n}\n<\/style>\n\t<\/div>\n\n\t\n\n\t<div id=\"col-2101867810\" class=\"col medium-9 small-8 large-9\"  >\n\t\t\t\t<div class=\"col-inner\"  >\n\t\t\t\n\t\t\t\n\n<h5>Mehr als nur Gesch\u00e4ft<\/h5><br><p>Individuelle POS-Strategien, Display-L\u00f6sungen und Verkaufsanreize f\u00fcr Mitarbeiter.<\/p><br>\n\n\t\t<\/div>\n\t\t\t\t\n<style>\n#col-2101867810 > .col-inner {\n  padding: 0px 0px 0px 0px;\n  margin: 0px 0px 0px 0px;\n}\n<\/style>\n\t<\/div>\n\n\t\n\n<\/div>\n<div class=\"row\"  id=\"row-565793292\">\n\n\n\t<div id=\"col-2051823133\" class=\"col medium-3 small-4 large-3\"  >\n\t\t\t\t<div class=\"col-inner\"  >\n\t\t\t\n\t\t\t\n\n\t<div class=\"img has-hover x md-x lg-x y md-y lg-y\" id=\"image_256185754\">\n\t\t\t\t\t\t\t\t<div class=\"img-inner dark\" >\n\t\t\t<img loading=\"lazy\" decoding=\"async\" width=\"256\" height=\"256\" src=\"https:\/\/ziggioriginal.com\/wp-content\/uploads\/2024\/06\/save-the-world.png\" class=\"attachment-large size-large\" alt=\"\" srcset=\"https:\/\/ziggioriginal.com\/wp-content\/uploads\/2024\/06\/save-the-world.png 256w, https:\/\/ziggioriginal.com\/wp-content\/uploads\/2024\/06\/save-the-world-100x100.png 100w, https:\/\/ziggioriginal.com\/wp-content\/uploads\/2024\/06\/save-the-world-150x150.png 150w\" sizes=\"auto, (max-width: 256px) 100vw, 256px\" \/>\t\t\t\t\t\t\n\t\t\t\t\t<\/div>\n\t\t\t\t\t\t\t\t\n<style>\n#image_256185754 {\n  width: 100%;\n}\n<\/style>\n\t<\/div>\n\t\n\n\n\t\t<\/div>\n\t\t\t\t\n<style>\n#col-2051823133 > .col-inner {\n  padding: 0px 0px 0px 0px;\n  margin: 0px 0px 0px 0px;\n}\n<\/style>\n\t<\/div>\n\n\t\n\n\t<div id=\"col-45374507\" class=\"col medium-9 small-8 large-9\"  >\n\t\t\t\t<div class=\"col-inner\"  >\n\t\t\t\n\t\t\t\n\n<h5>Umweltbewusst und nachhaltig<\/h5><br><p>Biologisch abbaubare Produkte, hergestellt mit erneuerbarer Energie.<\/p><br>\n\n\t\t<\/div>\n\t\t\t\t\n<style>\n#col-45374507 > .col-inner {\n  padding: 0px 0px 0px 0px;\n  margin: 0px 0px 0px 0px;\n}\n<\/style>\n\t<\/div>\n\n\t\n\n<\/div>\n\n\t\t<\/div>\n\t\t\t\t\t<\/div>\n\n\t\n\n<\/div>\n\n\t<section class=\"section dark\" id=\"section_1191261523\">\n\t\t<div class=\"section-bg fill\" >\n\t\t\t\t\t\t\t\t\t\n\t\t\t\n\n\t\t<\/div>\n\n\t\t\n\n\t\t<div class=\"section-content relative\">\n\t\t\t\n\n<div class=\"row\"  id=\"row-783918513\">\n\n\n\t<div id=\"col-1146266085\" class=\"col small-12 large-12\"  >\n\t\t\t\t<div class=\"col-inner text-center\"  >\n\t\t\t\n\t\t\t\n\n\t<div id=\"text-756208010\" class=\"text\">\n\t\t\n\n<h2>Bereit, deine Margen zu maximieren? Lass uns \u00fcber Business sprechen!<\/h2><br><p>\u00a0<\/p><br>\n\t\t\n<style>\n#text-756208010 {\n  line-height: 0.75;\n}\n<\/style>\n\t<\/div>\n\t\n<a href=\"#kontakt\" class=\"button primary\"  style=\"border-radius:10px;\">\n\t\t<span>Kontaktiere uns<\/span>\n\t<\/a>\n\n\n\n\t\t<\/div>\n\t\t\t\t\n<style>\n#col-1146266085 > .col-inner {\n  padding: 40px 0px 0px 0px;\n  margin: 0px 0px 0px 0px;\n}\n<\/style>\n\t<\/div>\n\n\t\n\n<\/div>\n\n\t\t<\/div>\n\n\t\t\n<style>\n#section_1191261523 {\n  padding-top: 30px;\n  padding-bottom: 30px;\n  background-color: rgb(178, 177, 167);\n}\n<\/style>\n\t<\/section>\n\t\n<div class=\"row\"  id=\"row-1046946687\">\n\n\n\t<div id=\"col-213981761\" class=\"col small-12 large-12\"  >\n\t\t\t\t<div class=\"col-inner\"  >\n\t\t\t\n\t\t\t\n\n<div class=\"row\"  id=\"row-21624858\">\n\n\n\t<div id=\"col-499849405\" class=\"col medium-4 small-12 large-4\"  >\n\t\t\t\t<div class=\"col-inner\"  >\n\t\t\t\n\t\t\t\n\n<div class=\"slider-wrapper relative\" id=\"slider-452750841\" >\n    <div class=\"slider slider-nav-circle slider-nav-large slider-nav-light slider-style-normal\"\n        data-flickity-options='{\n            \"cellAlign\": \"center\",\n            \"imagesLoaded\": true,\n            \"lazyLoad\": 1,\n            \"freeScroll\": false,\n            \"wrapAround\": true,\n            \"autoPlay\": 6000,\n            \"pauseAutoPlayOnHover\" : true,\n            \"prevNextButtons\": true,\n            \"contain\" : true,\n            \"adaptiveHeight\" : true,\n            \"dragThreshold\" : 10,\n            \"percentPosition\": true,\n            \"pageDots\": true,\n            \"rightToLeft\": false,\n            \"draggable\": true,\n            \"selectedAttraction\": 0.1,\n            \"parallax\" : 0,\n            \"friction\": 0.6        }'\n        >\n        \n\n\t<div class=\"img has-hover x md-x lg-x y md-y lg-y\" id=\"image_1022760223\">\n\t\t\t\t\t\t\t\t<div class=\"img-inner image-cover dark\" style=\"padding-top:100%;\">\n\t\t\t<img loading=\"lazy\" decoding=\"async\" width=\"1020\" height=\"911\" src=\"https:\/\/ziggioriginal.com\/wp-content\/uploads\/2023\/08\/DSC2488-edit-1-1024x915.jpg\" class=\"attachment-large size-large\" alt=\"\" srcset=\"https:\/\/ziggioriginal.com\/wp-content\/uploads\/2023\/08\/DSC2488-edit-1-1024x915.jpg 1024w, https:\/\/ziggioriginal.com\/wp-content\/uploads\/2023\/08\/DSC2488-edit-1-scaled-600x536.jpg 600w, https:\/\/ziggioriginal.com\/wp-content\/uploads\/2023\/08\/DSC2488-edit-1-300x268.jpg 300w, https:\/\/ziggioriginal.com\/wp-content\/uploads\/2023\/08\/DSC2488-edit-1-768x686.jpg 768w, https:\/\/ziggioriginal.com\/wp-content\/uploads\/2023\/08\/DSC2488-edit-1-1536x1373.jpg 1536w, https:\/\/ziggioriginal.com\/wp-content\/uploads\/2023\/08\/DSC2488-edit-1-2048x1830.jpg 2048w\" sizes=\"auto, (max-width: 1020px) 100vw, 1020px\" \/>\t\t\t\t\t\t\n\t\t\t\t\t<\/div>\n\t\t\t\t\t\t\t\t\n<style>\n#image_1022760223 {\n  width: 100%;\n}\n<\/style>\n\t<\/div>\n\t\n\n\n     <\/div>\n\n     <div class=\"loading-spin dark large centered\"><\/div>\n\n\t<\/div>\n\n\n\n\t\t<\/div>\n\t\t\t\t\t<\/div>\n\n\t\n\n\t<div id=\"col-991814486\" class=\"col medium-8 small-12 large-8\"  >\n\t\t\t\t<div class=\"col-inner\"  >\n\t\t\t\n\t\t\t\n\n<h2>M\u00f6chtest du mehr erfahren? Entdecke die ZIGGI Reise: Von der Stra\u00dfe in die Regale und zur\u00fcck<\/h2><br><h3>Eine Nacht, die alles ver\u00e4nderte<\/h3><br><p><span style=\"font-weight: 400;\">Stell dir vor: Es sind die fr\u00fchen 90er. Grunge dominiert die Szene, die Luft ist erf\u00fcllt von Rebellion und frisch gespr\u00fchtem Graffiti. Unser Gr\u00fcnder, Ziggi Man, steht vor einem Problem, das viele kennen, aber nur wenige gel\u00f6st haben. Er ist mit seiner Crew unterwegs, bereit zum Drehen \u2013 doch weit und breit kein hochwertiger Filtertip in Sicht. Notgedrungen greifen sie zu Zigarettenschachteln, aber Ziggi Man wei\u00df: Es muss eine bessere L\u00f6sung geben.<\/span><\/p><br><p><span style=\"font-weight: 400;\">Und so wurde der erste Funke der ZIGGI Marke entz\u00fcndet.<\/span><\/p><br>\n\n\t\t<\/div>\n\t\t\t\t\t<\/div>\n\n\t\n\n<\/div>\n<h3><strong>Nicht nur Produkte, sondern ein Lifestyle<\/strong><\/h3><br><p><span style=\"font-weight: 400;\">Springen wir in die Gegenwart \u2013 ZIGGI ist nicht nur eine Marke, sondern eine Kultur. Eine Kultur, die auf der Stra\u00dfe lebt, in der Kunst, in der Musik \u2013 insbesondere im Reggae und der Rastafari-Bewegung \u2013 und vor allem in den Menschen. Wir sind nicht nur Bl\u00e4ttchen; wir verk\u00f6rpern einen Lebensstil. Und jetzt laden wir dich ein, mit uns zu rollen.<\/span><\/p><br><br><h3><strong>Warum Distributoren unsere Street-Helden sind<\/strong><\/h3><br><p><span style=\"font-weight: 400;\">Ihr, die Distributoren, seid die unbesungenen Helden unserer Geschichte. Ihr sorgt daf\u00fcr, dass ZIGGI-Produkte aus unseren umweltbewussten Fabriken in Ljubljana, Slowenien, den Weg in die Regale von Einzelh\u00e4ndlern auf der ganzen Welt finden. Ihr vertreibt nicht nur Produkte \u2013 ihr vertreibt einen Lifestyle, ein Gef\u00fchl, ein Erlebnis.<\/span><\/p><br>\n\n\t\t<\/div>\n\t\t\t\t\t<\/div>\n\n\t\n\n<\/div>\n<div class=\"row\"  id=\"row-1637844394\">\n\n\n\t<div id=\"col-563739816\" class=\"col medium-6 small-12 large-6\"  >\n\t\t\t\t<div class=\"col-inner\"  >\n\t\t\t\n\t\t\t\n\n<h4><strong>Was bringt es dir?<\/strong><\/h4><br><ul>\r\n<li style=\"font-weight: 400;\" aria-level=\"1\"><span style=\"font-weight: 400;\">Maximiere deine Margen: Mit unserem innovativen Produktsortiment und Mengenrabatten profitierst du von Anfang an.<\/span><\/li>\r\n<li style=\"font-weight: 400;\" aria-level=\"1\"><span style=\"font-weight: 400;\">Street Cred: Die Zusammenarbeit mit einer authentischen Marke wie ZIGGI steigert auch die Glaubw\u00fcrdigkeit deiner eigenen Marke.<\/span><\/li>\r\n<li style=\"font-weight: 400;\" aria-level=\"1\"><span style=\"font-weight: 400;\">Gr\u00fcnes Gesch\u00e4ft: Nachhaltigkeit ist f\u00fcr uns kein Trend, sondern eine Lebenseinstellung.<\/span><\/li>\r\n<\/ul><br><br><h4><strong>Bist du bereit, loszulegen?<\/strong><\/h4><br><p><span style=\"font-weight: 400;\">Wir glauben nicht an blo\u00dfe Gesch\u00e4fte \u2013 wir glauben an echte Beziehungen. Wenn du Wert auf authentische Verbindungen, hochwertige Produkte und nachhaltigen Erfolg legst, dann bist du bereits Teil der ZIGGI-Familie \u2013 du wei\u00dft es nur noch nicht.<\/span><\/p><br><p><span style=\"font-weight: 400;\">Schlie\u00df dich uns an und lass uns gemeinsam Geschichte schreiben. Denn auf dieser Reise ist dein Erfolg unsere Priorit\u00e4t.<\/span><\/p><br>\n\n\t\t<\/div>\n\t\t\t\t\t<\/div>\n\n\t\n\n\t<div id=\"col-1435097517\" class=\"col medium-6 small-12 large-6\"  >\n\t\t\t\t<div class=\"col-inner\"  >\n\t\t\t\n\t\t\t\n\n<span class=\"scroll-to\" data-label=\"Scroll to: #kontakt\" data-bullet=\"false\" data-link=\"#kontakt\" data-title=\"Kontakt\" ><a name=\"kontakt\"><\/a><\/span><br><br><h2>F\u00fchlst du den Vibe? Sp\u00fcrst du die Verbindung? Dann warte nicht \u2013 kontaktiere uns jetzt!<\/h2><br>\n<div class=\"wpcf7 no-js\" id=\"wpcf7-f5867-o1\" lang=\"de-DE\" dir=\"ltr\" data-wpcf7-id=\"5867\">\n<div class=\"screen-reader-response\"><p role=\"status\" aria-live=\"polite\" aria-atomic=\"true\"><\/p> <ul><\/ul><\/div>\n<form action=\"\/de\/wp-json\/wp\/v2\/pages\/5683#wpcf7-f5867-o1\" method=\"post\" class=\"wpcf7-form init\" aria-label=\"Kontaktformular\" novalidate=\"novalidate\" data-status=\"init\">\n<fieldset class=\"hidden-fields-container\"><input type=\"hidden\" name=\"_wpcf7\" value=\"5867\" \/><input type=\"hidden\" name=\"_wpcf7_version\" value=\"6.1.5\" \/><input type=\"hidden\" name=\"_wpcf7_locale\" value=\"de_DE\" \/><input type=\"hidden\" name=\"_wpcf7_unit_tag\" value=\"wpcf7-f5867-o1\" \/><input type=\"hidden\" name=\"_wpcf7_container_post\" value=\"0\" \/><input type=\"hidden\" name=\"_wpcf7_posted_data_hash\" value=\"\" \/><input type=\"hidden\" name=\"_wpcf7_recaptcha_response\" value=\"\" \/>\n<\/fieldset>\n<p><label> Ihr Name<br \/>\n<span class=\"wpcf7-form-control-wrap\" data-name=\"your-name\"><input size=\"40\" maxlength=\"400\" class=\"wpcf7-form-control wpcf7-text wpcf7-validates-as-required\" autocomplete=\"name\" aria-required=\"true\" aria-invalid=\"false\" value=\"\" type=\"text\" name=\"your-name\" \/><\/span> <\/label>\n<\/p>\n<p><label> Ihre E-Mail<br \/>\n<span class=\"wpcf7-form-control-wrap\" data-name=\"your-email\"><input size=\"40\" maxlength=\"400\" class=\"wpcf7-form-control wpcf7-email wpcf7-validates-as-required wpcf7-text wpcf7-validates-as-email\" autocomplete=\"email\" aria-required=\"true\" aria-invalid=\"false\" value=\"\" type=\"email\" name=\"your-email\" \/><\/span> <\/label>\n<\/p>\n<p><label> Ihre Telefonnummer (optional)<br \/>\n<span class=\"wpcf7-form-control-wrap\" data-name=\"your-phone-number\"><input size=\"40\" maxlength=\"400\" class=\"wpcf7-form-control wpcf7-tel wpcf7-text wpcf7-validates-as-tel\" aria-invalid=\"false\" value=\"\" type=\"tel\" name=\"your-phone-number\" \/><\/span> <\/label>\n<\/p>\n<p><label> Betreff<br \/>\n<span class=\"wpcf7-form-control-wrap\" data-name=\"your-subject\"><input size=\"40\" maxlength=\"400\" class=\"wpcf7-form-control wpcf7-text wpcf7-validates-as-required\" aria-required=\"true\" aria-invalid=\"false\" value=\"\" type=\"text\" name=\"your-subject\" \/><\/span> <\/label>\n<\/p>\n<p><label> Ihre Nachricht (optional)<br \/>\n<span class=\"wpcf7-form-control-wrap\" data-name=\"your-message\"><textarea cols=\"40\" rows=\"10\" maxlength=\"2000\" class=\"wpcf7-form-control wpcf7-textarea\" aria-invalid=\"false\" name=\"your-message\"><\/textarea><\/span><br \/>\n<\/label>\n<\/p>\n<p style=\"font-size: 0.8em; font-weight: normal;\">Diese Seite ist durch reCAPTCHA gesch\u00fctzt und die Google<br \/>\n<a href=\"https:\/\/policies.google.com\/privacy\">Datenschutzrichtlinie<\/a> sowie die<br \/>\n<a href=\"https:\/\/policies.google.com\/terms\">Nutzungsbedingungen<\/a> gelten.\n<\/p>\n<p><input class=\"wpcf7-form-control wpcf7-submit has-spinner\" type=\"submit\" value=\"Absenden\" \/>\n<\/p><div class=\"wpcf7-response-output\" aria-hidden=\"true\"><\/div>\n<\/form>\n<\/div>\n<br>\n\n\n\t\t<\/div>\n\t\t\t\t\t<\/div>\n\n\t\n\n<\/div>\n\n","protected":false},"excerpt":{"rendered":"","protected":false},"author":1,"featured_media":0,"parent":0,"menu_order":0,"comment_status":"closed","ping_status":"closed","template":"page-blank.php","meta":{"footnotes":""},"class_list":["post-5683","page","type-page","status-publish","hentry"],"_links":{"self":[{"href":"https:\/\/ziggioriginal.com\/de\/wp-json\/wp\/v2\/pages\/5683","targetHints":{"allow":["GET"]}}],"collection":[{"href":"https:\/\/ziggioriginal.com\/de\/wp-json\/wp\/v2\/pages"}],"about":[{"href":"https:\/\/ziggioriginal.com\/de\/wp-json\/wp\/v2\/types\/page"}],"author":[{"embeddable":true,"href":"https:\/\/ziggioriginal.com\/de\/wp-json\/wp\/v2\/users\/1"}],"replies":[{"embeddable":true,"href":"https:\/\/ziggioriginal.com\/de\/wp-json\/wp\/v2\/comments?post=5683"}],"version-history":[{"count":2,"href":"https:\/\/ziggioriginal.com\/de\/wp-json\/wp\/v2\/pages\/5683\/revisions"}],"predecessor-version":[{"id":6603,"href":"https:\/\/ziggioriginal.com\/de\/wp-json\/wp\/v2\/pages\/5683\/revisions\/6603"}],"wp:attachment":[{"href":"https:\/\/ziggioriginal.com\/de\/wp-json\/wp\/v2\/media?parent=5683"}],"curies":[{"name":"wp","href":"https:\/\/api.w.org\/{rel}","templated":true}]}}