{"id":5679,"date":"2023-08-29T04:12:35","date_gmt":"2023-08-29T04:12:35","guid":{"rendered":"https:\/\/ziggioriginal.com\/kreative\/"},"modified":"2025-02-24T14:59:58","modified_gmt":"2025-02-24T14:59:58","slug":"kreative","status":"publish","type":"page","link":"https:\/\/ziggioriginal.com\/de\/kreative\/","title":{"rendered":"Kreative"},"content":{"rendered":"\n\n  <div class=\"banner has-hover\" id=\"banner-1266769760\">\n          <div class=\"banner-inner fill\">\n        <div class=\"banner-bg fill\" >\n            <img loading=\"lazy\" decoding=\"async\" width=\"2048\" height=\"1366\" src=\"https:\/\/ziggioriginal.com\/wp-content\/uploads\/2023\/08\/Cultiva-20171006-Mitru-1-1-2048x1366.jpg\" class=\"bg attachment-2048x2048 size-2048x2048\" alt=\"\" \/>                        <div class=\"overlay\"><\/div>            \n                    <\/div>\n\t\t\n        <div class=\"banner-layers container\">\n            <div class=\"fill banner-link\"><\/div>            \n\n   <div id=\"text-box-1117208050\" class=\"text-box banner-layer x85 md-x85 lg-x85 y50 md-y50 lg-y50 res-text\">\n                                <div class=\"text-box-content text dark\">\n              \n              <div class=\"text-inner text-right\">\n                  \n\n\t<div id=\"text-338214413\" class=\"text\">\n\t\t\n\n<h1 style=\"text-align: right;\"><strong>Kreative<\/strong><\/h1>\r\n<h1 style=\"text-align: right;\"><strong>willkommen<\/strong><\/h1>\n\t\t\n<style>\n#text-338214413 {\n  line-height: 0.75;\n}\n<\/style>\n\t<\/div>\n\t\n<a href=\"#kontakt\" class=\"button primary\"  style=\"border-radius:10px;\">\n\t\t<span>Werde Teil der Tribe<\/span>\n\t<\/a>\n\n\n\n              <\/div>\n           <\/div>\n                            \n<style>\n#text-box-1117208050 {\n  width: 60%;\n}\n#text-box-1117208050 .text-box-content {\n  font-size: 100%;\n}\n<\/style>\n    <\/div>\n \n\n        <\/div>\n      <\/div>\n\n            \n<style>\n#banner-1266769760 {\n  padding-top: 486px;\n}\n#banner-1266769760 .overlay {\n  background-color: rgba(0, 0, 0, 0.32);\n}\n#banner-1266769760 .banner-bg img {\n  object-position: 35% 20%;\n}\n<\/style>\n  <\/div>\n\n\n<div class=\"row\"  id=\"row-314909175\">\n\n\n\t<div id=\"col-1090323959\" class=\"col small-12 large-12\"  >\n\t\t\t\t<div class=\"col-inner\"  >\n\t\t\t\n\t\t\t\n\n\t<div id=\"text-1623818354\" class=\"text\">\n\t\t\n\n<h1 style=\"text-align: center;\">Entfache deine Kreativit\u00e4t, verst\u00e4rke deine Wirkung: Die ZIGGI B\u00fchne erwartet dich<\/h1>\n\t\t\n<style>\n#text-1623818354 {\n  color: rgba(0, 0, 0, 0.645);\n}\n#text-1623818354 > * {\n  color: rgba(0, 0, 0, 0.645);\n}\n<\/style>\n\t<\/div>\n\t\n\n\t\t<\/div>\n\t\t\t\t\t<\/div>\n\n\t\n\n<\/div>\n<div class=\"row\"  id=\"row-2009420185\">\n\n\n\t<div id=\"col-1667477776\" class=\"col medium-6 small-12 large-6\"  >\n\t\t\t\t<div class=\"col-inner\"  >\n\t\t\t\n\t\t\t\n\n<div class=\"row\"  id=\"row-343557314\">\n\n\n\t<div id=\"col-120815101\" class=\"col medium-3 small-4 large-3\"  >\n\t\t\t\t<div class=\"col-inner text-center\"  >\n\t\t\t\n\t\t\t\n\n\t<div class=\"img has-hover x md-x lg-x y md-y lg-y\" id=\"image_1139436566\">\n\t\t\t\t\t\t\t\t<div class=\"img-inner dark\" >\n\t\t\t<img loading=\"lazy\" decoding=\"async\" width=\"512\" height=\"512\" src=\"https:\/\/ziggioriginal.com\/wp-content\/uploads\/2023\/08\/legacy-1.png\" class=\"attachment-medium_large size-medium_large\" alt=\"\" srcset=\"https:\/\/ziggioriginal.com\/wp-content\/uploads\/2023\/08\/legacy-1.png 512w, https:\/\/ziggioriginal.com\/wp-content\/uploads\/2023\/08\/legacy-1-300x300.png 300w, https:\/\/ziggioriginal.com\/wp-content\/uploads\/2023\/08\/legacy-1-100x100.png 100w, https:\/\/ziggioriginal.com\/wp-content\/uploads\/2023\/08\/legacy-1-150x150.png 150w\" sizes=\"auto, (max-width: 512px) 100vw, 512px\" \/>\t\t\t\t\t\t\n\t\t\t\t\t<\/div>\n\t\t\t\t\t\t\t\t\n<style>\n#image_1139436566 {\n  width: 100%;\n}\n@media (min-width:550px) {\n  #image_1139436566 {\n    width: 100%;\n  }\n}\n@media (min-width:850px) {\n  #image_1139436566 {\n    width: 100%;\n  }\n}\n<\/style>\n\t<\/div>\n\t\n\n\n\t\t<\/div>\n\t\t\t\t\t<\/div>\n\n\t\n\n\t<div id=\"col-1991989625\" class=\"col medium-9 small-8 large-9\"  >\n\t\t\t\t<div class=\"col-inner\"  >\n\t\t\t\n\t\t\t\n\n\t<div id=\"text-994032303\" class=\"text\">\n\t\t\n\n<h5>Traditionsmarke<\/h5>\r\n<p>Eine Kultur, die seit 1991 in Street Art, Musik und authentischem Lifestyle verwurzelt ist.<\/p>\n\t\t\n<style>\n#text-994032303 {\n  color: rgba(0, 0, 0, 0.727);\n}\n#text-994032303 > * {\n  color: rgba(0, 0, 0, 0.727);\n}\n<\/style>\n\t<\/div>\n\t\n\n\t\t<\/div>\n\t\t\t\t\t<\/div>\n\n\t\n\n<\/div>\n<div class=\"row\"  id=\"row-621639060\">\n\n\n\t<div id=\"col-1037897269\" class=\"col medium-3 small-4 large-3\"  >\n\t\t\t\t<div class=\"col-inner text-center\"  >\n\t\t\t\n\t\t\t\n\n\t<div class=\"img has-hover x md-x lg-x y md-y lg-y\" id=\"image_1820471755\">\n\t\t\t\t\t\t\t\t<div class=\"img-inner dark\" >\n\t\t\t<img loading=\"lazy\" decoding=\"async\" width=\"512\" height=\"512\" src=\"https:\/\/ziggioriginal.com\/wp-content\/uploads\/2023\/09\/spotlight.png\" class=\"attachment-medium_large size-medium_large\" alt=\"\" srcset=\"https:\/\/ziggioriginal.com\/wp-content\/uploads\/2023\/09\/spotlight.png 512w, https:\/\/ziggioriginal.com\/wp-content\/uploads\/2023\/09\/spotlight-300x300.png 300w, https:\/\/ziggioriginal.com\/wp-content\/uploads\/2023\/09\/spotlight-100x100.png 100w, https:\/\/ziggioriginal.com\/wp-content\/uploads\/2023\/09\/spotlight-150x150.png 150w\" sizes=\"auto, (max-width: 512px) 100vw, 512px\" \/>\t\t\t\t\t\t\n\t\t\t\t\t<\/div>\n\t\t\t\t\t\t\t\t\n<style>\n#image_1820471755 {\n  width: 100%;\n}\n@media (min-width:550px) {\n  #image_1820471755 {\n    width: 100%;\n  }\n}\n@media (min-width:850px) {\n  #image_1820471755 {\n    width: 100%;\n  }\n}\n<\/style>\n\t<\/div>\n\t\n\n\n\t\t<\/div>\n\t\t\t\t\t<\/div>\n\n\t\n\n\t<div id=\"col-702773795\" class=\"col medium-9 small-8 large-9\"  >\n\t\t\t\t<div class=\"col-inner\"  >\n\t\t\t\n\t\t\t\n\n\t<div id=\"text-3740239613\" class=\"text\">\n\t\t\n\n<h5>Community-Spotlight<\/h5>\r\n<p>Eine Plattform, um deine Kunst zu pr\u00e4sentieren und dich mit einer gleichgesinnten Gemeinschaft zu vernetzen.<\/p>\n\t\t\n<style>\n#text-3740239613 {\n  color: rgba(0, 0, 0, 0.727);\n}\n#text-3740239613 > * {\n  color: rgba(0, 0, 0, 0.727);\n}\n<\/style>\n\t<\/div>\n\t\n\n\t\t<\/div>\n\t\t\t\t\t<\/div>\n\n\t\n\n<\/div>\n<div class=\"row\"  id=\"row-1615781284\">\n\n\n\t<div id=\"col-411480313\" class=\"col medium-3 small-4 large-3\"  >\n\t\t\t\t<div class=\"col-inner text-center\"  >\n\t\t\t\n\t\t\t\n\n\t<div class=\"img has-hover x md-x lg-x y md-y lg-y\" id=\"image_1544093904\">\n\t\t\t\t\t\t\t\t<div class=\"img-inner dark\" >\n\t\t\t<img loading=\"lazy\" decoding=\"async\" width=\"256\" height=\"256\" src=\"https:\/\/ziggioriginal.com\/wp-content\/uploads\/2023\/08\/deal-1.png\" class=\"attachment-medium_large size-medium_large\" alt=\"\" srcset=\"https:\/\/ziggioriginal.com\/wp-content\/uploads\/2023\/08\/deal-1.png 256w, https:\/\/ziggioriginal.com\/wp-content\/uploads\/2023\/08\/deal-1-100x100.png 100w, https:\/\/ziggioriginal.com\/wp-content\/uploads\/2023\/08\/deal-1-150x150.png 150w\" sizes=\"auto, (max-width: 256px) 100vw, 256px\" \/>\t\t\t\t\t\t\n\t\t\t\t\t<\/div>\n\t\t\t\t\t\t\t\t\n<style>\n#image_1544093904 {\n  width: 100%;\n}\n@media (min-width:550px) {\n  #image_1544093904 {\n    width: 100%;\n  }\n}\n@media (min-width:850px) {\n  #image_1544093904 {\n    width: 100%;\n  }\n}\n<\/style>\n\t<\/div>\n\t\n\n\n\t\t<\/div>\n\t\t\t\t\t<\/div>\n\n\t\n\n\t<div id=\"col-834629431\" class=\"col medium-9 small-8 large-9\"  >\n\t\t\t\t<div class=\"col-inner\"  >\n\t\t\t\n\t\t\t\n\n\t<div id=\"text-53681466\" class=\"text\">\n\t\t\n\n<h5>Kollaborative Exzellenz<\/h5>\r\n<p>Umfassende Unterst\u00fctzung bei der Projektentwicklung \u2013 von der Idee bis zur Umsetzung.<\/p>\n\t\t\n<style>\n#text-53681466 {\n  color: rgba(0, 0, 0, 0.727);\n}\n#text-53681466 > * {\n  color: rgba(0, 0, 0, 0.727);\n}\n<\/style>\n\t<\/div>\n\t\n\n\t\t<\/div>\n\t\t\t\t\t<\/div>\n\n\t\n\n<\/div>\n\n\t\t<\/div>\n\t\t\t\t\t<\/div>\n\n\t\n\n\t<div id=\"col-1532488748\" class=\"col medium-6 small-12 large-6\"  >\n\t\t\t\t<div class=\"col-inner\"  >\n\t\t\t\n\t\t\t\n\n<div class=\"row\"  id=\"row-1724023599\">\n\n\n\t<div id=\"col-795708671\" class=\"col medium-3 small-4 large-3\"  >\n\t\t\t\t<div class=\"col-inner text-center\"  >\n\t\t\t\n\t\t\t\n\n\t<div class=\"img has-hover x md-x lg-x y md-y lg-y\" id=\"image_117183782\">\n\t\t\t\t\t\t\t\t<div class=\"img-inner dark\" >\n\t\t\t<img loading=\"lazy\" decoding=\"async\" width=\"512\" height=\"512\" src=\"https:\/\/ziggioriginal.com\/wp-content\/uploads\/2023\/09\/communities.png\" class=\"attachment-medium_large size-medium_large\" alt=\"\" srcset=\"https:\/\/ziggioriginal.com\/wp-content\/uploads\/2023\/09\/communities.png 512w, https:\/\/ziggioriginal.com\/wp-content\/uploads\/2023\/09\/communities-300x300.png 300w, https:\/\/ziggioriginal.com\/wp-content\/uploads\/2023\/09\/communities-100x100.png 100w, https:\/\/ziggioriginal.com\/wp-content\/uploads\/2023\/09\/communities-150x150.png 150w\" sizes=\"auto, (max-width: 512px) 100vw, 512px\" \/>\t\t\t\t\t\t\n\t\t\t\t\t<\/div>\n\t\t\t\t\t\t\t\t\n<style>\n#image_117183782 {\n  width: 100%;\n}\n@media (min-width:550px) {\n  #image_117183782 {\n    width: 100%;\n  }\n}\n@media (min-width:850px) {\n  #image_117183782 {\n    width: 100%;\n  }\n}\n<\/style>\n\t<\/div>\n\t\n\n\n\t\t<\/div>\n\t\t\t\t\t<\/div>\n\n\t\n\n\t<div id=\"col-2141954857\" class=\"col medium-9 small-8 large-9\"  >\n\t\t\t\t<div class=\"col-inner\"  >\n\t\t\t\n\t\t\t\n\n\t<div id=\"text-4235758825\" class=\"text\">\n\t\t\n\n<h5>Authentische Sichtbarkeit<\/h5>\r\n<p>Profitiere von unserer weitreichenden Community und unseren Marketingkan\u00e4len.<\/p>\n\t\t\n<style>\n#text-4235758825 {\n  color: rgba(0, 0, 0, 0.738);\n}\n#text-4235758825 > * {\n  color: rgba(0, 0, 0, 0.738);\n}\n<\/style>\n\t<\/div>\n\t\n\n\t\t<\/div>\n\t\t\t\t\t<\/div>\n\n\t\n\n<\/div>\n<div class=\"row\"  id=\"row-1179993492\">\n\n\n\t<div id=\"col-1578826914\" class=\"col medium-3 small-4 large-3\"  >\n\t\t\t\t<div class=\"col-inner text-center\"  >\n\t\t\t\n\t\t\t\n\n\t<div class=\"img has-hover x md-x lg-x y md-y lg-y\" id=\"image_221112840\">\n\t\t\t\t\t\t\t\t<div class=\"img-inner dark\" >\n\t\t\t<img loading=\"lazy\" decoding=\"async\" width=\"512\" height=\"512\" src=\"https:\/\/ziggioriginal.com\/wp-content\/uploads\/2023\/09\/user.png\" class=\"attachment-medium_large size-medium_large\" alt=\"\" srcset=\"https:\/\/ziggioriginal.com\/wp-content\/uploads\/2023\/09\/user.png 512w, https:\/\/ziggioriginal.com\/wp-content\/uploads\/2023\/09\/user-300x300.png 300w, https:\/\/ziggioriginal.com\/wp-content\/uploads\/2023\/09\/user-100x100.png 100w, https:\/\/ziggioriginal.com\/wp-content\/uploads\/2023\/09\/user-150x150.png 150w\" sizes=\"auto, (max-width: 512px) 100vw, 512px\" \/>\t\t\t\t\t\t\n\t\t\t\t\t<\/div>\n\t\t\t\t\t\t\t\t\n<style>\n#image_221112840 {\n  width: 100%;\n}\n@media (min-width:550px) {\n  #image_221112840 {\n    width: 100%;\n  }\n}\n@media (min-width:850px) {\n  #image_221112840 {\n    width: 100%;\n  }\n}\n<\/style>\n\t<\/div>\n\t\n\n\n\t\t<\/div>\n\t\t\t\t\t<\/div>\n\n\t\n\n\t<div id=\"col-669145422\" class=\"col medium-9 small-8 large-9\"  >\n\t\t\t\t<div class=\"col-inner\"  >\n\t\t\t\n\t\t\t\n\n\t<div id=\"text-327638765\" class=\"text\">\n\t\t\n\n<h5>Kultureller Einfluss<\/h5>\r\n<p>Sei Teil von Projekten, die in der Community Anklang finden.<\/p>\n\t\t\n<style>\n#text-327638765 {\n  color: rgba(0, 0, 0, 0.738);\n}\n#text-327638765 > * {\n  color: rgba(0, 0, 0, 0.738);\n}\n<\/style>\n\t<\/div>\n\t\n\n\t\t<\/div>\n\t\t\t\t\t<\/div>\n\n\t\n\n<\/div>\n<div class=\"row\"  id=\"row-1988044357\">\n\n\n\t<div id=\"col-751518616\" class=\"col medium-3 small-4 large-3\"  >\n\t\t\t\t<div class=\"col-inner text-center\"  >\n\t\t\t\n\t\t\t\n\n\t<div class=\"img has-hover x md-x lg-x y md-y lg-y\" id=\"image_1279445034\">\n\t\t\t\t\t\t\t\t<div class=\"img-inner dark\" >\n\t\t\t<img loading=\"lazy\" decoding=\"async\" width=\"512\" height=\"512\" src=\"https:\/\/ziggioriginal.com\/wp-content\/uploads\/2023\/08\/save-the-world-1.png\" class=\"attachment-medium_large size-medium_large\" alt=\"\" srcset=\"https:\/\/ziggioriginal.com\/wp-content\/uploads\/2023\/08\/save-the-world-1.png 512w, https:\/\/ziggioriginal.com\/wp-content\/uploads\/2023\/08\/save-the-world-1-300x300.png 300w, https:\/\/ziggioriginal.com\/wp-content\/uploads\/2023\/08\/save-the-world-1-100x100.png 100w, https:\/\/ziggioriginal.com\/wp-content\/uploads\/2023\/08\/save-the-world-1-150x150.png 150w\" sizes=\"auto, (max-width: 512px) 100vw, 512px\" \/>\t\t\t\t\t\t\n\t\t\t\t\t<\/div>\n\t\t\t\t\t\t\t\t\n<style>\n#image_1279445034 {\n  width: 100%;\n}\n@media (min-width:550px) {\n  #image_1279445034 {\n    width: 100%;\n  }\n}\n@media (min-width:850px) {\n  #image_1279445034 {\n    width: 100%;\n  }\n}\n<\/style>\n\t<\/div>\n\t\n\n\n\t\t<\/div>\n\t\t\t\t\t<\/div>\n\n\t\n\n\t<div id=\"col-1598998778\" class=\"col medium-9 small-8 large-9\"  >\n\t\t\t\t<div class=\"col-inner\"  >\n\t\t\t\n\t\t\t\n\n\t<div id=\"text-1012082432\" class=\"text\">\n\t\t\n\n<h5>Nachhaltige Praktiken<\/h5>\r\n<p>Arbeite mit einer Marke zusammen, die umweltbewusste und nachhaltige Prozesse in den Mittelpunkt stellt.<\/p>\n\t\t\n<style>\n#text-1012082432 {\n  color: rgba(0, 0, 0, 0.738);\n}\n#text-1012082432 > * {\n  color: rgba(0, 0, 0, 0.738);\n}\n<\/style>\n\t<\/div>\n\t\n\n\t\t<\/div>\n\t\t\t\t\t<\/div>\n\n\t\n\n<\/div>\n\n\t\t<\/div>\n\t\t\t\t\t<\/div>\n\n\t\n\n<\/div>\n\n\t<section class=\"section dark\" id=\"section_1324795811\">\n\t\t<div class=\"section-bg fill\" >\n\t\t\t\t\t\t\t\t\t\n\t\t\t\n\n\t\t<\/div>\n\n\t\t\n\n\t\t<div class=\"section-content relative\">\n\t\t\t\n\n<div class=\"row\"  id=\"row-1535388097\">\n\n\n\t<div id=\"col-83097571\" class=\"col small-12 large-12\"  >\n\t\t\t\t<div class=\"col-inner text-center\"  >\n\t\t\t\n\t\t\t\n\n\t<div id=\"text-2931554168\" class=\"text\">\n\t\t\n\n<h2>Bereit, etwas Au\u00dfergew\u00f6hnliches zu schaffen?<\/h2>\r\n<p>\u00a0<\/p>\n\t\t\n<style>\n#text-2931554168 {\n  color: rgb(255, 255, 255);\n}\n#text-2931554168 > * {\n  color: rgb(255, 255, 255);\n}\n<\/style>\n\t<\/div>\n\t\n<a href=\"#kontakt\" class=\"button primary\"  style=\"border-radius:10px;\">\n\t\t<span>Werde Teil der Tribe<\/span>\n\t<\/a>\n\n\n\n\t\t<\/div>\n\t\t\t\t\n<style>\n#col-83097571 > .col-inner {\n  padding: 40px 0px 0px 0px;\n}\n<\/style>\n\t<\/div>\n\n\t\n\n<\/div>\n\n\t\t<\/div>\n\n\t\t\n<style>\n#section_1324795811 {\n  padding-top: 30px;\n  padding-bottom: 30px;\n  background-color: #b2b1a7;\n}\n<\/style>\n\t<\/section>\n\t\n<div class=\"row\"  id=\"row-778781033\">\n\n\n\t<div id=\"col-65321406\" class=\"col small-12 large-12\"  >\n\t\t\t\t<div class=\"col-inner\"  >\n\t\t\t\n\t\t\t\n\n<div class=\"row\"  id=\"row-820985973\">\n\n\n\t<div id=\"col-431821683\" class=\"col medium-4 small-12 large-4\"  >\n\t\t\t\t<div class=\"col-inner\"  >\n\t\t\t\n\t\t\t\n\n<div class=\"slider-wrapper relative\" id=\"slider-68589233\" >\n    <div class=\"slider slider-nav-circle slider-nav-large slider-nav-light slider-style-normal\"\n        data-flickity-options='{\n            \"cellAlign\": \"center\",\n            \"imagesLoaded\": true,\n            \"lazyLoad\": 1,\n            \"freeScroll\": false,\n            \"wrapAround\": true,\n            \"autoPlay\": 6000,\n            \"pauseAutoPlayOnHover\" : true,\n            \"prevNextButtons\": true,\n            \"contain\" : true,\n            \"adaptiveHeight\" : true,\n            \"dragThreshold\" : 10,\n            \"percentPosition\": true,\n            \"pageDots\": true,\n            \"rightToLeft\": false,\n            \"draggable\": true,\n            \"selectedAttraction\": 0.1,\n            \"parallax\" : 0,\n            \"friction\": 0.6        }'\n        >\n        \n\n\t<div class=\"img has-hover x md-x lg-x y md-y lg-y\" id=\"image_630411380\">\n\t\t\t\t\t\t\t\t<div class=\"img-inner image-cover dark\" style=\"padding-top:100%;\">\n\t\t\t<img loading=\"lazy\" decoding=\"async\" width=\"640\" height=\"458\" src=\"https:\/\/ziggioriginal.com\/wp-content\/uploads\/2023\/08\/12825831_1571220816528742_2140812724_n.jpg\" class=\"attachment-large size-large\" alt=\"\" srcset=\"https:\/\/ziggioriginal.com\/wp-content\/uploads\/2023\/08\/12825831_1571220816528742_2140812724_n.jpg 640w, https:\/\/ziggioriginal.com\/wp-content\/uploads\/2023\/08\/12825831_1571220816528742_2140812724_n-600x429.jpg 600w, https:\/\/ziggioriginal.com\/wp-content\/uploads\/2023\/08\/12825831_1571220816528742_2140812724_n-300x215.jpg 300w\" sizes=\"auto, (max-width: 640px) 100vw, 640px\" \/>\t\t\t\t\t\t\n\t\t\t\t\t<\/div>\n\t\t\t\t\t\t\t\t\n<style>\n#image_630411380 {\n  width: 100%;\n}\n<\/style>\n\t<\/div>\n\t\n\n\n     <\/div>\n\n     <div class=\"loading-spin dark large centered\"><\/div>\n\n\t<\/div>\n\n\n\n\t\t<\/div>\n\t\t\t\t\t<\/div>\n\n\t\n\n\t<div id=\"col-709101677\" class=\"col medium-8 small-12 large-8\"  >\n\t\t\t\t<div class=\"col-inner\"  >\n\t\t\t\n\t\t\t\n\n<h2>Die ZIGGI Leinwand: Wo Kreativit\u00e4t auf Tradition trifft<\/h2>\r\n<p>Stellen Sie sich das vor: Ein Graffiti-K\u00fcnstler, der Farben auf eine Stadtmauer spr\u00fcht, ein Musiker, der die Akkorde einer revolution\u00e4ren Melodie anstimmt, und ein Influencer, der das urbane Leben in einem einzigen Klick einf\u00e4ngt. Unterschiedliche Ausdrucksformen, aber dieselbe Leinwand \u2013 die ZIGGI Leinwand. Eine Leinwand, die nicht nur ein Produkt ist, sondern eine kulturelle Plattform, eine Bewegung, die seit den fr\u00fchen 90ern Authentizit\u00e4t und Innovation feiert.<\/p>\r\n<p>Im Herzen dieser Bewegung steht Ziggi Man, eine Legende, die mit innovativen Filtern und Bl\u00e4ttchen die Rolling-Community revolutionierte. Doch es ging nicht nur um Bl\u00e4ttchen \u2013 es ging darum, einen Lebensstil und einzigartige Erlebnisse zu schaffen. Es ging darum, die Welten von Reggae, Rasta und urbaner Kultur auf eine Weise zu vereinen, die genauso authentisch wie bahnbrechend war.<\/p>\n\n\t\t<\/div>\n\t\t\t\t\t<\/div>\n\n\t\n\n<\/div>\n<h3>Kreative, willkommen zu Hause<\/h3>\r\n<p>Bist du ein Graffiti-K\u00fcnstler, Musiker oder Social-Media-Influencer? Hast du ein Gesp\u00fcr f\u00fcr Innovation und den Drang nach Authentizit\u00e4t? Willkommen bei ZIGGI \u2013 dem Ort, an dem deine Kreativit\u00e4t ihr wahres Zuhause findet. Wir sind auf der Suche nach gleichgesinnten Kreativen f\u00fcr Co-Branding und Special Editions.<\/p>\r\n\r\n<h3>Warum solltest du mit ZIGGI zusammenarbeiten?<\/h3>\r\n<ul>\r\n<li>Authentische Plattform: ZIGGI ist nicht nur eine Marke, sondern eine Leinwand f\u00fcr deine Kunst, eine B\u00fchne f\u00fcr deine Stimme.<\/li>\r\n<li>Qualit\u00e4t an erster Stelle: Deine Arbeit wird auf einer Plattform pr\u00e4sentiert, die f\u00fcr Qualit\u00e4t steht \u2013 von unseren preisgekr\u00f6nten Filtern bis hin zu unseren umweltfreundlichen Praktiken.<\/li>\r\n<li>Gemeinsames Wachstum: Dein Erfolg ist unser Erfolg. Durch unser umfangreiches Netzwerk und unsere treue Community findet deine Kunst ein v\u00f6llig neues Publikum.<\/li>\r\n<\/ul>\n\n\t\t<\/div>\n\t\t\t\t\t<\/div>\n\n\t\n\n<\/div>\n<div class=\"row\"  id=\"row-848515030\">\n\n\n\t<div id=\"col-143683643\" class=\"col medium-6 small-12 large-6\"  >\n\t\t\t\t<div class=\"col-inner\"  >\n\t\t\t\n\t\t\t\n\n<h3>Der ZIGGI-Aufruf an Kreative<\/h3>\r\n<p>Wir stehen f\u00fcr das \u00dcberwinden von Grenzen, das Herausfordern von Normen und das Aufr\u00fctteln des Status quo. Wenn das genau dein Ding ist, dann lass uns diese Zusammenarbeit ins Rollen bringen. Das hier ist nicht nur eine weitere Partnerschaft \u2013 es ist eine Chance, Teil einer Marke zu werden, die genau die Kultur widerspiegelt, die du lebst.<\/p>\r\n<p>Also schnapp dir deine Farben, stimme deine Gitarre und richte deine Kamera aus. Lass uns Geschichte schreiben, ein Verm\u00e4chtnis schaffen und die Story sein, \u00fcber die die Welt spricht.<\/p>\r\n<p>Bist du bereit, Teil der ZIGGI-Bewegung zu werden? Dann lass uns gemeinsam durchstarten.<\/p>\n\n\t\t<\/div>\n\t\t\t\t\t<\/div>\n\n\t\n\n\t<div id=\"col-975007867\" class=\"col medium-6 small-12 large-6\"  >\n\t\t\t\t<div class=\"col-inner\"  >\n\t\t\t\n\t\t\t\n\n<span class=\"scroll-to\" data-label=\"Scroll to: #kontakt\" data-bullet=\"false\" data-link=\"#kontakt\" data-title=\"Kontakt\" ><a name=\"kontakt\"><\/a><\/span>\r\n\r\n<h2>F\u00fchlst du den Vibe? Sp\u00fcrst du die Verbindung? Dann warte nicht \u2013 kontaktiere uns jetzt!<\/h2>\r\n\n<div class=\"wpcf7 no-js\" id=\"wpcf7-f5870-o1\" lang=\"de-DE\" dir=\"ltr\" data-wpcf7-id=\"5870\">\n<div class=\"screen-reader-response\"><p role=\"status\" aria-live=\"polite\" aria-atomic=\"true\"><\/p> <ul><\/ul><\/div>\n<form action=\"\/de\/wp-json\/wp\/v2\/pages\/5679#wpcf7-f5870-o1\" method=\"post\" class=\"wpcf7-form init\" aria-label=\"Kontaktformular\" novalidate=\"novalidate\" data-status=\"init\">\n<fieldset class=\"hidden-fields-container\"><input type=\"hidden\" name=\"_wpcf7\" value=\"5870\" \/><input type=\"hidden\" name=\"_wpcf7_version\" value=\"6.1.5\" \/><input type=\"hidden\" name=\"_wpcf7_locale\" value=\"de_DE\" \/><input type=\"hidden\" name=\"_wpcf7_unit_tag\" value=\"wpcf7-f5870-o1\" \/><input type=\"hidden\" name=\"_wpcf7_container_post\" value=\"0\" \/><input type=\"hidden\" name=\"_wpcf7_posted_data_hash\" value=\"\" \/><input type=\"hidden\" name=\"_wpcf7_recaptcha_response\" value=\"\" \/>\n<\/fieldset>\n<p><label> Ihr Name<br \/>\n<span class=\"wpcf7-form-control-wrap\" data-name=\"your-name\"><input size=\"40\" maxlength=\"400\" class=\"wpcf7-form-control wpcf7-text wpcf7-validates-as-required\" autocomplete=\"name\" aria-required=\"true\" aria-invalid=\"false\" value=\"\" type=\"text\" name=\"your-name\" \/><\/span> <\/label>\n<\/p>\n<p><label> Ihre E-Mail<br \/>\n<span class=\"wpcf7-form-control-wrap\" data-name=\"your-email\"><input size=\"40\" maxlength=\"400\" class=\"wpcf7-form-control wpcf7-email wpcf7-validates-as-required wpcf7-text wpcf7-validates-as-email\" autocomplete=\"email\" aria-required=\"true\" aria-invalid=\"false\" value=\"\" type=\"email\" name=\"your-email\" \/><\/span> <\/label>\n<\/p>\n<p><label> Ihre Telefonnummer (optional)<br \/>\n<span class=\"wpcf7-form-control-wrap\" data-name=\"your-phone-number\"><input size=\"40\" maxlength=\"400\" class=\"wpcf7-form-control wpcf7-tel wpcf7-text wpcf7-validates-as-tel\" aria-invalid=\"false\" value=\"\" type=\"tel\" name=\"your-phone-number\" \/><\/span> <\/label>\n<\/p>\n<p><label> Betreff<br \/>\n<span class=\"wpcf7-form-control-wrap\" data-name=\"your-subject\"><input size=\"40\" maxlength=\"400\" class=\"wpcf7-form-control wpcf7-text wpcf7-validates-as-required\" aria-required=\"true\" aria-invalid=\"false\" value=\"\" type=\"text\" name=\"your-subject\" \/><\/span> <\/label>\n<\/p>\n<p><label> Ihre Nachricht (optional)<br \/>\n<span class=\"wpcf7-form-control-wrap\" data-name=\"your-message\"><textarea cols=\"40\" rows=\"10\" maxlength=\"2000\" class=\"wpcf7-form-control wpcf7-textarea\" aria-invalid=\"false\" name=\"your-message\"><\/textarea><\/span><br \/>\n<\/label>\n<\/p>\n<p style=\"font-size: 0.8em; font-weight: normal;\">Diese Seite ist durch reCAPTCHA gesch\u00fctzt und die Google<br \/>\n<a href=\"https:\/\/policies.google.com\/privacy\">Datenschutzrichtlinie<\/a> sowie die<br \/>\n<a href=\"https:\/\/policies.google.com\/terms\">Nutzungsbedingungen<\/a> gelten.\n<\/p>\n<p><input class=\"wpcf7-form-control wpcf7-submit has-spinner\" type=\"submit\" value=\"Absenden\" \/>\n<\/p><div class=\"wpcf7-response-output\" aria-hidden=\"true\"><\/div>\n<\/form>\n<\/div>\n\n\n\n\t\t<\/div>\n\t\t\t\t\t<\/div>\n\n\t\n\n<\/div>\n\n","protected":false},"excerpt":{"rendered":"","protected":false},"author":1,"featured_media":0,"parent":0,"menu_order":0,"comment_status":"closed","ping_status":"closed","template":"page-blank.php","meta":{"footnotes":""},"class_list":["post-5679","page","type-page","status-publish","hentry"],"_links":{"self":[{"href":"https:\/\/ziggioriginal.com\/de\/wp-json\/wp\/v2\/pages\/5679","targetHints":{"allow":["GET"]}}],"collection":[{"href":"https:\/\/ziggioriginal.com\/de\/wp-json\/wp\/v2\/pages"}],"about":[{"href":"https:\/\/ziggioriginal.com\/de\/wp-json\/wp\/v2\/types\/page"}],"author":[{"embeddable":true,"href":"https:\/\/ziggioriginal.com\/de\/wp-json\/wp\/v2\/users\/1"}],"replies":[{"embeddable":true,"href":"https:\/\/ziggioriginal.com\/de\/wp-json\/wp\/v2\/comments?post=5679"}],"version-history":[{"count":1,"href":"https:\/\/ziggioriginal.com\/de\/wp-json\/wp\/v2\/pages\/5679\/revisions"}],"predecessor-version":[{"id":5680,"href":"https:\/\/ziggioriginal.com\/de\/wp-json\/wp\/v2\/pages\/5679\/revisions\/5680"}],"wp:attachment":[{"href":"https:\/\/ziggioriginal.com\/de\/wp-json\/wp\/v2\/media?parent=5679"}],"curies":[{"name":"wp","href":"https:\/\/api.w.org\/{rel}","templated":true}]}}